{"id":21862,"date":"2019-06-07T10:17:37","date_gmt":"2019-06-07T08:17:37","guid":{"rendered":"http:\/\/www.polyequipements.com\/produit\/podium-a-hauteur-reglable-de-090-a-150m\/"},"modified":"2022-06-02T01:33:51","modified_gmt":"2022-06-01T23:33:51","slug":"podium-a-hauteur-reglable-de-090-a-150m","status":"publish","type":"product","link":"https:\/\/www.sp-equipements.com\/site\/produit\/podium-a-hauteur-reglable-de-090-a-150m\/","title":{"rendered":"Podium \u00e0 Hauteur R\u00e9glable <i>de 0,90 \u00e0 1,50m<\/i>"},"content":{"rendered":"","protected":false},"excerpt":{"rendered":"<div id=\"box-article-description\">\n<div id=\"display-article-description\">\n<p><i>Podium modulaire de 1,20 x 2,40 m<\/i><\/p>\n<p><b>Dimensions<\/b><br \/>\nHauteur r\u00e9glable de 0,90 \u00e0 1,53 m.<br \/>\nMaille de 2,40 x 1,20 m et 1,20 x 1,20 m.<\/p>\n<p><b>Fiche technique<\/b><br \/>\n\u2022 Armature enti\u00e8rement galvanis\u00e9e.<br \/>\n\u2022 Pi\u00e9tement r\u00e9glable en hauteur par clavetage de 0,90 \u00e0 1,53 m.<br \/>\n\u2022 V\u00e9rins de correction de niveau.<br \/>\n\u2022 Les pi\u00e8ces se verrouillent entre elles et assurent une parfaite stabilit\u00e9 de l\u2019ensemble.<br \/>\n\u2022 Charge uniform\u00e9ment r\u00e9partie : 500 daN\/m\u00b2 (pond\u00e9ration 1,50).<br \/>\n\u2022 Podium livr\u00e9 avec escalier et pare-chutes 3 c\u00f4t\u00e9s (lisses et montants).<br \/>\n\u2022 Escalier r\u00e9glable en hauteur.<br \/>\n\u2022 Plancher de 1,20 x 1,20 m verrouillable en contreplaqu\u00e9 ext\u00e9rieur \u00e9paisseur 25 mm class\u00e9 M3.<\/p>\n<\/div>\n<\/div>\n","protected":false},"featured_media":37869,"comment_status":"open","ping_status":"closed","template":"","meta":[],"product_cat":[104,194],"product_tag":[],"yoast_head":"<!-- This site is optimized with the Yoast SEO plugin v22.2 - https:\/\/yoast.com\/wordpress\/plugins\/seo\/ -->\n<title>Podium \u00e0 Hauteur R\u00e9glable de 0,90 \u00e0 1,50m - SP \u00c9quipements<\/title>\n<meta name=\"robots\" content=\"index, follow, max-snippet:-1, max-image-preview:large, max-video-preview:-1\" \/>\n<link rel=\"canonical\" href=\"https:\/\/www.sp-equipements.com\/site\/produit\/podium-a-hauteur-reglable-de-090-a-150m\/\" \/>\n<meta property=\"og:locale\" content=\"fr_FR\" \/>\n<meta property=\"og:type\" content=\"article\" \/>\n<meta property=\"og:title\" content=\"Podium \u00e0 Hauteur R\u00e9glable de 0,90 \u00e0 1,50m - SP \u00c9quipements\" \/>\n<meta property=\"og:description\" content=\"Podium modulaire de 1,20 x 2,40 m  Dimensions Hauteur r\u00e9glable de 0,90 \u00e0 1,53 m. Maille de 2,40 x 1,20 m et 1,20 x 1,20 m.  Fiche technique \u2022 Armature enti\u00e8rement galvanis\u00e9e. \u2022 Pi\u00e9tement r\u00e9glable en hauteur par clavetage de 0,90 \u00e0 1,53 m. \u2022 V\u00e9rins de correction de niveau. \u2022 Les pi\u00e8ces se verrouillent entre elles et assurent une parfaite stabilit\u00e9 de l\u2019ensemble. \u2022 Charge uniform\u00e9ment r\u00e9partie : 500 daN\/m\u00b2 (pond\u00e9ration 1,50). \u2022 Podium livr\u00e9 avec escalier et pare-chutes 3 c\u00f4t\u00e9s (lisses et montants). \u2022 Escalier r\u00e9glable en hauteur. \u2022 Plancher de 1,20 x 1,20 m verrouillable en contreplaqu\u00e9 ext\u00e9rieur \u00e9paisseur 25 mm class\u00e9 M3.\" \/>\n<meta property=\"og:url\" content=\"https:\/\/www.sp-equipements.com\/site\/produit\/podium-a-hauteur-reglable-de-090-a-150m\/\" \/>\n<meta property=\"og:site_name\" content=\"SP \u00c9quipements\" \/>\n<meta property=\"article:modified_time\" content=\"2022-06-01T23:33:51+00:00\" \/>\n<meta property=\"og:image\" content=\"https:\/\/www.sp-equipements.com\/site\/wp-content\/uploads\/2019\/06\/podium_pro1224-1.jpg\" \/>\n\t<meta property=\"og:image:width\" content=\"190\" \/>\n\t<meta property=\"og:image:height\" content=\"190\" \/>\n\t<meta property=\"og:image:type\" content=\"image\/jpeg\" \/>\n<meta name=\"twitter:card\" content=\"summary_large_image\" \/>\n<script type=\"application\/ld+json\" class=\"yoast-schema-graph\">{\"@context\":\"https:\/\/schema.org\",\"@graph\":[{\"@type\":\"WebPage\",\"@id\":\"https:\/\/www.sp-equipements.com\/site\/produit\/podium-a-hauteur-reglable-de-090-a-150m\/\",\"url\":\"https:\/\/www.sp-equipements.com\/site\/produit\/podium-a-hauteur-reglable-de-090-a-150m\/\",\"name\":\"Podium \u00e0 Hauteur R\u00e9glable de 0,90 \u00e0 1,50m - SP \u00c9quipements\",\"isPartOf\":{\"@id\":\"https:\/\/www.sp-equipements.com\/site\/#website\"},\"primaryImageOfPage\":{\"@id\":\"https:\/\/www.sp-equipements.com\/site\/produit\/podium-a-hauteur-reglable-de-090-a-150m\/#primaryimage\"},\"image\":{\"@id\":\"https:\/\/www.sp-equipements.com\/site\/produit\/podium-a-hauteur-reglable-de-090-a-150m\/#primaryimage\"},\"thumbnailUrl\":\"https:\/\/www.sp-equipements.com\/site\/wp-content\/uploads\/2019\/06\/podium_pro1224-1.jpg\",\"datePublished\":\"2019-06-07T08:17:37+00:00\",\"dateModified\":\"2022-06-01T23:33:51+00:00\",\"breadcrumb\":{\"@id\":\"https:\/\/www.sp-equipements.com\/site\/produit\/podium-a-hauteur-reglable-de-090-a-150m\/#breadcrumb\"},\"inLanguage\":\"fr-FR\",\"potentialAction\":[{\"@type\":\"ReadAction\",\"target\":[\"https:\/\/www.sp-equipements.com\/site\/produit\/podium-a-hauteur-reglable-de-090-a-150m\/\"]}]},{\"@type\":\"ImageObject\",\"inLanguage\":\"fr-FR\",\"@id\":\"https:\/\/www.sp-equipements.com\/site\/produit\/podium-a-hauteur-reglable-de-090-a-150m\/#primaryimage\",\"url\":\"https:\/\/www.sp-equipements.com\/site\/wp-content\/uploads\/2019\/06\/podium_pro1224-1.jpg\",\"contentUrl\":\"https:\/\/www.sp-equipements.com\/site\/wp-content\/uploads\/2019\/06\/podium_pro1224-1.jpg\",\"width\":190,\"height\":190,\"caption\":\"podium pro1224 1\"},{\"@type\":\"BreadcrumbList\",\"@id\":\"https:\/\/www.sp-equipements.com\/site\/produit\/podium-a-hauteur-reglable-de-090-a-150m\/#breadcrumb\",\"itemListElement\":[{\"@type\":\"ListItem\",\"position\":1,\"name\":\"Accueil\",\"item\":\"https:\/\/www.sp-equipements.com\/site\/\"},{\"@type\":\"ListItem\",\"position\":2,\"name\":\"Catalogue\",\"item\":\"https:\/\/www.sp-equipements.com\/site\/catalogue\/\"},{\"@type\":\"ListItem\",\"position\":3,\"name\":\"Podium \u00e0 Hauteur R\u00e9glable de 0,90 \u00e0 1,50m\"}]},{\"@type\":\"WebSite\",\"@id\":\"https:\/\/www.sp-equipements.com\/site\/#website\",\"url\":\"https:\/\/www.sp-equipements.com\/site\/\",\"name\":\"SP \u00c9quipements\",\"description\":\"\u00c9quipements de collectivit\u00e9s\",\"potentialAction\":[{\"@type\":\"SearchAction\",\"target\":{\"@type\":\"EntryPoint\",\"urlTemplate\":\"https:\/\/www.sp-equipements.com\/site\/?s={search_term_string}\"},\"query-input\":\"required name=search_term_string\"}],\"inLanguage\":\"fr-FR\"}]}<\/script>\n<!-- \/ Yoast SEO plugin. -->","yoast_head_json":{"title":"Podium \u00e0 Hauteur R\u00e9glable de 0,90 \u00e0 1,50m - SP \u00c9quipements","robots":{"index":"index","follow":"follow","max-snippet":"max-snippet:-1","max-image-preview":"max-image-preview:large","max-video-preview":"max-video-preview:-1"},"canonical":"https:\/\/www.sp-equipements.com\/site\/produit\/podium-a-hauteur-reglable-de-090-a-150m\/","og_locale":"fr_FR","og_type":"article","og_title":"Podium \u00e0 Hauteur R\u00e9glable de 0,90 \u00e0 1,50m - SP \u00c9quipements","og_description":"Podium modulaire de 1,20 x 2,40 m  Dimensions Hauteur r\u00e9glable de 0,90 \u00e0 1,53 m. Maille de 2,40 x 1,20 m et 1,20 x 1,20 m.  Fiche technique \u2022 Armature enti\u00e8rement galvanis\u00e9e. \u2022 Pi\u00e9tement r\u00e9glable en hauteur par clavetage de 0,90 \u00e0 1,53 m. \u2022 V\u00e9rins de correction de niveau. \u2022 Les pi\u00e8ces se verrouillent entre elles et assurent une parfaite stabilit\u00e9 de l\u2019ensemble. \u2022 Charge uniform\u00e9ment r\u00e9partie : 500 daN\/m\u00b2 (pond\u00e9ration 1,50). \u2022 Podium livr\u00e9 avec escalier et pare-chutes 3 c\u00f4t\u00e9s (lisses et montants). \u2022 Escalier r\u00e9glable en hauteur. \u2022 Plancher de 1,20 x 1,20 m verrouillable en contreplaqu\u00e9 ext\u00e9rieur \u00e9paisseur 25 mm class\u00e9 M3.","og_url":"https:\/\/www.sp-equipements.com\/site\/produit\/podium-a-hauteur-reglable-de-090-a-150m\/","og_site_name":"SP \u00c9quipements","article_modified_time":"2022-06-01T23:33:51+00:00","og_image":[{"width":190,"height":190,"url":"https:\/\/www.sp-equipements.com\/site\/wp-content\/uploads\/2019\/06\/podium_pro1224-1.jpg","type":"image\/jpeg"}],"twitter_card":"summary_large_image","schema":{"@context":"https:\/\/schema.org","@graph":[{"@type":"WebPage","@id":"https:\/\/www.sp-equipements.com\/site\/produit\/podium-a-hauteur-reglable-de-090-a-150m\/","url":"https:\/\/www.sp-equipements.com\/site\/produit\/podium-a-hauteur-reglable-de-090-a-150m\/","name":"Podium \u00e0 Hauteur R\u00e9glable de 0,90 \u00e0 1,50m - SP \u00c9quipements","isPartOf":{"@id":"https:\/\/www.sp-equipements.com\/site\/#website"},"primaryImageOfPage":{"@id":"https:\/\/www.sp-equipements.com\/site\/produit\/podium-a-hauteur-reglable-de-090-a-150m\/#primaryimage"},"image":{"@id":"https:\/\/www.sp-equipements.com\/site\/produit\/podium-a-hauteur-reglable-de-090-a-150m\/#primaryimage"},"thumbnailUrl":"https:\/\/www.sp-equipements.com\/site\/wp-content\/uploads\/2019\/06\/podium_pro1224-1.jpg","datePublished":"2019-06-07T08:17:37+00:00","dateModified":"2022-06-01T23:33:51+00:00","breadcrumb":{"@id":"https:\/\/www.sp-equipements.com\/site\/produit\/podium-a-hauteur-reglable-de-090-a-150m\/#breadcrumb"},"inLanguage":"fr-FR","potentialAction":[{"@type":"ReadAction","target":["https:\/\/www.sp-equipements.com\/site\/produit\/podium-a-hauteur-reglable-de-090-a-150m\/"]}]},{"@type":"ImageObject","inLanguage":"fr-FR","@id":"https:\/\/www.sp-equipements.com\/site\/produit\/podium-a-hauteur-reglable-de-090-a-150m\/#primaryimage","url":"https:\/\/www.sp-equipements.com\/site\/wp-content\/uploads\/2019\/06\/podium_pro1224-1.jpg","contentUrl":"https:\/\/www.sp-equipements.com\/site\/wp-content\/uploads\/2019\/06\/podium_pro1224-1.jpg","width":190,"height":190,"caption":"podium pro1224 1"},{"@type":"BreadcrumbList","@id":"https:\/\/www.sp-equipements.com\/site\/produit\/podium-a-hauteur-reglable-de-090-a-150m\/#breadcrumb","itemListElement":[{"@type":"ListItem","position":1,"name":"Accueil","item":"https:\/\/www.sp-equipements.com\/site\/"},{"@type":"ListItem","position":2,"name":"Catalogue","item":"https:\/\/www.sp-equipements.com\/site\/catalogue\/"},{"@type":"ListItem","position":3,"name":"Podium \u00e0 Hauteur R\u00e9glable de 0,90 \u00e0 1,50m"}]},{"@type":"WebSite","@id":"https:\/\/www.sp-equipements.com\/site\/#website","url":"https:\/\/www.sp-equipements.com\/site\/","name":"SP \u00c9quipements","description":"\u00c9quipements de collectivit\u00e9s","potentialAction":[{"@type":"SearchAction","target":{"@type":"EntryPoint","urlTemplate":"https:\/\/www.sp-equipements.com\/site\/?s={search_term_string}"},"query-input":"required name=search_term_string"}],"inLanguage":"fr-FR"}]}},"_links":{"self":[{"href":"https:\/\/www.sp-equipements.com\/site\/wp-json\/wp\/v2\/product\/21862"}],"collection":[{"href":"https:\/\/www.sp-equipements.com\/site\/wp-json\/wp\/v2\/product"}],"about":[{"href":"https:\/\/www.sp-equipements.com\/site\/wp-json\/wp\/v2\/types\/product"}],"replies":[{"embeddable":true,"href":"https:\/\/www.sp-equipements.com\/site\/wp-json\/wp\/v2\/comments?post=21862"}],"wp:featuredmedia":[{"embeddable":true,"href":"https:\/\/www.sp-equipements.com\/site\/wp-json\/wp\/v2\/media\/37869"}],"wp:attachment":[{"href":"https:\/\/www.sp-equipements.com\/site\/wp-json\/wp\/v2\/media?parent=21862"}],"wp:term":[{"taxonomy":"product_cat","embeddable":true,"href":"https:\/\/www.sp-equipements.com\/site\/wp-json\/wp\/v2\/product_cat?post=21862"},{"taxonomy":"product_tag","embeddable":true,"href":"https:\/\/www.sp-equipements.com\/site\/wp-json\/wp\/v2\/product_tag?post=21862"}],"curies":[{"name":"wp","href":"https:\/\/api.w.org\/{rel}","templated":true}]}}