{"id":21864,"date":"2019-06-07T10:17:38","date_gmt":"2019-06-07T08:17:38","guid":{"rendered":"http:\/\/www.polyequipements.com\/produit\/praticable-2x1m-a-hauteur-variable-500kg-m%c2%b2-pac\/"},"modified":"2019-06-19T15:32:43","modified_gmt":"2019-06-19T13:32:43","slug":"praticable-2x1m-a-hauteur-variable-500kg-m%c2%b2-pac","status":"publish","type":"product","link":"https:\/\/www.sp-equipements.com\/site\/produit\/praticable-2x1m-a-hauteur-variable-500kg-m%c2%b2-pac\/","title":{"rendered":"Praticable 2x1m \u00e0 Hauteur Variable <i>500kg\/m\u00b2<\/i> PAC"},"content":{"rendered":"","protected":false},"excerpt":{"rendered":"<p><i>Podium \u00e0 compas 2 x 1 m.<\/i><br \/>\nR\u00e9glage automatique en hauteur, par poign\u00e9es, sans retournement de plateau.<br \/>\nHauteurs variables : 0,20 \u2013 0,40 \u2013 0,60 \u2013 0,80 \u2013 1 m.<br \/>\nVerrouillage \u00e0 l\u2019aide de doigts qui viennent se loger automatiquement dans des lumi\u00e8res pr\u00e9vues dans le cadre.<br \/>\nLiaisonnement des plateaux entre eux \u00e0 l\u2019aide de profils aluminium (longueur 10 cm).<br \/>\nPodium test\u00e9 de fa\u00e7on satisfaisante \u00e0 une charge de 500 kg\/m\u00b2 pond\u00e9r\u00e9e.<\/p>\n<p><b>Fiche technique<\/b><br \/>\n\u2022 Cadre en profil\u00e9 aluminium multifonctionnel \u00e0 2 niveaux de fixation permettant l\u2019accrochage de pare-chutes ou d\u2019un bardage.<br \/>\n\u2022 Pi\u00e9tement aluminium \u00e9quip\u00e9 de v\u00e9rins oscillants.<br \/>\n\u2022 Plancher en contreplaqu\u00e9 CTBX 18 mm pour utilisation int\u00e9rieur ou antid\u00e9rapant pour utilisation ext\u00e9rieur et int\u00e9rieur, classement au feu M3, viss\u00e9 sur cadre.<br \/>\n\u2022 Traverse de renfort sous le plateau.<br \/>\n\u2022 Enti\u00e8rement d\u00e9montable (possibilit\u00e9 de changer des pi\u00e8ces).<br \/>\n\u2022 Livr\u00e9 avec 2 profils de liaison.<\/p>\n<p><b>Dimensions<\/b><br \/>\n\u2022 Longueur : 2 m<br \/>\n\u2022 Largeur : 1 m<br \/>\n\u2022 Hauteur r\u00e9glable : 0,20 \u00e0 1 m.<br \/>\n\u2022 Poids : 51 kg<\/p>\n","protected":false},"featured_media":37871,"comment_status":"open","ping_status":"closed","template":"","meta":[],"product_cat":[195,104],"product_tag":[],"yoast_head":"<!-- This site is optimized with the Yoast SEO plugin v22.2 - https:\/\/yoast.com\/wordpress\/plugins\/seo\/ -->\n<title>Praticable 2x1m \u00e0 Hauteur Variable 500kg\/m\u00b2 PAC - SP \u00c9quipements<\/title>\n<meta name=\"robots\" content=\"index, follow, max-snippet:-1, max-image-preview:large, max-video-preview:-1\" \/>\n<link rel=\"canonical\" href=\"https:\/\/www.sp-equipements.com\/site\/produit\/praticable-2x1m-a-hauteur-variable-500kg-m\u00b2-pac\/\" \/>\n<meta property=\"og:locale\" content=\"fr_FR\" \/>\n<meta property=\"og:type\" content=\"article\" \/>\n<meta property=\"og:title\" content=\"Praticable 2x1m \u00e0 Hauteur Variable 500kg\/m\u00b2 PAC - SP \u00c9quipements\" \/>\n<meta property=\"og:description\" content=\"Podium \u00e0 compas 2 x 1 m. R\u00e9glage automatique en hauteur, par poign\u00e9es, sans retournement de plateau. Hauteurs variables : 0,20 \u2013 0,40 \u2013 0,60 \u2013 0,80 \u2013 1 m. Verrouillage \u00e0 l\u2019aide de doigts qui viennent se loger automatiquement dans des lumi\u00e8res pr\u00e9vues dans le cadre. Liaisonnement des plateaux entre eux \u00e0 l\u2019aide de profils aluminium (longueur 10 cm). Podium test\u00e9 de fa\u00e7on satisfaisante \u00e0 une charge de 500 kg\/m\u00b2 pond\u00e9r\u00e9e.  Fiche technique \u2022 Cadre en profil\u00e9 aluminium multifonctionnel \u00e0 2 niveaux de fixation permettant l\u2019accrochage de pare-chutes ou d\u2019un bardage. \u2022 Pi\u00e9tement aluminium \u00e9quip\u00e9 de v\u00e9rins oscillants. \u2022 Plancher en contreplaqu\u00e9 CTBX 18 mm pour utilisation int\u00e9rieur ou antid\u00e9rapant pour utilisation ext\u00e9rieur et int\u00e9rieur, classement au feu M3, viss\u00e9 sur cadre. \u2022 Traverse de renfort sous le plateau. \u2022 Enti\u00e8rement d\u00e9montable (possibilit\u00e9 de changer des pi\u00e8ces). \u2022 Livr\u00e9 avec 2 profils de liaison.  Dimensions \u2022 Longueur : 2 m \u2022 Largeur : 1 m \u2022 Hauteur r\u00e9glable : 0,20 \u00e0 1 m. \u2022 Poids : 51 kg\" \/>\n<meta property=\"og:url\" content=\"https:\/\/www.sp-equipements.com\/site\/produit\/praticable-2x1m-a-hauteur-variable-500kg-m\u00b2-pac\/\" \/>\n<meta property=\"og:site_name\" content=\"SP \u00c9quipements\" \/>\n<meta property=\"article:modified_time\" content=\"2019-06-19T13:32:43+00:00\" \/>\n<meta property=\"og:image\" content=\"https:\/\/www.sp-equipements.com\/site\/wp-content\/uploads\/2019\/06\/praticable_pac-1.jpg\" \/>\n\t<meta property=\"og:image:width\" content=\"190\" \/>\n\t<meta property=\"og:image:height\" content=\"190\" \/>\n\t<meta property=\"og:image:type\" content=\"image\/jpeg\" \/>\n<meta name=\"twitter:card\" content=\"summary_large_image\" \/>\n<script type=\"application\/ld+json\" class=\"yoast-schema-graph\">{\"@context\":\"https:\/\/schema.org\",\"@graph\":[{\"@type\":\"WebPage\",\"@id\":\"https:\/\/www.sp-equipements.com\/site\/produit\/praticable-2x1m-a-hauteur-variable-500kg-m%c2%b2-pac\/\",\"url\":\"https:\/\/www.sp-equipements.com\/site\/produit\/praticable-2x1m-a-hauteur-variable-500kg-m%c2%b2-pac\/\",\"name\":\"Praticable 2x1m \u00e0 Hauteur Variable 500kg\/m\u00b2 PAC - SP \u00c9quipements\",\"isPartOf\":{\"@id\":\"https:\/\/www.sp-equipements.com\/site\/#website\"},\"primaryImageOfPage\":{\"@id\":\"https:\/\/www.sp-equipements.com\/site\/produit\/praticable-2x1m-a-hauteur-variable-500kg-m%c2%b2-pac\/#primaryimage\"},\"image\":{\"@id\":\"https:\/\/www.sp-equipements.com\/site\/produit\/praticable-2x1m-a-hauteur-variable-500kg-m%c2%b2-pac\/#primaryimage\"},\"thumbnailUrl\":\"https:\/\/www.sp-equipements.com\/site\/wp-content\/uploads\/2019\/06\/praticable_pac-1.jpg\",\"datePublished\":\"2019-06-07T08:17:38+00:00\",\"dateModified\":\"2019-06-19T13:32:43+00:00\",\"breadcrumb\":{\"@id\":\"https:\/\/www.sp-equipements.com\/site\/produit\/praticable-2x1m-a-hauteur-variable-500kg-m%c2%b2-pac\/#breadcrumb\"},\"inLanguage\":\"fr-FR\",\"potentialAction\":[{\"@type\":\"ReadAction\",\"target\":[\"https:\/\/www.sp-equipements.com\/site\/produit\/praticable-2x1m-a-hauteur-variable-500kg-m%c2%b2-pac\/\"]}]},{\"@type\":\"ImageObject\",\"inLanguage\":\"fr-FR\",\"@id\":\"https:\/\/www.sp-equipements.com\/site\/produit\/praticable-2x1m-a-hauteur-variable-500kg-m%c2%b2-pac\/#primaryimage\",\"url\":\"https:\/\/www.sp-equipements.com\/site\/wp-content\/uploads\/2019\/06\/praticable_pac-1.jpg\",\"contentUrl\":\"https:\/\/www.sp-equipements.com\/site\/wp-content\/uploads\/2019\/06\/praticable_pac-1.jpg\",\"width\":190,\"height\":190,\"caption\":\"praticable pac 1\"},{\"@type\":\"BreadcrumbList\",\"@id\":\"https:\/\/www.sp-equipements.com\/site\/produit\/praticable-2x1m-a-hauteur-variable-500kg-m%c2%b2-pac\/#breadcrumb\",\"itemListElement\":[{\"@type\":\"ListItem\",\"position\":1,\"name\":\"Accueil\",\"item\":\"https:\/\/www.sp-equipements.com\/site\/\"},{\"@type\":\"ListItem\",\"position\":2,\"name\":\"Catalogue\",\"item\":\"https:\/\/www.sp-equipements.com\/site\/catalogue\/\"},{\"@type\":\"ListItem\",\"position\":3,\"name\":\"Praticable 2x1m \u00e0 Hauteur Variable 500kg\/m\u00b2 PAC\"}]},{\"@type\":\"WebSite\",\"@id\":\"https:\/\/www.sp-equipements.com\/site\/#website\",\"url\":\"https:\/\/www.sp-equipements.com\/site\/\",\"name\":\"SP \u00c9quipements\",\"description\":\"\u00c9quipements de collectivit\u00e9s\",\"potentialAction\":[{\"@type\":\"SearchAction\",\"target\":{\"@type\":\"EntryPoint\",\"urlTemplate\":\"https:\/\/www.sp-equipements.com\/site\/?s={search_term_string}\"},\"query-input\":\"required name=search_term_string\"}],\"inLanguage\":\"fr-FR\"}]}<\/script>\n<!-- \/ Yoast SEO plugin. -->","yoast_head_json":{"title":"Praticable 2x1m \u00e0 Hauteur Variable 500kg\/m\u00b2 PAC - SP \u00c9quipements","robots":{"index":"index","follow":"follow","max-snippet":"max-snippet:-1","max-image-preview":"max-image-preview:large","max-video-preview":"max-video-preview:-1"},"canonical":"https:\/\/www.sp-equipements.com\/site\/produit\/praticable-2x1m-a-hauteur-variable-500kg-m\u00b2-pac\/","og_locale":"fr_FR","og_type":"article","og_title":"Praticable 2x1m \u00e0 Hauteur Variable 500kg\/m\u00b2 PAC - SP \u00c9quipements","og_description":"Podium \u00e0 compas 2 x 1 m. R\u00e9glage automatique en hauteur, par poign\u00e9es, sans retournement de plateau. Hauteurs variables : 0,20 \u2013 0,40 \u2013 0,60 \u2013 0,80 \u2013 1 m. Verrouillage \u00e0 l\u2019aide de doigts qui viennent se loger automatiquement dans des lumi\u00e8res pr\u00e9vues dans le cadre. Liaisonnement des plateaux entre eux \u00e0 l\u2019aide de profils aluminium (longueur 10 cm). Podium test\u00e9 de fa\u00e7on satisfaisante \u00e0 une charge de 500 kg\/m\u00b2 pond\u00e9r\u00e9e.  Fiche technique \u2022 Cadre en profil\u00e9 aluminium multifonctionnel \u00e0 2 niveaux de fixation permettant l\u2019accrochage de pare-chutes ou d\u2019un bardage. \u2022 Pi\u00e9tement aluminium \u00e9quip\u00e9 de v\u00e9rins oscillants. \u2022 Plancher en contreplaqu\u00e9 CTBX 18 mm pour utilisation int\u00e9rieur ou antid\u00e9rapant pour utilisation ext\u00e9rieur et int\u00e9rieur, classement au feu M3, viss\u00e9 sur cadre. \u2022 Traverse de renfort sous le plateau. \u2022 Enti\u00e8rement d\u00e9montable (possibilit\u00e9 de changer des pi\u00e8ces). \u2022 Livr\u00e9 avec 2 profils de liaison.  Dimensions \u2022 Longueur : 2 m \u2022 Largeur : 1 m \u2022 Hauteur r\u00e9glable : 0,20 \u00e0 1 m. \u2022 Poids : 51 kg","og_url":"https:\/\/www.sp-equipements.com\/site\/produit\/praticable-2x1m-a-hauteur-variable-500kg-m\u00b2-pac\/","og_site_name":"SP \u00c9quipements","article_modified_time":"2019-06-19T13:32:43+00:00","og_image":[{"width":190,"height":190,"url":"https:\/\/www.sp-equipements.com\/site\/wp-content\/uploads\/2019\/06\/praticable_pac-1.jpg","type":"image\/jpeg"}],"twitter_card":"summary_large_image","schema":{"@context":"https:\/\/schema.org","@graph":[{"@type":"WebPage","@id":"https:\/\/www.sp-equipements.com\/site\/produit\/praticable-2x1m-a-hauteur-variable-500kg-m%c2%b2-pac\/","url":"https:\/\/www.sp-equipements.com\/site\/produit\/praticable-2x1m-a-hauteur-variable-500kg-m%c2%b2-pac\/","name":"Praticable 2x1m \u00e0 Hauteur Variable 500kg\/m\u00b2 PAC - SP \u00c9quipements","isPartOf":{"@id":"https:\/\/www.sp-equipements.com\/site\/#website"},"primaryImageOfPage":{"@id":"https:\/\/www.sp-equipements.com\/site\/produit\/praticable-2x1m-a-hauteur-variable-500kg-m%c2%b2-pac\/#primaryimage"},"image":{"@id":"https:\/\/www.sp-equipements.com\/site\/produit\/praticable-2x1m-a-hauteur-variable-500kg-m%c2%b2-pac\/#primaryimage"},"thumbnailUrl":"https:\/\/www.sp-equipements.com\/site\/wp-content\/uploads\/2019\/06\/praticable_pac-1.jpg","datePublished":"2019-06-07T08:17:38+00:00","dateModified":"2019-06-19T13:32:43+00:00","breadcrumb":{"@id":"https:\/\/www.sp-equipements.com\/site\/produit\/praticable-2x1m-a-hauteur-variable-500kg-m%c2%b2-pac\/#breadcrumb"},"inLanguage":"fr-FR","potentialAction":[{"@type":"ReadAction","target":["https:\/\/www.sp-equipements.com\/site\/produit\/praticable-2x1m-a-hauteur-variable-500kg-m%c2%b2-pac\/"]}]},{"@type":"ImageObject","inLanguage":"fr-FR","@id":"https:\/\/www.sp-equipements.com\/site\/produit\/praticable-2x1m-a-hauteur-variable-500kg-m%c2%b2-pac\/#primaryimage","url":"https:\/\/www.sp-equipements.com\/site\/wp-content\/uploads\/2019\/06\/praticable_pac-1.jpg","contentUrl":"https:\/\/www.sp-equipements.com\/site\/wp-content\/uploads\/2019\/06\/praticable_pac-1.jpg","width":190,"height":190,"caption":"praticable pac 1"},{"@type":"BreadcrumbList","@id":"https:\/\/www.sp-equipements.com\/site\/produit\/praticable-2x1m-a-hauteur-variable-500kg-m%c2%b2-pac\/#breadcrumb","itemListElement":[{"@type":"ListItem","position":1,"name":"Accueil","item":"https:\/\/www.sp-equipements.com\/site\/"},{"@type":"ListItem","position":2,"name":"Catalogue","item":"https:\/\/www.sp-equipements.com\/site\/catalogue\/"},{"@type":"ListItem","position":3,"name":"Praticable 2x1m \u00e0 Hauteur Variable 500kg\/m\u00b2 PAC"}]},{"@type":"WebSite","@id":"https:\/\/www.sp-equipements.com\/site\/#website","url":"https:\/\/www.sp-equipements.com\/site\/","name":"SP \u00c9quipements","description":"\u00c9quipements de collectivit\u00e9s","potentialAction":[{"@type":"SearchAction","target":{"@type":"EntryPoint","urlTemplate":"https:\/\/www.sp-equipements.com\/site\/?s={search_term_string}"},"query-input":"required name=search_term_string"}],"inLanguage":"fr-FR"}]}},"_links":{"self":[{"href":"https:\/\/www.sp-equipements.com\/site\/wp-json\/wp\/v2\/product\/21864"}],"collection":[{"href":"https:\/\/www.sp-equipements.com\/site\/wp-json\/wp\/v2\/product"}],"about":[{"href":"https:\/\/www.sp-equipements.com\/site\/wp-json\/wp\/v2\/types\/product"}],"replies":[{"embeddable":true,"href":"https:\/\/www.sp-equipements.com\/site\/wp-json\/wp\/v2\/comments?post=21864"}],"wp:featuredmedia":[{"embeddable":true,"href":"https:\/\/www.sp-equipements.com\/site\/wp-json\/wp\/v2\/media\/37871"}],"wp:attachment":[{"href":"https:\/\/www.sp-equipements.com\/site\/wp-json\/wp\/v2\/media?parent=21864"}],"wp:term":[{"taxonomy":"product_cat","embeddable":true,"href":"https:\/\/www.sp-equipements.com\/site\/wp-json\/wp\/v2\/product_cat?post=21864"},{"taxonomy":"product_tag","embeddable":true,"href":"https:\/\/www.sp-equipements.com\/site\/wp-json\/wp\/v2\/product_tag?post=21864"}],"curies":[{"name":"wp","href":"https:\/\/api.w.org\/{rel}","templated":true}]}}