{"id":21897,"date":"2019-06-07T10:18:50","date_gmt":"2019-06-07T08:18:50","guid":{"rendered":"http:\/\/www.polyequipements.com\/produit\/antichute-avec-treuil-de-sauvetage-carter-acier-et-longe-cable\/"},"modified":"2019-06-19T15:32:07","modified_gmt":"2019-06-19T13:32:07","slug":"antichute-avec-treuil-de-sauvetage-carter-acier-et-longe-cable","status":"publish","type":"product","link":"https:\/\/www.sp-equipements.com\/site\/produit\/antichute-avec-treuil-de-sauvetage-carter-acier-et-longe-cable\/","title":{"rendered":"Antichute avec Treuil de Sauvetage <i>carter acier et longe c\u00e2ble<\/i>"},"content":{"rendered":"","protected":false},"excerpt":{"rendered":"<div id=\"box-article-description\">\n<div id=\"display-article-description\">\n<p>Dispositif d&rsquo;antichute \u00e0 rappel automatique avec connecteur automatique d&rsquo;ouverture 20mm.<br \/>\nLe Vrai carter en acier avec longe c\u00e2ble avec dispositif de sauvetage (EN 1496).<\/p>\n<\/div>\n<\/div>\n","protected":false},"featured_media":37788,"comment_status":"open","ping_status":"closed","template":"","meta":[],"product_cat":[199,105],"product_tag":[],"yoast_head":"<!-- This site is optimized with the Yoast SEO plugin v22.2 - https:\/\/yoast.com\/wordpress\/plugins\/seo\/ -->\n<title>Antichute avec Treuil de Sauvetage carter acier et longe c\u00e2ble - SP \u00c9quipements<\/title>\n<meta name=\"robots\" content=\"index, follow, max-snippet:-1, max-image-preview:large, max-video-preview:-1\" \/>\n<link rel=\"canonical\" href=\"https:\/\/www.sp-equipements.com\/site\/produit\/antichute-avec-treuil-de-sauvetage-carter-acier-et-longe-cable\/\" \/>\n<meta property=\"og:locale\" content=\"fr_FR\" \/>\n<meta property=\"og:type\" content=\"article\" \/>\n<meta property=\"og:title\" content=\"Antichute avec Treuil de Sauvetage carter acier et longe c\u00e2ble - SP \u00c9quipements\" \/>\n<meta property=\"og:description\" content=\"Dispositif d&#039;antichute \u00e0 rappel automatique avec connecteur automatique d&#039;ouverture 20mm. Le Vrai carter en acier avec longe c\u00e2ble avec dispositif de sauvetage (EN 1496).\" \/>\n<meta property=\"og:url\" content=\"https:\/\/www.sp-equipements.com\/site\/produit\/antichute-avec-treuil-de-sauvetage-carter-acier-et-longe-cable\/\" \/>\n<meta property=\"og:site_name\" content=\"SP \u00c9quipements\" \/>\n<meta property=\"article:modified_time\" content=\"2019-06-19T13:32:07+00:00\" \/>\n<meta property=\"og:image\" content=\"https:\/\/www.sp-equipements.com\/site\/wp-content\/uploads\/2019\/06\/antichute_acier_cable_sauvetage-1.jpg\" \/>\n\t<meta property=\"og:image:width\" content=\"190\" \/>\n\t<meta property=\"og:image:height\" content=\"190\" \/>\n\t<meta property=\"og:image:type\" content=\"image\/jpeg\" \/>\n<meta name=\"twitter:card\" content=\"summary_large_image\" \/>\n<script type=\"application\/ld+json\" class=\"yoast-schema-graph\">{\"@context\":\"https:\/\/schema.org\",\"@graph\":[{\"@type\":\"WebPage\",\"@id\":\"https:\/\/www.sp-equipements.com\/site\/produit\/antichute-avec-treuil-de-sauvetage-carter-acier-et-longe-cable\/\",\"url\":\"https:\/\/www.sp-equipements.com\/site\/produit\/antichute-avec-treuil-de-sauvetage-carter-acier-et-longe-cable\/\",\"name\":\"Antichute avec Treuil de Sauvetage carter acier et longe c\u00e2ble - SP \u00c9quipements\",\"isPartOf\":{\"@id\":\"https:\/\/www.sp-equipements.com\/site\/#website\"},\"primaryImageOfPage\":{\"@id\":\"https:\/\/www.sp-equipements.com\/site\/produit\/antichute-avec-treuil-de-sauvetage-carter-acier-et-longe-cable\/#primaryimage\"},\"image\":{\"@id\":\"https:\/\/www.sp-equipements.com\/site\/produit\/antichute-avec-treuil-de-sauvetage-carter-acier-et-longe-cable\/#primaryimage\"},\"thumbnailUrl\":\"https:\/\/www.sp-equipements.com\/site\/wp-content\/uploads\/2019\/06\/antichute_acier_cable_sauvetage-1.jpg\",\"datePublished\":\"2019-06-07T08:18:50+00:00\",\"dateModified\":\"2019-06-19T13:32:07+00:00\",\"breadcrumb\":{\"@id\":\"https:\/\/www.sp-equipements.com\/site\/produit\/antichute-avec-treuil-de-sauvetage-carter-acier-et-longe-cable\/#breadcrumb\"},\"inLanguage\":\"fr-FR\",\"potentialAction\":[{\"@type\":\"ReadAction\",\"target\":[\"https:\/\/www.sp-equipements.com\/site\/produit\/antichute-avec-treuil-de-sauvetage-carter-acier-et-longe-cable\/\"]}]},{\"@type\":\"ImageObject\",\"inLanguage\":\"fr-FR\",\"@id\":\"https:\/\/www.sp-equipements.com\/site\/produit\/antichute-avec-treuil-de-sauvetage-carter-acier-et-longe-cable\/#primaryimage\",\"url\":\"https:\/\/www.sp-equipements.com\/site\/wp-content\/uploads\/2019\/06\/antichute_acier_cable_sauvetage-1.jpg\",\"contentUrl\":\"https:\/\/www.sp-equipements.com\/site\/wp-content\/uploads\/2019\/06\/antichute_acier_cable_sauvetage-1.jpg\",\"width\":190,\"height\":190,\"caption\":\"antichute acier cable sauvetage 1\"},{\"@type\":\"BreadcrumbList\",\"@id\":\"https:\/\/www.sp-equipements.com\/site\/produit\/antichute-avec-treuil-de-sauvetage-carter-acier-et-longe-cable\/#breadcrumb\",\"itemListElement\":[{\"@type\":\"ListItem\",\"position\":1,\"name\":\"Accueil\",\"item\":\"https:\/\/www.sp-equipements.com\/site\/\"},{\"@type\":\"ListItem\",\"position\":2,\"name\":\"Catalogue\",\"item\":\"https:\/\/www.sp-equipements.com\/site\/catalogue\/\"},{\"@type\":\"ListItem\",\"position\":3,\"name\":\"Antichute avec Treuil de Sauvetage carter acier et longe c\u00e2ble\"}]},{\"@type\":\"WebSite\",\"@id\":\"https:\/\/www.sp-equipements.com\/site\/#website\",\"url\":\"https:\/\/www.sp-equipements.com\/site\/\",\"name\":\"SP \u00c9quipements\",\"description\":\"\u00c9quipements de collectivit\u00e9s\",\"potentialAction\":[{\"@type\":\"SearchAction\",\"target\":{\"@type\":\"EntryPoint\",\"urlTemplate\":\"https:\/\/www.sp-equipements.com\/site\/?s={search_term_string}\"},\"query-input\":\"required name=search_term_string\"}],\"inLanguage\":\"fr-FR\"}]}<\/script>\n<!-- \/ Yoast SEO plugin. -->","yoast_head_json":{"title":"Antichute avec Treuil de Sauvetage carter acier et longe c\u00e2ble - SP \u00c9quipements","robots":{"index":"index","follow":"follow","max-snippet":"max-snippet:-1","max-image-preview":"max-image-preview:large","max-video-preview":"max-video-preview:-1"},"canonical":"https:\/\/www.sp-equipements.com\/site\/produit\/antichute-avec-treuil-de-sauvetage-carter-acier-et-longe-cable\/","og_locale":"fr_FR","og_type":"article","og_title":"Antichute avec Treuil de Sauvetage carter acier et longe c\u00e2ble - SP \u00c9quipements","og_description":"Dispositif d'antichute \u00e0 rappel automatique avec connecteur automatique d'ouverture 20mm. Le Vrai carter en acier avec longe c\u00e2ble avec dispositif de sauvetage (EN 1496).","og_url":"https:\/\/www.sp-equipements.com\/site\/produit\/antichute-avec-treuil-de-sauvetage-carter-acier-et-longe-cable\/","og_site_name":"SP \u00c9quipements","article_modified_time":"2019-06-19T13:32:07+00:00","og_image":[{"width":190,"height":190,"url":"https:\/\/www.sp-equipements.com\/site\/wp-content\/uploads\/2019\/06\/antichute_acier_cable_sauvetage-1.jpg","type":"image\/jpeg"}],"twitter_card":"summary_large_image","schema":{"@context":"https:\/\/schema.org","@graph":[{"@type":"WebPage","@id":"https:\/\/www.sp-equipements.com\/site\/produit\/antichute-avec-treuil-de-sauvetage-carter-acier-et-longe-cable\/","url":"https:\/\/www.sp-equipements.com\/site\/produit\/antichute-avec-treuil-de-sauvetage-carter-acier-et-longe-cable\/","name":"Antichute avec Treuil de Sauvetage carter acier et longe c\u00e2ble - SP \u00c9quipements","isPartOf":{"@id":"https:\/\/www.sp-equipements.com\/site\/#website"},"primaryImageOfPage":{"@id":"https:\/\/www.sp-equipements.com\/site\/produit\/antichute-avec-treuil-de-sauvetage-carter-acier-et-longe-cable\/#primaryimage"},"image":{"@id":"https:\/\/www.sp-equipements.com\/site\/produit\/antichute-avec-treuil-de-sauvetage-carter-acier-et-longe-cable\/#primaryimage"},"thumbnailUrl":"https:\/\/www.sp-equipements.com\/site\/wp-content\/uploads\/2019\/06\/antichute_acier_cable_sauvetage-1.jpg","datePublished":"2019-06-07T08:18:50+00:00","dateModified":"2019-06-19T13:32:07+00:00","breadcrumb":{"@id":"https:\/\/www.sp-equipements.com\/site\/produit\/antichute-avec-treuil-de-sauvetage-carter-acier-et-longe-cable\/#breadcrumb"},"inLanguage":"fr-FR","potentialAction":[{"@type":"ReadAction","target":["https:\/\/www.sp-equipements.com\/site\/produit\/antichute-avec-treuil-de-sauvetage-carter-acier-et-longe-cable\/"]}]},{"@type":"ImageObject","inLanguage":"fr-FR","@id":"https:\/\/www.sp-equipements.com\/site\/produit\/antichute-avec-treuil-de-sauvetage-carter-acier-et-longe-cable\/#primaryimage","url":"https:\/\/www.sp-equipements.com\/site\/wp-content\/uploads\/2019\/06\/antichute_acier_cable_sauvetage-1.jpg","contentUrl":"https:\/\/www.sp-equipements.com\/site\/wp-content\/uploads\/2019\/06\/antichute_acier_cable_sauvetage-1.jpg","width":190,"height":190,"caption":"antichute acier cable sauvetage 1"},{"@type":"BreadcrumbList","@id":"https:\/\/www.sp-equipements.com\/site\/produit\/antichute-avec-treuil-de-sauvetage-carter-acier-et-longe-cable\/#breadcrumb","itemListElement":[{"@type":"ListItem","position":1,"name":"Accueil","item":"https:\/\/www.sp-equipements.com\/site\/"},{"@type":"ListItem","position":2,"name":"Catalogue","item":"https:\/\/www.sp-equipements.com\/site\/catalogue\/"},{"@type":"ListItem","position":3,"name":"Antichute avec Treuil de Sauvetage carter acier et longe c\u00e2ble"}]},{"@type":"WebSite","@id":"https:\/\/www.sp-equipements.com\/site\/#website","url":"https:\/\/www.sp-equipements.com\/site\/","name":"SP \u00c9quipements","description":"\u00c9quipements de collectivit\u00e9s","potentialAction":[{"@type":"SearchAction","target":{"@type":"EntryPoint","urlTemplate":"https:\/\/www.sp-equipements.com\/site\/?s={search_term_string}"},"query-input":"required name=search_term_string"}],"inLanguage":"fr-FR"}]}},"_links":{"self":[{"href":"https:\/\/www.sp-equipements.com\/site\/wp-json\/wp\/v2\/product\/21897"}],"collection":[{"href":"https:\/\/www.sp-equipements.com\/site\/wp-json\/wp\/v2\/product"}],"about":[{"href":"https:\/\/www.sp-equipements.com\/site\/wp-json\/wp\/v2\/types\/product"}],"replies":[{"embeddable":true,"href":"https:\/\/www.sp-equipements.com\/site\/wp-json\/wp\/v2\/comments?post=21897"}],"wp:featuredmedia":[{"embeddable":true,"href":"https:\/\/www.sp-equipements.com\/site\/wp-json\/wp\/v2\/media\/37788"}],"wp:attachment":[{"href":"https:\/\/www.sp-equipements.com\/site\/wp-json\/wp\/v2\/media?parent=21897"}],"wp:term":[{"taxonomy":"product_cat","embeddable":true,"href":"https:\/\/www.sp-equipements.com\/site\/wp-json\/wp\/v2\/product_cat?post=21897"},{"taxonomy":"product_tag","embeddable":true,"href":"https:\/\/www.sp-equipements.com\/site\/wp-json\/wp\/v2\/product_tag?post=21897"}],"curies":[{"name":"wp","href":"https:\/\/api.w.org\/{rel}","templated":true}]}}