{"id":21929,"date":"2019-06-07T10:20:08","date_gmt":"2019-06-07T08:20:08","guid":{"rendered":"http:\/\/www.polyequipements.com\/produit\/pupitre-president\/"},"modified":"2021-08-14T14:51:56","modified_gmt":"2021-08-14T12:51:56","slug":"pupitre-president","status":"publish","type":"product","link":"https:\/\/www.sp-equipements.com\/site\/produit\/pupitre-president\/","title":{"rendered":"Pupitre Pr\u00e9sident"},"content":{"rendered":"","protected":false},"excerpt":{"rendered":"<p><i>Ce pupitre est r\u00e9alis\u00e9 en Plexiglass \u00e9pais d\u00e9poli satin\u00e9 permettant le passage des c\u00e2bles des micros dans la colonne en toute discr\u00e9tion et \u00e9vitant reflets et traces de doigts.<\/i><\/p>\n<p><b>Caract\u00e9ristiques des pupitres Pr\u00e9sident:<\/b><br \/>\n\u2022 Plexiglass \u00e9paisseur 15mm<br \/>\n\u2022 Plateau 62 x 50 cm avec r\u00e9glette de maintien des documents.<br \/>\n\u2022 Hauteur du plateau : au plus haut 120 cm , au plus bas 112 cm.<br \/>\n\u2022 Poids : 22 kg.<\/p>\n","protected":false},"featured_media":37824,"comment_status":"open","ping_status":"closed","template":"","meta":[],"product_cat":[205,106],"product_tag":[],"yoast_head":"<!-- This site is optimized with the Yoast SEO plugin v22.2 - https:\/\/yoast.com\/wordpress\/plugins\/seo\/ -->\n<title>Pupitre Pr\u00e9sident - SP \u00c9quipements<\/title>\n<meta name=\"robots\" content=\"index, follow, max-snippet:-1, max-image-preview:large, max-video-preview:-1\" \/>\n<link rel=\"canonical\" href=\"https:\/\/www.sp-equipements.com\/site\/produit\/pupitre-president\/\" \/>\n<meta property=\"og:locale\" content=\"fr_FR\" \/>\n<meta property=\"og:type\" content=\"article\" \/>\n<meta property=\"og:title\" content=\"Pupitre Pr\u00e9sident - SP \u00c9quipements\" \/>\n<meta property=\"og:description\" content=\"Ce pupitre est r\u00e9alis\u00e9 en Plexiglass \u00e9pais d\u00e9poli satin\u00e9 permettant le passage des c\u00e2bles des micros dans la colonne en toute discr\u00e9tion et \u00e9vitant reflets et traces de doigts.  Caract\u00e9ristiques des pupitres Pr\u00e9sident: \u2022 Plexiglass \u00e9paisseur 15mm \u2022 Plateau 62 x 50 cm avec r\u00e9glette de maintien des documents. \u2022 Hauteur du plateau : au plus haut 120 cm , au plus bas 112 cm. \u2022 Poids : 22 kg.\" \/>\n<meta property=\"og:url\" content=\"https:\/\/www.sp-equipements.com\/site\/produit\/pupitre-president\/\" \/>\n<meta property=\"og:site_name\" content=\"SP \u00c9quipements\" \/>\n<meta property=\"article:modified_time\" content=\"2021-08-14T12:51:56+00:00\" \/>\n<meta property=\"og:image\" content=\"https:\/\/www.sp-equipements.com\/site\/wp-content\/uploads\/2019\/06\/pupitre_president-1.jpg\" \/>\n\t<meta property=\"og:image:width\" content=\"190\" \/>\n\t<meta property=\"og:image:height\" content=\"190\" \/>\n\t<meta property=\"og:image:type\" content=\"image\/jpeg\" \/>\n<meta name=\"twitter:card\" content=\"summary_large_image\" \/>\n<script type=\"application\/ld+json\" class=\"yoast-schema-graph\">{\"@context\":\"https:\/\/schema.org\",\"@graph\":[{\"@type\":\"WebPage\",\"@id\":\"https:\/\/www.sp-equipements.com\/site\/produit\/pupitre-president\/\",\"url\":\"https:\/\/www.sp-equipements.com\/site\/produit\/pupitre-president\/\",\"name\":\"Pupitre Pr\u00e9sident - SP \u00c9quipements\",\"isPartOf\":{\"@id\":\"https:\/\/www.sp-equipements.com\/site\/#website\"},\"primaryImageOfPage\":{\"@id\":\"https:\/\/www.sp-equipements.com\/site\/produit\/pupitre-president\/#primaryimage\"},\"image\":{\"@id\":\"https:\/\/www.sp-equipements.com\/site\/produit\/pupitre-president\/#primaryimage\"},\"thumbnailUrl\":\"https:\/\/www.sp-equipements.com\/site\/wp-content\/uploads\/2019\/06\/pupitre_president-1.jpg\",\"datePublished\":\"2019-06-07T08:20:08+00:00\",\"dateModified\":\"2021-08-14T12:51:56+00:00\",\"breadcrumb\":{\"@id\":\"https:\/\/www.sp-equipements.com\/site\/produit\/pupitre-president\/#breadcrumb\"},\"inLanguage\":\"fr-FR\",\"potentialAction\":[{\"@type\":\"ReadAction\",\"target\":[\"https:\/\/www.sp-equipements.com\/site\/produit\/pupitre-president\/\"]}]},{\"@type\":\"ImageObject\",\"inLanguage\":\"fr-FR\",\"@id\":\"https:\/\/www.sp-equipements.com\/site\/produit\/pupitre-president\/#primaryimage\",\"url\":\"https:\/\/www.sp-equipements.com\/site\/wp-content\/uploads\/2019\/06\/pupitre_president-1.jpg\",\"contentUrl\":\"https:\/\/www.sp-equipements.com\/site\/wp-content\/uploads\/2019\/06\/pupitre_president-1.jpg\",\"width\":190,\"height\":190,\"caption\":\"pupitre president 1\"},{\"@type\":\"BreadcrumbList\",\"@id\":\"https:\/\/www.sp-equipements.com\/site\/produit\/pupitre-president\/#breadcrumb\",\"itemListElement\":[{\"@type\":\"ListItem\",\"position\":1,\"name\":\"Accueil\",\"item\":\"https:\/\/www.sp-equipements.com\/site\/\"},{\"@type\":\"ListItem\",\"position\":2,\"name\":\"Catalogue\",\"item\":\"https:\/\/www.sp-equipements.com\/site\/catalogue\/\"},{\"@type\":\"ListItem\",\"position\":3,\"name\":\"Pupitre Pr\u00e9sident\"}]},{\"@type\":\"WebSite\",\"@id\":\"https:\/\/www.sp-equipements.com\/site\/#website\",\"url\":\"https:\/\/www.sp-equipements.com\/site\/\",\"name\":\"SP \u00c9quipements\",\"description\":\"\u00c9quipements de collectivit\u00e9s\",\"potentialAction\":[{\"@type\":\"SearchAction\",\"target\":{\"@type\":\"EntryPoint\",\"urlTemplate\":\"https:\/\/www.sp-equipements.com\/site\/?s={search_term_string}\"},\"query-input\":\"required name=search_term_string\"}],\"inLanguage\":\"fr-FR\"}]}<\/script>\n<!-- \/ Yoast SEO plugin. -->","yoast_head_json":{"title":"Pupitre Pr\u00e9sident - SP \u00c9quipements","robots":{"index":"index","follow":"follow","max-snippet":"max-snippet:-1","max-image-preview":"max-image-preview:large","max-video-preview":"max-video-preview:-1"},"canonical":"https:\/\/www.sp-equipements.com\/site\/produit\/pupitre-president\/","og_locale":"fr_FR","og_type":"article","og_title":"Pupitre Pr\u00e9sident - SP \u00c9quipements","og_description":"Ce pupitre est r\u00e9alis\u00e9 en Plexiglass \u00e9pais d\u00e9poli satin\u00e9 permettant le passage des c\u00e2bles des micros dans la colonne en toute discr\u00e9tion et \u00e9vitant reflets et traces de doigts.  Caract\u00e9ristiques des pupitres Pr\u00e9sident: \u2022 Plexiglass \u00e9paisseur 15mm \u2022 Plateau 62 x 50 cm avec r\u00e9glette de maintien des documents. \u2022 Hauteur du plateau : au plus haut 120 cm , au plus bas 112 cm. \u2022 Poids : 22 kg.","og_url":"https:\/\/www.sp-equipements.com\/site\/produit\/pupitre-president\/","og_site_name":"SP \u00c9quipements","article_modified_time":"2021-08-14T12:51:56+00:00","og_image":[{"width":190,"height":190,"url":"https:\/\/www.sp-equipements.com\/site\/wp-content\/uploads\/2019\/06\/pupitre_president-1.jpg","type":"image\/jpeg"}],"twitter_card":"summary_large_image","schema":{"@context":"https:\/\/schema.org","@graph":[{"@type":"WebPage","@id":"https:\/\/www.sp-equipements.com\/site\/produit\/pupitre-president\/","url":"https:\/\/www.sp-equipements.com\/site\/produit\/pupitre-president\/","name":"Pupitre Pr\u00e9sident - SP \u00c9quipements","isPartOf":{"@id":"https:\/\/www.sp-equipements.com\/site\/#website"},"primaryImageOfPage":{"@id":"https:\/\/www.sp-equipements.com\/site\/produit\/pupitre-president\/#primaryimage"},"image":{"@id":"https:\/\/www.sp-equipements.com\/site\/produit\/pupitre-president\/#primaryimage"},"thumbnailUrl":"https:\/\/www.sp-equipements.com\/site\/wp-content\/uploads\/2019\/06\/pupitre_president-1.jpg","datePublished":"2019-06-07T08:20:08+00:00","dateModified":"2021-08-14T12:51:56+00:00","breadcrumb":{"@id":"https:\/\/www.sp-equipements.com\/site\/produit\/pupitre-president\/#breadcrumb"},"inLanguage":"fr-FR","potentialAction":[{"@type":"ReadAction","target":["https:\/\/www.sp-equipements.com\/site\/produit\/pupitre-president\/"]}]},{"@type":"ImageObject","inLanguage":"fr-FR","@id":"https:\/\/www.sp-equipements.com\/site\/produit\/pupitre-president\/#primaryimage","url":"https:\/\/www.sp-equipements.com\/site\/wp-content\/uploads\/2019\/06\/pupitre_president-1.jpg","contentUrl":"https:\/\/www.sp-equipements.com\/site\/wp-content\/uploads\/2019\/06\/pupitre_president-1.jpg","width":190,"height":190,"caption":"pupitre president 1"},{"@type":"BreadcrumbList","@id":"https:\/\/www.sp-equipements.com\/site\/produit\/pupitre-president\/#breadcrumb","itemListElement":[{"@type":"ListItem","position":1,"name":"Accueil","item":"https:\/\/www.sp-equipements.com\/site\/"},{"@type":"ListItem","position":2,"name":"Catalogue","item":"https:\/\/www.sp-equipements.com\/site\/catalogue\/"},{"@type":"ListItem","position":3,"name":"Pupitre Pr\u00e9sident"}]},{"@type":"WebSite","@id":"https:\/\/www.sp-equipements.com\/site\/#website","url":"https:\/\/www.sp-equipements.com\/site\/","name":"SP \u00c9quipements","description":"\u00c9quipements de collectivit\u00e9s","potentialAction":[{"@type":"SearchAction","target":{"@type":"EntryPoint","urlTemplate":"https:\/\/www.sp-equipements.com\/site\/?s={search_term_string}"},"query-input":"required name=search_term_string"}],"inLanguage":"fr-FR"}]}},"_links":{"self":[{"href":"https:\/\/www.sp-equipements.com\/site\/wp-json\/wp\/v2\/product\/21929"}],"collection":[{"href":"https:\/\/www.sp-equipements.com\/site\/wp-json\/wp\/v2\/product"}],"about":[{"href":"https:\/\/www.sp-equipements.com\/site\/wp-json\/wp\/v2\/types\/product"}],"replies":[{"embeddable":true,"href":"https:\/\/www.sp-equipements.com\/site\/wp-json\/wp\/v2\/comments?post=21929"}],"wp:featuredmedia":[{"embeddable":true,"href":"https:\/\/www.sp-equipements.com\/site\/wp-json\/wp\/v2\/media\/37824"}],"wp:attachment":[{"href":"https:\/\/www.sp-equipements.com\/site\/wp-json\/wp\/v2\/media?parent=21929"}],"wp:term":[{"taxonomy":"product_cat","embeddable":true,"href":"https:\/\/www.sp-equipements.com\/site\/wp-json\/wp\/v2\/product_cat?post=21929"},{"taxonomy":"product_tag","embeddable":true,"href":"https:\/\/www.sp-equipements.com\/site\/wp-json\/wp\/v2\/product_tag?post=21929"}],"curies":[{"name":"wp","href":"https:\/\/api.w.org\/{rel}","templated":true}]}}