{"id":21932,"date":"2019-06-07T10:20:10","date_gmt":"2019-06-07T08:20:10","guid":{"rendered":"http:\/\/www.polyequipements.com\/produit\/pupitre-opale-satine\/"},"modified":"2019-06-19T15:32:23","modified_gmt":"2019-06-19T13:32:23","slug":"pupitre-opale-satine","status":"publish","type":"product","link":"https:\/\/www.sp-equipements.com\/site\/produit\/pupitre-opale-satine\/","title":{"rendered":"Pupitre Opale Satin\u00e9"},"content":{"rendered":"","protected":false},"excerpt":{"rendered":"<p><i>Ce pupitre est con\u00e7u pour faciliter le passage des c\u00e2bles de micro et d&rsquo;ordinateur avec discr\u00e9tion. La strucure de la mati\u00e8re \u00e9vite toutes traces de doigts. Cet opacit\u00e9 permet de rassurer les plus timides.<\/i><\/p>\n<p><b>Caract\u00e9ristiques des pupitres opales:<\/b><br \/>\nPlexiglass de 15mm d&rsquo;\u00e9paisseur<br \/>\nPlateau 62 x 46 cm.<br \/>\nHauteur du plateau au plus haut 122 cm et au plus bas 110 cm.<br \/>\nVoile opalin satin\u00e9 de77 x 120.<br \/>\nTablette 43 x 30 cm.<br \/>\nLivr\u00e9 mont\u00e9 avec l&rsquo;option \u00ab\u00a0flight case\u00a0\u00bb, sinon, livr\u00e9 \u00e0 plat.<br \/>\nPoids du pupitre 30 Kg.<\/p>\n","protected":false},"featured_media":37827,"comment_status":"open","ping_status":"closed","template":"","meta":[],"product_cat":[205,106],"product_tag":[],"yoast_head":"<!-- This site is optimized with the Yoast SEO plugin v22.2 - https:\/\/yoast.com\/wordpress\/plugins\/seo\/ -->\n<title>Pupitre Opale Satin\u00e9 - SP \u00c9quipements<\/title>\n<meta name=\"robots\" content=\"index, follow, max-snippet:-1, max-image-preview:large, max-video-preview:-1\" \/>\n<link rel=\"canonical\" href=\"https:\/\/www.sp-equipements.com\/site\/produit\/pupitre-opale-satine\/\" \/>\n<meta property=\"og:locale\" content=\"fr_FR\" \/>\n<meta property=\"og:type\" content=\"article\" \/>\n<meta property=\"og:title\" content=\"Pupitre Opale Satin\u00e9 - SP \u00c9quipements\" \/>\n<meta property=\"og:description\" content=\"Ce pupitre est con\u00e7u pour faciliter le passage des c\u00e2bles de micro et d&#039;ordinateur avec discr\u00e9tion. La strucure de la mati\u00e8re \u00e9vite toutes traces de doigts. Cet opacit\u00e9 permet de rassurer les plus timides.  Caract\u00e9ristiques des pupitres opales: Plexiglass de 15mm d&#039;\u00e9paisseur Plateau 62 x 46 cm. Hauteur du plateau au plus haut 122 cm et au plus bas 110 cm. Voile opalin satin\u00e9 de77 x 120. Tablette 43 x 30 cm. Livr\u00e9 mont\u00e9 avec l&#039;option &quot;flight case&quot;, sinon, livr\u00e9 \u00e0 plat. Poids du pupitre 30 Kg.\" \/>\n<meta property=\"og:url\" content=\"https:\/\/www.sp-equipements.com\/site\/produit\/pupitre-opale-satine\/\" \/>\n<meta property=\"og:site_name\" content=\"SP \u00c9quipements\" \/>\n<meta property=\"article:modified_time\" content=\"2019-06-19T13:32:23+00:00\" \/>\n<meta property=\"og:image\" content=\"https:\/\/www.sp-equipements.com\/site\/wp-content\/uploads\/2019\/06\/pupitre_opale-1.jpg\" \/>\n\t<meta property=\"og:image:width\" content=\"190\" \/>\n\t<meta property=\"og:image:height\" content=\"190\" \/>\n\t<meta property=\"og:image:type\" content=\"image\/jpeg\" \/>\n<meta name=\"twitter:card\" content=\"summary_large_image\" \/>\n<script type=\"application\/ld+json\" class=\"yoast-schema-graph\">{\"@context\":\"https:\/\/schema.org\",\"@graph\":[{\"@type\":\"WebPage\",\"@id\":\"https:\/\/www.sp-equipements.com\/site\/produit\/pupitre-opale-satine\/\",\"url\":\"https:\/\/www.sp-equipements.com\/site\/produit\/pupitre-opale-satine\/\",\"name\":\"Pupitre Opale Satin\u00e9 - SP \u00c9quipements\",\"isPartOf\":{\"@id\":\"https:\/\/www.sp-equipements.com\/site\/#website\"},\"primaryImageOfPage\":{\"@id\":\"https:\/\/www.sp-equipements.com\/site\/produit\/pupitre-opale-satine\/#primaryimage\"},\"image\":{\"@id\":\"https:\/\/www.sp-equipements.com\/site\/produit\/pupitre-opale-satine\/#primaryimage\"},\"thumbnailUrl\":\"https:\/\/www.sp-equipements.com\/site\/wp-content\/uploads\/2019\/06\/pupitre_opale-1.jpg\",\"datePublished\":\"2019-06-07T08:20:10+00:00\",\"dateModified\":\"2019-06-19T13:32:23+00:00\",\"breadcrumb\":{\"@id\":\"https:\/\/www.sp-equipements.com\/site\/produit\/pupitre-opale-satine\/#breadcrumb\"},\"inLanguage\":\"fr-FR\",\"potentialAction\":[{\"@type\":\"ReadAction\",\"target\":[\"https:\/\/www.sp-equipements.com\/site\/produit\/pupitre-opale-satine\/\"]}]},{\"@type\":\"ImageObject\",\"inLanguage\":\"fr-FR\",\"@id\":\"https:\/\/www.sp-equipements.com\/site\/produit\/pupitre-opale-satine\/#primaryimage\",\"url\":\"https:\/\/www.sp-equipements.com\/site\/wp-content\/uploads\/2019\/06\/pupitre_opale-1.jpg\",\"contentUrl\":\"https:\/\/www.sp-equipements.com\/site\/wp-content\/uploads\/2019\/06\/pupitre_opale-1.jpg\",\"width\":190,\"height\":190,\"caption\":\"pupitre opale 1\"},{\"@type\":\"BreadcrumbList\",\"@id\":\"https:\/\/www.sp-equipements.com\/site\/produit\/pupitre-opale-satine\/#breadcrumb\",\"itemListElement\":[{\"@type\":\"ListItem\",\"position\":1,\"name\":\"Accueil\",\"item\":\"https:\/\/www.sp-equipements.com\/site\/\"},{\"@type\":\"ListItem\",\"position\":2,\"name\":\"Catalogue\",\"item\":\"https:\/\/www.sp-equipements.com\/site\/catalogue\/\"},{\"@type\":\"ListItem\",\"position\":3,\"name\":\"Pupitre Opale Satin\u00e9\"}]},{\"@type\":\"WebSite\",\"@id\":\"https:\/\/www.sp-equipements.com\/site\/#website\",\"url\":\"https:\/\/www.sp-equipements.com\/site\/\",\"name\":\"SP \u00c9quipements\",\"description\":\"\u00c9quipements de collectivit\u00e9s\",\"potentialAction\":[{\"@type\":\"SearchAction\",\"target\":{\"@type\":\"EntryPoint\",\"urlTemplate\":\"https:\/\/www.sp-equipements.com\/site\/?s={search_term_string}\"},\"query-input\":\"required name=search_term_string\"}],\"inLanguage\":\"fr-FR\"}]}<\/script>\n<!-- \/ Yoast SEO plugin. -->","yoast_head_json":{"title":"Pupitre Opale Satin\u00e9 - SP \u00c9quipements","robots":{"index":"index","follow":"follow","max-snippet":"max-snippet:-1","max-image-preview":"max-image-preview:large","max-video-preview":"max-video-preview:-1"},"canonical":"https:\/\/www.sp-equipements.com\/site\/produit\/pupitre-opale-satine\/","og_locale":"fr_FR","og_type":"article","og_title":"Pupitre Opale Satin\u00e9 - SP \u00c9quipements","og_description":"Ce pupitre est con\u00e7u pour faciliter le passage des c\u00e2bles de micro et d'ordinateur avec discr\u00e9tion. La strucure de la mati\u00e8re \u00e9vite toutes traces de doigts. Cet opacit\u00e9 permet de rassurer les plus timides.  Caract\u00e9ristiques des pupitres opales: Plexiglass de 15mm d'\u00e9paisseur Plateau 62 x 46 cm. Hauteur du plateau au plus haut 122 cm et au plus bas 110 cm. Voile opalin satin\u00e9 de77 x 120. Tablette 43 x 30 cm. Livr\u00e9 mont\u00e9 avec l'option \"flight case\", sinon, livr\u00e9 \u00e0 plat. Poids du pupitre 30 Kg.","og_url":"https:\/\/www.sp-equipements.com\/site\/produit\/pupitre-opale-satine\/","og_site_name":"SP \u00c9quipements","article_modified_time":"2019-06-19T13:32:23+00:00","og_image":[{"width":190,"height":190,"url":"https:\/\/www.sp-equipements.com\/site\/wp-content\/uploads\/2019\/06\/pupitre_opale-1.jpg","type":"image\/jpeg"}],"twitter_card":"summary_large_image","schema":{"@context":"https:\/\/schema.org","@graph":[{"@type":"WebPage","@id":"https:\/\/www.sp-equipements.com\/site\/produit\/pupitre-opale-satine\/","url":"https:\/\/www.sp-equipements.com\/site\/produit\/pupitre-opale-satine\/","name":"Pupitre Opale Satin\u00e9 - SP \u00c9quipements","isPartOf":{"@id":"https:\/\/www.sp-equipements.com\/site\/#website"},"primaryImageOfPage":{"@id":"https:\/\/www.sp-equipements.com\/site\/produit\/pupitre-opale-satine\/#primaryimage"},"image":{"@id":"https:\/\/www.sp-equipements.com\/site\/produit\/pupitre-opale-satine\/#primaryimage"},"thumbnailUrl":"https:\/\/www.sp-equipements.com\/site\/wp-content\/uploads\/2019\/06\/pupitre_opale-1.jpg","datePublished":"2019-06-07T08:20:10+00:00","dateModified":"2019-06-19T13:32:23+00:00","breadcrumb":{"@id":"https:\/\/www.sp-equipements.com\/site\/produit\/pupitre-opale-satine\/#breadcrumb"},"inLanguage":"fr-FR","potentialAction":[{"@type":"ReadAction","target":["https:\/\/www.sp-equipements.com\/site\/produit\/pupitre-opale-satine\/"]}]},{"@type":"ImageObject","inLanguage":"fr-FR","@id":"https:\/\/www.sp-equipements.com\/site\/produit\/pupitre-opale-satine\/#primaryimage","url":"https:\/\/www.sp-equipements.com\/site\/wp-content\/uploads\/2019\/06\/pupitre_opale-1.jpg","contentUrl":"https:\/\/www.sp-equipements.com\/site\/wp-content\/uploads\/2019\/06\/pupitre_opale-1.jpg","width":190,"height":190,"caption":"pupitre opale 1"},{"@type":"BreadcrumbList","@id":"https:\/\/www.sp-equipements.com\/site\/produit\/pupitre-opale-satine\/#breadcrumb","itemListElement":[{"@type":"ListItem","position":1,"name":"Accueil","item":"https:\/\/www.sp-equipements.com\/site\/"},{"@type":"ListItem","position":2,"name":"Catalogue","item":"https:\/\/www.sp-equipements.com\/site\/catalogue\/"},{"@type":"ListItem","position":3,"name":"Pupitre Opale Satin\u00e9"}]},{"@type":"WebSite","@id":"https:\/\/www.sp-equipements.com\/site\/#website","url":"https:\/\/www.sp-equipements.com\/site\/","name":"SP \u00c9quipements","description":"\u00c9quipements de collectivit\u00e9s","potentialAction":[{"@type":"SearchAction","target":{"@type":"EntryPoint","urlTemplate":"https:\/\/www.sp-equipements.com\/site\/?s={search_term_string}"},"query-input":"required name=search_term_string"}],"inLanguage":"fr-FR"}]}},"_links":{"self":[{"href":"https:\/\/www.sp-equipements.com\/site\/wp-json\/wp\/v2\/product\/21932"}],"collection":[{"href":"https:\/\/www.sp-equipements.com\/site\/wp-json\/wp\/v2\/product"}],"about":[{"href":"https:\/\/www.sp-equipements.com\/site\/wp-json\/wp\/v2\/types\/product"}],"replies":[{"embeddable":true,"href":"https:\/\/www.sp-equipements.com\/site\/wp-json\/wp\/v2\/comments?post=21932"}],"wp:featuredmedia":[{"embeddable":true,"href":"https:\/\/www.sp-equipements.com\/site\/wp-json\/wp\/v2\/media\/37827"}],"wp:attachment":[{"href":"https:\/\/www.sp-equipements.com\/site\/wp-json\/wp\/v2\/media?parent=21932"}],"wp:term":[{"taxonomy":"product_cat","embeddable":true,"href":"https:\/\/www.sp-equipements.com\/site\/wp-json\/wp\/v2\/product_cat?post=21932"},{"taxonomy":"product_tag","embeddable":true,"href":"https:\/\/www.sp-equipements.com\/site\/wp-json\/wp\/v2\/product_tag?post=21932"}],"curies":[{"name":"wp","href":"https:\/\/api.w.org\/{rel}","templated":true}]}}