{"id":21934,"date":"2019-06-07T10:20:11","date_gmt":"2019-06-07T08:20:11","guid":{"rendered":"http:\/\/www.polyequipements.com\/produit\/pupitre-prestige-opalin-satine\/"},"modified":"2019-06-19T15:32:24","modified_gmt":"2019-06-19T13:32:24","slug":"pupitre-prestige-opalin-satine","status":"publish","type":"product","link":"https:\/\/www.sp-equipements.com\/site\/produit\/pupitre-prestige-opalin-satine\/","title":{"rendered":"Pupitre Prestige Opalin Satin\u00e9"},"content":{"rendered":"","protected":false},"excerpt":{"rendered":"<p><i>Ce pupitre vous s\u00e9duira pleinenement en \u00e9vitant les reflets et les traces de doigts.<\/i><\/p>\n<p><b>Caract\u00e9ristiques des pupitres opalins satin\u00e9s<\/b><br \/>\n\u2022 Plexiglass \u00e9paisseur 15mm<br \/>\n\u2022 Tablette pour utilisation d&rsquo;ordinateur portable de 47 x 31 cm.<br \/>\n\u2022 Panneau de fa\u00e7ade pour la personnalisation (47\/55 cm)<br \/>\n\u2022 Socle avec d\u00e9coupe au niveau des pieds de l&rsquo;orateur<br \/>\n\u2022 2 poign\u00e9es de transport<br \/>\n\u2022 Livr\u00e9 mont\u00e9 avec l&rsquo;option \u00ab\u00a0flight case\u00a0\u00bb, sinon, livr\u00e9 \u00e0 plat.<br \/>\n\u2022 Plateau arrondi 72 x 48 cm<br \/>\n\u2022 Hauteur maxi du pupitre: 1,20 m<br \/>\n\u2022 Poids du pupitre 30 kg<\/p>\n","protected":false},"featured_media":37829,"comment_status":"open","ping_status":"closed","template":"","meta":[],"product_cat":[205,106],"product_tag":[],"yoast_head":"<!-- This site is optimized with the Yoast SEO plugin v22.2 - https:\/\/yoast.com\/wordpress\/plugins\/seo\/ -->\n<title>Pupitre Prestige Opalin Satin\u00e9 - SP \u00c9quipements<\/title>\n<meta name=\"robots\" content=\"index, follow, max-snippet:-1, max-image-preview:large, max-video-preview:-1\" \/>\n<link rel=\"canonical\" href=\"https:\/\/www.sp-equipements.com\/site\/produit\/pupitre-prestige-opalin-satine\/\" \/>\n<meta property=\"og:locale\" content=\"fr_FR\" \/>\n<meta property=\"og:type\" content=\"article\" \/>\n<meta property=\"og:title\" content=\"Pupitre Prestige Opalin Satin\u00e9 - SP \u00c9quipements\" \/>\n<meta property=\"og:description\" content=\"Ce pupitre vous s\u00e9duira pleinenement en \u00e9vitant les reflets et les traces de doigts.  Caract\u00e9ristiques des pupitres opalins satin\u00e9s \u2022 Plexiglass \u00e9paisseur 15mm \u2022 Tablette pour utilisation d&#039;ordinateur portable de 47 x 31 cm. \u2022 Panneau de fa\u00e7ade pour la personnalisation (47\/55 cm) \u2022 Socle avec d\u00e9coupe au niveau des pieds de l&#039;orateur \u2022 2 poign\u00e9es de transport \u2022 Livr\u00e9 mont\u00e9 avec l&#039;option &quot;flight case&quot;, sinon, livr\u00e9 \u00e0 plat. \u2022 Plateau arrondi 72 x 48 cm \u2022 Hauteur maxi du pupitre: 1,20 m \u2022 Poids du pupitre 30 kg\" \/>\n<meta property=\"og:url\" content=\"https:\/\/www.sp-equipements.com\/site\/produit\/pupitre-prestige-opalin-satine\/\" \/>\n<meta property=\"og:site_name\" content=\"SP \u00c9quipements\" \/>\n<meta property=\"article:modified_time\" content=\"2019-06-19T13:32:24+00:00\" \/>\n<meta property=\"og:image\" content=\"https:\/\/www.sp-equipements.com\/site\/wp-content\/uploads\/2019\/06\/pupitre_de_prestige_opalin_satine-1.jpg\" \/>\n\t<meta property=\"og:image:width\" content=\"190\" \/>\n\t<meta property=\"og:image:height\" content=\"190\" \/>\n\t<meta property=\"og:image:type\" content=\"image\/jpeg\" \/>\n<meta name=\"twitter:card\" content=\"summary_large_image\" \/>\n<script type=\"application\/ld+json\" class=\"yoast-schema-graph\">{\"@context\":\"https:\/\/schema.org\",\"@graph\":[{\"@type\":\"WebPage\",\"@id\":\"https:\/\/www.sp-equipements.com\/site\/produit\/pupitre-prestige-opalin-satine\/\",\"url\":\"https:\/\/www.sp-equipements.com\/site\/produit\/pupitre-prestige-opalin-satine\/\",\"name\":\"Pupitre Prestige Opalin Satin\u00e9 - SP \u00c9quipements\",\"isPartOf\":{\"@id\":\"https:\/\/www.sp-equipements.com\/site\/#website\"},\"primaryImageOfPage\":{\"@id\":\"https:\/\/www.sp-equipements.com\/site\/produit\/pupitre-prestige-opalin-satine\/#primaryimage\"},\"image\":{\"@id\":\"https:\/\/www.sp-equipements.com\/site\/produit\/pupitre-prestige-opalin-satine\/#primaryimage\"},\"thumbnailUrl\":\"https:\/\/www.sp-equipements.com\/site\/wp-content\/uploads\/2019\/06\/pupitre_de_prestige_opalin_satine-1.jpg\",\"datePublished\":\"2019-06-07T08:20:11+00:00\",\"dateModified\":\"2019-06-19T13:32:24+00:00\",\"breadcrumb\":{\"@id\":\"https:\/\/www.sp-equipements.com\/site\/produit\/pupitre-prestige-opalin-satine\/#breadcrumb\"},\"inLanguage\":\"fr-FR\",\"potentialAction\":[{\"@type\":\"ReadAction\",\"target\":[\"https:\/\/www.sp-equipements.com\/site\/produit\/pupitre-prestige-opalin-satine\/\"]}]},{\"@type\":\"ImageObject\",\"inLanguage\":\"fr-FR\",\"@id\":\"https:\/\/www.sp-equipements.com\/site\/produit\/pupitre-prestige-opalin-satine\/#primaryimage\",\"url\":\"https:\/\/www.sp-equipements.com\/site\/wp-content\/uploads\/2019\/06\/pupitre_de_prestige_opalin_satine-1.jpg\",\"contentUrl\":\"https:\/\/www.sp-equipements.com\/site\/wp-content\/uploads\/2019\/06\/pupitre_de_prestige_opalin_satine-1.jpg\",\"width\":190,\"height\":190,\"caption\":\"pupitre de prestige opalin satine 1\"},{\"@type\":\"BreadcrumbList\",\"@id\":\"https:\/\/www.sp-equipements.com\/site\/produit\/pupitre-prestige-opalin-satine\/#breadcrumb\",\"itemListElement\":[{\"@type\":\"ListItem\",\"position\":1,\"name\":\"Accueil\",\"item\":\"https:\/\/www.sp-equipements.com\/site\/\"},{\"@type\":\"ListItem\",\"position\":2,\"name\":\"Catalogue\",\"item\":\"https:\/\/www.sp-equipements.com\/site\/catalogue\/\"},{\"@type\":\"ListItem\",\"position\":3,\"name\":\"Pupitre Prestige Opalin Satin\u00e9\"}]},{\"@type\":\"WebSite\",\"@id\":\"https:\/\/www.sp-equipements.com\/site\/#website\",\"url\":\"https:\/\/www.sp-equipements.com\/site\/\",\"name\":\"SP \u00c9quipements\",\"description\":\"\u00c9quipements de collectivit\u00e9s\",\"potentialAction\":[{\"@type\":\"SearchAction\",\"target\":{\"@type\":\"EntryPoint\",\"urlTemplate\":\"https:\/\/www.sp-equipements.com\/site\/?s={search_term_string}\"},\"query-input\":\"required name=search_term_string\"}],\"inLanguage\":\"fr-FR\"}]}<\/script>\n<!-- \/ Yoast SEO plugin. -->","yoast_head_json":{"title":"Pupitre Prestige Opalin Satin\u00e9 - SP \u00c9quipements","robots":{"index":"index","follow":"follow","max-snippet":"max-snippet:-1","max-image-preview":"max-image-preview:large","max-video-preview":"max-video-preview:-1"},"canonical":"https:\/\/www.sp-equipements.com\/site\/produit\/pupitre-prestige-opalin-satine\/","og_locale":"fr_FR","og_type":"article","og_title":"Pupitre Prestige Opalin Satin\u00e9 - SP \u00c9quipements","og_description":"Ce pupitre vous s\u00e9duira pleinenement en \u00e9vitant les reflets et les traces de doigts.  Caract\u00e9ristiques des pupitres opalins satin\u00e9s \u2022 Plexiglass \u00e9paisseur 15mm \u2022 Tablette pour utilisation d'ordinateur portable de 47 x 31 cm. \u2022 Panneau de fa\u00e7ade pour la personnalisation (47\/55 cm) \u2022 Socle avec d\u00e9coupe au niveau des pieds de l'orateur \u2022 2 poign\u00e9es de transport \u2022 Livr\u00e9 mont\u00e9 avec l'option \"flight case\", sinon, livr\u00e9 \u00e0 plat. \u2022 Plateau arrondi 72 x 48 cm \u2022 Hauteur maxi du pupitre: 1,20 m \u2022 Poids du pupitre 30 kg","og_url":"https:\/\/www.sp-equipements.com\/site\/produit\/pupitre-prestige-opalin-satine\/","og_site_name":"SP \u00c9quipements","article_modified_time":"2019-06-19T13:32:24+00:00","og_image":[{"width":190,"height":190,"url":"https:\/\/www.sp-equipements.com\/site\/wp-content\/uploads\/2019\/06\/pupitre_de_prestige_opalin_satine-1.jpg","type":"image\/jpeg"}],"twitter_card":"summary_large_image","schema":{"@context":"https:\/\/schema.org","@graph":[{"@type":"WebPage","@id":"https:\/\/www.sp-equipements.com\/site\/produit\/pupitre-prestige-opalin-satine\/","url":"https:\/\/www.sp-equipements.com\/site\/produit\/pupitre-prestige-opalin-satine\/","name":"Pupitre Prestige Opalin Satin\u00e9 - SP \u00c9quipements","isPartOf":{"@id":"https:\/\/www.sp-equipements.com\/site\/#website"},"primaryImageOfPage":{"@id":"https:\/\/www.sp-equipements.com\/site\/produit\/pupitre-prestige-opalin-satine\/#primaryimage"},"image":{"@id":"https:\/\/www.sp-equipements.com\/site\/produit\/pupitre-prestige-opalin-satine\/#primaryimage"},"thumbnailUrl":"https:\/\/www.sp-equipements.com\/site\/wp-content\/uploads\/2019\/06\/pupitre_de_prestige_opalin_satine-1.jpg","datePublished":"2019-06-07T08:20:11+00:00","dateModified":"2019-06-19T13:32:24+00:00","breadcrumb":{"@id":"https:\/\/www.sp-equipements.com\/site\/produit\/pupitre-prestige-opalin-satine\/#breadcrumb"},"inLanguage":"fr-FR","potentialAction":[{"@type":"ReadAction","target":["https:\/\/www.sp-equipements.com\/site\/produit\/pupitre-prestige-opalin-satine\/"]}]},{"@type":"ImageObject","inLanguage":"fr-FR","@id":"https:\/\/www.sp-equipements.com\/site\/produit\/pupitre-prestige-opalin-satine\/#primaryimage","url":"https:\/\/www.sp-equipements.com\/site\/wp-content\/uploads\/2019\/06\/pupitre_de_prestige_opalin_satine-1.jpg","contentUrl":"https:\/\/www.sp-equipements.com\/site\/wp-content\/uploads\/2019\/06\/pupitre_de_prestige_opalin_satine-1.jpg","width":190,"height":190,"caption":"pupitre de prestige opalin satine 1"},{"@type":"BreadcrumbList","@id":"https:\/\/www.sp-equipements.com\/site\/produit\/pupitre-prestige-opalin-satine\/#breadcrumb","itemListElement":[{"@type":"ListItem","position":1,"name":"Accueil","item":"https:\/\/www.sp-equipements.com\/site\/"},{"@type":"ListItem","position":2,"name":"Catalogue","item":"https:\/\/www.sp-equipements.com\/site\/catalogue\/"},{"@type":"ListItem","position":3,"name":"Pupitre Prestige Opalin Satin\u00e9"}]},{"@type":"WebSite","@id":"https:\/\/www.sp-equipements.com\/site\/#website","url":"https:\/\/www.sp-equipements.com\/site\/","name":"SP \u00c9quipements","description":"\u00c9quipements de collectivit\u00e9s","potentialAction":[{"@type":"SearchAction","target":{"@type":"EntryPoint","urlTemplate":"https:\/\/www.sp-equipements.com\/site\/?s={search_term_string}"},"query-input":"required name=search_term_string"}],"inLanguage":"fr-FR"}]}},"_links":{"self":[{"href":"https:\/\/www.sp-equipements.com\/site\/wp-json\/wp\/v2\/product\/21934"}],"collection":[{"href":"https:\/\/www.sp-equipements.com\/site\/wp-json\/wp\/v2\/product"}],"about":[{"href":"https:\/\/www.sp-equipements.com\/site\/wp-json\/wp\/v2\/types\/product"}],"replies":[{"embeddable":true,"href":"https:\/\/www.sp-equipements.com\/site\/wp-json\/wp\/v2\/comments?post=21934"}],"wp:featuredmedia":[{"embeddable":true,"href":"https:\/\/www.sp-equipements.com\/site\/wp-json\/wp\/v2\/media\/37829"}],"wp:attachment":[{"href":"https:\/\/www.sp-equipements.com\/site\/wp-json\/wp\/v2\/media?parent=21934"}],"wp:term":[{"taxonomy":"product_cat","embeddable":true,"href":"https:\/\/www.sp-equipements.com\/site\/wp-json\/wp\/v2\/product_cat?post=21934"},{"taxonomy":"product_tag","embeddable":true,"href":"https:\/\/www.sp-equipements.com\/site\/wp-json\/wp\/v2\/product_tag?post=21934"}],"curies":[{"name":"wp","href":"https:\/\/api.w.org\/{rel}","templated":true}]}}