{"id":21940,"date":"2019-06-07T10:20:14","date_gmt":"2019-06-07T08:20:14","guid":{"rendered":"http:\/\/www.polyequipements.com\/produit\/lutrin-pupitre-rehausse-2\/"},"modified":"2019-06-19T15:32:28","modified_gmt":"2019-06-19T13:32:28","slug":"lutrin-pupitre-rehausse-2","status":"publish","type":"product","link":"https:\/\/www.sp-equipements.com\/site\/produit\/lutrin-pupitre-rehausse-2\/","title":{"rendered":"Lutrin Pupitre R\u00e9hauss\u00e9"},"content":{"rendered":"","protected":false},"excerpt":{"rendered":"<p><i>De par sa conception, ce lutrin en plexiglass est adapt\u00e9 \u00e0 la consultation de documents et peut servir d&rsquo;\u00e9critoire ou de pupitre de conf\u00e9rence.<\/i><\/p>\n<p><b>Caract\u00e9ristiques des Lutrins Pupitres:<\/b><br \/>\nPlateau A3 (42\/29.7 cm)<br \/>\nHauteur au plus haut :110 et au plus bas: 90 cm.<\/p>\n","protected":false},"featured_media":37835,"comment_status":"open","ping_status":"closed","template":"","meta":[],"product_cat":[205,106],"product_tag":[],"yoast_head":"<!-- This site is optimized with the Yoast SEO plugin v22.2 - https:\/\/yoast.com\/wordpress\/plugins\/seo\/ -->\n<title>Lutrin Pupitre R\u00e9hauss\u00e9 - SP \u00c9quipements<\/title>\n<meta name=\"robots\" content=\"index, follow, max-snippet:-1, max-image-preview:large, max-video-preview:-1\" \/>\n<link rel=\"canonical\" href=\"https:\/\/www.sp-equipements.com\/site\/produit\/lutrin-pupitre-rehausse-2\/\" \/>\n<meta property=\"og:locale\" content=\"fr_FR\" \/>\n<meta property=\"og:type\" content=\"article\" \/>\n<meta property=\"og:title\" content=\"Lutrin Pupitre R\u00e9hauss\u00e9 - SP \u00c9quipements\" \/>\n<meta property=\"og:description\" content=\"De par sa conception, ce lutrin en plexiglass est adapt\u00e9 \u00e0 la consultation de documents et peut servir d&#039;\u00e9critoire ou de pupitre de conf\u00e9rence.  Caract\u00e9ristiques des Lutrins Pupitres: Plateau A3 (42\/29.7 cm) Hauteur au plus haut :110 et au plus bas: 90 cm.\" \/>\n<meta property=\"og:url\" content=\"https:\/\/www.sp-equipements.com\/site\/produit\/lutrin-pupitre-rehausse-2\/\" \/>\n<meta property=\"og:site_name\" content=\"SP \u00c9quipements\" \/>\n<meta property=\"article:modified_time\" content=\"2019-06-19T13:32:28+00:00\" \/>\n<meta property=\"og:image\" content=\"https:\/\/www.sp-equipements.com\/site\/wp-content\/uploads\/2019\/06\/pupitre_lutrin-1.jpg\" \/>\n\t<meta property=\"og:image:width\" content=\"190\" \/>\n\t<meta property=\"og:image:height\" content=\"190\" \/>\n\t<meta property=\"og:image:type\" content=\"image\/jpeg\" \/>\n<meta name=\"twitter:card\" content=\"summary_large_image\" \/>\n<script type=\"application\/ld+json\" class=\"yoast-schema-graph\">{\"@context\":\"https:\/\/schema.org\",\"@graph\":[{\"@type\":\"WebPage\",\"@id\":\"https:\/\/www.sp-equipements.com\/site\/produit\/lutrin-pupitre-rehausse-2\/\",\"url\":\"https:\/\/www.sp-equipements.com\/site\/produit\/lutrin-pupitre-rehausse-2\/\",\"name\":\"Lutrin Pupitre R\u00e9hauss\u00e9 - SP \u00c9quipements\",\"isPartOf\":{\"@id\":\"https:\/\/www.sp-equipements.com\/site\/#website\"},\"primaryImageOfPage\":{\"@id\":\"https:\/\/www.sp-equipements.com\/site\/produit\/lutrin-pupitre-rehausse-2\/#primaryimage\"},\"image\":{\"@id\":\"https:\/\/www.sp-equipements.com\/site\/produit\/lutrin-pupitre-rehausse-2\/#primaryimage\"},\"thumbnailUrl\":\"https:\/\/www.sp-equipements.com\/site\/wp-content\/uploads\/2019\/06\/pupitre_lutrin-1.jpg\",\"datePublished\":\"2019-06-07T08:20:14+00:00\",\"dateModified\":\"2019-06-19T13:32:28+00:00\",\"breadcrumb\":{\"@id\":\"https:\/\/www.sp-equipements.com\/site\/produit\/lutrin-pupitre-rehausse-2\/#breadcrumb\"},\"inLanguage\":\"fr-FR\",\"potentialAction\":[{\"@type\":\"ReadAction\",\"target\":[\"https:\/\/www.sp-equipements.com\/site\/produit\/lutrin-pupitre-rehausse-2\/\"]}]},{\"@type\":\"ImageObject\",\"inLanguage\":\"fr-FR\",\"@id\":\"https:\/\/www.sp-equipements.com\/site\/produit\/lutrin-pupitre-rehausse-2\/#primaryimage\",\"url\":\"https:\/\/www.sp-equipements.com\/site\/wp-content\/uploads\/2019\/06\/pupitre_lutrin-1.jpg\",\"contentUrl\":\"https:\/\/www.sp-equipements.com\/site\/wp-content\/uploads\/2019\/06\/pupitre_lutrin-1.jpg\",\"width\":190,\"height\":190,\"caption\":\"pupitre lutrin 1\"},{\"@type\":\"BreadcrumbList\",\"@id\":\"https:\/\/www.sp-equipements.com\/site\/produit\/lutrin-pupitre-rehausse-2\/#breadcrumb\",\"itemListElement\":[{\"@type\":\"ListItem\",\"position\":1,\"name\":\"Accueil\",\"item\":\"https:\/\/www.sp-equipements.com\/site\/\"},{\"@type\":\"ListItem\",\"position\":2,\"name\":\"Catalogue\",\"item\":\"https:\/\/www.sp-equipements.com\/site\/catalogue\/\"},{\"@type\":\"ListItem\",\"position\":3,\"name\":\"Lutrin Pupitre R\u00e9hauss\u00e9\"}]},{\"@type\":\"WebSite\",\"@id\":\"https:\/\/www.sp-equipements.com\/site\/#website\",\"url\":\"https:\/\/www.sp-equipements.com\/site\/\",\"name\":\"SP \u00c9quipements\",\"description\":\"\u00c9quipements de collectivit\u00e9s\",\"potentialAction\":[{\"@type\":\"SearchAction\",\"target\":{\"@type\":\"EntryPoint\",\"urlTemplate\":\"https:\/\/www.sp-equipements.com\/site\/?s={search_term_string}\"},\"query-input\":\"required name=search_term_string\"}],\"inLanguage\":\"fr-FR\"}]}<\/script>\n<!-- \/ Yoast SEO plugin. -->","yoast_head_json":{"title":"Lutrin Pupitre R\u00e9hauss\u00e9 - SP \u00c9quipements","robots":{"index":"index","follow":"follow","max-snippet":"max-snippet:-1","max-image-preview":"max-image-preview:large","max-video-preview":"max-video-preview:-1"},"canonical":"https:\/\/www.sp-equipements.com\/site\/produit\/lutrin-pupitre-rehausse-2\/","og_locale":"fr_FR","og_type":"article","og_title":"Lutrin Pupitre R\u00e9hauss\u00e9 - SP \u00c9quipements","og_description":"De par sa conception, ce lutrin en plexiglass est adapt\u00e9 \u00e0 la consultation de documents et peut servir d'\u00e9critoire ou de pupitre de conf\u00e9rence.  Caract\u00e9ristiques des Lutrins Pupitres: Plateau A3 (42\/29.7 cm) Hauteur au plus haut :110 et au plus bas: 90 cm.","og_url":"https:\/\/www.sp-equipements.com\/site\/produit\/lutrin-pupitre-rehausse-2\/","og_site_name":"SP \u00c9quipements","article_modified_time":"2019-06-19T13:32:28+00:00","og_image":[{"width":190,"height":190,"url":"https:\/\/www.sp-equipements.com\/site\/wp-content\/uploads\/2019\/06\/pupitre_lutrin-1.jpg","type":"image\/jpeg"}],"twitter_card":"summary_large_image","schema":{"@context":"https:\/\/schema.org","@graph":[{"@type":"WebPage","@id":"https:\/\/www.sp-equipements.com\/site\/produit\/lutrin-pupitre-rehausse-2\/","url":"https:\/\/www.sp-equipements.com\/site\/produit\/lutrin-pupitre-rehausse-2\/","name":"Lutrin Pupitre R\u00e9hauss\u00e9 - SP \u00c9quipements","isPartOf":{"@id":"https:\/\/www.sp-equipements.com\/site\/#website"},"primaryImageOfPage":{"@id":"https:\/\/www.sp-equipements.com\/site\/produit\/lutrin-pupitre-rehausse-2\/#primaryimage"},"image":{"@id":"https:\/\/www.sp-equipements.com\/site\/produit\/lutrin-pupitre-rehausse-2\/#primaryimage"},"thumbnailUrl":"https:\/\/www.sp-equipements.com\/site\/wp-content\/uploads\/2019\/06\/pupitre_lutrin-1.jpg","datePublished":"2019-06-07T08:20:14+00:00","dateModified":"2019-06-19T13:32:28+00:00","breadcrumb":{"@id":"https:\/\/www.sp-equipements.com\/site\/produit\/lutrin-pupitre-rehausse-2\/#breadcrumb"},"inLanguage":"fr-FR","potentialAction":[{"@type":"ReadAction","target":["https:\/\/www.sp-equipements.com\/site\/produit\/lutrin-pupitre-rehausse-2\/"]}]},{"@type":"ImageObject","inLanguage":"fr-FR","@id":"https:\/\/www.sp-equipements.com\/site\/produit\/lutrin-pupitre-rehausse-2\/#primaryimage","url":"https:\/\/www.sp-equipements.com\/site\/wp-content\/uploads\/2019\/06\/pupitre_lutrin-1.jpg","contentUrl":"https:\/\/www.sp-equipements.com\/site\/wp-content\/uploads\/2019\/06\/pupitre_lutrin-1.jpg","width":190,"height":190,"caption":"pupitre lutrin 1"},{"@type":"BreadcrumbList","@id":"https:\/\/www.sp-equipements.com\/site\/produit\/lutrin-pupitre-rehausse-2\/#breadcrumb","itemListElement":[{"@type":"ListItem","position":1,"name":"Accueil","item":"https:\/\/www.sp-equipements.com\/site\/"},{"@type":"ListItem","position":2,"name":"Catalogue","item":"https:\/\/www.sp-equipements.com\/site\/catalogue\/"},{"@type":"ListItem","position":3,"name":"Lutrin Pupitre R\u00e9hauss\u00e9"}]},{"@type":"WebSite","@id":"https:\/\/www.sp-equipements.com\/site\/#website","url":"https:\/\/www.sp-equipements.com\/site\/","name":"SP \u00c9quipements","description":"\u00c9quipements de collectivit\u00e9s","potentialAction":[{"@type":"SearchAction","target":{"@type":"EntryPoint","urlTemplate":"https:\/\/www.sp-equipements.com\/site\/?s={search_term_string}"},"query-input":"required name=search_term_string"}],"inLanguage":"fr-FR"}]}},"_links":{"self":[{"href":"https:\/\/www.sp-equipements.com\/site\/wp-json\/wp\/v2\/product\/21940"}],"collection":[{"href":"https:\/\/www.sp-equipements.com\/site\/wp-json\/wp\/v2\/product"}],"about":[{"href":"https:\/\/www.sp-equipements.com\/site\/wp-json\/wp\/v2\/types\/product"}],"replies":[{"embeddable":true,"href":"https:\/\/www.sp-equipements.com\/site\/wp-json\/wp\/v2\/comments?post=21940"}],"wp:featuredmedia":[{"embeddable":true,"href":"https:\/\/www.sp-equipements.com\/site\/wp-json\/wp\/v2\/media\/37835"}],"wp:attachment":[{"href":"https:\/\/www.sp-equipements.com\/site\/wp-json\/wp\/v2\/media?parent=21940"}],"wp:term":[{"taxonomy":"product_cat","embeddable":true,"href":"https:\/\/www.sp-equipements.com\/site\/wp-json\/wp\/v2\/product_cat?post=21940"},{"taxonomy":"product_tag","embeddable":true,"href":"https:\/\/www.sp-equipements.com\/site\/wp-json\/wp\/v2\/product_tag?post=21940"}],"curies":[{"name":"wp","href":"https:\/\/api.w.org\/{rel}","templated":true}]}}