{"id":21942,"date":"2019-06-07T10:20:15","date_gmt":"2019-06-07T08:20:15","guid":{"rendered":"http:\/\/www.polyequipements.com\/produit\/flight-case-pour-pupitres-opale-prestige-design-president\/"},"modified":"2019-06-19T15:32:29","modified_gmt":"2019-06-19T13:32:29","slug":"flight-case-pour-pupitres-opale-prestige-design-president","status":"publish","type":"product","link":"https:\/\/www.sp-equipements.com\/site\/produit\/flight-case-pour-pupitres-opale-prestige-design-president\/","title":{"rendered":"Flight-case pour Pupitres Opale, Prestige, Design, Pr\u00e9sident"},"content":{"rendered":"","protected":false},"excerpt":{"rendered":"<p><i>Malle de transport pour pupitre.<br \/>  Vous permet de prot\u00e9ger vos pupitres lors de vos d\u00e9placements.<\/i><\/p>\n<p>    <b>Caract\u00e9ristiques des malles de transport<\/b><br \/>  Capitonnage en mousse haute densit\u00e9.<br \/>  Poign\u00e9es escamotables et cadenassables.<br \/>  Tous les angles et les coins renforc\u00e9s.<br \/>  Roulettes diam\u00e8tre 100 mm dont 2 avec freins.<br \/>  130x83x80 cm.<\/p>\n<p>  Pour les pupitres Prestige  et Design ainsi que Opalin (PUO) et Pr\u00e9sident (PKO).<\/p>\n","protected":false},"featured_media":37837,"comment_status":"open","ping_status":"closed","template":"","meta":[],"product_cat":[205,106],"product_tag":[],"yoast_head":"<!-- This site is optimized with the Yoast SEO plugin v22.2 - https:\/\/yoast.com\/wordpress\/plugins\/seo\/ -->\n<title>Flight-case pour Pupitres Opale, Prestige, Design, Pr\u00e9sident - SP \u00c9quipements<\/title>\n<meta name=\"robots\" content=\"index, follow, max-snippet:-1, max-image-preview:large, max-video-preview:-1\" \/>\n<link rel=\"canonical\" href=\"https:\/\/www.sp-equipements.com\/site\/produit\/flight-case-pour-pupitres-opale-prestige-design-president\/\" \/>\n<meta property=\"og:locale\" content=\"fr_FR\" \/>\n<meta property=\"og:type\" content=\"article\" \/>\n<meta property=\"og:title\" content=\"Flight-case pour Pupitres Opale, Prestige, Design, Pr\u00e9sident - SP \u00c9quipements\" \/>\n<meta property=\"og:description\" content=\"Malle de transport pour pupitre. Vous permet de prot\u00e9ger vos pupitres lors de vos d\u00e9placements.  Caract\u00e9ristiques des malles de transport Capitonnage en mousse haute densit\u00e9. Poign\u00e9es escamotables et cadenassables. Tous les angles et les coins renforc\u00e9s. Roulettes diam\u00e8tre 100 mm dont 2 avec freins. 130x83x80 cm.  Pour les pupitres Prestige et Design ainsi que Opalin (PUO) et Pr\u00e9sident (PKO).\" \/>\n<meta property=\"og:url\" content=\"https:\/\/www.sp-equipements.com\/site\/produit\/flight-case-pour-pupitres-opale-prestige-design-president\/\" \/>\n<meta property=\"og:site_name\" content=\"SP \u00c9quipements\" \/>\n<meta property=\"article:modified_time\" content=\"2019-06-19T13:32:29+00:00\" \/>\n<meta property=\"og:image\" content=\"https:\/\/www.sp-equipements.com\/site\/wp-content\/uploads\/2019\/06\/fly_pupitre_pug-1.jpg\" \/>\n\t<meta property=\"og:image:width\" content=\"190\" \/>\n\t<meta property=\"og:image:height\" content=\"190\" \/>\n\t<meta property=\"og:image:type\" content=\"image\/jpeg\" \/>\n<meta name=\"twitter:card\" content=\"summary_large_image\" \/>\n<script type=\"application\/ld+json\" class=\"yoast-schema-graph\">{\"@context\":\"https:\/\/schema.org\",\"@graph\":[{\"@type\":\"WebPage\",\"@id\":\"https:\/\/www.sp-equipements.com\/site\/produit\/flight-case-pour-pupitres-opale-prestige-design-president\/\",\"url\":\"https:\/\/www.sp-equipements.com\/site\/produit\/flight-case-pour-pupitres-opale-prestige-design-president\/\",\"name\":\"Flight-case pour Pupitres Opale, Prestige, Design, Pr\u00e9sident - SP \u00c9quipements\",\"isPartOf\":{\"@id\":\"https:\/\/www.sp-equipements.com\/site\/#website\"},\"primaryImageOfPage\":{\"@id\":\"https:\/\/www.sp-equipements.com\/site\/produit\/flight-case-pour-pupitres-opale-prestige-design-president\/#primaryimage\"},\"image\":{\"@id\":\"https:\/\/www.sp-equipements.com\/site\/produit\/flight-case-pour-pupitres-opale-prestige-design-president\/#primaryimage\"},\"thumbnailUrl\":\"https:\/\/www.sp-equipements.com\/site\/wp-content\/uploads\/2019\/06\/fly_pupitre_pug-1.jpg\",\"datePublished\":\"2019-06-07T08:20:15+00:00\",\"dateModified\":\"2019-06-19T13:32:29+00:00\",\"breadcrumb\":{\"@id\":\"https:\/\/www.sp-equipements.com\/site\/produit\/flight-case-pour-pupitres-opale-prestige-design-president\/#breadcrumb\"},\"inLanguage\":\"fr-FR\",\"potentialAction\":[{\"@type\":\"ReadAction\",\"target\":[\"https:\/\/www.sp-equipements.com\/site\/produit\/flight-case-pour-pupitres-opale-prestige-design-president\/\"]}]},{\"@type\":\"ImageObject\",\"inLanguage\":\"fr-FR\",\"@id\":\"https:\/\/www.sp-equipements.com\/site\/produit\/flight-case-pour-pupitres-opale-prestige-design-president\/#primaryimage\",\"url\":\"https:\/\/www.sp-equipements.com\/site\/wp-content\/uploads\/2019\/06\/fly_pupitre_pug-1.jpg\",\"contentUrl\":\"https:\/\/www.sp-equipements.com\/site\/wp-content\/uploads\/2019\/06\/fly_pupitre_pug-1.jpg\",\"width\":190,\"height\":190,\"caption\":\"fly pupitre pug 1\"},{\"@type\":\"BreadcrumbList\",\"@id\":\"https:\/\/www.sp-equipements.com\/site\/produit\/flight-case-pour-pupitres-opale-prestige-design-president\/#breadcrumb\",\"itemListElement\":[{\"@type\":\"ListItem\",\"position\":1,\"name\":\"Accueil\",\"item\":\"https:\/\/www.sp-equipements.com\/site\/\"},{\"@type\":\"ListItem\",\"position\":2,\"name\":\"Catalogue\",\"item\":\"https:\/\/www.sp-equipements.com\/site\/catalogue\/\"},{\"@type\":\"ListItem\",\"position\":3,\"name\":\"Flight-case pour Pupitres Opale, Prestige, Design, Pr\u00e9sident\"}]},{\"@type\":\"WebSite\",\"@id\":\"https:\/\/www.sp-equipements.com\/site\/#website\",\"url\":\"https:\/\/www.sp-equipements.com\/site\/\",\"name\":\"SP \u00c9quipements\",\"description\":\"\u00c9quipements de collectivit\u00e9s\",\"potentialAction\":[{\"@type\":\"SearchAction\",\"target\":{\"@type\":\"EntryPoint\",\"urlTemplate\":\"https:\/\/www.sp-equipements.com\/site\/?s={search_term_string}\"},\"query-input\":\"required name=search_term_string\"}],\"inLanguage\":\"fr-FR\"}]}<\/script>\n<!-- \/ Yoast SEO plugin. -->","yoast_head_json":{"title":"Flight-case pour Pupitres Opale, Prestige, Design, Pr\u00e9sident - SP \u00c9quipements","robots":{"index":"index","follow":"follow","max-snippet":"max-snippet:-1","max-image-preview":"max-image-preview:large","max-video-preview":"max-video-preview:-1"},"canonical":"https:\/\/www.sp-equipements.com\/site\/produit\/flight-case-pour-pupitres-opale-prestige-design-president\/","og_locale":"fr_FR","og_type":"article","og_title":"Flight-case pour Pupitres Opale, Prestige, Design, Pr\u00e9sident - SP \u00c9quipements","og_description":"Malle de transport pour pupitre. Vous permet de prot\u00e9ger vos pupitres lors de vos d\u00e9placements.  Caract\u00e9ristiques des malles de transport Capitonnage en mousse haute densit\u00e9. Poign\u00e9es escamotables et cadenassables. Tous les angles et les coins renforc\u00e9s. Roulettes diam\u00e8tre 100 mm dont 2 avec freins. 130x83x80 cm.  Pour les pupitres Prestige et Design ainsi que Opalin (PUO) et Pr\u00e9sident (PKO).","og_url":"https:\/\/www.sp-equipements.com\/site\/produit\/flight-case-pour-pupitres-opale-prestige-design-president\/","og_site_name":"SP \u00c9quipements","article_modified_time":"2019-06-19T13:32:29+00:00","og_image":[{"width":190,"height":190,"url":"https:\/\/www.sp-equipements.com\/site\/wp-content\/uploads\/2019\/06\/fly_pupitre_pug-1.jpg","type":"image\/jpeg"}],"twitter_card":"summary_large_image","schema":{"@context":"https:\/\/schema.org","@graph":[{"@type":"WebPage","@id":"https:\/\/www.sp-equipements.com\/site\/produit\/flight-case-pour-pupitres-opale-prestige-design-president\/","url":"https:\/\/www.sp-equipements.com\/site\/produit\/flight-case-pour-pupitres-opale-prestige-design-president\/","name":"Flight-case pour Pupitres Opale, Prestige, Design, Pr\u00e9sident - SP \u00c9quipements","isPartOf":{"@id":"https:\/\/www.sp-equipements.com\/site\/#website"},"primaryImageOfPage":{"@id":"https:\/\/www.sp-equipements.com\/site\/produit\/flight-case-pour-pupitres-opale-prestige-design-president\/#primaryimage"},"image":{"@id":"https:\/\/www.sp-equipements.com\/site\/produit\/flight-case-pour-pupitres-opale-prestige-design-president\/#primaryimage"},"thumbnailUrl":"https:\/\/www.sp-equipements.com\/site\/wp-content\/uploads\/2019\/06\/fly_pupitre_pug-1.jpg","datePublished":"2019-06-07T08:20:15+00:00","dateModified":"2019-06-19T13:32:29+00:00","breadcrumb":{"@id":"https:\/\/www.sp-equipements.com\/site\/produit\/flight-case-pour-pupitres-opale-prestige-design-president\/#breadcrumb"},"inLanguage":"fr-FR","potentialAction":[{"@type":"ReadAction","target":["https:\/\/www.sp-equipements.com\/site\/produit\/flight-case-pour-pupitres-opale-prestige-design-president\/"]}]},{"@type":"ImageObject","inLanguage":"fr-FR","@id":"https:\/\/www.sp-equipements.com\/site\/produit\/flight-case-pour-pupitres-opale-prestige-design-president\/#primaryimage","url":"https:\/\/www.sp-equipements.com\/site\/wp-content\/uploads\/2019\/06\/fly_pupitre_pug-1.jpg","contentUrl":"https:\/\/www.sp-equipements.com\/site\/wp-content\/uploads\/2019\/06\/fly_pupitre_pug-1.jpg","width":190,"height":190,"caption":"fly pupitre pug 1"},{"@type":"BreadcrumbList","@id":"https:\/\/www.sp-equipements.com\/site\/produit\/flight-case-pour-pupitres-opale-prestige-design-president\/#breadcrumb","itemListElement":[{"@type":"ListItem","position":1,"name":"Accueil","item":"https:\/\/www.sp-equipements.com\/site\/"},{"@type":"ListItem","position":2,"name":"Catalogue","item":"https:\/\/www.sp-equipements.com\/site\/catalogue\/"},{"@type":"ListItem","position":3,"name":"Flight-case pour Pupitres Opale, Prestige, Design, Pr\u00e9sident"}]},{"@type":"WebSite","@id":"https:\/\/www.sp-equipements.com\/site\/#website","url":"https:\/\/www.sp-equipements.com\/site\/","name":"SP \u00c9quipements","description":"\u00c9quipements de collectivit\u00e9s","potentialAction":[{"@type":"SearchAction","target":{"@type":"EntryPoint","urlTemplate":"https:\/\/www.sp-equipements.com\/site\/?s={search_term_string}"},"query-input":"required name=search_term_string"}],"inLanguage":"fr-FR"}]}},"_links":{"self":[{"href":"https:\/\/www.sp-equipements.com\/site\/wp-json\/wp\/v2\/product\/21942"}],"collection":[{"href":"https:\/\/www.sp-equipements.com\/site\/wp-json\/wp\/v2\/product"}],"about":[{"href":"https:\/\/www.sp-equipements.com\/site\/wp-json\/wp\/v2\/types\/product"}],"replies":[{"embeddable":true,"href":"https:\/\/www.sp-equipements.com\/site\/wp-json\/wp\/v2\/comments?post=21942"}],"wp:featuredmedia":[{"embeddable":true,"href":"https:\/\/www.sp-equipements.com\/site\/wp-json\/wp\/v2\/media\/37837"}],"wp:attachment":[{"href":"https:\/\/www.sp-equipements.com\/site\/wp-json\/wp\/v2\/media?parent=21942"}],"wp:term":[{"taxonomy":"product_cat","embeddable":true,"href":"https:\/\/www.sp-equipements.com\/site\/wp-json\/wp\/v2\/product_cat?post=21942"},{"taxonomy":"product_tag","embeddable":true,"href":"https:\/\/www.sp-equipements.com\/site\/wp-json\/wp\/v2\/product_tag?post=21942"}],"curies":[{"name":"wp","href":"https:\/\/api.w.org\/{rel}","templated":true}]}}