{"id":21947,"date":"2019-06-07T10:20:19","date_gmt":"2019-06-07T08:20:19","guid":{"rendered":"http:\/\/www.polyequipements.com\/produit\/porte-affiche-sur-pieds\/"},"modified":"2019-06-19T15:32:31","modified_gmt":"2019-06-19T13:32:31","slug":"porte-affiche-sur-pieds","status":"publish","type":"product","link":"https:\/\/www.sp-equipements.com\/site\/produit\/porte-affiche-sur-pieds\/","title":{"rendered":"Porte Affiche sur Pieds"},"content":{"rendered":"","protected":false},"excerpt":{"rendered":"<p><i>Ce pr\u00e9sentoir permet de pr\u00e9senter une affiche 60\/80 cm pour l&rsquo;accroche et accueillir des documents de tout format en libre service.<\/i><\/p>\n<p><b>Caract\u00e9ristiques des porte affiches sur pieds<\/b><br \/>\u2022 Deux tablettes de 65&#215;30 cm. L&rsquo;affiche est prot\u00e9g\u00e9e \u00e0 100% et visible recto verso.<br \/>Changement tr\u00e8s ais\u00e9 sans outillage ni adh\u00e9sif.<br \/>\u2022 4 bo\u00eetes amovibles pour brochure en 10\/21 se fixent sur les montants et augmentent aini la capacit\u00e9 du pr\u00e9sentoir.<\/p>\n<p>Hauteur : 1 m 80<br \/>Largeur : 0 m 68<br \/>Montage tr\u00e8s simple : 8 vis.<\/p>\n","protected":false},"featured_media":37842,"comment_status":"open","ping_status":"closed","template":"","meta":[],"product_cat":[206,106],"product_tag":[],"yoast_head":"<!-- This site is optimized with the Yoast SEO plugin v22.2 - https:\/\/yoast.com\/wordpress\/plugins\/seo\/ -->\n<title>Porte Affiche sur Pieds - SP \u00c9quipements<\/title>\n<meta name=\"robots\" content=\"index, follow, max-snippet:-1, max-image-preview:large, max-video-preview:-1\" \/>\n<link rel=\"canonical\" href=\"https:\/\/www.sp-equipements.com\/site\/produit\/porte-affiche-sur-pieds\/\" \/>\n<meta property=\"og:locale\" content=\"fr_FR\" \/>\n<meta property=\"og:type\" content=\"article\" \/>\n<meta property=\"og:title\" content=\"Porte Affiche sur Pieds - SP \u00c9quipements\" \/>\n<meta property=\"og:description\" content=\"Ce pr\u00e9sentoir permet de pr\u00e9senter une affiche 60\/80 cm pour l&#039;accroche et accueillir des documents de tout format en libre service.Caract\u00e9ristiques des porte affiches sur pieds\u2022 Deux tablettes de 65x30 cm. L&#039;affiche est prot\u00e9g\u00e9e \u00e0 100% et visible recto verso.Changement tr\u00e8s ais\u00e9 sans outillage ni adh\u00e9sif.\u2022 4 bo\u00eetes amovibles pour brochure en 10\/21 se fixent sur les montants et augmentent aini la capacit\u00e9 du pr\u00e9sentoir.Hauteur : 1 m 80Largeur : 0 m 68Montage tr\u00e8s simple : 8 vis.\" \/>\n<meta property=\"og:url\" content=\"https:\/\/www.sp-equipements.com\/site\/produit\/porte-affiche-sur-pieds\/\" \/>\n<meta property=\"og:site_name\" content=\"SP \u00c9quipements\" \/>\n<meta property=\"article:modified_time\" content=\"2019-06-19T13:32:31+00:00\" \/>\n<meta property=\"og:image\" content=\"https:\/\/www.sp-equipements.com\/site\/wp-content\/uploads\/2019\/06\/porte_affiche_sur_pieds-1.jpg\" \/>\n\t<meta property=\"og:image:width\" content=\"190\" \/>\n\t<meta property=\"og:image:height\" content=\"190\" \/>\n\t<meta property=\"og:image:type\" content=\"image\/jpeg\" \/>\n<meta name=\"twitter:card\" content=\"summary_large_image\" \/>\n<script type=\"application\/ld+json\" class=\"yoast-schema-graph\">{\"@context\":\"https:\/\/schema.org\",\"@graph\":[{\"@type\":\"WebPage\",\"@id\":\"https:\/\/www.sp-equipements.com\/site\/produit\/porte-affiche-sur-pieds\/\",\"url\":\"https:\/\/www.sp-equipements.com\/site\/produit\/porte-affiche-sur-pieds\/\",\"name\":\"Porte Affiche sur Pieds - SP \u00c9quipements\",\"isPartOf\":{\"@id\":\"https:\/\/www.sp-equipements.com\/site\/#website\"},\"primaryImageOfPage\":{\"@id\":\"https:\/\/www.sp-equipements.com\/site\/produit\/porte-affiche-sur-pieds\/#primaryimage\"},\"image\":{\"@id\":\"https:\/\/www.sp-equipements.com\/site\/produit\/porte-affiche-sur-pieds\/#primaryimage\"},\"thumbnailUrl\":\"https:\/\/www.sp-equipements.com\/site\/wp-content\/uploads\/2019\/06\/porte_affiche_sur_pieds-1.jpg\",\"datePublished\":\"2019-06-07T08:20:19+00:00\",\"dateModified\":\"2019-06-19T13:32:31+00:00\",\"breadcrumb\":{\"@id\":\"https:\/\/www.sp-equipements.com\/site\/produit\/porte-affiche-sur-pieds\/#breadcrumb\"},\"inLanguage\":\"fr-FR\",\"potentialAction\":[{\"@type\":\"ReadAction\",\"target\":[\"https:\/\/www.sp-equipements.com\/site\/produit\/porte-affiche-sur-pieds\/\"]}]},{\"@type\":\"ImageObject\",\"inLanguage\":\"fr-FR\",\"@id\":\"https:\/\/www.sp-equipements.com\/site\/produit\/porte-affiche-sur-pieds\/#primaryimage\",\"url\":\"https:\/\/www.sp-equipements.com\/site\/wp-content\/uploads\/2019\/06\/porte_affiche_sur_pieds-1.jpg\",\"contentUrl\":\"https:\/\/www.sp-equipements.com\/site\/wp-content\/uploads\/2019\/06\/porte_affiche_sur_pieds-1.jpg\",\"width\":190,\"height\":190,\"caption\":\"porte affiche sur pieds 1\"},{\"@type\":\"BreadcrumbList\",\"@id\":\"https:\/\/www.sp-equipements.com\/site\/produit\/porte-affiche-sur-pieds\/#breadcrumb\",\"itemListElement\":[{\"@type\":\"ListItem\",\"position\":1,\"name\":\"Accueil\",\"item\":\"https:\/\/www.sp-equipements.com\/site\/\"},{\"@type\":\"ListItem\",\"position\":2,\"name\":\"Catalogue\",\"item\":\"https:\/\/www.sp-equipements.com\/site\/catalogue\/\"},{\"@type\":\"ListItem\",\"position\":3,\"name\":\"Porte Affiche sur Pieds\"}]},{\"@type\":\"WebSite\",\"@id\":\"https:\/\/www.sp-equipements.com\/site\/#website\",\"url\":\"https:\/\/www.sp-equipements.com\/site\/\",\"name\":\"SP \u00c9quipements\",\"description\":\"\u00c9quipements de collectivit\u00e9s\",\"potentialAction\":[{\"@type\":\"SearchAction\",\"target\":{\"@type\":\"EntryPoint\",\"urlTemplate\":\"https:\/\/www.sp-equipements.com\/site\/?s={search_term_string}\"},\"query-input\":\"required name=search_term_string\"}],\"inLanguage\":\"fr-FR\"}]}<\/script>\n<!-- \/ Yoast SEO plugin. -->","yoast_head_json":{"title":"Porte Affiche sur Pieds - SP \u00c9quipements","robots":{"index":"index","follow":"follow","max-snippet":"max-snippet:-1","max-image-preview":"max-image-preview:large","max-video-preview":"max-video-preview:-1"},"canonical":"https:\/\/www.sp-equipements.com\/site\/produit\/porte-affiche-sur-pieds\/","og_locale":"fr_FR","og_type":"article","og_title":"Porte Affiche sur Pieds - SP \u00c9quipements","og_description":"Ce pr\u00e9sentoir permet de pr\u00e9senter une affiche 60\/80 cm pour l'accroche et accueillir des documents de tout format en libre service.Caract\u00e9ristiques des porte affiches sur pieds\u2022 Deux tablettes de 65x30 cm. L'affiche est prot\u00e9g\u00e9e \u00e0 100% et visible recto verso.Changement tr\u00e8s ais\u00e9 sans outillage ni adh\u00e9sif.\u2022 4 bo\u00eetes amovibles pour brochure en 10\/21 se fixent sur les montants et augmentent aini la capacit\u00e9 du pr\u00e9sentoir.Hauteur : 1 m 80Largeur : 0 m 68Montage tr\u00e8s simple : 8 vis.","og_url":"https:\/\/www.sp-equipements.com\/site\/produit\/porte-affiche-sur-pieds\/","og_site_name":"SP \u00c9quipements","article_modified_time":"2019-06-19T13:32:31+00:00","og_image":[{"width":190,"height":190,"url":"https:\/\/www.sp-equipements.com\/site\/wp-content\/uploads\/2019\/06\/porte_affiche_sur_pieds-1.jpg","type":"image\/jpeg"}],"twitter_card":"summary_large_image","schema":{"@context":"https:\/\/schema.org","@graph":[{"@type":"WebPage","@id":"https:\/\/www.sp-equipements.com\/site\/produit\/porte-affiche-sur-pieds\/","url":"https:\/\/www.sp-equipements.com\/site\/produit\/porte-affiche-sur-pieds\/","name":"Porte Affiche sur Pieds - SP \u00c9quipements","isPartOf":{"@id":"https:\/\/www.sp-equipements.com\/site\/#website"},"primaryImageOfPage":{"@id":"https:\/\/www.sp-equipements.com\/site\/produit\/porte-affiche-sur-pieds\/#primaryimage"},"image":{"@id":"https:\/\/www.sp-equipements.com\/site\/produit\/porte-affiche-sur-pieds\/#primaryimage"},"thumbnailUrl":"https:\/\/www.sp-equipements.com\/site\/wp-content\/uploads\/2019\/06\/porte_affiche_sur_pieds-1.jpg","datePublished":"2019-06-07T08:20:19+00:00","dateModified":"2019-06-19T13:32:31+00:00","breadcrumb":{"@id":"https:\/\/www.sp-equipements.com\/site\/produit\/porte-affiche-sur-pieds\/#breadcrumb"},"inLanguage":"fr-FR","potentialAction":[{"@type":"ReadAction","target":["https:\/\/www.sp-equipements.com\/site\/produit\/porte-affiche-sur-pieds\/"]}]},{"@type":"ImageObject","inLanguage":"fr-FR","@id":"https:\/\/www.sp-equipements.com\/site\/produit\/porte-affiche-sur-pieds\/#primaryimage","url":"https:\/\/www.sp-equipements.com\/site\/wp-content\/uploads\/2019\/06\/porte_affiche_sur_pieds-1.jpg","contentUrl":"https:\/\/www.sp-equipements.com\/site\/wp-content\/uploads\/2019\/06\/porte_affiche_sur_pieds-1.jpg","width":190,"height":190,"caption":"porte affiche sur pieds 1"},{"@type":"BreadcrumbList","@id":"https:\/\/www.sp-equipements.com\/site\/produit\/porte-affiche-sur-pieds\/#breadcrumb","itemListElement":[{"@type":"ListItem","position":1,"name":"Accueil","item":"https:\/\/www.sp-equipements.com\/site\/"},{"@type":"ListItem","position":2,"name":"Catalogue","item":"https:\/\/www.sp-equipements.com\/site\/catalogue\/"},{"@type":"ListItem","position":3,"name":"Porte Affiche sur Pieds"}]},{"@type":"WebSite","@id":"https:\/\/www.sp-equipements.com\/site\/#website","url":"https:\/\/www.sp-equipements.com\/site\/","name":"SP \u00c9quipements","description":"\u00c9quipements de collectivit\u00e9s","potentialAction":[{"@type":"SearchAction","target":{"@type":"EntryPoint","urlTemplate":"https:\/\/www.sp-equipements.com\/site\/?s={search_term_string}"},"query-input":"required name=search_term_string"}],"inLanguage":"fr-FR"}]}},"_links":{"self":[{"href":"https:\/\/www.sp-equipements.com\/site\/wp-json\/wp\/v2\/product\/21947"}],"collection":[{"href":"https:\/\/www.sp-equipements.com\/site\/wp-json\/wp\/v2\/product"}],"about":[{"href":"https:\/\/www.sp-equipements.com\/site\/wp-json\/wp\/v2\/types\/product"}],"replies":[{"embeddable":true,"href":"https:\/\/www.sp-equipements.com\/site\/wp-json\/wp\/v2\/comments?post=21947"}],"wp:featuredmedia":[{"embeddable":true,"href":"https:\/\/www.sp-equipements.com\/site\/wp-json\/wp\/v2\/media\/37842"}],"wp:attachment":[{"href":"https:\/\/www.sp-equipements.com\/site\/wp-json\/wp\/v2\/media?parent=21947"}],"wp:term":[{"taxonomy":"product_cat","embeddable":true,"href":"https:\/\/www.sp-equipements.com\/site\/wp-json\/wp\/v2\/product_cat?post=21947"},{"taxonomy":"product_tag","embeddable":true,"href":"https:\/\/www.sp-equipements.com\/site\/wp-json\/wp\/v2\/product_tag?post=21947"}],"curies":[{"name":"wp","href":"https:\/\/api.w.org\/{rel}","templated":true}]}}