{"id":21948,"date":"2019-06-07T10:20:20","date_gmt":"2019-06-07T08:20:20","guid":{"rendered":"http:\/\/www.polyequipements.com\/produit\/presentoir-demontable-en-croix-56-cases\/"},"modified":"2019-06-19T15:32:31","modified_gmt":"2019-06-19T13:32:31","slug":"presentoir-demontable-en-croix-56-cases","status":"publish","type":"product","link":"https:\/\/www.sp-equipements.com\/site\/produit\/presentoir-demontable-en-croix-56-cases\/","title":{"rendered":"Pr\u00e9sentoir D\u00e9montable en Croix  <i>56 cases <\/i>"},"content":{"rendered":"","protected":false},"excerpt":{"rendered":"<div id=\"box-article-description\">\n<div id=\"display-article-description\">\n<p><i>Ce pr\u00e9sentoir permet de pr\u00e9senter un maximum de documentations en un minimum d\u2019espace.<\/i><\/p>\n<p><b>Caract\u00e9ristiques des pr\u00e9sentoirs d\u00e9montables<\/b><br \/>\n\u2022 Pr\u00e9sentoir en croix d\u00e9montable et remontable par simple embo\u00eetement.<br \/>\n\u2022 40 cases pour des brochures format 10\/21<br \/>\n\u2022 8 cases pour des brochures format A5 (15\/21)<br \/>\n\u2022 8 cases pour des brochures A4 (21\/29.7)<br \/>\nChaque brochure est pr\u00e9sent\u00e9e \u00e0 la verticale<br \/>\nChaque case a une capacit\u00e9 de 4 cm soit l\u2019\u00e9quivalent de 2m24 de documentation !<br \/>\nHauteur : 150 cm \u2013 largeur 65 cm \u2013 Poids 38 kg.<\/p>\n<p>La partie sup\u00e9rieure est pr\u00e9vue pour la pose d\u2019un adh\u00e9sif.<\/p>\n<\/div>\n<\/div>\n","protected":false},"featured_media":37843,"comment_status":"open","ping_status":"closed","template":"","meta":[],"product_cat":[206,106],"product_tag":[],"yoast_head":"<!-- This site is optimized with the Yoast SEO plugin v22.2 - https:\/\/yoast.com\/wordpress\/plugins\/seo\/ -->\n<title>Pr\u00e9sentoir D\u00e9montable en Croix 56 cases  - SP \u00c9quipements<\/title>\n<meta name=\"robots\" content=\"index, follow, max-snippet:-1, max-image-preview:large, max-video-preview:-1\" \/>\n<link rel=\"canonical\" href=\"https:\/\/www.sp-equipements.com\/site\/produit\/presentoir-demontable-en-croix-56-cases\/\" \/>\n<meta property=\"og:locale\" content=\"fr_FR\" \/>\n<meta property=\"og:type\" content=\"article\" \/>\n<meta property=\"og:title\" content=\"Pr\u00e9sentoir D\u00e9montable en Croix 56 cases  - SP \u00c9quipements\" \/>\n<meta property=\"og:description\" content=\"Ce pr\u00e9sentoir permet de pr\u00e9senter un maximum de documentations en un minimum d\u2019espace.  Caract\u00e9ristiques des pr\u00e9sentoirs d\u00e9montables \u2022 Pr\u00e9sentoir en croix d\u00e9montable et remontable par simple embo\u00eetement. \u2022 40 cases pour des brochures format 10\/21 \u2022 8 cases pour des brochures format A5 (15\/21) \u2022 8 cases pour des brochures A4 (21\/29.7) Chaque brochure est pr\u00e9sent\u00e9e \u00e0 la verticale Chaque case a une capacit\u00e9 de 4 cm soit l\u2019\u00e9quivalent de 2m24 de documentation ! Hauteur : 150 cm \u2013 largeur 65 cm \u2013 Poids 38 kg.  La partie sup\u00e9rieure est pr\u00e9vue pour la pose d\u2019un adh\u00e9sif.\" \/>\n<meta property=\"og:url\" content=\"https:\/\/www.sp-equipements.com\/site\/produit\/presentoir-demontable-en-croix-56-cases\/\" \/>\n<meta property=\"og:site_name\" content=\"SP \u00c9quipements\" \/>\n<meta property=\"article:modified_time\" content=\"2019-06-19T13:32:31+00:00\" \/>\n<meta property=\"og:image\" content=\"https:\/\/www.sp-equipements.com\/site\/wp-content\/uploads\/2019\/06\/presentoir_demontable-1.jpg\" \/>\n\t<meta property=\"og:image:width\" content=\"190\" \/>\n\t<meta property=\"og:image:height\" content=\"190\" \/>\n\t<meta property=\"og:image:type\" content=\"image\/jpeg\" \/>\n<meta name=\"twitter:card\" content=\"summary_large_image\" \/>\n<script type=\"application\/ld+json\" class=\"yoast-schema-graph\">{\"@context\":\"https:\/\/schema.org\",\"@graph\":[{\"@type\":\"WebPage\",\"@id\":\"https:\/\/www.sp-equipements.com\/site\/produit\/presentoir-demontable-en-croix-56-cases\/\",\"url\":\"https:\/\/www.sp-equipements.com\/site\/produit\/presentoir-demontable-en-croix-56-cases\/\",\"name\":\"Pr\u00e9sentoir D\u00e9montable en Croix 56 cases - SP \u00c9quipements\",\"isPartOf\":{\"@id\":\"https:\/\/www.sp-equipements.com\/site\/#website\"},\"primaryImageOfPage\":{\"@id\":\"https:\/\/www.sp-equipements.com\/site\/produit\/presentoir-demontable-en-croix-56-cases\/#primaryimage\"},\"image\":{\"@id\":\"https:\/\/www.sp-equipements.com\/site\/produit\/presentoir-demontable-en-croix-56-cases\/#primaryimage\"},\"thumbnailUrl\":\"https:\/\/www.sp-equipements.com\/site\/wp-content\/uploads\/2019\/06\/presentoir_demontable-1.jpg\",\"datePublished\":\"2019-06-07T08:20:20+00:00\",\"dateModified\":\"2019-06-19T13:32:31+00:00\",\"breadcrumb\":{\"@id\":\"https:\/\/www.sp-equipements.com\/site\/produit\/presentoir-demontable-en-croix-56-cases\/#breadcrumb\"},\"inLanguage\":\"fr-FR\",\"potentialAction\":[{\"@type\":\"ReadAction\",\"target\":[\"https:\/\/www.sp-equipements.com\/site\/produit\/presentoir-demontable-en-croix-56-cases\/\"]}]},{\"@type\":\"ImageObject\",\"inLanguage\":\"fr-FR\",\"@id\":\"https:\/\/www.sp-equipements.com\/site\/produit\/presentoir-demontable-en-croix-56-cases\/#primaryimage\",\"url\":\"https:\/\/www.sp-equipements.com\/site\/wp-content\/uploads\/2019\/06\/presentoir_demontable-1.jpg\",\"contentUrl\":\"https:\/\/www.sp-equipements.com\/site\/wp-content\/uploads\/2019\/06\/presentoir_demontable-1.jpg\",\"width\":190,\"height\":190,\"caption\":\"presentoir demontable 1\"},{\"@type\":\"BreadcrumbList\",\"@id\":\"https:\/\/www.sp-equipements.com\/site\/produit\/presentoir-demontable-en-croix-56-cases\/#breadcrumb\",\"itemListElement\":[{\"@type\":\"ListItem\",\"position\":1,\"name\":\"Accueil\",\"item\":\"https:\/\/www.sp-equipements.com\/site\/\"},{\"@type\":\"ListItem\",\"position\":2,\"name\":\"Catalogue\",\"item\":\"https:\/\/www.sp-equipements.com\/site\/catalogue\/\"},{\"@type\":\"ListItem\",\"position\":3,\"name\":\"Pr\u00e9sentoir D\u00e9montable en Croix 56 cases\"}]},{\"@type\":\"WebSite\",\"@id\":\"https:\/\/www.sp-equipements.com\/site\/#website\",\"url\":\"https:\/\/www.sp-equipements.com\/site\/\",\"name\":\"SP \u00c9quipements\",\"description\":\"\u00c9quipements de collectivit\u00e9s\",\"potentialAction\":[{\"@type\":\"SearchAction\",\"target\":{\"@type\":\"EntryPoint\",\"urlTemplate\":\"https:\/\/www.sp-equipements.com\/site\/?s={search_term_string}\"},\"query-input\":\"required name=search_term_string\"}],\"inLanguage\":\"fr-FR\"}]}<\/script>\n<!-- \/ Yoast SEO plugin. -->","yoast_head_json":{"title":"Pr\u00e9sentoir D\u00e9montable en Croix 56 cases  - SP \u00c9quipements","robots":{"index":"index","follow":"follow","max-snippet":"max-snippet:-1","max-image-preview":"max-image-preview:large","max-video-preview":"max-video-preview:-1"},"canonical":"https:\/\/www.sp-equipements.com\/site\/produit\/presentoir-demontable-en-croix-56-cases\/","og_locale":"fr_FR","og_type":"article","og_title":"Pr\u00e9sentoir D\u00e9montable en Croix 56 cases  - SP \u00c9quipements","og_description":"Ce pr\u00e9sentoir permet de pr\u00e9senter un maximum de documentations en un minimum d\u2019espace.  Caract\u00e9ristiques des pr\u00e9sentoirs d\u00e9montables \u2022 Pr\u00e9sentoir en croix d\u00e9montable et remontable par simple embo\u00eetement. \u2022 40 cases pour des brochures format 10\/21 \u2022 8 cases pour des brochures format A5 (15\/21) \u2022 8 cases pour des brochures A4 (21\/29.7) Chaque brochure est pr\u00e9sent\u00e9e \u00e0 la verticale Chaque case a une capacit\u00e9 de 4 cm soit l\u2019\u00e9quivalent de 2m24 de documentation ! Hauteur : 150 cm \u2013 largeur 65 cm \u2013 Poids 38 kg.  La partie sup\u00e9rieure est pr\u00e9vue pour la pose d\u2019un adh\u00e9sif.","og_url":"https:\/\/www.sp-equipements.com\/site\/produit\/presentoir-demontable-en-croix-56-cases\/","og_site_name":"SP \u00c9quipements","article_modified_time":"2019-06-19T13:32:31+00:00","og_image":[{"width":190,"height":190,"url":"https:\/\/www.sp-equipements.com\/site\/wp-content\/uploads\/2019\/06\/presentoir_demontable-1.jpg","type":"image\/jpeg"}],"twitter_card":"summary_large_image","schema":{"@context":"https:\/\/schema.org","@graph":[{"@type":"WebPage","@id":"https:\/\/www.sp-equipements.com\/site\/produit\/presentoir-demontable-en-croix-56-cases\/","url":"https:\/\/www.sp-equipements.com\/site\/produit\/presentoir-demontable-en-croix-56-cases\/","name":"Pr\u00e9sentoir D\u00e9montable en Croix 56 cases - SP \u00c9quipements","isPartOf":{"@id":"https:\/\/www.sp-equipements.com\/site\/#website"},"primaryImageOfPage":{"@id":"https:\/\/www.sp-equipements.com\/site\/produit\/presentoir-demontable-en-croix-56-cases\/#primaryimage"},"image":{"@id":"https:\/\/www.sp-equipements.com\/site\/produit\/presentoir-demontable-en-croix-56-cases\/#primaryimage"},"thumbnailUrl":"https:\/\/www.sp-equipements.com\/site\/wp-content\/uploads\/2019\/06\/presentoir_demontable-1.jpg","datePublished":"2019-06-07T08:20:20+00:00","dateModified":"2019-06-19T13:32:31+00:00","breadcrumb":{"@id":"https:\/\/www.sp-equipements.com\/site\/produit\/presentoir-demontable-en-croix-56-cases\/#breadcrumb"},"inLanguage":"fr-FR","potentialAction":[{"@type":"ReadAction","target":["https:\/\/www.sp-equipements.com\/site\/produit\/presentoir-demontable-en-croix-56-cases\/"]}]},{"@type":"ImageObject","inLanguage":"fr-FR","@id":"https:\/\/www.sp-equipements.com\/site\/produit\/presentoir-demontable-en-croix-56-cases\/#primaryimage","url":"https:\/\/www.sp-equipements.com\/site\/wp-content\/uploads\/2019\/06\/presentoir_demontable-1.jpg","contentUrl":"https:\/\/www.sp-equipements.com\/site\/wp-content\/uploads\/2019\/06\/presentoir_demontable-1.jpg","width":190,"height":190,"caption":"presentoir demontable 1"},{"@type":"BreadcrumbList","@id":"https:\/\/www.sp-equipements.com\/site\/produit\/presentoir-demontable-en-croix-56-cases\/#breadcrumb","itemListElement":[{"@type":"ListItem","position":1,"name":"Accueil","item":"https:\/\/www.sp-equipements.com\/site\/"},{"@type":"ListItem","position":2,"name":"Catalogue","item":"https:\/\/www.sp-equipements.com\/site\/catalogue\/"},{"@type":"ListItem","position":3,"name":"Pr\u00e9sentoir D\u00e9montable en Croix 56 cases"}]},{"@type":"WebSite","@id":"https:\/\/www.sp-equipements.com\/site\/#website","url":"https:\/\/www.sp-equipements.com\/site\/","name":"SP \u00c9quipements","description":"\u00c9quipements de collectivit\u00e9s","potentialAction":[{"@type":"SearchAction","target":{"@type":"EntryPoint","urlTemplate":"https:\/\/www.sp-equipements.com\/site\/?s={search_term_string}"},"query-input":"required name=search_term_string"}],"inLanguage":"fr-FR"}]}},"_links":{"self":[{"href":"https:\/\/www.sp-equipements.com\/site\/wp-json\/wp\/v2\/product\/21948"}],"collection":[{"href":"https:\/\/www.sp-equipements.com\/site\/wp-json\/wp\/v2\/product"}],"about":[{"href":"https:\/\/www.sp-equipements.com\/site\/wp-json\/wp\/v2\/types\/product"}],"replies":[{"embeddable":true,"href":"https:\/\/www.sp-equipements.com\/site\/wp-json\/wp\/v2\/comments?post=21948"}],"wp:featuredmedia":[{"embeddable":true,"href":"https:\/\/www.sp-equipements.com\/site\/wp-json\/wp\/v2\/media\/37843"}],"wp:attachment":[{"href":"https:\/\/www.sp-equipements.com\/site\/wp-json\/wp\/v2\/media?parent=21948"}],"wp:term":[{"taxonomy":"product_cat","embeddable":true,"href":"https:\/\/www.sp-equipements.com\/site\/wp-json\/wp\/v2\/product_cat?post=21948"},{"taxonomy":"product_tag","embeddable":true,"href":"https:\/\/www.sp-equipements.com\/site\/wp-json\/wp\/v2\/product_tag?post=21948"}],"curies":[{"name":"wp","href":"https:\/\/api.w.org\/{rel}","templated":true}]}}