{"id":21949,"date":"2019-06-07T10:20:20","date_gmt":"2019-06-07T08:20:20","guid":{"rendered":"http:\/\/www.polyequipements.com\/produit\/presentoir-tres-grande-capacite-sur-roulettes\/"},"modified":"2019-06-19T15:32:31","modified_gmt":"2019-06-19T13:32:31","slug":"presentoir-tres-grande-capacite-sur-roulettes","status":"publish","type":"product","link":"https:\/\/www.sp-equipements.com\/site\/produit\/presentoir-tres-grande-capacite-sur-roulettes\/","title":{"rendered":"Pr\u00e9sentoir Tr\u00e8s Grande Capacit\u00e9 sur Roulettes"},"content":{"rendered":"","protected":false},"excerpt":{"rendered":"<p><i>Ce pr\u00e9sentoir sur roulettes permet de stocker un gros volume de documentations.<\/i><\/p>\n<p><b>Caract\u00e9ristiques des pr\u00e9sentoirs sur roulettes<\/b><br \/>\n\u2022 Dimensions: 65 x 65 cm &#8211; Hauteur 156 cm<br \/>\nVous choisissez l&rsquo;\u00e9quipement de chaque face qui peut \u00eatre le suivant :<br \/>\n-A4 : 6 cases A4 (21\/29.7) ou<br \/>\n-A5 : 12 cases A5 (15\/21) ou<br \/>\n-1\/3 A4 (10\/21):16 cases ou<br \/>\n-Mixte : un m\u00e9lange avec 2 cases A4 + 6 cases A5 + 4 cases 1\/3 de A4.<br \/>\nCapacit\u00e9 4 cm par cases.<\/p>\n<p>Option panneau sup\u00e9rieur pour apposer un adh\u00e9sif de 59 x 30 cm. La hauteur totale passe alors \u00e0 191 cm.<\/p>\n","protected":false},"featured_media":37844,"comment_status":"open","ping_status":"closed","template":"","meta":[],"product_cat":[206,106],"product_tag":[],"yoast_head":"<!-- This site is optimized with the Yoast SEO plugin v22.2 - https:\/\/yoast.com\/wordpress\/plugins\/seo\/ -->\n<title>Pr\u00e9sentoir Tr\u00e8s Grande Capacit\u00e9 sur Roulettes - SP \u00c9quipements<\/title>\n<meta name=\"robots\" content=\"index, follow, max-snippet:-1, max-image-preview:large, max-video-preview:-1\" \/>\n<link rel=\"canonical\" href=\"https:\/\/www.sp-equipements.com\/site\/produit\/presentoir-tres-grande-capacite-sur-roulettes\/\" \/>\n<meta property=\"og:locale\" content=\"fr_FR\" \/>\n<meta property=\"og:type\" content=\"article\" \/>\n<meta property=\"og:title\" content=\"Pr\u00e9sentoir Tr\u00e8s Grande Capacit\u00e9 sur Roulettes - SP \u00c9quipements\" \/>\n<meta property=\"og:description\" content=\"Ce pr\u00e9sentoir sur roulettes permet de stocker un gros volume de documentations.  Caract\u00e9ristiques des pr\u00e9sentoirs sur roulettes \u2022 Dimensions: 65 x 65 cm - Hauteur 156 cm Vous choisissez l&#039;\u00e9quipement de chaque face qui peut \u00eatre le suivant : -A4 : 6 cases A4 (21\/29.7) ou -A5 : 12 cases A5 (15\/21) ou -1\/3 A4 (10\/21):16 cases ou -Mixte : un m\u00e9lange avec 2 cases A4 + 6 cases A5 + 4 cases 1\/3 de A4. Capacit\u00e9 4 cm par cases.  Option panneau sup\u00e9rieur pour apposer un adh\u00e9sif de 59 x 30 cm. La hauteur totale passe alors \u00e0 191 cm.\" \/>\n<meta property=\"og:url\" content=\"https:\/\/www.sp-equipements.com\/site\/produit\/presentoir-tres-grande-capacite-sur-roulettes\/\" \/>\n<meta property=\"og:site_name\" content=\"SP \u00c9quipements\" \/>\n<meta property=\"article:modified_time\" content=\"2019-06-19T13:32:31+00:00\" \/>\n<meta property=\"og:image\" content=\"https:\/\/www.sp-equipements.com\/site\/wp-content\/uploads\/2019\/06\/presentoir_grande_capacite-1.jpg\" \/>\n\t<meta property=\"og:image:width\" content=\"190\" \/>\n\t<meta property=\"og:image:height\" content=\"190\" \/>\n\t<meta property=\"og:image:type\" content=\"image\/jpeg\" \/>\n<meta name=\"twitter:card\" content=\"summary_large_image\" \/>\n<script type=\"application\/ld+json\" class=\"yoast-schema-graph\">{\"@context\":\"https:\/\/schema.org\",\"@graph\":[{\"@type\":\"WebPage\",\"@id\":\"https:\/\/www.sp-equipements.com\/site\/produit\/presentoir-tres-grande-capacite-sur-roulettes\/\",\"url\":\"https:\/\/www.sp-equipements.com\/site\/produit\/presentoir-tres-grande-capacite-sur-roulettes\/\",\"name\":\"Pr\u00e9sentoir Tr\u00e8s Grande Capacit\u00e9 sur Roulettes - SP \u00c9quipements\",\"isPartOf\":{\"@id\":\"https:\/\/www.sp-equipements.com\/site\/#website\"},\"primaryImageOfPage\":{\"@id\":\"https:\/\/www.sp-equipements.com\/site\/produit\/presentoir-tres-grande-capacite-sur-roulettes\/#primaryimage\"},\"image\":{\"@id\":\"https:\/\/www.sp-equipements.com\/site\/produit\/presentoir-tres-grande-capacite-sur-roulettes\/#primaryimage\"},\"thumbnailUrl\":\"https:\/\/www.sp-equipements.com\/site\/wp-content\/uploads\/2019\/06\/presentoir_grande_capacite-1.jpg\",\"datePublished\":\"2019-06-07T08:20:20+00:00\",\"dateModified\":\"2019-06-19T13:32:31+00:00\",\"breadcrumb\":{\"@id\":\"https:\/\/www.sp-equipements.com\/site\/produit\/presentoir-tres-grande-capacite-sur-roulettes\/#breadcrumb\"},\"inLanguage\":\"fr-FR\",\"potentialAction\":[{\"@type\":\"ReadAction\",\"target\":[\"https:\/\/www.sp-equipements.com\/site\/produit\/presentoir-tres-grande-capacite-sur-roulettes\/\"]}]},{\"@type\":\"ImageObject\",\"inLanguage\":\"fr-FR\",\"@id\":\"https:\/\/www.sp-equipements.com\/site\/produit\/presentoir-tres-grande-capacite-sur-roulettes\/#primaryimage\",\"url\":\"https:\/\/www.sp-equipements.com\/site\/wp-content\/uploads\/2019\/06\/presentoir_grande_capacite-1.jpg\",\"contentUrl\":\"https:\/\/www.sp-equipements.com\/site\/wp-content\/uploads\/2019\/06\/presentoir_grande_capacite-1.jpg\",\"width\":190,\"height\":190,\"caption\":\"presentoir grande capacite 1\"},{\"@type\":\"BreadcrumbList\",\"@id\":\"https:\/\/www.sp-equipements.com\/site\/produit\/presentoir-tres-grande-capacite-sur-roulettes\/#breadcrumb\",\"itemListElement\":[{\"@type\":\"ListItem\",\"position\":1,\"name\":\"Accueil\",\"item\":\"https:\/\/www.sp-equipements.com\/site\/\"},{\"@type\":\"ListItem\",\"position\":2,\"name\":\"Catalogue\",\"item\":\"https:\/\/www.sp-equipements.com\/site\/catalogue\/\"},{\"@type\":\"ListItem\",\"position\":3,\"name\":\"Pr\u00e9sentoir Tr\u00e8s Grande Capacit\u00e9 sur Roulettes\"}]},{\"@type\":\"WebSite\",\"@id\":\"https:\/\/www.sp-equipements.com\/site\/#website\",\"url\":\"https:\/\/www.sp-equipements.com\/site\/\",\"name\":\"SP \u00c9quipements\",\"description\":\"\u00c9quipements de collectivit\u00e9s\",\"potentialAction\":[{\"@type\":\"SearchAction\",\"target\":{\"@type\":\"EntryPoint\",\"urlTemplate\":\"https:\/\/www.sp-equipements.com\/site\/?s={search_term_string}\"},\"query-input\":\"required name=search_term_string\"}],\"inLanguage\":\"fr-FR\"}]}<\/script>\n<!-- \/ Yoast SEO plugin. -->","yoast_head_json":{"title":"Pr\u00e9sentoir Tr\u00e8s Grande Capacit\u00e9 sur Roulettes - SP \u00c9quipements","robots":{"index":"index","follow":"follow","max-snippet":"max-snippet:-1","max-image-preview":"max-image-preview:large","max-video-preview":"max-video-preview:-1"},"canonical":"https:\/\/www.sp-equipements.com\/site\/produit\/presentoir-tres-grande-capacite-sur-roulettes\/","og_locale":"fr_FR","og_type":"article","og_title":"Pr\u00e9sentoir Tr\u00e8s Grande Capacit\u00e9 sur Roulettes - SP \u00c9quipements","og_description":"Ce pr\u00e9sentoir sur roulettes permet de stocker un gros volume de documentations.  Caract\u00e9ristiques des pr\u00e9sentoirs sur roulettes \u2022 Dimensions: 65 x 65 cm - Hauteur 156 cm Vous choisissez l'\u00e9quipement de chaque face qui peut \u00eatre le suivant : -A4 : 6 cases A4 (21\/29.7) ou -A5 : 12 cases A5 (15\/21) ou -1\/3 A4 (10\/21):16 cases ou -Mixte : un m\u00e9lange avec 2 cases A4 + 6 cases A5 + 4 cases 1\/3 de A4. Capacit\u00e9 4 cm par cases.  Option panneau sup\u00e9rieur pour apposer un adh\u00e9sif de 59 x 30 cm. La hauteur totale passe alors \u00e0 191 cm.","og_url":"https:\/\/www.sp-equipements.com\/site\/produit\/presentoir-tres-grande-capacite-sur-roulettes\/","og_site_name":"SP \u00c9quipements","article_modified_time":"2019-06-19T13:32:31+00:00","og_image":[{"width":190,"height":190,"url":"https:\/\/www.sp-equipements.com\/site\/wp-content\/uploads\/2019\/06\/presentoir_grande_capacite-1.jpg","type":"image\/jpeg"}],"twitter_card":"summary_large_image","schema":{"@context":"https:\/\/schema.org","@graph":[{"@type":"WebPage","@id":"https:\/\/www.sp-equipements.com\/site\/produit\/presentoir-tres-grande-capacite-sur-roulettes\/","url":"https:\/\/www.sp-equipements.com\/site\/produit\/presentoir-tres-grande-capacite-sur-roulettes\/","name":"Pr\u00e9sentoir Tr\u00e8s Grande Capacit\u00e9 sur Roulettes - SP \u00c9quipements","isPartOf":{"@id":"https:\/\/www.sp-equipements.com\/site\/#website"},"primaryImageOfPage":{"@id":"https:\/\/www.sp-equipements.com\/site\/produit\/presentoir-tres-grande-capacite-sur-roulettes\/#primaryimage"},"image":{"@id":"https:\/\/www.sp-equipements.com\/site\/produit\/presentoir-tres-grande-capacite-sur-roulettes\/#primaryimage"},"thumbnailUrl":"https:\/\/www.sp-equipements.com\/site\/wp-content\/uploads\/2019\/06\/presentoir_grande_capacite-1.jpg","datePublished":"2019-06-07T08:20:20+00:00","dateModified":"2019-06-19T13:32:31+00:00","breadcrumb":{"@id":"https:\/\/www.sp-equipements.com\/site\/produit\/presentoir-tres-grande-capacite-sur-roulettes\/#breadcrumb"},"inLanguage":"fr-FR","potentialAction":[{"@type":"ReadAction","target":["https:\/\/www.sp-equipements.com\/site\/produit\/presentoir-tres-grande-capacite-sur-roulettes\/"]}]},{"@type":"ImageObject","inLanguage":"fr-FR","@id":"https:\/\/www.sp-equipements.com\/site\/produit\/presentoir-tres-grande-capacite-sur-roulettes\/#primaryimage","url":"https:\/\/www.sp-equipements.com\/site\/wp-content\/uploads\/2019\/06\/presentoir_grande_capacite-1.jpg","contentUrl":"https:\/\/www.sp-equipements.com\/site\/wp-content\/uploads\/2019\/06\/presentoir_grande_capacite-1.jpg","width":190,"height":190,"caption":"presentoir grande capacite 1"},{"@type":"BreadcrumbList","@id":"https:\/\/www.sp-equipements.com\/site\/produit\/presentoir-tres-grande-capacite-sur-roulettes\/#breadcrumb","itemListElement":[{"@type":"ListItem","position":1,"name":"Accueil","item":"https:\/\/www.sp-equipements.com\/site\/"},{"@type":"ListItem","position":2,"name":"Catalogue","item":"https:\/\/www.sp-equipements.com\/site\/catalogue\/"},{"@type":"ListItem","position":3,"name":"Pr\u00e9sentoir Tr\u00e8s Grande Capacit\u00e9 sur Roulettes"}]},{"@type":"WebSite","@id":"https:\/\/www.sp-equipements.com\/site\/#website","url":"https:\/\/www.sp-equipements.com\/site\/","name":"SP \u00c9quipements","description":"\u00c9quipements de collectivit\u00e9s","potentialAction":[{"@type":"SearchAction","target":{"@type":"EntryPoint","urlTemplate":"https:\/\/www.sp-equipements.com\/site\/?s={search_term_string}"},"query-input":"required name=search_term_string"}],"inLanguage":"fr-FR"}]}},"_links":{"self":[{"href":"https:\/\/www.sp-equipements.com\/site\/wp-json\/wp\/v2\/product\/21949"}],"collection":[{"href":"https:\/\/www.sp-equipements.com\/site\/wp-json\/wp\/v2\/product"}],"about":[{"href":"https:\/\/www.sp-equipements.com\/site\/wp-json\/wp\/v2\/types\/product"}],"replies":[{"embeddable":true,"href":"https:\/\/www.sp-equipements.com\/site\/wp-json\/wp\/v2\/comments?post=21949"}],"wp:featuredmedia":[{"embeddable":true,"href":"https:\/\/www.sp-equipements.com\/site\/wp-json\/wp\/v2\/media\/37844"}],"wp:attachment":[{"href":"https:\/\/www.sp-equipements.com\/site\/wp-json\/wp\/v2\/media?parent=21949"}],"wp:term":[{"taxonomy":"product_cat","embeddable":true,"href":"https:\/\/www.sp-equipements.com\/site\/wp-json\/wp\/v2\/product_cat?post=21949"},{"taxonomy":"product_tag","embeddable":true,"href":"https:\/\/www.sp-equipements.com\/site\/wp-json\/wp\/v2\/product_tag?post=21949"}],"curies":[{"name":"wp","href":"https:\/\/api.w.org\/{rel}","templated":true}]}}