{"id":21950,"date":"2019-06-07T10:20:21","date_gmt":"2019-06-07T08:20:21","guid":{"rendered":"http:\/\/www.polyequipements.com\/produit\/meuble-presentoir-3-etages-et-reserve\/"},"modified":"2022-06-23T11:18:33","modified_gmt":"2022-06-23T09:18:33","slug":"meuble-presentoir-3-etages-et-reserve","status":"publish","type":"product","link":"https:\/\/www.sp-equipements.com\/site\/produit\/meuble-presentoir-3-etages-et-reserve\/","title":{"rendered":"Meuble Pr\u00e9sentoir <i>3 \u00e9tages et r\u00e9serve<\/i>"},"content":{"rendered":"","protected":false},"excerpt":{"rendered":"<p><i>Ce meuble pr\u00e9sentoir plexiglas sur roulettes peut accueillir un grand volume de documentations.<\/i><\/p>\n<p><b>Caract\u00e9ristiques des meubles pr\u00e9sentoirs <\/b><br \/>\u2022 3 \u00e9tages pour 4 piles de documentation A4.<br \/>\u2022 Capacit\u00e9 35 mm par case.<br \/>Les documents sont visibles enti\u00e8rement.<br \/>Bandeau de personnalisation.<br \/>R\u00e9serve en partie basse.<\/p>\n<p>Hauteur du pr\u00e9sentoir 1.50m<br \/>Largeur du pr\u00e9sentoir 0.90m<br \/>Profondeur du pr\u00e9sentoir 0.38m<\/p>\n","protected":false},"featured_media":37845,"comment_status":"open","ping_status":"closed","template":"","meta":[],"product_cat":[206,106],"product_tag":[],"yoast_head":"<!-- This site is optimized with the Yoast SEO plugin v22.2 - https:\/\/yoast.com\/wordpress\/plugins\/seo\/ -->\n<title>Meuble Pr\u00e9sentoir 3 \u00e9tages et r\u00e9serve - SP \u00c9quipements<\/title>\n<meta name=\"robots\" content=\"index, follow, max-snippet:-1, max-image-preview:large, max-video-preview:-1\" \/>\n<link rel=\"canonical\" href=\"https:\/\/www.sp-equipements.com\/site\/produit\/meuble-presentoir-3-etages-et-reserve\/\" \/>\n<meta property=\"og:locale\" content=\"fr_FR\" \/>\n<meta property=\"og:type\" content=\"article\" \/>\n<meta property=\"og:title\" content=\"Meuble Pr\u00e9sentoir 3 \u00e9tages et r\u00e9serve - SP \u00c9quipements\" \/>\n<meta property=\"og:description\" content=\"Ce meuble pr\u00e9sentoir plexiglas sur roulettes peut accueillir un grand volume de documentations.Caract\u00e9ristiques des meubles pr\u00e9sentoirs \u2022 3 \u00e9tages pour 4 piles de documentation A4.\u2022 Capacit\u00e9 35 mm par case.Les documents sont visibles enti\u00e8rement.Bandeau de personnalisation.R\u00e9serve en partie basse.Hauteur du pr\u00e9sentoir 1.50mLargeur du pr\u00e9sentoir 0.90mProfondeur du pr\u00e9sentoir 0.38m\" \/>\n<meta property=\"og:url\" content=\"https:\/\/www.sp-equipements.com\/site\/produit\/meuble-presentoir-3-etages-et-reserve\/\" \/>\n<meta property=\"og:site_name\" content=\"SP \u00c9quipements\" \/>\n<meta property=\"article:modified_time\" content=\"2022-06-23T09:18:33+00:00\" \/>\n<meta property=\"og:image\" content=\"https:\/\/www.sp-equipements.com\/site\/wp-content\/uploads\/2019\/06\/presentoir_meuble_plexiglass_1-1.jpg\" \/>\n\t<meta property=\"og:image:width\" content=\"190\" \/>\n\t<meta property=\"og:image:height\" content=\"190\" \/>\n\t<meta property=\"og:image:type\" content=\"image\/jpeg\" \/>\n<meta name=\"twitter:card\" content=\"summary_large_image\" \/>\n<script type=\"application\/ld+json\" class=\"yoast-schema-graph\">{\"@context\":\"https:\/\/schema.org\",\"@graph\":[{\"@type\":\"WebPage\",\"@id\":\"https:\/\/www.sp-equipements.com\/site\/produit\/meuble-presentoir-3-etages-et-reserve\/\",\"url\":\"https:\/\/www.sp-equipements.com\/site\/produit\/meuble-presentoir-3-etages-et-reserve\/\",\"name\":\"Meuble Pr\u00e9sentoir 3 \u00e9tages et r\u00e9serve - SP \u00c9quipements\",\"isPartOf\":{\"@id\":\"https:\/\/www.sp-equipements.com\/site\/#website\"},\"primaryImageOfPage\":{\"@id\":\"https:\/\/www.sp-equipements.com\/site\/produit\/meuble-presentoir-3-etages-et-reserve\/#primaryimage\"},\"image\":{\"@id\":\"https:\/\/www.sp-equipements.com\/site\/produit\/meuble-presentoir-3-etages-et-reserve\/#primaryimage\"},\"thumbnailUrl\":\"https:\/\/www.sp-equipements.com\/site\/wp-content\/uploads\/2019\/06\/presentoir_meuble_plexiglass_1-1.jpg\",\"datePublished\":\"2019-06-07T08:20:21+00:00\",\"dateModified\":\"2022-06-23T09:18:33+00:00\",\"breadcrumb\":{\"@id\":\"https:\/\/www.sp-equipements.com\/site\/produit\/meuble-presentoir-3-etages-et-reserve\/#breadcrumb\"},\"inLanguage\":\"fr-FR\",\"potentialAction\":[{\"@type\":\"ReadAction\",\"target\":[\"https:\/\/www.sp-equipements.com\/site\/produit\/meuble-presentoir-3-etages-et-reserve\/\"]}]},{\"@type\":\"ImageObject\",\"inLanguage\":\"fr-FR\",\"@id\":\"https:\/\/www.sp-equipements.com\/site\/produit\/meuble-presentoir-3-etages-et-reserve\/#primaryimage\",\"url\":\"https:\/\/www.sp-equipements.com\/site\/wp-content\/uploads\/2019\/06\/presentoir_meuble_plexiglass_1-1.jpg\",\"contentUrl\":\"https:\/\/www.sp-equipements.com\/site\/wp-content\/uploads\/2019\/06\/presentoir_meuble_plexiglass_1-1.jpg\",\"width\":190,\"height\":190,\"caption\":\"presentoir meuble plexiglass 1 1\"},{\"@type\":\"BreadcrumbList\",\"@id\":\"https:\/\/www.sp-equipements.com\/site\/produit\/meuble-presentoir-3-etages-et-reserve\/#breadcrumb\",\"itemListElement\":[{\"@type\":\"ListItem\",\"position\":1,\"name\":\"Accueil\",\"item\":\"https:\/\/www.sp-equipements.com\/site\/\"},{\"@type\":\"ListItem\",\"position\":2,\"name\":\"Catalogue\",\"item\":\"https:\/\/www.sp-equipements.com\/site\/catalogue\/\"},{\"@type\":\"ListItem\",\"position\":3,\"name\":\"Meuble Pr\u00e9sentoir 3 \u00e9tages et r\u00e9serve\"}]},{\"@type\":\"WebSite\",\"@id\":\"https:\/\/www.sp-equipements.com\/site\/#website\",\"url\":\"https:\/\/www.sp-equipements.com\/site\/\",\"name\":\"SP \u00c9quipements\",\"description\":\"\u00c9quipements de collectivit\u00e9s\",\"potentialAction\":[{\"@type\":\"SearchAction\",\"target\":{\"@type\":\"EntryPoint\",\"urlTemplate\":\"https:\/\/www.sp-equipements.com\/site\/?s={search_term_string}\"},\"query-input\":\"required name=search_term_string\"}],\"inLanguage\":\"fr-FR\"}]}<\/script>\n<!-- \/ Yoast SEO plugin. -->","yoast_head_json":{"title":"Meuble Pr\u00e9sentoir 3 \u00e9tages et r\u00e9serve - SP \u00c9quipements","robots":{"index":"index","follow":"follow","max-snippet":"max-snippet:-1","max-image-preview":"max-image-preview:large","max-video-preview":"max-video-preview:-1"},"canonical":"https:\/\/www.sp-equipements.com\/site\/produit\/meuble-presentoir-3-etages-et-reserve\/","og_locale":"fr_FR","og_type":"article","og_title":"Meuble Pr\u00e9sentoir 3 \u00e9tages et r\u00e9serve - SP \u00c9quipements","og_description":"Ce meuble pr\u00e9sentoir plexiglas sur roulettes peut accueillir un grand volume de documentations.Caract\u00e9ristiques des meubles pr\u00e9sentoirs \u2022 3 \u00e9tages pour 4 piles de documentation A4.\u2022 Capacit\u00e9 35 mm par case.Les documents sont visibles enti\u00e8rement.Bandeau de personnalisation.R\u00e9serve en partie basse.Hauteur du pr\u00e9sentoir 1.50mLargeur du pr\u00e9sentoir 0.90mProfondeur du pr\u00e9sentoir 0.38m","og_url":"https:\/\/www.sp-equipements.com\/site\/produit\/meuble-presentoir-3-etages-et-reserve\/","og_site_name":"SP \u00c9quipements","article_modified_time":"2022-06-23T09:18:33+00:00","og_image":[{"width":190,"height":190,"url":"https:\/\/www.sp-equipements.com\/site\/wp-content\/uploads\/2019\/06\/presentoir_meuble_plexiglass_1-1.jpg","type":"image\/jpeg"}],"twitter_card":"summary_large_image","schema":{"@context":"https:\/\/schema.org","@graph":[{"@type":"WebPage","@id":"https:\/\/www.sp-equipements.com\/site\/produit\/meuble-presentoir-3-etages-et-reserve\/","url":"https:\/\/www.sp-equipements.com\/site\/produit\/meuble-presentoir-3-etages-et-reserve\/","name":"Meuble Pr\u00e9sentoir 3 \u00e9tages et r\u00e9serve - SP \u00c9quipements","isPartOf":{"@id":"https:\/\/www.sp-equipements.com\/site\/#website"},"primaryImageOfPage":{"@id":"https:\/\/www.sp-equipements.com\/site\/produit\/meuble-presentoir-3-etages-et-reserve\/#primaryimage"},"image":{"@id":"https:\/\/www.sp-equipements.com\/site\/produit\/meuble-presentoir-3-etages-et-reserve\/#primaryimage"},"thumbnailUrl":"https:\/\/www.sp-equipements.com\/site\/wp-content\/uploads\/2019\/06\/presentoir_meuble_plexiglass_1-1.jpg","datePublished":"2019-06-07T08:20:21+00:00","dateModified":"2022-06-23T09:18:33+00:00","breadcrumb":{"@id":"https:\/\/www.sp-equipements.com\/site\/produit\/meuble-presentoir-3-etages-et-reserve\/#breadcrumb"},"inLanguage":"fr-FR","potentialAction":[{"@type":"ReadAction","target":["https:\/\/www.sp-equipements.com\/site\/produit\/meuble-presentoir-3-etages-et-reserve\/"]}]},{"@type":"ImageObject","inLanguage":"fr-FR","@id":"https:\/\/www.sp-equipements.com\/site\/produit\/meuble-presentoir-3-etages-et-reserve\/#primaryimage","url":"https:\/\/www.sp-equipements.com\/site\/wp-content\/uploads\/2019\/06\/presentoir_meuble_plexiglass_1-1.jpg","contentUrl":"https:\/\/www.sp-equipements.com\/site\/wp-content\/uploads\/2019\/06\/presentoir_meuble_plexiglass_1-1.jpg","width":190,"height":190,"caption":"presentoir meuble plexiglass 1 1"},{"@type":"BreadcrumbList","@id":"https:\/\/www.sp-equipements.com\/site\/produit\/meuble-presentoir-3-etages-et-reserve\/#breadcrumb","itemListElement":[{"@type":"ListItem","position":1,"name":"Accueil","item":"https:\/\/www.sp-equipements.com\/site\/"},{"@type":"ListItem","position":2,"name":"Catalogue","item":"https:\/\/www.sp-equipements.com\/site\/catalogue\/"},{"@type":"ListItem","position":3,"name":"Meuble Pr\u00e9sentoir 3 \u00e9tages et r\u00e9serve"}]},{"@type":"WebSite","@id":"https:\/\/www.sp-equipements.com\/site\/#website","url":"https:\/\/www.sp-equipements.com\/site\/","name":"SP \u00c9quipements","description":"\u00c9quipements de collectivit\u00e9s","potentialAction":[{"@type":"SearchAction","target":{"@type":"EntryPoint","urlTemplate":"https:\/\/www.sp-equipements.com\/site\/?s={search_term_string}"},"query-input":"required name=search_term_string"}],"inLanguage":"fr-FR"}]}},"_links":{"self":[{"href":"https:\/\/www.sp-equipements.com\/site\/wp-json\/wp\/v2\/product\/21950"}],"collection":[{"href":"https:\/\/www.sp-equipements.com\/site\/wp-json\/wp\/v2\/product"}],"about":[{"href":"https:\/\/www.sp-equipements.com\/site\/wp-json\/wp\/v2\/types\/product"}],"replies":[{"embeddable":true,"href":"https:\/\/www.sp-equipements.com\/site\/wp-json\/wp\/v2\/comments?post=21950"}],"wp:featuredmedia":[{"embeddable":true,"href":"https:\/\/www.sp-equipements.com\/site\/wp-json\/wp\/v2\/media\/37845"}],"wp:attachment":[{"href":"https:\/\/www.sp-equipements.com\/site\/wp-json\/wp\/v2\/media?parent=21950"}],"wp:term":[{"taxonomy":"product_cat","embeddable":true,"href":"https:\/\/www.sp-equipements.com\/site\/wp-json\/wp\/v2\/product_cat?post=21950"},{"taxonomy":"product_tag","embeddable":true,"href":"https:\/\/www.sp-equipements.com\/site\/wp-json\/wp\/v2\/product_tag?post=21950"}],"curies":[{"name":"wp","href":"https:\/\/api.w.org\/{rel}","templated":true}]}}