{"id":21952,"date":"2019-06-07T10:20:22","date_gmt":"2019-06-07T08:20:22","guid":{"rendered":"http:\/\/www.polyequipements.com\/produit\/presentoir-mural-multi-cases\/"},"modified":"2019-06-19T15:32:32","modified_gmt":"2019-06-19T13:32:32","slug":"presentoir-mural-multi-cases","status":"publish","type":"product","link":"https:\/\/www.sp-equipements.com\/site\/produit\/presentoir-mural-multi-cases\/","title":{"rendered":"Pr\u00e9sentoir Mural Multi-cases"},"content":{"rendered":"","protected":false},"excerpt":{"rendered":"<p><i>Ce pr\u00e9sentoir mural 100% Plexiglass cristal permet de visualiser enti\u00e8rement les documents.<\/i><\/p>\n<p><b>Caract\u00e9ristiques des pr\u00e9sentoirs muraux<\/b><br \/>\nCapacit\u00e9 4 cm par cases.<br \/>\nNota : les s\u00e9parations des cases peuvent \u00eatre enlev\u00e9es pour encore plus de modularit\u00e9<br \/>\nLa partie sup\u00e9rieure est pr\u00e9vue pour la pose d&rsquo;un message.<br \/>\nLettrage adh\u00e9sif fourni sur demande.<\/p>\n<p>Entretoises et caches vis fournis.<\/p>\n<p>2 versions :<br \/>\nPr\u00e9sentoir version standard : Ht 99-larg 74 cm-6 cases 10\/21+4 cases 15\/21+3 cases 21\/29.7.(version en photo)<br \/>\nPr\u00e9sentoir version grande capacit\u00e9 :Ht 149 larg 74 cm-12 cases 10\/21+8 cases 15\/21+3 cases 21\/29.7.<\/p>\n","protected":false},"featured_media":37847,"comment_status":"open","ping_status":"closed","template":"","meta":[],"product_cat":[206,106],"product_tag":[],"yoast_head":"<!-- This site is optimized with the Yoast SEO plugin v22.2 - https:\/\/yoast.com\/wordpress\/plugins\/seo\/ -->\n<title>Pr\u00e9sentoir Mural Multi-cases - SP \u00c9quipements<\/title>\n<meta name=\"robots\" content=\"index, follow, max-snippet:-1, max-image-preview:large, max-video-preview:-1\" \/>\n<link rel=\"canonical\" href=\"https:\/\/www.sp-equipements.com\/site\/produit\/presentoir-mural-multi-cases\/\" \/>\n<meta property=\"og:locale\" content=\"fr_FR\" \/>\n<meta property=\"og:type\" content=\"article\" \/>\n<meta property=\"og:title\" content=\"Pr\u00e9sentoir Mural Multi-cases - SP \u00c9quipements\" \/>\n<meta property=\"og:description\" content=\"Ce pr\u00e9sentoir mural 100% Plexiglass cristal permet de visualiser enti\u00e8rement les documents.  Caract\u00e9ristiques des pr\u00e9sentoirs muraux Capacit\u00e9 4 cm par cases. Nota : les s\u00e9parations des cases peuvent \u00eatre enlev\u00e9es pour encore plus de modularit\u00e9 La partie sup\u00e9rieure est pr\u00e9vue pour la pose d&#039;un message. Lettrage adh\u00e9sif fourni sur demande.  Entretoises et caches vis fournis.  2 versions : Pr\u00e9sentoir version standard : Ht 99-larg 74 cm-6 cases 10\/21+4 cases 15\/21+3 cases 21\/29.7.(version en photo) Pr\u00e9sentoir version grande capacit\u00e9 :Ht 149 larg 74 cm-12 cases 10\/21+8 cases 15\/21+3 cases 21\/29.7.\" \/>\n<meta property=\"og:url\" content=\"https:\/\/www.sp-equipements.com\/site\/produit\/presentoir-mural-multi-cases\/\" \/>\n<meta property=\"og:site_name\" content=\"SP \u00c9quipements\" \/>\n<meta property=\"article:modified_time\" content=\"2019-06-19T13:32:32+00:00\" \/>\n<meta property=\"og:image\" content=\"https:\/\/www.sp-equipements.com\/site\/wp-content\/uploads\/2019\/06\/presentoir_mural_multi_cases-1.jpg\" \/>\n\t<meta property=\"og:image:width\" content=\"190\" \/>\n\t<meta property=\"og:image:height\" content=\"190\" \/>\n\t<meta property=\"og:image:type\" content=\"image\/jpeg\" \/>\n<meta name=\"twitter:card\" content=\"summary_large_image\" \/>\n<script type=\"application\/ld+json\" class=\"yoast-schema-graph\">{\"@context\":\"https:\/\/schema.org\",\"@graph\":[{\"@type\":\"WebPage\",\"@id\":\"https:\/\/www.sp-equipements.com\/site\/produit\/presentoir-mural-multi-cases\/\",\"url\":\"https:\/\/www.sp-equipements.com\/site\/produit\/presentoir-mural-multi-cases\/\",\"name\":\"Pr\u00e9sentoir Mural Multi-cases - SP \u00c9quipements\",\"isPartOf\":{\"@id\":\"https:\/\/www.sp-equipements.com\/site\/#website\"},\"primaryImageOfPage\":{\"@id\":\"https:\/\/www.sp-equipements.com\/site\/produit\/presentoir-mural-multi-cases\/#primaryimage\"},\"image\":{\"@id\":\"https:\/\/www.sp-equipements.com\/site\/produit\/presentoir-mural-multi-cases\/#primaryimage\"},\"thumbnailUrl\":\"https:\/\/www.sp-equipements.com\/site\/wp-content\/uploads\/2019\/06\/presentoir_mural_multi_cases-1.jpg\",\"datePublished\":\"2019-06-07T08:20:22+00:00\",\"dateModified\":\"2019-06-19T13:32:32+00:00\",\"breadcrumb\":{\"@id\":\"https:\/\/www.sp-equipements.com\/site\/produit\/presentoir-mural-multi-cases\/#breadcrumb\"},\"inLanguage\":\"fr-FR\",\"potentialAction\":[{\"@type\":\"ReadAction\",\"target\":[\"https:\/\/www.sp-equipements.com\/site\/produit\/presentoir-mural-multi-cases\/\"]}]},{\"@type\":\"ImageObject\",\"inLanguage\":\"fr-FR\",\"@id\":\"https:\/\/www.sp-equipements.com\/site\/produit\/presentoir-mural-multi-cases\/#primaryimage\",\"url\":\"https:\/\/www.sp-equipements.com\/site\/wp-content\/uploads\/2019\/06\/presentoir_mural_multi_cases-1.jpg\",\"contentUrl\":\"https:\/\/www.sp-equipements.com\/site\/wp-content\/uploads\/2019\/06\/presentoir_mural_multi_cases-1.jpg\",\"width\":190,\"height\":190,\"caption\":\"presentoir mural multi cases 1\"},{\"@type\":\"BreadcrumbList\",\"@id\":\"https:\/\/www.sp-equipements.com\/site\/produit\/presentoir-mural-multi-cases\/#breadcrumb\",\"itemListElement\":[{\"@type\":\"ListItem\",\"position\":1,\"name\":\"Accueil\",\"item\":\"https:\/\/www.sp-equipements.com\/site\/\"},{\"@type\":\"ListItem\",\"position\":2,\"name\":\"Catalogue\",\"item\":\"https:\/\/www.sp-equipements.com\/site\/catalogue\/\"},{\"@type\":\"ListItem\",\"position\":3,\"name\":\"Pr\u00e9sentoir Mural Multi-cases\"}]},{\"@type\":\"WebSite\",\"@id\":\"https:\/\/www.sp-equipements.com\/site\/#website\",\"url\":\"https:\/\/www.sp-equipements.com\/site\/\",\"name\":\"SP \u00c9quipements\",\"description\":\"\u00c9quipements de collectivit\u00e9s\",\"potentialAction\":[{\"@type\":\"SearchAction\",\"target\":{\"@type\":\"EntryPoint\",\"urlTemplate\":\"https:\/\/www.sp-equipements.com\/site\/?s={search_term_string}\"},\"query-input\":\"required name=search_term_string\"}],\"inLanguage\":\"fr-FR\"}]}<\/script>\n<!-- \/ Yoast SEO plugin. -->","yoast_head_json":{"title":"Pr\u00e9sentoir Mural Multi-cases - SP \u00c9quipements","robots":{"index":"index","follow":"follow","max-snippet":"max-snippet:-1","max-image-preview":"max-image-preview:large","max-video-preview":"max-video-preview:-1"},"canonical":"https:\/\/www.sp-equipements.com\/site\/produit\/presentoir-mural-multi-cases\/","og_locale":"fr_FR","og_type":"article","og_title":"Pr\u00e9sentoir Mural Multi-cases - SP \u00c9quipements","og_description":"Ce pr\u00e9sentoir mural 100% Plexiglass cristal permet de visualiser enti\u00e8rement les documents.  Caract\u00e9ristiques des pr\u00e9sentoirs muraux Capacit\u00e9 4 cm par cases. Nota : les s\u00e9parations des cases peuvent \u00eatre enlev\u00e9es pour encore plus de modularit\u00e9 La partie sup\u00e9rieure est pr\u00e9vue pour la pose d'un message. Lettrage adh\u00e9sif fourni sur demande.  Entretoises et caches vis fournis.  2 versions : Pr\u00e9sentoir version standard : Ht 99-larg 74 cm-6 cases 10\/21+4 cases 15\/21+3 cases 21\/29.7.(version en photo) Pr\u00e9sentoir version grande capacit\u00e9 :Ht 149 larg 74 cm-12 cases 10\/21+8 cases 15\/21+3 cases 21\/29.7.","og_url":"https:\/\/www.sp-equipements.com\/site\/produit\/presentoir-mural-multi-cases\/","og_site_name":"SP \u00c9quipements","article_modified_time":"2019-06-19T13:32:32+00:00","og_image":[{"width":190,"height":190,"url":"https:\/\/www.sp-equipements.com\/site\/wp-content\/uploads\/2019\/06\/presentoir_mural_multi_cases-1.jpg","type":"image\/jpeg"}],"twitter_card":"summary_large_image","schema":{"@context":"https:\/\/schema.org","@graph":[{"@type":"WebPage","@id":"https:\/\/www.sp-equipements.com\/site\/produit\/presentoir-mural-multi-cases\/","url":"https:\/\/www.sp-equipements.com\/site\/produit\/presentoir-mural-multi-cases\/","name":"Pr\u00e9sentoir Mural Multi-cases - SP \u00c9quipements","isPartOf":{"@id":"https:\/\/www.sp-equipements.com\/site\/#website"},"primaryImageOfPage":{"@id":"https:\/\/www.sp-equipements.com\/site\/produit\/presentoir-mural-multi-cases\/#primaryimage"},"image":{"@id":"https:\/\/www.sp-equipements.com\/site\/produit\/presentoir-mural-multi-cases\/#primaryimage"},"thumbnailUrl":"https:\/\/www.sp-equipements.com\/site\/wp-content\/uploads\/2019\/06\/presentoir_mural_multi_cases-1.jpg","datePublished":"2019-06-07T08:20:22+00:00","dateModified":"2019-06-19T13:32:32+00:00","breadcrumb":{"@id":"https:\/\/www.sp-equipements.com\/site\/produit\/presentoir-mural-multi-cases\/#breadcrumb"},"inLanguage":"fr-FR","potentialAction":[{"@type":"ReadAction","target":["https:\/\/www.sp-equipements.com\/site\/produit\/presentoir-mural-multi-cases\/"]}]},{"@type":"ImageObject","inLanguage":"fr-FR","@id":"https:\/\/www.sp-equipements.com\/site\/produit\/presentoir-mural-multi-cases\/#primaryimage","url":"https:\/\/www.sp-equipements.com\/site\/wp-content\/uploads\/2019\/06\/presentoir_mural_multi_cases-1.jpg","contentUrl":"https:\/\/www.sp-equipements.com\/site\/wp-content\/uploads\/2019\/06\/presentoir_mural_multi_cases-1.jpg","width":190,"height":190,"caption":"presentoir mural multi cases 1"},{"@type":"BreadcrumbList","@id":"https:\/\/www.sp-equipements.com\/site\/produit\/presentoir-mural-multi-cases\/#breadcrumb","itemListElement":[{"@type":"ListItem","position":1,"name":"Accueil","item":"https:\/\/www.sp-equipements.com\/site\/"},{"@type":"ListItem","position":2,"name":"Catalogue","item":"https:\/\/www.sp-equipements.com\/site\/catalogue\/"},{"@type":"ListItem","position":3,"name":"Pr\u00e9sentoir Mural Multi-cases"}]},{"@type":"WebSite","@id":"https:\/\/www.sp-equipements.com\/site\/#website","url":"https:\/\/www.sp-equipements.com\/site\/","name":"SP \u00c9quipements","description":"\u00c9quipements de collectivit\u00e9s","potentialAction":[{"@type":"SearchAction","target":{"@type":"EntryPoint","urlTemplate":"https:\/\/www.sp-equipements.com\/site\/?s={search_term_string}"},"query-input":"required name=search_term_string"}],"inLanguage":"fr-FR"}]}},"_links":{"self":[{"href":"https:\/\/www.sp-equipements.com\/site\/wp-json\/wp\/v2\/product\/21952"}],"collection":[{"href":"https:\/\/www.sp-equipements.com\/site\/wp-json\/wp\/v2\/product"}],"about":[{"href":"https:\/\/www.sp-equipements.com\/site\/wp-json\/wp\/v2\/types\/product"}],"replies":[{"embeddable":true,"href":"https:\/\/www.sp-equipements.com\/site\/wp-json\/wp\/v2\/comments?post=21952"}],"wp:featuredmedia":[{"embeddable":true,"href":"https:\/\/www.sp-equipements.com\/site\/wp-json\/wp\/v2\/media\/37847"}],"wp:attachment":[{"href":"https:\/\/www.sp-equipements.com\/site\/wp-json\/wp\/v2\/media?parent=21952"}],"wp:term":[{"taxonomy":"product_cat","embeddable":true,"href":"https:\/\/www.sp-equipements.com\/site\/wp-json\/wp\/v2\/product_cat?post=21952"},{"taxonomy":"product_tag","embeddable":true,"href":"https:\/\/www.sp-equipements.com\/site\/wp-json\/wp\/v2\/product_tag?post=21952"}],"curies":[{"name":"wp","href":"https:\/\/api.w.org\/{rel}","templated":true}]}}