{"id":21961,"date":"2019-06-07T10:21:17","date_gmt":"2019-06-07T08:21:17","guid":{"rendered":"http:\/\/www.polyequipements.com\/produit\/potelet-multidirectionnel-inox-brosse-a-sangle\/"},"modified":"2019-06-19T15:32:45","modified_gmt":"2019-06-19T13:32:45","slug":"potelet-multidirectionnel-inox-brosse-a-sangle","status":"publish","type":"product","link":"https:\/\/www.sp-equipements.com\/site\/produit\/potelet-multidirectionnel-inox-brosse-a-sangle\/","title":{"rendered":"Potelet Multidirectionnel Inox Bross\u00e9 <i>\u00e0 sangle<\/i>"},"content":{"rendered":"","protected":false},"excerpt":{"rendered":"<div id=\"box-article-description\">\n<div id=\"display-article-description\">\n<p>Potelet multidirectionnel avec un d\u00e9part de sangle en tissu polyester r\u00e9tractable 2m et 3 r\u00e9ceptions.<br \/>\nLest\u00e9 avec un contrepoids.<br \/>\nInox bross\u00e9. Hauteur 102cm.<\/p>\n<\/div>\n<\/div>\n","protected":false},"featured_media":37877,"comment_status":"open","ping_status":"closed","template":"","meta":[],"product_cat":[208,107],"product_tag":[],"yoast_head":"<!-- This site is optimized with the Yoast SEO plugin v22.2 - https:\/\/yoast.com\/wordpress\/plugins\/seo\/ -->\n<title>Potelet Multidirectionnel Inox Bross\u00e9 \u00e0 sangle - SP \u00c9quipements<\/title>\n<meta name=\"robots\" content=\"index, follow, max-snippet:-1, max-image-preview:large, max-video-preview:-1\" \/>\n<link rel=\"canonical\" href=\"https:\/\/www.sp-equipements.com\/site\/produit\/potelet-multidirectionnel-inox-brosse-a-sangle\/\" \/>\n<meta property=\"og:locale\" content=\"fr_FR\" \/>\n<meta property=\"og:type\" content=\"article\" \/>\n<meta property=\"og:title\" content=\"Potelet Multidirectionnel Inox Bross\u00e9 \u00e0 sangle - SP \u00c9quipements\" \/>\n<meta property=\"og:description\" content=\"Potelet multidirectionnel avec un d\u00e9part de sangle en tissu polyester r\u00e9tractable 2m et 3 r\u00e9ceptions. Lest\u00e9 avec un contrepoids. Inox bross\u00e9. Hauteur 102cm.\" \/>\n<meta property=\"og:url\" content=\"https:\/\/www.sp-equipements.com\/site\/produit\/potelet-multidirectionnel-inox-brosse-a-sangle\/\" \/>\n<meta property=\"og:site_name\" content=\"SP \u00c9quipements\" \/>\n<meta property=\"article:modified_time\" content=\"2019-06-19T13:32:45+00:00\" \/>\n<meta property=\"og:image\" content=\"https:\/\/www.sp-equipements.com\/site\/wp-content\/uploads\/2019\/06\/potelet_inox_brosse_a_sangle-1.jpg\" \/>\n\t<meta property=\"og:image:width\" content=\"190\" \/>\n\t<meta property=\"og:image:height\" content=\"190\" \/>\n\t<meta property=\"og:image:type\" content=\"image\/jpeg\" \/>\n<meta name=\"twitter:card\" content=\"summary_large_image\" \/>\n<script type=\"application\/ld+json\" class=\"yoast-schema-graph\">{\"@context\":\"https:\/\/schema.org\",\"@graph\":[{\"@type\":\"WebPage\",\"@id\":\"https:\/\/www.sp-equipements.com\/site\/produit\/potelet-multidirectionnel-inox-brosse-a-sangle\/\",\"url\":\"https:\/\/www.sp-equipements.com\/site\/produit\/potelet-multidirectionnel-inox-brosse-a-sangle\/\",\"name\":\"Potelet Multidirectionnel Inox Bross\u00e9 \u00e0 sangle - SP \u00c9quipements\",\"isPartOf\":{\"@id\":\"https:\/\/www.sp-equipements.com\/site\/#website\"},\"primaryImageOfPage\":{\"@id\":\"https:\/\/www.sp-equipements.com\/site\/produit\/potelet-multidirectionnel-inox-brosse-a-sangle\/#primaryimage\"},\"image\":{\"@id\":\"https:\/\/www.sp-equipements.com\/site\/produit\/potelet-multidirectionnel-inox-brosse-a-sangle\/#primaryimage\"},\"thumbnailUrl\":\"https:\/\/www.sp-equipements.com\/site\/wp-content\/uploads\/2019\/06\/potelet_inox_brosse_a_sangle-1.jpg\",\"datePublished\":\"2019-06-07T08:21:17+00:00\",\"dateModified\":\"2019-06-19T13:32:45+00:00\",\"breadcrumb\":{\"@id\":\"https:\/\/www.sp-equipements.com\/site\/produit\/potelet-multidirectionnel-inox-brosse-a-sangle\/#breadcrumb\"},\"inLanguage\":\"fr-FR\",\"potentialAction\":[{\"@type\":\"ReadAction\",\"target\":[\"https:\/\/www.sp-equipements.com\/site\/produit\/potelet-multidirectionnel-inox-brosse-a-sangle\/\"]}]},{\"@type\":\"ImageObject\",\"inLanguage\":\"fr-FR\",\"@id\":\"https:\/\/www.sp-equipements.com\/site\/produit\/potelet-multidirectionnel-inox-brosse-a-sangle\/#primaryimage\",\"url\":\"https:\/\/www.sp-equipements.com\/site\/wp-content\/uploads\/2019\/06\/potelet_inox_brosse_a_sangle-1.jpg\",\"contentUrl\":\"https:\/\/www.sp-equipements.com\/site\/wp-content\/uploads\/2019\/06\/potelet_inox_brosse_a_sangle-1.jpg\",\"width\":190,\"height\":190,\"caption\":\"potelet inox brosse a sangle 1\"},{\"@type\":\"BreadcrumbList\",\"@id\":\"https:\/\/www.sp-equipements.com\/site\/produit\/potelet-multidirectionnel-inox-brosse-a-sangle\/#breadcrumb\",\"itemListElement\":[{\"@type\":\"ListItem\",\"position\":1,\"name\":\"Accueil\",\"item\":\"https:\/\/www.sp-equipements.com\/site\/\"},{\"@type\":\"ListItem\",\"position\":2,\"name\":\"Catalogue\",\"item\":\"https:\/\/www.sp-equipements.com\/site\/catalogue\/\"},{\"@type\":\"ListItem\",\"position\":3,\"name\":\"Potelet Multidirectionnel Inox Bross\u00e9 \u00e0 sangle\"}]},{\"@type\":\"WebSite\",\"@id\":\"https:\/\/www.sp-equipements.com\/site\/#website\",\"url\":\"https:\/\/www.sp-equipements.com\/site\/\",\"name\":\"SP \u00c9quipements\",\"description\":\"\u00c9quipements de collectivit\u00e9s\",\"potentialAction\":[{\"@type\":\"SearchAction\",\"target\":{\"@type\":\"EntryPoint\",\"urlTemplate\":\"https:\/\/www.sp-equipements.com\/site\/?s={search_term_string}\"},\"query-input\":\"required name=search_term_string\"}],\"inLanguage\":\"fr-FR\"}]}<\/script>\n<!-- \/ Yoast SEO plugin. -->","yoast_head_json":{"title":"Potelet Multidirectionnel Inox Bross\u00e9 \u00e0 sangle - SP \u00c9quipements","robots":{"index":"index","follow":"follow","max-snippet":"max-snippet:-1","max-image-preview":"max-image-preview:large","max-video-preview":"max-video-preview:-1"},"canonical":"https:\/\/www.sp-equipements.com\/site\/produit\/potelet-multidirectionnel-inox-brosse-a-sangle\/","og_locale":"fr_FR","og_type":"article","og_title":"Potelet Multidirectionnel Inox Bross\u00e9 \u00e0 sangle - SP \u00c9quipements","og_description":"Potelet multidirectionnel avec un d\u00e9part de sangle en tissu polyester r\u00e9tractable 2m et 3 r\u00e9ceptions. Lest\u00e9 avec un contrepoids. Inox bross\u00e9. Hauteur 102cm.","og_url":"https:\/\/www.sp-equipements.com\/site\/produit\/potelet-multidirectionnel-inox-brosse-a-sangle\/","og_site_name":"SP \u00c9quipements","article_modified_time":"2019-06-19T13:32:45+00:00","og_image":[{"width":190,"height":190,"url":"https:\/\/www.sp-equipements.com\/site\/wp-content\/uploads\/2019\/06\/potelet_inox_brosse_a_sangle-1.jpg","type":"image\/jpeg"}],"twitter_card":"summary_large_image","schema":{"@context":"https:\/\/schema.org","@graph":[{"@type":"WebPage","@id":"https:\/\/www.sp-equipements.com\/site\/produit\/potelet-multidirectionnel-inox-brosse-a-sangle\/","url":"https:\/\/www.sp-equipements.com\/site\/produit\/potelet-multidirectionnel-inox-brosse-a-sangle\/","name":"Potelet Multidirectionnel Inox Bross\u00e9 \u00e0 sangle - SP \u00c9quipements","isPartOf":{"@id":"https:\/\/www.sp-equipements.com\/site\/#website"},"primaryImageOfPage":{"@id":"https:\/\/www.sp-equipements.com\/site\/produit\/potelet-multidirectionnel-inox-brosse-a-sangle\/#primaryimage"},"image":{"@id":"https:\/\/www.sp-equipements.com\/site\/produit\/potelet-multidirectionnel-inox-brosse-a-sangle\/#primaryimage"},"thumbnailUrl":"https:\/\/www.sp-equipements.com\/site\/wp-content\/uploads\/2019\/06\/potelet_inox_brosse_a_sangle-1.jpg","datePublished":"2019-06-07T08:21:17+00:00","dateModified":"2019-06-19T13:32:45+00:00","breadcrumb":{"@id":"https:\/\/www.sp-equipements.com\/site\/produit\/potelet-multidirectionnel-inox-brosse-a-sangle\/#breadcrumb"},"inLanguage":"fr-FR","potentialAction":[{"@type":"ReadAction","target":["https:\/\/www.sp-equipements.com\/site\/produit\/potelet-multidirectionnel-inox-brosse-a-sangle\/"]}]},{"@type":"ImageObject","inLanguage":"fr-FR","@id":"https:\/\/www.sp-equipements.com\/site\/produit\/potelet-multidirectionnel-inox-brosse-a-sangle\/#primaryimage","url":"https:\/\/www.sp-equipements.com\/site\/wp-content\/uploads\/2019\/06\/potelet_inox_brosse_a_sangle-1.jpg","contentUrl":"https:\/\/www.sp-equipements.com\/site\/wp-content\/uploads\/2019\/06\/potelet_inox_brosse_a_sangle-1.jpg","width":190,"height":190,"caption":"potelet inox brosse a sangle 1"},{"@type":"BreadcrumbList","@id":"https:\/\/www.sp-equipements.com\/site\/produit\/potelet-multidirectionnel-inox-brosse-a-sangle\/#breadcrumb","itemListElement":[{"@type":"ListItem","position":1,"name":"Accueil","item":"https:\/\/www.sp-equipements.com\/site\/"},{"@type":"ListItem","position":2,"name":"Catalogue","item":"https:\/\/www.sp-equipements.com\/site\/catalogue\/"},{"@type":"ListItem","position":3,"name":"Potelet Multidirectionnel Inox Bross\u00e9 \u00e0 sangle"}]},{"@type":"WebSite","@id":"https:\/\/www.sp-equipements.com\/site\/#website","url":"https:\/\/www.sp-equipements.com\/site\/","name":"SP \u00c9quipements","description":"\u00c9quipements de collectivit\u00e9s","potentialAction":[{"@type":"SearchAction","target":{"@type":"EntryPoint","urlTemplate":"https:\/\/www.sp-equipements.com\/site\/?s={search_term_string}"},"query-input":"required name=search_term_string"}],"inLanguage":"fr-FR"}]}},"_links":{"self":[{"href":"https:\/\/www.sp-equipements.com\/site\/wp-json\/wp\/v2\/product\/21961"}],"collection":[{"href":"https:\/\/www.sp-equipements.com\/site\/wp-json\/wp\/v2\/product"}],"about":[{"href":"https:\/\/www.sp-equipements.com\/site\/wp-json\/wp\/v2\/types\/product"}],"replies":[{"embeddable":true,"href":"https:\/\/www.sp-equipements.com\/site\/wp-json\/wp\/v2\/comments?post=21961"}],"wp:featuredmedia":[{"embeddable":true,"href":"https:\/\/www.sp-equipements.com\/site\/wp-json\/wp\/v2\/media\/37877"}],"wp:attachment":[{"href":"https:\/\/www.sp-equipements.com\/site\/wp-json\/wp\/v2\/media?parent=21961"}],"wp:term":[{"taxonomy":"product_cat","embeddable":true,"href":"https:\/\/www.sp-equipements.com\/site\/wp-json\/wp\/v2\/product_cat?post=21961"},{"taxonomy":"product_tag","embeddable":true,"href":"https:\/\/www.sp-equipements.com\/site\/wp-json\/wp\/v2\/product_tag?post=21961"}],"curies":[{"name":"wp","href":"https:\/\/api.w.org\/{rel}","templated":true}]}}