{"id":21973,"date":"2019-06-07T10:21:23","date_gmt":"2019-06-07T08:21:23","guid":{"rendered":"http:\/\/www.polyequipements.com\/produit\/porte-manteau-pliant\/"},"modified":"2022-01-22T14:13:08","modified_gmt":"2022-01-22T13:13:08","slug":"porte-manteau-pliant","status":"publish","type":"product","link":"https:\/\/www.sp-equipements.com\/site\/produit\/porte-manteau-pliant\/","title":{"rendered":"Porte-Manteau Pliant"},"content":{"rendered":"","protected":false},"excerpt":{"rendered":"<p>\u2022 Portant en m\u00e9tal avec peinture epoxy noire<br \/>\n\u2022 D\u00e9ploy\u00e9 en un instant<br \/>\n\u2022 Faible encombrement<br \/>\n\u2022 Dimensions pli\u00e9 : Haut. 180cm. Largeur : 7cm<br \/>\n\u2022 Dimensions d\u00e9pli\u00e9 : Haut. 180cm. Largeur : 29,5cm. Longueur : 120cm<\/p>\n","protected":false},"featured_media":37889,"comment_status":"open","ping_status":"closed","template":"","meta":[],"product_cat":[241,209,107],"product_tag":[],"yoast_head":"<!-- This site is optimized with the Yoast SEO plugin v22.2 - https:\/\/yoast.com\/wordpress\/plugins\/seo\/ -->\n<title>Porte-Manteau Pliant - SP \u00c9quipements<\/title>\n<meta name=\"robots\" content=\"index, follow, max-snippet:-1, max-image-preview:large, max-video-preview:-1\" \/>\n<link rel=\"canonical\" href=\"https:\/\/www.sp-equipements.com\/site\/produit\/porte-manteau-pliant\/\" \/>\n<meta property=\"og:locale\" content=\"fr_FR\" \/>\n<meta property=\"og:type\" content=\"article\" \/>\n<meta property=\"og:title\" content=\"Porte-Manteau Pliant - SP \u00c9quipements\" \/>\n<meta property=\"og:description\" content=\"\u2022 Portant en m\u00e9tal avec peinture epoxy noire \u2022 D\u00e9ploy\u00e9 en un instant \u2022 Faible encombrement \u2022 Dimensions pli\u00e9 : Haut. 180cm. Largeur : 7cm \u2022 Dimensions d\u00e9pli\u00e9 : Haut. 180cm. Largeur : 29,5cm. Longueur : 120cm\" \/>\n<meta property=\"og:url\" content=\"https:\/\/www.sp-equipements.com\/site\/produit\/porte-manteau-pliant\/\" \/>\n<meta property=\"og:site_name\" content=\"SP \u00c9quipements\" \/>\n<meta property=\"article:modified_time\" content=\"2022-01-22T13:13:08+00:00\" \/>\n<meta property=\"og:image\" content=\"https:\/\/www.sp-equipements.com\/site\/wp-content\/uploads\/2019\/06\/portant-1.jpg\" \/>\n\t<meta property=\"og:image:width\" content=\"190\" \/>\n\t<meta property=\"og:image:height\" content=\"190\" \/>\n\t<meta property=\"og:image:type\" content=\"image\/jpeg\" \/>\n<meta name=\"twitter:card\" content=\"summary_large_image\" \/>\n<script type=\"application\/ld+json\" class=\"yoast-schema-graph\">{\"@context\":\"https:\/\/schema.org\",\"@graph\":[{\"@type\":\"WebPage\",\"@id\":\"https:\/\/www.sp-equipements.com\/site\/produit\/porte-manteau-pliant\/\",\"url\":\"https:\/\/www.sp-equipements.com\/site\/produit\/porte-manteau-pliant\/\",\"name\":\"Porte-Manteau Pliant - SP \u00c9quipements\",\"isPartOf\":{\"@id\":\"https:\/\/www.sp-equipements.com\/site\/#website\"},\"primaryImageOfPage\":{\"@id\":\"https:\/\/www.sp-equipements.com\/site\/produit\/porte-manteau-pliant\/#primaryimage\"},\"image\":{\"@id\":\"https:\/\/www.sp-equipements.com\/site\/produit\/porte-manteau-pliant\/#primaryimage\"},\"thumbnailUrl\":\"https:\/\/www.sp-equipements.com\/site\/wp-content\/uploads\/2019\/06\/portant-1.jpg\",\"datePublished\":\"2019-06-07T08:21:23+00:00\",\"dateModified\":\"2022-01-22T13:13:08+00:00\",\"breadcrumb\":{\"@id\":\"https:\/\/www.sp-equipements.com\/site\/produit\/porte-manteau-pliant\/#breadcrumb\"},\"inLanguage\":\"fr-FR\",\"potentialAction\":[{\"@type\":\"ReadAction\",\"target\":[\"https:\/\/www.sp-equipements.com\/site\/produit\/porte-manteau-pliant\/\"]}]},{\"@type\":\"ImageObject\",\"inLanguage\":\"fr-FR\",\"@id\":\"https:\/\/www.sp-equipements.com\/site\/produit\/porte-manteau-pliant\/#primaryimage\",\"url\":\"https:\/\/www.sp-equipements.com\/site\/wp-content\/uploads\/2019\/06\/portant-1.jpg\",\"contentUrl\":\"https:\/\/www.sp-equipements.com\/site\/wp-content\/uploads\/2019\/06\/portant-1.jpg\",\"width\":190,\"height\":190,\"caption\":\"portant 1\"},{\"@type\":\"BreadcrumbList\",\"@id\":\"https:\/\/www.sp-equipements.com\/site\/produit\/porte-manteau-pliant\/#breadcrumb\",\"itemListElement\":[{\"@type\":\"ListItem\",\"position\":1,\"name\":\"Accueil\",\"item\":\"https:\/\/www.sp-equipements.com\/site\/\"},{\"@type\":\"ListItem\",\"position\":2,\"name\":\"Catalogue\",\"item\":\"https:\/\/www.sp-equipements.com\/site\/catalogue\/\"},{\"@type\":\"ListItem\",\"position\":3,\"name\":\"Porte-Manteau Pliant\"}]},{\"@type\":\"WebSite\",\"@id\":\"https:\/\/www.sp-equipements.com\/site\/#website\",\"url\":\"https:\/\/www.sp-equipements.com\/site\/\",\"name\":\"SP \u00c9quipements\",\"description\":\"\u00c9quipements de collectivit\u00e9s\",\"potentialAction\":[{\"@type\":\"SearchAction\",\"target\":{\"@type\":\"EntryPoint\",\"urlTemplate\":\"https:\/\/www.sp-equipements.com\/site\/?s={search_term_string}\"},\"query-input\":\"required name=search_term_string\"}],\"inLanguage\":\"fr-FR\"}]}<\/script>\n<!-- \/ Yoast SEO plugin. -->","yoast_head_json":{"title":"Porte-Manteau Pliant - SP \u00c9quipements","robots":{"index":"index","follow":"follow","max-snippet":"max-snippet:-1","max-image-preview":"max-image-preview:large","max-video-preview":"max-video-preview:-1"},"canonical":"https:\/\/www.sp-equipements.com\/site\/produit\/porte-manteau-pliant\/","og_locale":"fr_FR","og_type":"article","og_title":"Porte-Manteau Pliant - SP \u00c9quipements","og_description":"\u2022 Portant en m\u00e9tal avec peinture epoxy noire \u2022 D\u00e9ploy\u00e9 en un instant \u2022 Faible encombrement \u2022 Dimensions pli\u00e9 : Haut. 180cm. Largeur : 7cm \u2022 Dimensions d\u00e9pli\u00e9 : Haut. 180cm. Largeur : 29,5cm. Longueur : 120cm","og_url":"https:\/\/www.sp-equipements.com\/site\/produit\/porte-manteau-pliant\/","og_site_name":"SP \u00c9quipements","article_modified_time":"2022-01-22T13:13:08+00:00","og_image":[{"width":190,"height":190,"url":"https:\/\/www.sp-equipements.com\/site\/wp-content\/uploads\/2019\/06\/portant-1.jpg","type":"image\/jpeg"}],"twitter_card":"summary_large_image","schema":{"@context":"https:\/\/schema.org","@graph":[{"@type":"WebPage","@id":"https:\/\/www.sp-equipements.com\/site\/produit\/porte-manteau-pliant\/","url":"https:\/\/www.sp-equipements.com\/site\/produit\/porte-manteau-pliant\/","name":"Porte-Manteau Pliant - SP \u00c9quipements","isPartOf":{"@id":"https:\/\/www.sp-equipements.com\/site\/#website"},"primaryImageOfPage":{"@id":"https:\/\/www.sp-equipements.com\/site\/produit\/porte-manteau-pliant\/#primaryimage"},"image":{"@id":"https:\/\/www.sp-equipements.com\/site\/produit\/porte-manteau-pliant\/#primaryimage"},"thumbnailUrl":"https:\/\/www.sp-equipements.com\/site\/wp-content\/uploads\/2019\/06\/portant-1.jpg","datePublished":"2019-06-07T08:21:23+00:00","dateModified":"2022-01-22T13:13:08+00:00","breadcrumb":{"@id":"https:\/\/www.sp-equipements.com\/site\/produit\/porte-manteau-pliant\/#breadcrumb"},"inLanguage":"fr-FR","potentialAction":[{"@type":"ReadAction","target":["https:\/\/www.sp-equipements.com\/site\/produit\/porte-manteau-pliant\/"]}]},{"@type":"ImageObject","inLanguage":"fr-FR","@id":"https:\/\/www.sp-equipements.com\/site\/produit\/porte-manteau-pliant\/#primaryimage","url":"https:\/\/www.sp-equipements.com\/site\/wp-content\/uploads\/2019\/06\/portant-1.jpg","contentUrl":"https:\/\/www.sp-equipements.com\/site\/wp-content\/uploads\/2019\/06\/portant-1.jpg","width":190,"height":190,"caption":"portant 1"},{"@type":"BreadcrumbList","@id":"https:\/\/www.sp-equipements.com\/site\/produit\/porte-manteau-pliant\/#breadcrumb","itemListElement":[{"@type":"ListItem","position":1,"name":"Accueil","item":"https:\/\/www.sp-equipements.com\/site\/"},{"@type":"ListItem","position":2,"name":"Catalogue","item":"https:\/\/www.sp-equipements.com\/site\/catalogue\/"},{"@type":"ListItem","position":3,"name":"Porte-Manteau Pliant"}]},{"@type":"WebSite","@id":"https:\/\/www.sp-equipements.com\/site\/#website","url":"https:\/\/www.sp-equipements.com\/site\/","name":"SP \u00c9quipements","description":"\u00c9quipements de collectivit\u00e9s","potentialAction":[{"@type":"SearchAction","target":{"@type":"EntryPoint","urlTemplate":"https:\/\/www.sp-equipements.com\/site\/?s={search_term_string}"},"query-input":"required name=search_term_string"}],"inLanguage":"fr-FR"}]}},"_links":{"self":[{"href":"https:\/\/www.sp-equipements.com\/site\/wp-json\/wp\/v2\/product\/21973"}],"collection":[{"href":"https:\/\/www.sp-equipements.com\/site\/wp-json\/wp\/v2\/product"}],"about":[{"href":"https:\/\/www.sp-equipements.com\/site\/wp-json\/wp\/v2\/types\/product"}],"replies":[{"embeddable":true,"href":"https:\/\/www.sp-equipements.com\/site\/wp-json\/wp\/v2\/comments?post=21973"}],"wp:featuredmedia":[{"embeddable":true,"href":"https:\/\/www.sp-equipements.com\/site\/wp-json\/wp\/v2\/media\/37889"}],"wp:attachment":[{"href":"https:\/\/www.sp-equipements.com\/site\/wp-json\/wp\/v2\/media?parent=21973"}],"wp:term":[{"taxonomy":"product_cat","embeddable":true,"href":"https:\/\/www.sp-equipements.com\/site\/wp-json\/wp\/v2\/product_cat?post=21973"},{"taxonomy":"product_tag","embeddable":true,"href":"https:\/\/www.sp-equipements.com\/site\/wp-json\/wp\/v2\/product_tag?post=21973"}],"curies":[{"name":"wp","href":"https:\/\/api.w.org\/{rel}","templated":true}]}}