{"id":21974,"date":"2019-06-07T10:21:23","date_gmt":"2019-06-07T08:21:23","guid":{"rendered":"http:\/\/www.polyequipements.com\/produit\/grille-dexposition-caddie\/"},"modified":"2022-06-04T16:40:41","modified_gmt":"2022-06-04T14:40:41","slug":"grille-dexposition-caddie","status":"publish","type":"product","link":"https:\/\/www.sp-equipements.com\/site\/produit\/grille-dexposition-caddie\/","title":{"rendered":"Grille d&rsquo;Exposition CADDIE"},"content":{"rendered":"","protected":false},"excerpt":{"rendered":"<div id=\"box-article-description\">\n<div id=\"display-article-description\">\n<p><i>Id\u00e9ale pour vos expositions et l\u2019affichage d\u2019information gr\u00e2ce \u00e0 leur surface de pr\u00e9sentation recto\/verso.<\/i>\u00a0La grille d&rsquo;exposition Caddie est discr\u00e8te et s&rsquo;efface derri\u00e8re l&rsquo;objet pr\u00e9sent\u00e9. Elle est disponible en 2, 3 et 5 trav\u00e9es.<\/p>\n<p>Les grilles d&rsquo;exposition Caddie sont en fil acier\u00a0<b>zingu\u00e9<\/b>\u00a0\u00e9lectrolytique recouvert d\u2019un vernis incolore donnant un aspect\u00a0<b>brillant<\/b>. R\u00e9sistantes aux multiples manutentions. Chaque grille est livr\u00e9e avec deux charni\u00e8res de protection.<\/p>\n<p>Assemblable avec deux charni\u00e8res d\u2019assemblage qui rendent le montage et d\u00e9montage facile. Utilisation int\u00e9rieure et ext\u00e9rieure (\u00e0 l\u2019abri de l\u2019humidit\u00e9).<\/p>\n<p><b>Dimensions existantes :<\/b><br \/>\n<b>5 Trav\u00e9es<\/b>\u00a0: H2030mm\/L1200mm\u00a0<i>Livr\u00e9e avec 2 charni\u00e8res d&rsquo;assemblage et 2 pieds de protection.<\/i><br \/>\n<b>3 Trav\u00e9es<\/b>\u00a0: H2030mm\/L725mm\u00a0<i>Livr\u00e9e avec 2 charni\u00e8res d&rsquo;assemblage et 1 pied de protection.<\/i><br \/>\n<b>2 Trav\u00e9es<\/b>\u00a0: H2030mm\/L485mm\u00a0<i>Livr\u00e9e avec 2 charni\u00e8res d&rsquo;assemblage et 1 pied de protection.<\/i><\/p>\n<\/div>\n<\/div>\n","protected":false},"featured_media":37890,"comment_status":"open","ping_status":"closed","template":"","meta":[],"product_cat":[207,107],"product_tag":[],"yoast_head":"<!-- This site is optimized with the Yoast SEO plugin v22.2 - https:\/\/yoast.com\/wordpress\/plugins\/seo\/ -->\n<title>Grille d&#039;Exposition CADDIE - SP \u00c9quipements<\/title>\n<meta name=\"robots\" content=\"index, follow, max-snippet:-1, max-image-preview:large, max-video-preview:-1\" \/>\n<link rel=\"canonical\" href=\"https:\/\/www.sp-equipements.com\/site\/produit\/grille-dexposition-caddie\/\" \/>\n<meta property=\"og:locale\" content=\"fr_FR\" \/>\n<meta property=\"og:type\" content=\"article\" \/>\n<meta property=\"og:title\" content=\"Grille d&#039;Exposition CADDIE - SP \u00c9quipements\" \/>\n<meta property=\"og:description\" content=\"Id\u00e9ale pour vos expositions et l\u2019affichage d\u2019information gr\u00e2ce \u00e0 leur surface de pr\u00e9sentation recto\/verso.\u00a0La grille d&#039;exposition Caddie est discr\u00e8te et s&#039;efface derri\u00e8re l&#039;objet pr\u00e9sent\u00e9. Elle est disponible en 2, 3 et 5 trav\u00e9es.  Les grilles d&#039;exposition Caddie sont en fil acier\u00a0zingu\u00e9\u00a0\u00e9lectrolytique recouvert d\u2019un vernis incolore donnant un aspect\u00a0brillant. R\u00e9sistantes aux multiples manutentions. Chaque grille est livr\u00e9e avec deux charni\u00e8res de protection.  Assemblable avec deux charni\u00e8res d\u2019assemblage qui rendent le montage et d\u00e9montage facile. Utilisation int\u00e9rieure et ext\u00e9rieure (\u00e0 l\u2019abri de l\u2019humidit\u00e9).  Dimensions existantes : 5 Trav\u00e9es\u00a0: H2030mm\/L1200mm\u00a0Livr\u00e9e avec 2 charni\u00e8res d&#039;assemblage et 2 pieds de protection. 3 Trav\u00e9es\u00a0: H2030mm\/L725mm\u00a0Livr\u00e9e avec 2 charni\u00e8res d&#039;assemblage et 1 pied de protection. 2 Trav\u00e9es\u00a0: H2030mm\/L485mm\u00a0Livr\u00e9e avec 2 charni\u00e8res d&#039;assemblage et 1 pied de protection.\" \/>\n<meta property=\"og:url\" content=\"https:\/\/www.sp-equipements.com\/site\/produit\/grille-dexposition-caddie\/\" \/>\n<meta property=\"og:site_name\" content=\"SP \u00c9quipements\" \/>\n<meta property=\"article:modified_time\" content=\"2022-06-04T14:40:41+00:00\" \/>\n<meta property=\"og:image\" content=\"https:\/\/www.sp-equipements.com\/site\/wp-content\/uploads\/2019\/06\/grille_exposition_caddie-1.jpg\" \/>\n\t<meta property=\"og:image:width\" content=\"190\" \/>\n\t<meta property=\"og:image:height\" content=\"190\" \/>\n\t<meta property=\"og:image:type\" content=\"image\/jpeg\" \/>\n<meta name=\"twitter:card\" content=\"summary_large_image\" \/>\n<script type=\"application\/ld+json\" class=\"yoast-schema-graph\">{\"@context\":\"https:\/\/schema.org\",\"@graph\":[{\"@type\":\"WebPage\",\"@id\":\"https:\/\/www.sp-equipements.com\/site\/produit\/grille-dexposition-caddie\/\",\"url\":\"https:\/\/www.sp-equipements.com\/site\/produit\/grille-dexposition-caddie\/\",\"name\":\"Grille d'Exposition CADDIE - SP \u00c9quipements\",\"isPartOf\":{\"@id\":\"https:\/\/www.sp-equipements.com\/site\/#website\"},\"primaryImageOfPage\":{\"@id\":\"https:\/\/www.sp-equipements.com\/site\/produit\/grille-dexposition-caddie\/#primaryimage\"},\"image\":{\"@id\":\"https:\/\/www.sp-equipements.com\/site\/produit\/grille-dexposition-caddie\/#primaryimage\"},\"thumbnailUrl\":\"https:\/\/www.sp-equipements.com\/site\/wp-content\/uploads\/2019\/06\/grille_exposition_caddie-1.jpg\",\"datePublished\":\"2019-06-07T08:21:23+00:00\",\"dateModified\":\"2022-06-04T14:40:41+00:00\",\"breadcrumb\":{\"@id\":\"https:\/\/www.sp-equipements.com\/site\/produit\/grille-dexposition-caddie\/#breadcrumb\"},\"inLanguage\":\"fr-FR\",\"potentialAction\":[{\"@type\":\"ReadAction\",\"target\":[\"https:\/\/www.sp-equipements.com\/site\/produit\/grille-dexposition-caddie\/\"]}]},{\"@type\":\"ImageObject\",\"inLanguage\":\"fr-FR\",\"@id\":\"https:\/\/www.sp-equipements.com\/site\/produit\/grille-dexposition-caddie\/#primaryimage\",\"url\":\"https:\/\/www.sp-equipements.com\/site\/wp-content\/uploads\/2019\/06\/grille_exposition_caddie-1.jpg\",\"contentUrl\":\"https:\/\/www.sp-equipements.com\/site\/wp-content\/uploads\/2019\/06\/grille_exposition_caddie-1.jpg\",\"width\":190,\"height\":190,\"caption\":\"grille exposition caddie 1\"},{\"@type\":\"BreadcrumbList\",\"@id\":\"https:\/\/www.sp-equipements.com\/site\/produit\/grille-dexposition-caddie\/#breadcrumb\",\"itemListElement\":[{\"@type\":\"ListItem\",\"position\":1,\"name\":\"Accueil\",\"item\":\"https:\/\/www.sp-equipements.com\/site\/\"},{\"@type\":\"ListItem\",\"position\":2,\"name\":\"Catalogue\",\"item\":\"https:\/\/www.sp-equipements.com\/site\/catalogue\/\"},{\"@type\":\"ListItem\",\"position\":3,\"name\":\"Grille d&rsquo;Exposition CADDIE\"}]},{\"@type\":\"WebSite\",\"@id\":\"https:\/\/www.sp-equipements.com\/site\/#website\",\"url\":\"https:\/\/www.sp-equipements.com\/site\/\",\"name\":\"SP \u00c9quipements\",\"description\":\"\u00c9quipements de collectivit\u00e9s\",\"potentialAction\":[{\"@type\":\"SearchAction\",\"target\":{\"@type\":\"EntryPoint\",\"urlTemplate\":\"https:\/\/www.sp-equipements.com\/site\/?s={search_term_string}\"},\"query-input\":\"required name=search_term_string\"}],\"inLanguage\":\"fr-FR\"}]}<\/script>\n<!-- \/ Yoast SEO plugin. -->","yoast_head_json":{"title":"Grille d'Exposition CADDIE - SP \u00c9quipements","robots":{"index":"index","follow":"follow","max-snippet":"max-snippet:-1","max-image-preview":"max-image-preview:large","max-video-preview":"max-video-preview:-1"},"canonical":"https:\/\/www.sp-equipements.com\/site\/produit\/grille-dexposition-caddie\/","og_locale":"fr_FR","og_type":"article","og_title":"Grille d'Exposition CADDIE - SP \u00c9quipements","og_description":"Id\u00e9ale pour vos expositions et l\u2019affichage d\u2019information gr\u00e2ce \u00e0 leur surface de pr\u00e9sentation recto\/verso.\u00a0La grille d'exposition Caddie est discr\u00e8te et s'efface derri\u00e8re l'objet pr\u00e9sent\u00e9. Elle est disponible en 2, 3 et 5 trav\u00e9es.  Les grilles d'exposition Caddie sont en fil acier\u00a0zingu\u00e9\u00a0\u00e9lectrolytique recouvert d\u2019un vernis incolore donnant un aspect\u00a0brillant. R\u00e9sistantes aux multiples manutentions. Chaque grille est livr\u00e9e avec deux charni\u00e8res de protection.  Assemblable avec deux charni\u00e8res d\u2019assemblage qui rendent le montage et d\u00e9montage facile. Utilisation int\u00e9rieure et ext\u00e9rieure (\u00e0 l\u2019abri de l\u2019humidit\u00e9).  Dimensions existantes : 5 Trav\u00e9es\u00a0: H2030mm\/L1200mm\u00a0Livr\u00e9e avec 2 charni\u00e8res d'assemblage et 2 pieds de protection. 3 Trav\u00e9es\u00a0: H2030mm\/L725mm\u00a0Livr\u00e9e avec 2 charni\u00e8res d'assemblage et 1 pied de protection. 2 Trav\u00e9es\u00a0: H2030mm\/L485mm\u00a0Livr\u00e9e avec 2 charni\u00e8res d'assemblage et 1 pied de protection.","og_url":"https:\/\/www.sp-equipements.com\/site\/produit\/grille-dexposition-caddie\/","og_site_name":"SP \u00c9quipements","article_modified_time":"2022-06-04T14:40:41+00:00","og_image":[{"width":190,"height":190,"url":"https:\/\/www.sp-equipements.com\/site\/wp-content\/uploads\/2019\/06\/grille_exposition_caddie-1.jpg","type":"image\/jpeg"}],"twitter_card":"summary_large_image","schema":{"@context":"https:\/\/schema.org","@graph":[{"@type":"WebPage","@id":"https:\/\/www.sp-equipements.com\/site\/produit\/grille-dexposition-caddie\/","url":"https:\/\/www.sp-equipements.com\/site\/produit\/grille-dexposition-caddie\/","name":"Grille d'Exposition CADDIE - SP \u00c9quipements","isPartOf":{"@id":"https:\/\/www.sp-equipements.com\/site\/#website"},"primaryImageOfPage":{"@id":"https:\/\/www.sp-equipements.com\/site\/produit\/grille-dexposition-caddie\/#primaryimage"},"image":{"@id":"https:\/\/www.sp-equipements.com\/site\/produit\/grille-dexposition-caddie\/#primaryimage"},"thumbnailUrl":"https:\/\/www.sp-equipements.com\/site\/wp-content\/uploads\/2019\/06\/grille_exposition_caddie-1.jpg","datePublished":"2019-06-07T08:21:23+00:00","dateModified":"2022-06-04T14:40:41+00:00","breadcrumb":{"@id":"https:\/\/www.sp-equipements.com\/site\/produit\/grille-dexposition-caddie\/#breadcrumb"},"inLanguage":"fr-FR","potentialAction":[{"@type":"ReadAction","target":["https:\/\/www.sp-equipements.com\/site\/produit\/grille-dexposition-caddie\/"]}]},{"@type":"ImageObject","inLanguage":"fr-FR","@id":"https:\/\/www.sp-equipements.com\/site\/produit\/grille-dexposition-caddie\/#primaryimage","url":"https:\/\/www.sp-equipements.com\/site\/wp-content\/uploads\/2019\/06\/grille_exposition_caddie-1.jpg","contentUrl":"https:\/\/www.sp-equipements.com\/site\/wp-content\/uploads\/2019\/06\/grille_exposition_caddie-1.jpg","width":190,"height":190,"caption":"grille exposition caddie 1"},{"@type":"BreadcrumbList","@id":"https:\/\/www.sp-equipements.com\/site\/produit\/grille-dexposition-caddie\/#breadcrumb","itemListElement":[{"@type":"ListItem","position":1,"name":"Accueil","item":"https:\/\/www.sp-equipements.com\/site\/"},{"@type":"ListItem","position":2,"name":"Catalogue","item":"https:\/\/www.sp-equipements.com\/site\/catalogue\/"},{"@type":"ListItem","position":3,"name":"Grille d&rsquo;Exposition CADDIE"}]},{"@type":"WebSite","@id":"https:\/\/www.sp-equipements.com\/site\/#website","url":"https:\/\/www.sp-equipements.com\/site\/","name":"SP \u00c9quipements","description":"\u00c9quipements de collectivit\u00e9s","potentialAction":[{"@type":"SearchAction","target":{"@type":"EntryPoint","urlTemplate":"https:\/\/www.sp-equipements.com\/site\/?s={search_term_string}"},"query-input":"required name=search_term_string"}],"inLanguage":"fr-FR"}]}},"_links":{"self":[{"href":"https:\/\/www.sp-equipements.com\/site\/wp-json\/wp\/v2\/product\/21974"}],"collection":[{"href":"https:\/\/www.sp-equipements.com\/site\/wp-json\/wp\/v2\/product"}],"about":[{"href":"https:\/\/www.sp-equipements.com\/site\/wp-json\/wp\/v2\/types\/product"}],"replies":[{"embeddable":true,"href":"https:\/\/www.sp-equipements.com\/site\/wp-json\/wp\/v2\/comments?post=21974"}],"wp:featuredmedia":[{"embeddable":true,"href":"https:\/\/www.sp-equipements.com\/site\/wp-json\/wp\/v2\/media\/37890"}],"wp:attachment":[{"href":"https:\/\/www.sp-equipements.com\/site\/wp-json\/wp\/v2\/media?parent=21974"}],"wp:term":[{"taxonomy":"product_cat","embeddable":true,"href":"https:\/\/www.sp-equipements.com\/site\/wp-json\/wp\/v2\/product_cat?post=21974"},{"taxonomy":"product_tag","embeddable":true,"href":"https:\/\/www.sp-equipements.com\/site\/wp-json\/wp\/v2\/product_tag?post=21974"}],"curies":[{"name":"wp","href":"https:\/\/api.w.org\/{rel}","templated":true}]}}