{"id":21982,"date":"2019-06-07T10:22:00","date_gmt":"2019-06-07T08:22:00","guid":{"rendered":"http:\/\/www.polyequipements.com\/produit\/ecran-de-projection-valise\/"},"modified":"2019-06-19T15:32:56","modified_gmt":"2019-06-19T13:32:56","slug":"ecran-de-projection-valise","status":"publish","type":"product","link":"https:\/\/www.sp-equipements.com\/site\/produit\/ecran-de-projection-valise\/","title":{"rendered":"Ecran de Projection Valise"},"content":{"rendered":"","protected":false},"excerpt":{"rendered":"<p>\u2022 \u00c9cran id\u00e9al pour les installations temporaires<br \/>\n\u2022 Livr\u00e9 avec valise de transport ABS tr\u00e8s l\u00e9g\u00e8re et r\u00e9sistante \u00e9quip\u00e9e de roulettes<br \/>\n\u2022 Ecran valise : son cadre vous garantit un montage facile gr\u00e2ce \u00e0 ses charni\u00e8res clipsables<br \/>\n\u2022 Surface de projection tendue avec boutons pressions<br \/>\n\u2022 1 cadre renforc\u00e9<br \/>\n\u2022 2 pieds renforc\u00e9s<br \/>\n\u2022 Hauteurs ajustable tous les 15 cm<br \/>\n\u2022 Toile de projection de face Blanc ou Toile r\u00e9tro-projection Blanche ou Grise<\/p>\n<p>Dimension Dimension DimensionPoids<br \/>\nimage hors tout valise<br \/>\nH x L H x L en cm<br \/>\n___________________________________________<br \/>\n1,23 x 1,74 m |1,37 x 1,88 m |30 x 40 x 132 |29 kg<br \/>\n___________________________________________<br \/>\n1,69 x 2,30 m |1,83 x 2,44 m |30 x 40 x 132 |32 kg<br \/>\n___________________________________________<br \/>\n2,15 x 2,91 m |2,29 x 3,05 m |30 x 40 x 132 |36 kg<br \/>\n___________________________________________<br \/>\n3,06 x 4,13 m |3,20 x 4,27 m |30 x 40 x 147 |40 kg<br \/>\n___________________________________________<\/p>\n","protected":false},"featured_media":37897,"comment_status":"open","ping_status":"closed","template":"","meta":[],"product_cat":[211,108],"product_tag":[],"yoast_head":"<!-- This site is optimized with the Yoast SEO plugin v22.2 - https:\/\/yoast.com\/wordpress\/plugins\/seo\/ -->\n<title>Ecran de Projection Valise - SP \u00c9quipements<\/title>\n<meta name=\"robots\" content=\"index, follow, max-snippet:-1, max-image-preview:large, max-video-preview:-1\" \/>\n<link rel=\"canonical\" href=\"https:\/\/www.sp-equipements.com\/site\/produit\/ecran-de-projection-valise\/\" \/>\n<meta property=\"og:locale\" content=\"fr_FR\" \/>\n<meta property=\"og:type\" content=\"article\" \/>\n<meta property=\"og:title\" content=\"Ecran de Projection Valise - SP \u00c9quipements\" \/>\n<meta property=\"og:description\" content=\"\u2022 \u00c9cran id\u00e9al pour les installations temporaires \u2022 Livr\u00e9 avec valise de transport ABS tr\u00e8s l\u00e9g\u00e8re et r\u00e9sistante \u00e9quip\u00e9e de roulettes \u2022 Ecran valise : son cadre vous garantit un montage facile gr\u00e2ce \u00e0 ses charni\u00e8res clipsables \u2022 Surface de projection tendue avec boutons pressions \u2022 1 cadre renforc\u00e9 \u2022 2 pieds renforc\u00e9s \u2022 Hauteurs ajustable tous les 15 cm \u2022 Toile de projection de face Blanc ou Toile r\u00e9tro-projection Blanche ou Grise  Dimension Dimension DimensionPoids image hors tout valise H x L H x L en cm ___________________________________________ 1,23 x 1,74 m |1,37 x 1,88 m |30 x 40 x 132 |29 kg ___________________________________________ 1,69 x 2,30 m |1,83 x 2,44 m |30 x 40 x 132 |32 kg ___________________________________________ 2,15 x 2,91 m |2,29 x 3,05 m |30 x 40 x 132 |36 kg ___________________________________________ 3,06 x 4,13 m |3,20 x 4,27 m |30 x 40 x 147 |40 kg ___________________________________________\" \/>\n<meta property=\"og:url\" content=\"https:\/\/www.sp-equipements.com\/site\/produit\/ecran-de-projection-valise\/\" \/>\n<meta property=\"og:site_name\" content=\"SP \u00c9quipements\" \/>\n<meta property=\"article:modified_time\" content=\"2019-06-19T13:32:56+00:00\" \/>\n<meta property=\"og:image\" content=\"https:\/\/www.sp-equipements.com\/site\/wp-content\/uploads\/2019\/06\/ecran_valise-1.jpg\" \/>\n\t<meta property=\"og:image:width\" content=\"190\" \/>\n\t<meta property=\"og:image:height\" content=\"190\" \/>\n\t<meta property=\"og:image:type\" content=\"image\/jpeg\" \/>\n<meta name=\"twitter:card\" content=\"summary_large_image\" \/>\n<script type=\"application\/ld+json\" class=\"yoast-schema-graph\">{\"@context\":\"https:\/\/schema.org\",\"@graph\":[{\"@type\":\"WebPage\",\"@id\":\"https:\/\/www.sp-equipements.com\/site\/produit\/ecran-de-projection-valise\/\",\"url\":\"https:\/\/www.sp-equipements.com\/site\/produit\/ecran-de-projection-valise\/\",\"name\":\"Ecran de Projection Valise - SP \u00c9quipements\",\"isPartOf\":{\"@id\":\"https:\/\/www.sp-equipements.com\/site\/#website\"},\"primaryImageOfPage\":{\"@id\":\"https:\/\/www.sp-equipements.com\/site\/produit\/ecran-de-projection-valise\/#primaryimage\"},\"image\":{\"@id\":\"https:\/\/www.sp-equipements.com\/site\/produit\/ecran-de-projection-valise\/#primaryimage\"},\"thumbnailUrl\":\"https:\/\/www.sp-equipements.com\/site\/wp-content\/uploads\/2019\/06\/ecran_valise-1.jpg\",\"datePublished\":\"2019-06-07T08:22:00+00:00\",\"dateModified\":\"2019-06-19T13:32:56+00:00\",\"breadcrumb\":{\"@id\":\"https:\/\/www.sp-equipements.com\/site\/produit\/ecran-de-projection-valise\/#breadcrumb\"},\"inLanguage\":\"fr-FR\",\"potentialAction\":[{\"@type\":\"ReadAction\",\"target\":[\"https:\/\/www.sp-equipements.com\/site\/produit\/ecran-de-projection-valise\/\"]}]},{\"@type\":\"ImageObject\",\"inLanguage\":\"fr-FR\",\"@id\":\"https:\/\/www.sp-equipements.com\/site\/produit\/ecran-de-projection-valise\/#primaryimage\",\"url\":\"https:\/\/www.sp-equipements.com\/site\/wp-content\/uploads\/2019\/06\/ecran_valise-1.jpg\",\"contentUrl\":\"https:\/\/www.sp-equipements.com\/site\/wp-content\/uploads\/2019\/06\/ecran_valise-1.jpg\",\"width\":190,\"height\":190,\"caption\":\"ecran valise 1\"},{\"@type\":\"BreadcrumbList\",\"@id\":\"https:\/\/www.sp-equipements.com\/site\/produit\/ecran-de-projection-valise\/#breadcrumb\",\"itemListElement\":[{\"@type\":\"ListItem\",\"position\":1,\"name\":\"Accueil\",\"item\":\"https:\/\/www.sp-equipements.com\/site\/\"},{\"@type\":\"ListItem\",\"position\":2,\"name\":\"Catalogue\",\"item\":\"https:\/\/www.sp-equipements.com\/site\/catalogue\/\"},{\"@type\":\"ListItem\",\"position\":3,\"name\":\"Ecran de Projection Valise\"}]},{\"@type\":\"WebSite\",\"@id\":\"https:\/\/www.sp-equipements.com\/site\/#website\",\"url\":\"https:\/\/www.sp-equipements.com\/site\/\",\"name\":\"SP \u00c9quipements\",\"description\":\"\u00c9quipements de collectivit\u00e9s\",\"potentialAction\":[{\"@type\":\"SearchAction\",\"target\":{\"@type\":\"EntryPoint\",\"urlTemplate\":\"https:\/\/www.sp-equipements.com\/site\/?s={search_term_string}\"},\"query-input\":\"required name=search_term_string\"}],\"inLanguage\":\"fr-FR\"}]}<\/script>\n<!-- \/ Yoast SEO plugin. -->","yoast_head_json":{"title":"Ecran de Projection Valise - SP \u00c9quipements","robots":{"index":"index","follow":"follow","max-snippet":"max-snippet:-1","max-image-preview":"max-image-preview:large","max-video-preview":"max-video-preview:-1"},"canonical":"https:\/\/www.sp-equipements.com\/site\/produit\/ecran-de-projection-valise\/","og_locale":"fr_FR","og_type":"article","og_title":"Ecran de Projection Valise - SP \u00c9quipements","og_description":"\u2022 \u00c9cran id\u00e9al pour les installations temporaires \u2022 Livr\u00e9 avec valise de transport ABS tr\u00e8s l\u00e9g\u00e8re et r\u00e9sistante \u00e9quip\u00e9e de roulettes \u2022 Ecran valise : son cadre vous garantit un montage facile gr\u00e2ce \u00e0 ses charni\u00e8res clipsables \u2022 Surface de projection tendue avec boutons pressions \u2022 1 cadre renforc\u00e9 \u2022 2 pieds renforc\u00e9s \u2022 Hauteurs ajustable tous les 15 cm \u2022 Toile de projection de face Blanc ou Toile r\u00e9tro-projection Blanche ou Grise  Dimension Dimension DimensionPoids image hors tout valise H x L H x L en cm ___________________________________________ 1,23 x 1,74 m |1,37 x 1,88 m |30 x 40 x 132 |29 kg ___________________________________________ 1,69 x 2,30 m |1,83 x 2,44 m |30 x 40 x 132 |32 kg ___________________________________________ 2,15 x 2,91 m |2,29 x 3,05 m |30 x 40 x 132 |36 kg ___________________________________________ 3,06 x 4,13 m |3,20 x 4,27 m |30 x 40 x 147 |40 kg ___________________________________________","og_url":"https:\/\/www.sp-equipements.com\/site\/produit\/ecran-de-projection-valise\/","og_site_name":"SP \u00c9quipements","article_modified_time":"2019-06-19T13:32:56+00:00","og_image":[{"width":190,"height":190,"url":"https:\/\/www.sp-equipements.com\/site\/wp-content\/uploads\/2019\/06\/ecran_valise-1.jpg","type":"image\/jpeg"}],"twitter_card":"summary_large_image","schema":{"@context":"https:\/\/schema.org","@graph":[{"@type":"WebPage","@id":"https:\/\/www.sp-equipements.com\/site\/produit\/ecran-de-projection-valise\/","url":"https:\/\/www.sp-equipements.com\/site\/produit\/ecran-de-projection-valise\/","name":"Ecran de Projection Valise - SP \u00c9quipements","isPartOf":{"@id":"https:\/\/www.sp-equipements.com\/site\/#website"},"primaryImageOfPage":{"@id":"https:\/\/www.sp-equipements.com\/site\/produit\/ecran-de-projection-valise\/#primaryimage"},"image":{"@id":"https:\/\/www.sp-equipements.com\/site\/produit\/ecran-de-projection-valise\/#primaryimage"},"thumbnailUrl":"https:\/\/www.sp-equipements.com\/site\/wp-content\/uploads\/2019\/06\/ecran_valise-1.jpg","datePublished":"2019-06-07T08:22:00+00:00","dateModified":"2019-06-19T13:32:56+00:00","breadcrumb":{"@id":"https:\/\/www.sp-equipements.com\/site\/produit\/ecran-de-projection-valise\/#breadcrumb"},"inLanguage":"fr-FR","potentialAction":[{"@type":"ReadAction","target":["https:\/\/www.sp-equipements.com\/site\/produit\/ecran-de-projection-valise\/"]}]},{"@type":"ImageObject","inLanguage":"fr-FR","@id":"https:\/\/www.sp-equipements.com\/site\/produit\/ecran-de-projection-valise\/#primaryimage","url":"https:\/\/www.sp-equipements.com\/site\/wp-content\/uploads\/2019\/06\/ecran_valise-1.jpg","contentUrl":"https:\/\/www.sp-equipements.com\/site\/wp-content\/uploads\/2019\/06\/ecran_valise-1.jpg","width":190,"height":190,"caption":"ecran valise 1"},{"@type":"BreadcrumbList","@id":"https:\/\/www.sp-equipements.com\/site\/produit\/ecran-de-projection-valise\/#breadcrumb","itemListElement":[{"@type":"ListItem","position":1,"name":"Accueil","item":"https:\/\/www.sp-equipements.com\/site\/"},{"@type":"ListItem","position":2,"name":"Catalogue","item":"https:\/\/www.sp-equipements.com\/site\/catalogue\/"},{"@type":"ListItem","position":3,"name":"Ecran de Projection Valise"}]},{"@type":"WebSite","@id":"https:\/\/www.sp-equipements.com\/site\/#website","url":"https:\/\/www.sp-equipements.com\/site\/","name":"SP \u00c9quipements","description":"\u00c9quipements de collectivit\u00e9s","potentialAction":[{"@type":"SearchAction","target":{"@type":"EntryPoint","urlTemplate":"https:\/\/www.sp-equipements.com\/site\/?s={search_term_string}"},"query-input":"required name=search_term_string"}],"inLanguage":"fr-FR"}]}},"_links":{"self":[{"href":"https:\/\/www.sp-equipements.com\/site\/wp-json\/wp\/v2\/product\/21982"}],"collection":[{"href":"https:\/\/www.sp-equipements.com\/site\/wp-json\/wp\/v2\/product"}],"about":[{"href":"https:\/\/www.sp-equipements.com\/site\/wp-json\/wp\/v2\/types\/product"}],"replies":[{"embeddable":true,"href":"https:\/\/www.sp-equipements.com\/site\/wp-json\/wp\/v2\/comments?post=21982"}],"wp:featuredmedia":[{"embeddable":true,"href":"https:\/\/www.sp-equipements.com\/site\/wp-json\/wp\/v2\/media\/37897"}],"wp:attachment":[{"href":"https:\/\/www.sp-equipements.com\/site\/wp-json\/wp\/v2\/media?parent=21982"}],"wp:term":[{"taxonomy":"product_cat","embeddable":true,"href":"https:\/\/www.sp-equipements.com\/site\/wp-json\/wp\/v2\/product_cat?post=21982"},{"taxonomy":"product_tag","embeddable":true,"href":"https:\/\/www.sp-equipements.com\/site\/wp-json\/wp\/v2\/product_tag?post=21982"}],"curies":[{"name":"wp","href":"https:\/\/api.w.org\/{rel}","templated":true}]}}