{"id":21983,"date":"2019-06-07T10:22:01","date_gmt":"2019-06-07T08:22:01","guid":{"rendered":"http:\/\/www.polyequipements.com\/produit\/dalle-plombante-2x1m\/"},"modified":"2019-06-19T15:32:56","modified_gmt":"2019-06-19T13:32:56","slug":"dalle-plombante-2x1m","status":"publish","type":"product","link":"https:\/\/www.sp-equipements.com\/site\/produit\/dalle-plombante-2x1m\/","title":{"rendered":"Dalle Plombante 2x1m"},"content":{"rendered":"","protected":false},"excerpt":{"rendered":"<div id=\"box-article-description\">\n<div id=\"display-article-description\">\n<p><i>\u2022 Dalle de 2m\u00b2 pour sols fragiles et trafic intense.<\/i><br \/>\n\u2022 Epaisseur : \u00b1 7,5 mm<br \/>\n\u2022 Poids total : 3 400 g\/m\u00b2<br \/>\n\u2022 Velours 100 % polypropyl\u00e8ne, dossier en polyol\u00e9fine Classement feu :\u00a0<b>M3 en pose libre<\/b><br \/>\n\u2022 100% recyclable.<\/p>\n<p><i>Pose dans le m\u00eame sens ou en damier. Stockage \u00e0 plat. Nettoyage courant avec un aspirateur brosseur. D\u00e9tachage possible \u00e0 l\u2019eau de javel dilu\u00e9e. Vendue \u00e0 partir de 40m\u00b2<\/i><\/p>\n<p><b>Prix au m\u00b2<\/b><\/p>\n<\/div>\n<\/div>\n","protected":false},"featured_media":37898,"comment_status":"open","ping_status":"closed","template":"","meta":[],"product_cat":[212,108],"product_tag":[],"yoast_head":"<!-- This site is optimized with the Yoast SEO plugin v22.2 - https:\/\/yoast.com\/wordpress\/plugins\/seo\/ -->\n<title>Dalle Plombante 2x1m - SP \u00c9quipements<\/title>\n<meta name=\"robots\" content=\"index, follow, max-snippet:-1, max-image-preview:large, max-video-preview:-1\" \/>\n<link rel=\"canonical\" href=\"https:\/\/www.sp-equipements.com\/site\/produit\/dalle-plombante-2x1m\/\" \/>\n<meta property=\"og:locale\" content=\"fr_FR\" \/>\n<meta property=\"og:type\" content=\"article\" \/>\n<meta property=\"og:title\" content=\"Dalle Plombante 2x1m - SP \u00c9quipements\" \/>\n<meta property=\"og:description\" content=\"\u2022 Dalle de 2m\u00b2 pour sols fragiles et trafic intense. \u2022 Epaisseur : \u00b1 7,5 mm \u2022 Poids total : 3 400 g\/m\u00b2 \u2022 Velours 100 % polypropyl\u00e8ne, dossier en polyol\u00e9fine Classement feu :\u00a0M3 en pose libre \u2022 100% recyclable.  Pose dans le m\u00eame sens ou en damier. Stockage \u00e0 plat. Nettoyage courant avec un aspirateur brosseur. D\u00e9tachage possible \u00e0 l\u2019eau de javel dilu\u00e9e. Vendue \u00e0 partir de 40m\u00b2  Prix au m\u00b2\" \/>\n<meta property=\"og:url\" content=\"https:\/\/www.sp-equipements.com\/site\/produit\/dalle-plombante-2x1m\/\" \/>\n<meta property=\"og:site_name\" content=\"SP \u00c9quipements\" \/>\n<meta property=\"article:modified_time\" content=\"2019-06-19T13:32:56+00:00\" \/>\n<meta property=\"og:image\" content=\"https:\/\/www.sp-equipements.com\/site\/wp-content\/uploads\/2019\/06\/dalle_plombante-1.jpg\" \/>\n\t<meta property=\"og:image:width\" content=\"190\" \/>\n\t<meta property=\"og:image:height\" content=\"190\" \/>\n\t<meta property=\"og:image:type\" content=\"image\/jpeg\" \/>\n<meta name=\"twitter:card\" content=\"summary_large_image\" \/>\n<script type=\"application\/ld+json\" class=\"yoast-schema-graph\">{\"@context\":\"https:\/\/schema.org\",\"@graph\":[{\"@type\":\"WebPage\",\"@id\":\"https:\/\/www.sp-equipements.com\/site\/produit\/dalle-plombante-2x1m\/\",\"url\":\"https:\/\/www.sp-equipements.com\/site\/produit\/dalle-plombante-2x1m\/\",\"name\":\"Dalle Plombante 2x1m - SP \u00c9quipements\",\"isPartOf\":{\"@id\":\"https:\/\/www.sp-equipements.com\/site\/#website\"},\"primaryImageOfPage\":{\"@id\":\"https:\/\/www.sp-equipements.com\/site\/produit\/dalle-plombante-2x1m\/#primaryimage\"},\"image\":{\"@id\":\"https:\/\/www.sp-equipements.com\/site\/produit\/dalle-plombante-2x1m\/#primaryimage\"},\"thumbnailUrl\":\"https:\/\/www.sp-equipements.com\/site\/wp-content\/uploads\/2019\/06\/dalle_plombante-1.jpg\",\"datePublished\":\"2019-06-07T08:22:01+00:00\",\"dateModified\":\"2019-06-19T13:32:56+00:00\",\"breadcrumb\":{\"@id\":\"https:\/\/www.sp-equipements.com\/site\/produit\/dalle-plombante-2x1m\/#breadcrumb\"},\"inLanguage\":\"fr-FR\",\"potentialAction\":[{\"@type\":\"ReadAction\",\"target\":[\"https:\/\/www.sp-equipements.com\/site\/produit\/dalle-plombante-2x1m\/\"]}]},{\"@type\":\"ImageObject\",\"inLanguage\":\"fr-FR\",\"@id\":\"https:\/\/www.sp-equipements.com\/site\/produit\/dalle-plombante-2x1m\/#primaryimage\",\"url\":\"https:\/\/www.sp-equipements.com\/site\/wp-content\/uploads\/2019\/06\/dalle_plombante-1.jpg\",\"contentUrl\":\"https:\/\/www.sp-equipements.com\/site\/wp-content\/uploads\/2019\/06\/dalle_plombante-1.jpg\",\"width\":190,\"height\":190,\"caption\":\"dalle plombante 1\"},{\"@type\":\"BreadcrumbList\",\"@id\":\"https:\/\/www.sp-equipements.com\/site\/produit\/dalle-plombante-2x1m\/#breadcrumb\",\"itemListElement\":[{\"@type\":\"ListItem\",\"position\":1,\"name\":\"Accueil\",\"item\":\"https:\/\/www.sp-equipements.com\/site\/\"},{\"@type\":\"ListItem\",\"position\":2,\"name\":\"Catalogue\",\"item\":\"https:\/\/www.sp-equipements.com\/site\/catalogue\/\"},{\"@type\":\"ListItem\",\"position\":3,\"name\":\"Dalle Plombante 2x1m\"}]},{\"@type\":\"WebSite\",\"@id\":\"https:\/\/www.sp-equipements.com\/site\/#website\",\"url\":\"https:\/\/www.sp-equipements.com\/site\/\",\"name\":\"SP \u00c9quipements\",\"description\":\"\u00c9quipements de collectivit\u00e9s\",\"potentialAction\":[{\"@type\":\"SearchAction\",\"target\":{\"@type\":\"EntryPoint\",\"urlTemplate\":\"https:\/\/www.sp-equipements.com\/site\/?s={search_term_string}\"},\"query-input\":\"required name=search_term_string\"}],\"inLanguage\":\"fr-FR\"}]}<\/script>\n<!-- \/ Yoast SEO plugin. -->","yoast_head_json":{"title":"Dalle Plombante 2x1m - SP \u00c9quipements","robots":{"index":"index","follow":"follow","max-snippet":"max-snippet:-1","max-image-preview":"max-image-preview:large","max-video-preview":"max-video-preview:-1"},"canonical":"https:\/\/www.sp-equipements.com\/site\/produit\/dalle-plombante-2x1m\/","og_locale":"fr_FR","og_type":"article","og_title":"Dalle Plombante 2x1m - SP \u00c9quipements","og_description":"\u2022 Dalle de 2m\u00b2 pour sols fragiles et trafic intense. \u2022 Epaisseur : \u00b1 7,5 mm \u2022 Poids total : 3 400 g\/m\u00b2 \u2022 Velours 100 % polypropyl\u00e8ne, dossier en polyol\u00e9fine Classement feu :\u00a0M3 en pose libre \u2022 100% recyclable.  Pose dans le m\u00eame sens ou en damier. Stockage \u00e0 plat. Nettoyage courant avec un aspirateur brosseur. D\u00e9tachage possible \u00e0 l\u2019eau de javel dilu\u00e9e. Vendue \u00e0 partir de 40m\u00b2  Prix au m\u00b2","og_url":"https:\/\/www.sp-equipements.com\/site\/produit\/dalle-plombante-2x1m\/","og_site_name":"SP \u00c9quipements","article_modified_time":"2019-06-19T13:32:56+00:00","og_image":[{"width":190,"height":190,"url":"https:\/\/www.sp-equipements.com\/site\/wp-content\/uploads\/2019\/06\/dalle_plombante-1.jpg","type":"image\/jpeg"}],"twitter_card":"summary_large_image","schema":{"@context":"https:\/\/schema.org","@graph":[{"@type":"WebPage","@id":"https:\/\/www.sp-equipements.com\/site\/produit\/dalle-plombante-2x1m\/","url":"https:\/\/www.sp-equipements.com\/site\/produit\/dalle-plombante-2x1m\/","name":"Dalle Plombante 2x1m - SP \u00c9quipements","isPartOf":{"@id":"https:\/\/www.sp-equipements.com\/site\/#website"},"primaryImageOfPage":{"@id":"https:\/\/www.sp-equipements.com\/site\/produit\/dalle-plombante-2x1m\/#primaryimage"},"image":{"@id":"https:\/\/www.sp-equipements.com\/site\/produit\/dalle-plombante-2x1m\/#primaryimage"},"thumbnailUrl":"https:\/\/www.sp-equipements.com\/site\/wp-content\/uploads\/2019\/06\/dalle_plombante-1.jpg","datePublished":"2019-06-07T08:22:01+00:00","dateModified":"2019-06-19T13:32:56+00:00","breadcrumb":{"@id":"https:\/\/www.sp-equipements.com\/site\/produit\/dalle-plombante-2x1m\/#breadcrumb"},"inLanguage":"fr-FR","potentialAction":[{"@type":"ReadAction","target":["https:\/\/www.sp-equipements.com\/site\/produit\/dalle-plombante-2x1m\/"]}]},{"@type":"ImageObject","inLanguage":"fr-FR","@id":"https:\/\/www.sp-equipements.com\/site\/produit\/dalle-plombante-2x1m\/#primaryimage","url":"https:\/\/www.sp-equipements.com\/site\/wp-content\/uploads\/2019\/06\/dalle_plombante-1.jpg","contentUrl":"https:\/\/www.sp-equipements.com\/site\/wp-content\/uploads\/2019\/06\/dalle_plombante-1.jpg","width":190,"height":190,"caption":"dalle plombante 1"},{"@type":"BreadcrumbList","@id":"https:\/\/www.sp-equipements.com\/site\/produit\/dalle-plombante-2x1m\/#breadcrumb","itemListElement":[{"@type":"ListItem","position":1,"name":"Accueil","item":"https:\/\/www.sp-equipements.com\/site\/"},{"@type":"ListItem","position":2,"name":"Catalogue","item":"https:\/\/www.sp-equipements.com\/site\/catalogue\/"},{"@type":"ListItem","position":3,"name":"Dalle Plombante 2x1m"}]},{"@type":"WebSite","@id":"https:\/\/www.sp-equipements.com\/site\/#website","url":"https:\/\/www.sp-equipements.com\/site\/","name":"SP \u00c9quipements","description":"\u00c9quipements de collectivit\u00e9s","potentialAction":[{"@type":"SearchAction","target":{"@type":"EntryPoint","urlTemplate":"https:\/\/www.sp-equipements.com\/site\/?s={search_term_string}"},"query-input":"required name=search_term_string"}],"inLanguage":"fr-FR"}]}},"_links":{"self":[{"href":"https:\/\/www.sp-equipements.com\/site\/wp-json\/wp\/v2\/product\/21983"}],"collection":[{"href":"https:\/\/www.sp-equipements.com\/site\/wp-json\/wp\/v2\/product"}],"about":[{"href":"https:\/\/www.sp-equipements.com\/site\/wp-json\/wp\/v2\/types\/product"}],"replies":[{"embeddable":true,"href":"https:\/\/www.sp-equipements.com\/site\/wp-json\/wp\/v2\/comments?post=21983"}],"wp:featuredmedia":[{"embeddable":true,"href":"https:\/\/www.sp-equipements.com\/site\/wp-json\/wp\/v2\/media\/37898"}],"wp:attachment":[{"href":"https:\/\/www.sp-equipements.com\/site\/wp-json\/wp\/v2\/media?parent=21983"}],"wp:term":[{"taxonomy":"product_cat","embeddable":true,"href":"https:\/\/www.sp-equipements.com\/site\/wp-json\/wp\/v2\/product_cat?post=21983"},{"taxonomy":"product_tag","embeddable":true,"href":"https:\/\/www.sp-equipements.com\/site\/wp-json\/wp\/v2\/product_tag?post=21983"}],"curies":[{"name":"wp","href":"https:\/\/api.w.org\/{rel}","templated":true}]}}