{"id":21991,"date":"2019-06-07T10:22:34","date_gmt":"2019-06-07T08:22:34","guid":{"rendered":"http:\/\/www.polyequipements.com\/produit\/pont-lumiere-300-alu-prolyte-x30-lineaire\/"},"modified":"2021-04-08T21:38:07","modified_gmt":"2021-04-08T19:38:07","slug":"pont-lumiere-300-alu-prolyte-x30-lineaire","status":"publish","type":"product","link":"https:\/\/www.sp-equipements.com\/site\/produit\/pont-lumiere-300-alu-prolyte-x30-lineaire\/","title":{"rendered":"Pont Lumi\u00e8re 300 Alu PROLYTE X30 <i>Lin\u00e9aire<\/i>"},"content":{"rendered":"","protected":false},"excerpt":{"rendered":"<div id=\"box-article-description\">\n<div id=\"display-article-description\">\n<p><i>Pont Lumi\u00e8re de marque PROLYTE X30<\/i><\/p>\n<p><b>Specifications Techniques :<\/b><br \/>\n\u2022 Alliage : EN-AW 6082 T6<br \/>\n\u2022 Tubes porteurs (cordes) : X : 51 x 2 mm<br \/>\n\u2022 Croisillons : 16 x 2,0 mm<br \/>\n\u2022 Syst\u00e8me de connexion : S\u00e9ries CCS6<\/p>\n<p><b>Kit de connexion :<\/b><br \/>\n<i>Version \u00e9chelle :<\/i>\u00a02 manchons coniques CCS6-600, 4 goupilles coniques CCS6-603, 4 broches de securit\u00e9 CCS6-605.<br \/>\n<i>Version triangulaire :<\/i>\u00a03 manchons coniques CCS6-600, 6 goupilles coniques CCS6-603, 6 broches de securit\u00e9 CCS6-605.<br \/>\n<i>Version carr\u00e9e :<\/i>\u00a04 manchons coniques CCS6-600, 8 goupilles coniques CCS6-603, 8 broches de securit\u00e9 CCS6-605.<\/p>\n<p><b>Charges admissibles<\/b>\u00a0pour une charge r\u00e9partie uniform\u00e9ment :<\/p>\n<p><u>Version triangulaire 300 :<\/u><br \/>\nLg | Charge | Fleche<br \/>\n04m | 902,4kg | 14mm<br \/>\n05m | 715,0kg | 22mm<br \/>\n06m | 589,2kg | 32mm<br \/>\n07m | 497,7kg | 43mm<br \/>\n08m | 428,8kg | 57mm<br \/>\n09m | 373,5kg | 72mm<br \/>\n10m | 329,0kg | 89mm<br \/>\n11m | 291,5kg | 107mm<br \/>\n12m | 260,4kg | 127mm<br \/>\n13m | 232,7kg | 150mm<br \/>\n14m | 208,6kg | 174mm<br \/>\n15m | 187,5kg | 199mm<br \/>\n16m | 168,0kg | 227mm<\/p>\n<p><u>Version carr\u00e9e 300 :<\/u><br \/>\nLg | Charge| Fleche<br \/>\n04m | 1970,0kg | 14mm<br \/>\n05m | 1670,0kg | 22mm<br \/>\n06m | 1382,4kg | 32mm<br \/>\n07m | 1175,5kg | 43mm<br \/>\n08m | 1018,4kg | 57mm<br \/>\n09m | 896,40kg | 72mm<br \/>\n10m | 797,00kg | 89mm<br \/>\n11m | 715,00kg | 107mm<br \/>\n12m | 645,60kg | 127mm<br \/>\n13m | 586,30kg | 150mm<br \/>\n14m | 533,40kg | 174mm<br \/>\n15m | 489,00kg | 199mm<br \/>\n16m | 448,00kg | 227mm<\/p>\n<\/div>\n<\/div>\n","protected":false},"featured_media":37903,"comment_status":"open","ping_status":"closed","template":"","meta":[],"product_cat":[214,109],"product_tag":[],"yoast_head":"<!-- This site is optimized with the Yoast SEO plugin v22.2 - https:\/\/yoast.com\/wordpress\/plugins\/seo\/ -->\n<title>Pont Lumi\u00e8re 300 Alu PROLYTE X30 Lin\u00e9aire - SP \u00c9quipements<\/title>\n<meta name=\"robots\" content=\"index, follow, max-snippet:-1, max-image-preview:large, max-video-preview:-1\" \/>\n<link rel=\"canonical\" href=\"https:\/\/www.sp-equipements.com\/site\/produit\/pont-lumiere-300-alu-prolyte-x30-lineaire\/\" \/>\n<meta property=\"og:locale\" content=\"fr_FR\" \/>\n<meta property=\"og:type\" content=\"article\" \/>\n<meta property=\"og:title\" content=\"Pont Lumi\u00e8re 300 Alu PROLYTE X30 Lin\u00e9aire - SP \u00c9quipements\" \/>\n<meta property=\"og:description\" content=\"Pont Lumi\u00e8re de marque PROLYTE X30  Specifications Techniques : \u2022 Alliage : EN-AW 6082 T6 \u2022 Tubes porteurs (cordes) : X : 51 x 2 mm \u2022 Croisillons : 16 x 2,0 mm \u2022 Syst\u00e8me de connexion : S\u00e9ries CCS6  Kit de connexion : Version \u00e9chelle :\u00a02 manchons coniques CCS6-600, 4 goupilles coniques CCS6-603, 4 broches de securit\u00e9 CCS6-605. Version triangulaire :\u00a03 manchons coniques CCS6-600, 6 goupilles coniques CCS6-603, 6 broches de securit\u00e9 CCS6-605. Version carr\u00e9e :\u00a04 manchons coniques CCS6-600, 8 goupilles coniques CCS6-603, 8 broches de securit\u00e9 CCS6-605.  Charges admissibles\u00a0pour une charge r\u00e9partie uniform\u00e9ment :  Version triangulaire 300 : Lg | Charge | Fleche 04m | 902,4kg | 14mm 05m | 715,0kg | 22mm 06m | 589,2kg | 32mm 07m | 497,7kg | 43mm 08m | 428,8kg | 57mm 09m | 373,5kg | 72mm 10m | 329,0kg | 89mm 11m | 291,5kg | 107mm 12m | 260,4kg | 127mm 13m | 232,7kg | 150mm 14m | 208,6kg | 174mm 15m | 187,5kg | 199mm 16m | 168,0kg | 227mm  Version carr\u00e9e 300 : Lg | Charge| Fleche 04m | 1970,0kg | 14mm 05m | 1670,0kg | 22mm 06m | 1382,4kg | 32mm 07m | 1175,5kg | 43mm 08m | 1018,4kg | 57mm 09m | 896,40kg | 72mm 10m | 797,00kg | 89mm 11m | 715,00kg | 107mm 12m | 645,60kg | 127mm 13m | 586,30kg | 150mm 14m | 533,40kg | 174mm 15m | 489,00kg | 199mm 16m | 448,00kg | 227mm\" \/>\n<meta property=\"og:url\" content=\"https:\/\/www.sp-equipements.com\/site\/produit\/pont-lumiere-300-alu-prolyte-x30-lineaire\/\" \/>\n<meta property=\"og:site_name\" content=\"SP \u00c9quipements\" \/>\n<meta property=\"article:modified_time\" content=\"2021-04-08T19:38:07+00:00\" \/>\n<meta property=\"og:image\" content=\"https:\/\/www.sp-equipements.com\/site\/wp-content\/uploads\/2019\/06\/pont_lumiere_lineaire-1.jpg\" \/>\n\t<meta property=\"og:image:width\" content=\"190\" \/>\n\t<meta property=\"og:image:height\" content=\"190\" \/>\n\t<meta property=\"og:image:type\" content=\"image\/jpeg\" \/>\n<meta name=\"twitter:card\" content=\"summary_large_image\" \/>\n<script type=\"application\/ld+json\" class=\"yoast-schema-graph\">{\"@context\":\"https:\/\/schema.org\",\"@graph\":[{\"@type\":\"WebPage\",\"@id\":\"https:\/\/www.sp-equipements.com\/site\/produit\/pont-lumiere-300-alu-prolyte-x30-lineaire\/\",\"url\":\"https:\/\/www.sp-equipements.com\/site\/produit\/pont-lumiere-300-alu-prolyte-x30-lineaire\/\",\"name\":\"Pont Lumi\u00e8re 300 Alu PROLYTE X30 Lin\u00e9aire - SP \u00c9quipements\",\"isPartOf\":{\"@id\":\"https:\/\/www.sp-equipements.com\/site\/#website\"},\"primaryImageOfPage\":{\"@id\":\"https:\/\/www.sp-equipements.com\/site\/produit\/pont-lumiere-300-alu-prolyte-x30-lineaire\/#primaryimage\"},\"image\":{\"@id\":\"https:\/\/www.sp-equipements.com\/site\/produit\/pont-lumiere-300-alu-prolyte-x30-lineaire\/#primaryimage\"},\"thumbnailUrl\":\"https:\/\/www.sp-equipements.com\/site\/wp-content\/uploads\/2019\/06\/pont_lumiere_lineaire-1.jpg\",\"datePublished\":\"2019-06-07T08:22:34+00:00\",\"dateModified\":\"2021-04-08T19:38:07+00:00\",\"breadcrumb\":{\"@id\":\"https:\/\/www.sp-equipements.com\/site\/produit\/pont-lumiere-300-alu-prolyte-x30-lineaire\/#breadcrumb\"},\"inLanguage\":\"fr-FR\",\"potentialAction\":[{\"@type\":\"ReadAction\",\"target\":[\"https:\/\/www.sp-equipements.com\/site\/produit\/pont-lumiere-300-alu-prolyte-x30-lineaire\/\"]}]},{\"@type\":\"ImageObject\",\"inLanguage\":\"fr-FR\",\"@id\":\"https:\/\/www.sp-equipements.com\/site\/produit\/pont-lumiere-300-alu-prolyte-x30-lineaire\/#primaryimage\",\"url\":\"https:\/\/www.sp-equipements.com\/site\/wp-content\/uploads\/2019\/06\/pont_lumiere_lineaire-1.jpg\",\"contentUrl\":\"https:\/\/www.sp-equipements.com\/site\/wp-content\/uploads\/2019\/06\/pont_lumiere_lineaire-1.jpg\",\"width\":190,\"height\":190,\"caption\":\"pont lumiere lineaire 1\"},{\"@type\":\"BreadcrumbList\",\"@id\":\"https:\/\/www.sp-equipements.com\/site\/produit\/pont-lumiere-300-alu-prolyte-x30-lineaire\/#breadcrumb\",\"itemListElement\":[{\"@type\":\"ListItem\",\"position\":1,\"name\":\"Accueil\",\"item\":\"https:\/\/www.sp-equipements.com\/site\/\"},{\"@type\":\"ListItem\",\"position\":2,\"name\":\"Catalogue\",\"item\":\"https:\/\/www.sp-equipements.com\/site\/catalogue\/\"},{\"@type\":\"ListItem\",\"position\":3,\"name\":\"Pont Lumi\u00e8re 300 Alu PROLYTE X30 Lin\u00e9aire\"}]},{\"@type\":\"WebSite\",\"@id\":\"https:\/\/www.sp-equipements.com\/site\/#website\",\"url\":\"https:\/\/www.sp-equipements.com\/site\/\",\"name\":\"SP \u00c9quipements\",\"description\":\"\u00c9quipements de collectivit\u00e9s\",\"potentialAction\":[{\"@type\":\"SearchAction\",\"target\":{\"@type\":\"EntryPoint\",\"urlTemplate\":\"https:\/\/www.sp-equipements.com\/site\/?s={search_term_string}\"},\"query-input\":\"required name=search_term_string\"}],\"inLanguage\":\"fr-FR\"}]}<\/script>\n<!-- \/ Yoast SEO plugin. -->","yoast_head_json":{"title":"Pont Lumi\u00e8re 300 Alu PROLYTE X30 Lin\u00e9aire - SP \u00c9quipements","robots":{"index":"index","follow":"follow","max-snippet":"max-snippet:-1","max-image-preview":"max-image-preview:large","max-video-preview":"max-video-preview:-1"},"canonical":"https:\/\/www.sp-equipements.com\/site\/produit\/pont-lumiere-300-alu-prolyte-x30-lineaire\/","og_locale":"fr_FR","og_type":"article","og_title":"Pont Lumi\u00e8re 300 Alu PROLYTE X30 Lin\u00e9aire - SP \u00c9quipements","og_description":"Pont Lumi\u00e8re de marque PROLYTE X30  Specifications Techniques : \u2022 Alliage : EN-AW 6082 T6 \u2022 Tubes porteurs (cordes) : X : 51 x 2 mm \u2022 Croisillons : 16 x 2,0 mm \u2022 Syst\u00e8me de connexion : S\u00e9ries CCS6  Kit de connexion : Version \u00e9chelle :\u00a02 manchons coniques CCS6-600, 4 goupilles coniques CCS6-603, 4 broches de securit\u00e9 CCS6-605. Version triangulaire :\u00a03 manchons coniques CCS6-600, 6 goupilles coniques CCS6-603, 6 broches de securit\u00e9 CCS6-605. Version carr\u00e9e :\u00a04 manchons coniques CCS6-600, 8 goupilles coniques CCS6-603, 8 broches de securit\u00e9 CCS6-605.  Charges admissibles\u00a0pour une charge r\u00e9partie uniform\u00e9ment :  Version triangulaire 300 : Lg | Charge | Fleche 04m | 902,4kg | 14mm 05m | 715,0kg | 22mm 06m | 589,2kg | 32mm 07m | 497,7kg | 43mm 08m | 428,8kg | 57mm 09m | 373,5kg | 72mm 10m | 329,0kg | 89mm 11m | 291,5kg | 107mm 12m | 260,4kg | 127mm 13m | 232,7kg | 150mm 14m | 208,6kg | 174mm 15m | 187,5kg | 199mm 16m | 168,0kg | 227mm  Version carr\u00e9e 300 : Lg | Charge| Fleche 04m | 1970,0kg | 14mm 05m | 1670,0kg | 22mm 06m | 1382,4kg | 32mm 07m | 1175,5kg | 43mm 08m | 1018,4kg | 57mm 09m | 896,40kg | 72mm 10m | 797,00kg | 89mm 11m | 715,00kg | 107mm 12m | 645,60kg | 127mm 13m | 586,30kg | 150mm 14m | 533,40kg | 174mm 15m | 489,00kg | 199mm 16m | 448,00kg | 227mm","og_url":"https:\/\/www.sp-equipements.com\/site\/produit\/pont-lumiere-300-alu-prolyte-x30-lineaire\/","og_site_name":"SP \u00c9quipements","article_modified_time":"2021-04-08T19:38:07+00:00","og_image":[{"width":190,"height":190,"url":"https:\/\/www.sp-equipements.com\/site\/wp-content\/uploads\/2019\/06\/pont_lumiere_lineaire-1.jpg","type":"image\/jpeg"}],"twitter_card":"summary_large_image","schema":{"@context":"https:\/\/schema.org","@graph":[{"@type":"WebPage","@id":"https:\/\/www.sp-equipements.com\/site\/produit\/pont-lumiere-300-alu-prolyte-x30-lineaire\/","url":"https:\/\/www.sp-equipements.com\/site\/produit\/pont-lumiere-300-alu-prolyte-x30-lineaire\/","name":"Pont Lumi\u00e8re 300 Alu PROLYTE X30 Lin\u00e9aire - SP \u00c9quipements","isPartOf":{"@id":"https:\/\/www.sp-equipements.com\/site\/#website"},"primaryImageOfPage":{"@id":"https:\/\/www.sp-equipements.com\/site\/produit\/pont-lumiere-300-alu-prolyte-x30-lineaire\/#primaryimage"},"image":{"@id":"https:\/\/www.sp-equipements.com\/site\/produit\/pont-lumiere-300-alu-prolyte-x30-lineaire\/#primaryimage"},"thumbnailUrl":"https:\/\/www.sp-equipements.com\/site\/wp-content\/uploads\/2019\/06\/pont_lumiere_lineaire-1.jpg","datePublished":"2019-06-07T08:22:34+00:00","dateModified":"2021-04-08T19:38:07+00:00","breadcrumb":{"@id":"https:\/\/www.sp-equipements.com\/site\/produit\/pont-lumiere-300-alu-prolyte-x30-lineaire\/#breadcrumb"},"inLanguage":"fr-FR","potentialAction":[{"@type":"ReadAction","target":["https:\/\/www.sp-equipements.com\/site\/produit\/pont-lumiere-300-alu-prolyte-x30-lineaire\/"]}]},{"@type":"ImageObject","inLanguage":"fr-FR","@id":"https:\/\/www.sp-equipements.com\/site\/produit\/pont-lumiere-300-alu-prolyte-x30-lineaire\/#primaryimage","url":"https:\/\/www.sp-equipements.com\/site\/wp-content\/uploads\/2019\/06\/pont_lumiere_lineaire-1.jpg","contentUrl":"https:\/\/www.sp-equipements.com\/site\/wp-content\/uploads\/2019\/06\/pont_lumiere_lineaire-1.jpg","width":190,"height":190,"caption":"pont lumiere lineaire 1"},{"@type":"BreadcrumbList","@id":"https:\/\/www.sp-equipements.com\/site\/produit\/pont-lumiere-300-alu-prolyte-x30-lineaire\/#breadcrumb","itemListElement":[{"@type":"ListItem","position":1,"name":"Accueil","item":"https:\/\/www.sp-equipements.com\/site\/"},{"@type":"ListItem","position":2,"name":"Catalogue","item":"https:\/\/www.sp-equipements.com\/site\/catalogue\/"},{"@type":"ListItem","position":3,"name":"Pont Lumi\u00e8re 300 Alu PROLYTE X30 Lin\u00e9aire"}]},{"@type":"WebSite","@id":"https:\/\/www.sp-equipements.com\/site\/#website","url":"https:\/\/www.sp-equipements.com\/site\/","name":"SP \u00c9quipements","description":"\u00c9quipements de collectivit\u00e9s","potentialAction":[{"@type":"SearchAction","target":{"@type":"EntryPoint","urlTemplate":"https:\/\/www.sp-equipements.com\/site\/?s={search_term_string}"},"query-input":"required name=search_term_string"}],"inLanguage":"fr-FR"}]}},"_links":{"self":[{"href":"https:\/\/www.sp-equipements.com\/site\/wp-json\/wp\/v2\/product\/21991"}],"collection":[{"href":"https:\/\/www.sp-equipements.com\/site\/wp-json\/wp\/v2\/product"}],"about":[{"href":"https:\/\/www.sp-equipements.com\/site\/wp-json\/wp\/v2\/types\/product"}],"replies":[{"embeddable":true,"href":"https:\/\/www.sp-equipements.com\/site\/wp-json\/wp\/v2\/comments?post=21991"}],"wp:featuredmedia":[{"embeddable":true,"href":"https:\/\/www.sp-equipements.com\/site\/wp-json\/wp\/v2\/media\/37903"}],"wp:attachment":[{"href":"https:\/\/www.sp-equipements.com\/site\/wp-json\/wp\/v2\/media?parent=21991"}],"wp:term":[{"taxonomy":"product_cat","embeddable":true,"href":"https:\/\/www.sp-equipements.com\/site\/wp-json\/wp\/v2\/product_cat?post=21991"},{"taxonomy":"product_tag","embeddable":true,"href":"https:\/\/www.sp-equipements.com\/site\/wp-json\/wp\/v2\/product_tag?post=21991"}],"curies":[{"name":"wp","href":"https:\/\/api.w.org\/{rel}","templated":true}]}}