{"id":21993,"date":"2019-06-07T10:22:35","date_gmt":"2019-06-07T08:22:35","guid":{"rendered":"http:\/\/www.polyequipements.com\/produit\/angle-pont-lumiere-300-alu-prolyte-x30-triangulaire\/"},"modified":"2019-06-19T15:32:59","modified_gmt":"2019-06-19T13:32:59","slug":"angle-pont-lumiere-300-alu-prolyte-x30-triangulaire","status":"publish","type":"product","link":"https:\/\/www.sp-equipements.com\/site\/produit\/angle-pont-lumiere-300-alu-prolyte-x30-triangulaire\/","title":{"rendered":"Angle Pont Lumi\u00e8re 300 Alu PROLYTE X30 <i>Triangulaire<\/i>"},"content":{"rendered":"","protected":false},"excerpt":{"rendered":"<div id=\"box-article-description\">\n<div id=\"display-article-description\">\n<p><i>Pont Lumi\u00e8re de marque PROLYTE X30<\/i><\/p>\n<p><b>Specifications Techniques :<\/b><br \/>\n\u2022 Alliage : EN-AW 6082 T6<br \/>\n\u2022 Tubes porteurs (cordes) : X : 51 x 2 mm<br \/>\n\u2022 Croisillons : 16 x 2,0 mm<br \/>\n\u2022 Syst\u00e8me de connexion : S\u00e9ries CCS6<\/p>\n<p><b>Kit de connexion :<\/b><br \/>\n<i>Version \u00e9chelle :<\/i>\u00a02 manchons coniques CCS6-600, 4 goupilles coniques CCS6-603, 4 broches de securit\u00e9 CCS6-605.<br \/>\n<i>Version triangulaire :<\/i>\u00a03 manchons coniques CCS6-600, 6 goupilles coniques CCS6-603, 6 broches de securit\u00e9 CCS6-605.<br \/>\n<i>Version carr\u00e9e :<\/i>\u00a04 manchons coniques CCS6-600, 8 goupilles coniques CCS6-603, 8 broches de securit\u00e9 CCS6-605.<\/p>\n<p><b>Types d&rsquo;angles :<\/b><\/p>\n<p>ANGLES 2 DIRECTIONS<br \/>\n45\u00b0 horizontal C001<br \/>\n60\u00b0 horizontal C002<br \/>\n90\u00b0 horizontal C003<br \/>\n120\u00b0 horizontal C004<br \/>\n135\u00b0 horizontal C005<br \/>\nANGLES 3 DIRECTIONS<\/p>\n<p>T\u00e9 horizontal C017<br \/>\nT\u00e9 vertical C018<\/p>\n<p>ANGLES 4 DIRECTIONS<br \/>\nCroix horizontale C016<br \/>\nT\u00e9 horizontal \/ pied C020<\/p>\n<\/div>\n<\/div>\n","protected":false},"featured_media":37905,"comment_status":"open","ping_status":"closed","template":"","meta":[],"product_cat":[214,109],"product_tag":[],"yoast_head":"<!-- This site is optimized with the Yoast SEO plugin v22.2 - https:\/\/yoast.com\/wordpress\/plugins\/seo\/ -->\n<title>Angle Pont Lumi\u00e8re 300 Alu PROLYTE X30 Triangulaire - SP \u00c9quipements<\/title>\n<meta name=\"robots\" content=\"index, follow, max-snippet:-1, max-image-preview:large, max-video-preview:-1\" \/>\n<link rel=\"canonical\" href=\"https:\/\/www.sp-equipements.com\/site\/produit\/angle-pont-lumiere-300-alu-prolyte-x30-triangulaire\/\" \/>\n<meta property=\"og:locale\" content=\"fr_FR\" \/>\n<meta property=\"og:type\" content=\"article\" \/>\n<meta property=\"og:title\" content=\"Angle Pont Lumi\u00e8re 300 Alu PROLYTE X30 Triangulaire - SP \u00c9quipements\" \/>\n<meta property=\"og:description\" content=\"Pont Lumi\u00e8re de marque PROLYTE X30  Specifications Techniques : \u2022 Alliage : EN-AW 6082 T6 \u2022 Tubes porteurs (cordes) : X : 51 x 2 mm \u2022 Croisillons : 16 x 2,0 mm \u2022 Syst\u00e8me de connexion : S\u00e9ries CCS6  Kit de connexion : Version \u00e9chelle :\u00a02 manchons coniques CCS6-600, 4 goupilles coniques CCS6-603, 4 broches de securit\u00e9 CCS6-605. Version triangulaire :\u00a03 manchons coniques CCS6-600, 6 goupilles coniques CCS6-603, 6 broches de securit\u00e9 CCS6-605. Version carr\u00e9e :\u00a04 manchons coniques CCS6-600, 8 goupilles coniques CCS6-603, 8 broches de securit\u00e9 CCS6-605.  Types d&#039;angles :  ANGLES 2 DIRECTIONS 45\u00b0 horizontal C001 60\u00b0 horizontal C002 90\u00b0 horizontal C003 120\u00b0 horizontal C004 135\u00b0 horizontal C005 ANGLES 3 DIRECTIONS  T\u00e9 horizontal C017 T\u00e9 vertical C018  ANGLES 4 DIRECTIONS Croix horizontale C016 T\u00e9 horizontal \/ pied C020\" \/>\n<meta property=\"og:url\" content=\"https:\/\/www.sp-equipements.com\/site\/produit\/angle-pont-lumiere-300-alu-prolyte-x30-triangulaire\/\" \/>\n<meta property=\"og:site_name\" content=\"SP \u00c9quipements\" \/>\n<meta property=\"article:modified_time\" content=\"2019-06-19T13:32:59+00:00\" \/>\n<meta property=\"og:image\" content=\"https:\/\/www.sp-equipements.com\/site\/wp-content\/uploads\/2019\/06\/angle_pont_lumiere_tri_300-1.jpg\" \/>\n\t<meta property=\"og:image:width\" content=\"190\" \/>\n\t<meta property=\"og:image:height\" content=\"190\" \/>\n\t<meta property=\"og:image:type\" content=\"image\/jpeg\" \/>\n<meta name=\"twitter:card\" content=\"summary_large_image\" \/>\n<script type=\"application\/ld+json\" class=\"yoast-schema-graph\">{\"@context\":\"https:\/\/schema.org\",\"@graph\":[{\"@type\":\"WebPage\",\"@id\":\"https:\/\/www.sp-equipements.com\/site\/produit\/angle-pont-lumiere-300-alu-prolyte-x30-triangulaire\/\",\"url\":\"https:\/\/www.sp-equipements.com\/site\/produit\/angle-pont-lumiere-300-alu-prolyte-x30-triangulaire\/\",\"name\":\"Angle Pont Lumi\u00e8re 300 Alu PROLYTE X30 Triangulaire - SP \u00c9quipements\",\"isPartOf\":{\"@id\":\"https:\/\/www.sp-equipements.com\/site\/#website\"},\"primaryImageOfPage\":{\"@id\":\"https:\/\/www.sp-equipements.com\/site\/produit\/angle-pont-lumiere-300-alu-prolyte-x30-triangulaire\/#primaryimage\"},\"image\":{\"@id\":\"https:\/\/www.sp-equipements.com\/site\/produit\/angle-pont-lumiere-300-alu-prolyte-x30-triangulaire\/#primaryimage\"},\"thumbnailUrl\":\"https:\/\/www.sp-equipements.com\/site\/wp-content\/uploads\/2019\/06\/angle_pont_lumiere_tri_300-1.jpg\",\"datePublished\":\"2019-06-07T08:22:35+00:00\",\"dateModified\":\"2019-06-19T13:32:59+00:00\",\"breadcrumb\":{\"@id\":\"https:\/\/www.sp-equipements.com\/site\/produit\/angle-pont-lumiere-300-alu-prolyte-x30-triangulaire\/#breadcrumb\"},\"inLanguage\":\"fr-FR\",\"potentialAction\":[{\"@type\":\"ReadAction\",\"target\":[\"https:\/\/www.sp-equipements.com\/site\/produit\/angle-pont-lumiere-300-alu-prolyte-x30-triangulaire\/\"]}]},{\"@type\":\"ImageObject\",\"inLanguage\":\"fr-FR\",\"@id\":\"https:\/\/www.sp-equipements.com\/site\/produit\/angle-pont-lumiere-300-alu-prolyte-x30-triangulaire\/#primaryimage\",\"url\":\"https:\/\/www.sp-equipements.com\/site\/wp-content\/uploads\/2019\/06\/angle_pont_lumiere_tri_300-1.jpg\",\"contentUrl\":\"https:\/\/www.sp-equipements.com\/site\/wp-content\/uploads\/2019\/06\/angle_pont_lumiere_tri_300-1.jpg\",\"width\":190,\"height\":190,\"caption\":\"angle pont lumiere tri 300 1\"},{\"@type\":\"BreadcrumbList\",\"@id\":\"https:\/\/www.sp-equipements.com\/site\/produit\/angle-pont-lumiere-300-alu-prolyte-x30-triangulaire\/#breadcrumb\",\"itemListElement\":[{\"@type\":\"ListItem\",\"position\":1,\"name\":\"Accueil\",\"item\":\"https:\/\/www.sp-equipements.com\/site\/\"},{\"@type\":\"ListItem\",\"position\":2,\"name\":\"Catalogue\",\"item\":\"https:\/\/www.sp-equipements.com\/site\/catalogue\/\"},{\"@type\":\"ListItem\",\"position\":3,\"name\":\"Angle Pont Lumi\u00e8re 300 Alu PROLYTE X30 Triangulaire\"}]},{\"@type\":\"WebSite\",\"@id\":\"https:\/\/www.sp-equipements.com\/site\/#website\",\"url\":\"https:\/\/www.sp-equipements.com\/site\/\",\"name\":\"SP \u00c9quipements\",\"description\":\"\u00c9quipements de collectivit\u00e9s\",\"potentialAction\":[{\"@type\":\"SearchAction\",\"target\":{\"@type\":\"EntryPoint\",\"urlTemplate\":\"https:\/\/www.sp-equipements.com\/site\/?s={search_term_string}\"},\"query-input\":\"required name=search_term_string\"}],\"inLanguage\":\"fr-FR\"}]}<\/script>\n<!-- \/ Yoast SEO plugin. -->","yoast_head_json":{"title":"Angle Pont Lumi\u00e8re 300 Alu PROLYTE X30 Triangulaire - SP \u00c9quipements","robots":{"index":"index","follow":"follow","max-snippet":"max-snippet:-1","max-image-preview":"max-image-preview:large","max-video-preview":"max-video-preview:-1"},"canonical":"https:\/\/www.sp-equipements.com\/site\/produit\/angle-pont-lumiere-300-alu-prolyte-x30-triangulaire\/","og_locale":"fr_FR","og_type":"article","og_title":"Angle Pont Lumi\u00e8re 300 Alu PROLYTE X30 Triangulaire - SP \u00c9quipements","og_description":"Pont Lumi\u00e8re de marque PROLYTE X30  Specifications Techniques : \u2022 Alliage : EN-AW 6082 T6 \u2022 Tubes porteurs (cordes) : X : 51 x 2 mm \u2022 Croisillons : 16 x 2,0 mm \u2022 Syst\u00e8me de connexion : S\u00e9ries CCS6  Kit de connexion : Version \u00e9chelle :\u00a02 manchons coniques CCS6-600, 4 goupilles coniques CCS6-603, 4 broches de securit\u00e9 CCS6-605. Version triangulaire :\u00a03 manchons coniques CCS6-600, 6 goupilles coniques CCS6-603, 6 broches de securit\u00e9 CCS6-605. Version carr\u00e9e :\u00a04 manchons coniques CCS6-600, 8 goupilles coniques CCS6-603, 8 broches de securit\u00e9 CCS6-605.  Types d'angles :  ANGLES 2 DIRECTIONS 45\u00b0 horizontal C001 60\u00b0 horizontal C002 90\u00b0 horizontal C003 120\u00b0 horizontal C004 135\u00b0 horizontal C005 ANGLES 3 DIRECTIONS  T\u00e9 horizontal C017 T\u00e9 vertical C018  ANGLES 4 DIRECTIONS Croix horizontale C016 T\u00e9 horizontal \/ pied C020","og_url":"https:\/\/www.sp-equipements.com\/site\/produit\/angle-pont-lumiere-300-alu-prolyte-x30-triangulaire\/","og_site_name":"SP \u00c9quipements","article_modified_time":"2019-06-19T13:32:59+00:00","og_image":[{"width":190,"height":190,"url":"https:\/\/www.sp-equipements.com\/site\/wp-content\/uploads\/2019\/06\/angle_pont_lumiere_tri_300-1.jpg","type":"image\/jpeg"}],"twitter_card":"summary_large_image","schema":{"@context":"https:\/\/schema.org","@graph":[{"@type":"WebPage","@id":"https:\/\/www.sp-equipements.com\/site\/produit\/angle-pont-lumiere-300-alu-prolyte-x30-triangulaire\/","url":"https:\/\/www.sp-equipements.com\/site\/produit\/angle-pont-lumiere-300-alu-prolyte-x30-triangulaire\/","name":"Angle Pont Lumi\u00e8re 300 Alu PROLYTE X30 Triangulaire - SP \u00c9quipements","isPartOf":{"@id":"https:\/\/www.sp-equipements.com\/site\/#website"},"primaryImageOfPage":{"@id":"https:\/\/www.sp-equipements.com\/site\/produit\/angle-pont-lumiere-300-alu-prolyte-x30-triangulaire\/#primaryimage"},"image":{"@id":"https:\/\/www.sp-equipements.com\/site\/produit\/angle-pont-lumiere-300-alu-prolyte-x30-triangulaire\/#primaryimage"},"thumbnailUrl":"https:\/\/www.sp-equipements.com\/site\/wp-content\/uploads\/2019\/06\/angle_pont_lumiere_tri_300-1.jpg","datePublished":"2019-06-07T08:22:35+00:00","dateModified":"2019-06-19T13:32:59+00:00","breadcrumb":{"@id":"https:\/\/www.sp-equipements.com\/site\/produit\/angle-pont-lumiere-300-alu-prolyte-x30-triangulaire\/#breadcrumb"},"inLanguage":"fr-FR","potentialAction":[{"@type":"ReadAction","target":["https:\/\/www.sp-equipements.com\/site\/produit\/angle-pont-lumiere-300-alu-prolyte-x30-triangulaire\/"]}]},{"@type":"ImageObject","inLanguage":"fr-FR","@id":"https:\/\/www.sp-equipements.com\/site\/produit\/angle-pont-lumiere-300-alu-prolyte-x30-triangulaire\/#primaryimage","url":"https:\/\/www.sp-equipements.com\/site\/wp-content\/uploads\/2019\/06\/angle_pont_lumiere_tri_300-1.jpg","contentUrl":"https:\/\/www.sp-equipements.com\/site\/wp-content\/uploads\/2019\/06\/angle_pont_lumiere_tri_300-1.jpg","width":190,"height":190,"caption":"angle pont lumiere tri 300 1"},{"@type":"BreadcrumbList","@id":"https:\/\/www.sp-equipements.com\/site\/produit\/angle-pont-lumiere-300-alu-prolyte-x30-triangulaire\/#breadcrumb","itemListElement":[{"@type":"ListItem","position":1,"name":"Accueil","item":"https:\/\/www.sp-equipements.com\/site\/"},{"@type":"ListItem","position":2,"name":"Catalogue","item":"https:\/\/www.sp-equipements.com\/site\/catalogue\/"},{"@type":"ListItem","position":3,"name":"Angle Pont Lumi\u00e8re 300 Alu PROLYTE X30 Triangulaire"}]},{"@type":"WebSite","@id":"https:\/\/www.sp-equipements.com\/site\/#website","url":"https:\/\/www.sp-equipements.com\/site\/","name":"SP \u00c9quipements","description":"\u00c9quipements de collectivit\u00e9s","potentialAction":[{"@type":"SearchAction","target":{"@type":"EntryPoint","urlTemplate":"https:\/\/www.sp-equipements.com\/site\/?s={search_term_string}"},"query-input":"required name=search_term_string"}],"inLanguage":"fr-FR"}]}},"_links":{"self":[{"href":"https:\/\/www.sp-equipements.com\/site\/wp-json\/wp\/v2\/product\/21993"}],"collection":[{"href":"https:\/\/www.sp-equipements.com\/site\/wp-json\/wp\/v2\/product"}],"about":[{"href":"https:\/\/www.sp-equipements.com\/site\/wp-json\/wp\/v2\/types\/product"}],"replies":[{"embeddable":true,"href":"https:\/\/www.sp-equipements.com\/site\/wp-json\/wp\/v2\/comments?post=21993"}],"wp:featuredmedia":[{"embeddable":true,"href":"https:\/\/www.sp-equipements.com\/site\/wp-json\/wp\/v2\/media\/37905"}],"wp:attachment":[{"href":"https:\/\/www.sp-equipements.com\/site\/wp-json\/wp\/v2\/media?parent=21993"}],"wp:term":[{"taxonomy":"product_cat","embeddable":true,"href":"https:\/\/www.sp-equipements.com\/site\/wp-json\/wp\/v2\/product_cat?post=21993"},{"taxonomy":"product_tag","embeddable":true,"href":"https:\/\/www.sp-equipements.com\/site\/wp-json\/wp\/v2\/product_tag?post=21993"}],"curies":[{"name":"wp","href":"https:\/\/api.w.org\/{rel}","templated":true}]}}