{"id":22014,"date":"2019-06-07T10:22:46","date_gmt":"2019-06-07T08:22:46","guid":{"rendered":"http:\/\/www.polyequipements.com\/produit\/raccord-aluminium-rac-coude-2-directions\/"},"modified":"2019-06-19T15:33:09","modified_gmt":"2019-06-19T13:33:09","slug":"raccord-aluminium-rac-coude-2-directions","status":"publish","type":"product","link":"https:\/\/www.sp-equipements.com\/site\/produit\/raccord-aluminium-rac-coude-2-directions\/","title":{"rendered":"Raccord Aluminium RAC Coude 2 Directions"},"content":{"rendered":"","protected":false},"excerpt":{"rendered":"<p><i>Raccord rond brut de fonderie pour tube de diam\u00e8tre 50mm.<\/i><\/p>\n<p>Le raccord tubulaire permet tout assemblage de tubes sans soudure.<br \/>Ses points forts sont une solidit\u00e9 \u00e0 toute \u00e9preuve et un montage rapide.<br \/>Economique, transformable \u00e0 volont\u00e9, le raccord Centurion trouve de multiples utilisations dans l&rsquo;am\u00e9nagement de magasins et le stockage.<\/p>\n<p><b>Descriptif de fabrication<\/b><br \/>Tous les raccords sont r\u00e9alis\u00e9s en aluminium AS12 ce qui leur donne une tr\u00e8s bonne r\u00e9sistance.<br \/>Des inserts inox noy\u00e9s dans la masse \u00e0 la coul\u00e9e permettent un couple de serrage important.<br \/>Une vis de serrage 6 pans creux acier ou inox offre la possibilit\u00e9 de montages et d\u00e9montages multiples tout en pr\u00e9servant l&rsquo;esth\u00e9tique.<br \/>Les vis acier sont trait\u00e9s anti-corrosion.<\/p>\n","protected":false},"featured_media":37926,"comment_status":"open","ping_status":"closed","template":"","meta":[],"product_cat":[216,109],"product_tag":[],"yoast_head":"<!-- This site is optimized with the Yoast SEO plugin v22.2 - https:\/\/yoast.com\/wordpress\/plugins\/seo\/ -->\n<title>Raccord Aluminium RAC Coude 2 Directions - SP \u00c9quipements<\/title>\n<meta name=\"robots\" content=\"index, follow, max-snippet:-1, max-image-preview:large, max-video-preview:-1\" \/>\n<link rel=\"canonical\" href=\"https:\/\/www.sp-equipements.com\/site\/produit\/raccord-aluminium-rac-coude-2-directions\/\" \/>\n<meta property=\"og:locale\" content=\"fr_FR\" \/>\n<meta property=\"og:type\" content=\"article\" \/>\n<meta property=\"og:title\" content=\"Raccord Aluminium RAC Coude 2 Directions - SP \u00c9quipements\" \/>\n<meta property=\"og:description\" content=\"Raccord rond brut de fonderie pour tube de diam\u00e8tre 50mm.Le raccord tubulaire permet tout assemblage de tubes sans soudure.Ses points forts sont une solidit\u00e9 \u00e0 toute \u00e9preuve et un montage rapide.Economique, transformable \u00e0 volont\u00e9, le raccord Centurion trouve de multiples utilisations dans l&#039;am\u00e9nagement de magasins et le stockage.Descriptif de fabricationTous les raccords sont r\u00e9alis\u00e9s en aluminium AS12 ce qui leur donne une tr\u00e8s bonne r\u00e9sistance.Des inserts inox noy\u00e9s dans la masse \u00e0 la coul\u00e9e permettent un couple de serrage important.Une vis de serrage 6 pans creux acier ou inox offre la possibilit\u00e9 de montages et d\u00e9montages multiples tout en pr\u00e9servant l&#039;esth\u00e9tique.Les vis acier sont trait\u00e9s anti-corrosion.\" \/>\n<meta property=\"og:url\" content=\"https:\/\/www.sp-equipements.com\/site\/produit\/raccord-aluminium-rac-coude-2-directions\/\" \/>\n<meta property=\"og:site_name\" content=\"SP \u00c9quipements\" \/>\n<meta property=\"article:modified_time\" content=\"2019-06-19T13:33:09+00:00\" \/>\n<meta property=\"og:image\" content=\"https:\/\/www.sp-equipements.com\/site\/wp-content\/uploads\/2019\/06\/raccord_aluminium_rac2d-1.jpg\" \/>\n\t<meta property=\"og:image:width\" content=\"190\" \/>\n\t<meta property=\"og:image:height\" content=\"190\" \/>\n\t<meta property=\"og:image:type\" content=\"image\/jpeg\" \/>\n<meta name=\"twitter:card\" content=\"summary_large_image\" \/>\n<script type=\"application\/ld+json\" class=\"yoast-schema-graph\">{\"@context\":\"https:\/\/schema.org\",\"@graph\":[{\"@type\":\"WebPage\",\"@id\":\"https:\/\/www.sp-equipements.com\/site\/produit\/raccord-aluminium-rac-coude-2-directions\/\",\"url\":\"https:\/\/www.sp-equipements.com\/site\/produit\/raccord-aluminium-rac-coude-2-directions\/\",\"name\":\"Raccord Aluminium RAC Coude 2 Directions - SP \u00c9quipements\",\"isPartOf\":{\"@id\":\"https:\/\/www.sp-equipements.com\/site\/#website\"},\"primaryImageOfPage\":{\"@id\":\"https:\/\/www.sp-equipements.com\/site\/produit\/raccord-aluminium-rac-coude-2-directions\/#primaryimage\"},\"image\":{\"@id\":\"https:\/\/www.sp-equipements.com\/site\/produit\/raccord-aluminium-rac-coude-2-directions\/#primaryimage\"},\"thumbnailUrl\":\"https:\/\/www.sp-equipements.com\/site\/wp-content\/uploads\/2019\/06\/raccord_aluminium_rac2d-1.jpg\",\"datePublished\":\"2019-06-07T08:22:46+00:00\",\"dateModified\":\"2019-06-19T13:33:09+00:00\",\"breadcrumb\":{\"@id\":\"https:\/\/www.sp-equipements.com\/site\/produit\/raccord-aluminium-rac-coude-2-directions\/#breadcrumb\"},\"inLanguage\":\"fr-FR\",\"potentialAction\":[{\"@type\":\"ReadAction\",\"target\":[\"https:\/\/www.sp-equipements.com\/site\/produit\/raccord-aluminium-rac-coude-2-directions\/\"]}]},{\"@type\":\"ImageObject\",\"inLanguage\":\"fr-FR\",\"@id\":\"https:\/\/www.sp-equipements.com\/site\/produit\/raccord-aluminium-rac-coude-2-directions\/#primaryimage\",\"url\":\"https:\/\/www.sp-equipements.com\/site\/wp-content\/uploads\/2019\/06\/raccord_aluminium_rac2d-1.jpg\",\"contentUrl\":\"https:\/\/www.sp-equipements.com\/site\/wp-content\/uploads\/2019\/06\/raccord_aluminium_rac2d-1.jpg\",\"width\":190,\"height\":190,\"caption\":\"raccord aluminium rac2d 1\"},{\"@type\":\"BreadcrumbList\",\"@id\":\"https:\/\/www.sp-equipements.com\/site\/produit\/raccord-aluminium-rac-coude-2-directions\/#breadcrumb\",\"itemListElement\":[{\"@type\":\"ListItem\",\"position\":1,\"name\":\"Accueil\",\"item\":\"https:\/\/www.sp-equipements.com\/site\/\"},{\"@type\":\"ListItem\",\"position\":2,\"name\":\"Catalogue\",\"item\":\"https:\/\/www.sp-equipements.com\/site\/catalogue\/\"},{\"@type\":\"ListItem\",\"position\":3,\"name\":\"Raccord Aluminium RAC Coude 2 Directions\"}]},{\"@type\":\"WebSite\",\"@id\":\"https:\/\/www.sp-equipements.com\/site\/#website\",\"url\":\"https:\/\/www.sp-equipements.com\/site\/\",\"name\":\"SP \u00c9quipements\",\"description\":\"\u00c9quipements de collectivit\u00e9s\",\"potentialAction\":[{\"@type\":\"SearchAction\",\"target\":{\"@type\":\"EntryPoint\",\"urlTemplate\":\"https:\/\/www.sp-equipements.com\/site\/?s={search_term_string}\"},\"query-input\":\"required name=search_term_string\"}],\"inLanguage\":\"fr-FR\"}]}<\/script>\n<!-- \/ Yoast SEO plugin. -->","yoast_head_json":{"title":"Raccord Aluminium RAC Coude 2 Directions - SP \u00c9quipements","robots":{"index":"index","follow":"follow","max-snippet":"max-snippet:-1","max-image-preview":"max-image-preview:large","max-video-preview":"max-video-preview:-1"},"canonical":"https:\/\/www.sp-equipements.com\/site\/produit\/raccord-aluminium-rac-coude-2-directions\/","og_locale":"fr_FR","og_type":"article","og_title":"Raccord Aluminium RAC Coude 2 Directions - SP \u00c9quipements","og_description":"Raccord rond brut de fonderie pour tube de diam\u00e8tre 50mm.Le raccord tubulaire permet tout assemblage de tubes sans soudure.Ses points forts sont une solidit\u00e9 \u00e0 toute \u00e9preuve et un montage rapide.Economique, transformable \u00e0 volont\u00e9, le raccord Centurion trouve de multiples utilisations dans l'am\u00e9nagement de magasins et le stockage.Descriptif de fabricationTous les raccords sont r\u00e9alis\u00e9s en aluminium AS12 ce qui leur donne une tr\u00e8s bonne r\u00e9sistance.Des inserts inox noy\u00e9s dans la masse \u00e0 la coul\u00e9e permettent un couple de serrage important.Une vis de serrage 6 pans creux acier ou inox offre la possibilit\u00e9 de montages et d\u00e9montages multiples tout en pr\u00e9servant l'esth\u00e9tique.Les vis acier sont trait\u00e9s anti-corrosion.","og_url":"https:\/\/www.sp-equipements.com\/site\/produit\/raccord-aluminium-rac-coude-2-directions\/","og_site_name":"SP \u00c9quipements","article_modified_time":"2019-06-19T13:33:09+00:00","og_image":[{"width":190,"height":190,"url":"https:\/\/www.sp-equipements.com\/site\/wp-content\/uploads\/2019\/06\/raccord_aluminium_rac2d-1.jpg","type":"image\/jpeg"}],"twitter_card":"summary_large_image","schema":{"@context":"https:\/\/schema.org","@graph":[{"@type":"WebPage","@id":"https:\/\/www.sp-equipements.com\/site\/produit\/raccord-aluminium-rac-coude-2-directions\/","url":"https:\/\/www.sp-equipements.com\/site\/produit\/raccord-aluminium-rac-coude-2-directions\/","name":"Raccord Aluminium RAC Coude 2 Directions - SP \u00c9quipements","isPartOf":{"@id":"https:\/\/www.sp-equipements.com\/site\/#website"},"primaryImageOfPage":{"@id":"https:\/\/www.sp-equipements.com\/site\/produit\/raccord-aluminium-rac-coude-2-directions\/#primaryimage"},"image":{"@id":"https:\/\/www.sp-equipements.com\/site\/produit\/raccord-aluminium-rac-coude-2-directions\/#primaryimage"},"thumbnailUrl":"https:\/\/www.sp-equipements.com\/site\/wp-content\/uploads\/2019\/06\/raccord_aluminium_rac2d-1.jpg","datePublished":"2019-06-07T08:22:46+00:00","dateModified":"2019-06-19T13:33:09+00:00","breadcrumb":{"@id":"https:\/\/www.sp-equipements.com\/site\/produit\/raccord-aluminium-rac-coude-2-directions\/#breadcrumb"},"inLanguage":"fr-FR","potentialAction":[{"@type":"ReadAction","target":["https:\/\/www.sp-equipements.com\/site\/produit\/raccord-aluminium-rac-coude-2-directions\/"]}]},{"@type":"ImageObject","inLanguage":"fr-FR","@id":"https:\/\/www.sp-equipements.com\/site\/produit\/raccord-aluminium-rac-coude-2-directions\/#primaryimage","url":"https:\/\/www.sp-equipements.com\/site\/wp-content\/uploads\/2019\/06\/raccord_aluminium_rac2d-1.jpg","contentUrl":"https:\/\/www.sp-equipements.com\/site\/wp-content\/uploads\/2019\/06\/raccord_aluminium_rac2d-1.jpg","width":190,"height":190,"caption":"raccord aluminium rac2d 1"},{"@type":"BreadcrumbList","@id":"https:\/\/www.sp-equipements.com\/site\/produit\/raccord-aluminium-rac-coude-2-directions\/#breadcrumb","itemListElement":[{"@type":"ListItem","position":1,"name":"Accueil","item":"https:\/\/www.sp-equipements.com\/site\/"},{"@type":"ListItem","position":2,"name":"Catalogue","item":"https:\/\/www.sp-equipements.com\/site\/catalogue\/"},{"@type":"ListItem","position":3,"name":"Raccord Aluminium RAC Coude 2 Directions"}]},{"@type":"WebSite","@id":"https:\/\/www.sp-equipements.com\/site\/#website","url":"https:\/\/www.sp-equipements.com\/site\/","name":"SP \u00c9quipements","description":"\u00c9quipements de collectivit\u00e9s","potentialAction":[{"@type":"SearchAction","target":{"@type":"EntryPoint","urlTemplate":"https:\/\/www.sp-equipements.com\/site\/?s={search_term_string}"},"query-input":"required name=search_term_string"}],"inLanguage":"fr-FR"}]}},"_links":{"self":[{"href":"https:\/\/www.sp-equipements.com\/site\/wp-json\/wp\/v2\/product\/22014"}],"collection":[{"href":"https:\/\/www.sp-equipements.com\/site\/wp-json\/wp\/v2\/product"}],"about":[{"href":"https:\/\/www.sp-equipements.com\/site\/wp-json\/wp\/v2\/types\/product"}],"replies":[{"embeddable":true,"href":"https:\/\/www.sp-equipements.com\/site\/wp-json\/wp\/v2\/comments?post=22014"}],"wp:featuredmedia":[{"embeddable":true,"href":"https:\/\/www.sp-equipements.com\/site\/wp-json\/wp\/v2\/media\/37926"}],"wp:attachment":[{"href":"https:\/\/www.sp-equipements.com\/site\/wp-json\/wp\/v2\/media?parent=22014"}],"wp:term":[{"taxonomy":"product_cat","embeddable":true,"href":"https:\/\/www.sp-equipements.com\/site\/wp-json\/wp\/v2\/product_cat?post=22014"},{"taxonomy":"product_tag","embeddable":true,"href":"https:\/\/www.sp-equipements.com\/site\/wp-json\/wp\/v2\/product_tag?post=22014"}],"curies":[{"name":"wp","href":"https:\/\/api.w.org\/{rel}","templated":true}]}}