{"id":22018,"date":"2019-06-07T10:24:46","date_gmt":"2019-06-07T08:24:46","guid":{"rendered":"http:\/\/www.polyequipements.com\/produit\/tente-de-reception-barnum-6-de-48-a-96m%c2%b2\/"},"modified":"2022-04-02T22:44:31","modified_gmt":"2022-04-02T20:44:31","slug":"tente-de-reception-barnum-6-de-48-a-96m%c2%b2","status":"publish","type":"product","link":"https:\/\/www.sp-equipements.com\/site\/produit\/tente-de-reception-barnum-6-de-48-a-96m%c2%b2\/","title":{"rendered":"Tente de Reception BARNUM 6 <i>de 48 \u00e0 96m\u00b2<\/i>"},"content":{"rendered":"","protected":false},"excerpt":{"rendered":"<div id=\"box-article-description\">\n<div id=\"display-article-description\">\n<p>Tente de reception complete blanche en acier<br \/>\n\u2022 Ossature compl\u00e8te + Toiture PVC<br \/>\n\u2022 2 Pignons de 3, 5, 6 ou 8m avec porte centrale PVC<br \/>\n\u2022 Murs pleins sur 2 c\u00f4t\u00e9s PVC<br \/>\n\u2022 PVC : 650 gr\/m\u00b2 blancs M2<br \/>\n\u2022 Barres de sols murs<br \/>\n\u2022 Homologation CTS fournie<br \/>\n\u2022 Registre de s\u00e9curit\u00e9 \u00e0 votre nom<br \/>\nGarantie : 1 an<\/p>\n<p><b>Ossature :\u00a0<\/b><br \/>\nR\u00e9alis\u00e9e en tube d\u2019acier \u00d840 \u00e9paisseur 2mm finition galvanis\u00e9e int\u00e9rieur\/ext\u00e9rieur.<br \/>\nAssembl\u00e9e par tube manchonn\u00e9 avec cliquet de verrouillage, m\u00e2t r\u00e9glable en hauteur avec platine articul\u00e9e \u00e0 6 points, 2 barres anti-poche par trav\u00e9e de 4,00m de part et d\u2019autre.<br \/>\nPortique de ferme renforc\u00e9 par \u00e9l\u00e9ment de contreventement + renforts d\u2019angle escamotables.<\/p>\n<p><b>Entoilage :\u00a0<\/b><br \/>\nR\u00e9alis\u00e9 en toile enduite PVC Biface de 650 gr\/m\u00b2 class\u00e9e M2 blanche finition vernis.<br \/>\nAssemblage par soudure haute fr\u00e9quence largeur 30mm.<br \/>\nMontage de la toiture par tension de sandows en continu et crochets inox.<br \/>\nAccroche des murs et pignons par crochets inox \u00d840, jonction mur\/mur et mur\/pignon par fermeture \u00e0 glissi\u00e8re maille de 8.<br \/>\nLa\u00e7age sur barres de sol par sandows en continu et crochets inox.<br \/>\nPorte centrale relevable sur pignon.<\/p>\n<p><b>Ancrage :\u00a0<\/b><br \/>\nPar pieux \u00d810 longueur 35cm, 4 par platine d\u2019angle, 2 par platine interm\u00e9diaire + pieux \u00d814 longueur 60cm pour le haubanage \u00e0 raison d\u20191 par m\u00e2t + hauban.<\/p>\n<p><b>Lestage :\u00a0<\/b><br \/>\n245 kg par m\u00e2t (coefficient de s\u00e9curit\u00e9 \u00e0 appliquer en fonction du lieu de montage et de la dur\u00e9e d\u2019implantation).<\/p>\n<p>Hauteur maximum (de fa\u00eetage) pour les pignons de 3m : 2,75m<br \/>\nHauteur maximum (de fa\u00eetage) pour les pignons de 5m : 3,25m<br \/>\nHauteur maximum (de fa\u00eetage) pour les pignons de 6m : 3,50m<br \/>\nHauteur maximum (de fa\u00eetage) pour les pignons de 8m : 3,90m.<\/p>\n<\/div>\n<\/div>\n","protected":false},"featured_media":37953,"comment_status":"open","ping_status":"closed","template":"","meta":[],"product_cat":[217,111],"product_tag":[],"yoast_head":"<!-- This site is optimized with the Yoast SEO plugin v22.2 - https:\/\/yoast.com\/wordpress\/plugins\/seo\/ -->\n<title>Tente de Reception BARNUM 6 de 48 \u00e0 96m\u00b2 - SP \u00c9quipements<\/title>\n<meta name=\"robots\" content=\"index, follow, max-snippet:-1, max-image-preview:large, max-video-preview:-1\" \/>\n<link rel=\"canonical\" href=\"https:\/\/www.sp-equipements.com\/site\/produit\/tente-de-reception-barnum-6-de-48-a-96m\u00b2\/\" \/>\n<meta property=\"og:locale\" content=\"fr_FR\" \/>\n<meta property=\"og:type\" content=\"article\" \/>\n<meta property=\"og:title\" content=\"Tente de Reception BARNUM 6 de 48 \u00e0 96m\u00b2 - SP \u00c9quipements\" \/>\n<meta property=\"og:description\" content=\"Tente de reception complete blanche en acier \u2022 Ossature compl\u00e8te + Toiture PVC \u2022 2 Pignons de 3, 5, 6 ou 8m avec porte centrale PVC \u2022 Murs pleins sur 2 c\u00f4t\u00e9s PVC \u2022 PVC : 650 gr\/m\u00b2 blancs M2 \u2022 Barres de sols murs \u2022 Homologation CTS fournie \u2022 Registre de s\u00e9curit\u00e9 \u00e0 votre nom Garantie : 1 an  Ossature :\u00a0 R\u00e9alis\u00e9e en tube d\u2019acier \u00d840 \u00e9paisseur 2mm finition galvanis\u00e9e int\u00e9rieur\/ext\u00e9rieur. Assembl\u00e9e par tube manchonn\u00e9 avec cliquet de verrouillage, m\u00e2t r\u00e9glable en hauteur avec platine articul\u00e9e \u00e0 6 points, 2 barres anti-poche par trav\u00e9e de 4,00m de part et d\u2019autre. Portique de ferme renforc\u00e9 par \u00e9l\u00e9ment de contreventement + renforts d\u2019angle escamotables.  Entoilage :\u00a0 R\u00e9alis\u00e9 en toile enduite PVC Biface de 650 gr\/m\u00b2 class\u00e9e M2 blanche finition vernis. Assemblage par soudure haute fr\u00e9quence largeur 30mm. Montage de la toiture par tension de sandows en continu et crochets inox. Accroche des murs et pignons par crochets inox \u00d840, jonction mur\/mur et mur\/pignon par fermeture \u00e0 glissi\u00e8re maille de 8. La\u00e7age sur barres de sol par sandows en continu et crochets inox. Porte centrale relevable sur pignon.  Ancrage :\u00a0 Par pieux \u00d810 longueur 35cm, 4 par platine d\u2019angle, 2 par platine interm\u00e9diaire + pieux \u00d814 longueur 60cm pour le haubanage \u00e0 raison d\u20191 par m\u00e2t + hauban.  Lestage :\u00a0 245 kg par m\u00e2t (coefficient de s\u00e9curit\u00e9 \u00e0 appliquer en fonction du lieu de montage et de la dur\u00e9e d\u2019implantation).  Hauteur maximum (de fa\u00eetage) pour les pignons de 3m : 2,75m Hauteur maximum (de fa\u00eetage) pour les pignons de 5m : 3,25m Hauteur maximum (de fa\u00eetage) pour les pignons de 6m : 3,50m Hauteur maximum (de fa\u00eetage) pour les pignons de 8m : 3,90m.\" \/>\n<meta property=\"og:url\" content=\"https:\/\/www.sp-equipements.com\/site\/produit\/tente-de-reception-barnum-6-de-48-a-96m\u00b2\/\" \/>\n<meta property=\"og:site_name\" content=\"SP \u00c9quipements\" \/>\n<meta property=\"article:modified_time\" content=\"2022-04-02T20:44:31+00:00\" \/>\n<meta property=\"og:image\" content=\"https:\/\/www.sp-equipements.com\/site\/wp-content\/uploads\/2019\/06\/tente_reception-1.jpg\" \/>\n\t<meta property=\"og:image:width\" content=\"190\" \/>\n\t<meta property=\"og:image:height\" content=\"190\" \/>\n\t<meta property=\"og:image:type\" content=\"image\/jpeg\" \/>\n<meta name=\"twitter:card\" content=\"summary_large_image\" \/>\n<script type=\"application\/ld+json\" class=\"yoast-schema-graph\">{\"@context\":\"https:\/\/schema.org\",\"@graph\":[{\"@type\":\"WebPage\",\"@id\":\"https:\/\/www.sp-equipements.com\/site\/produit\/tente-de-reception-barnum-6-de-48-a-96m%c2%b2\/\",\"url\":\"https:\/\/www.sp-equipements.com\/site\/produit\/tente-de-reception-barnum-6-de-48-a-96m%c2%b2\/\",\"name\":\"Tente de Reception BARNUM 6 de 48 \u00e0 96m\u00b2 - SP \u00c9quipements\",\"isPartOf\":{\"@id\":\"https:\/\/www.sp-equipements.com\/site\/#website\"},\"primaryImageOfPage\":{\"@id\":\"https:\/\/www.sp-equipements.com\/site\/produit\/tente-de-reception-barnum-6-de-48-a-96m%c2%b2\/#primaryimage\"},\"image\":{\"@id\":\"https:\/\/www.sp-equipements.com\/site\/produit\/tente-de-reception-barnum-6-de-48-a-96m%c2%b2\/#primaryimage\"},\"thumbnailUrl\":\"https:\/\/www.sp-equipements.com\/site\/wp-content\/uploads\/2019\/06\/tente_reception-1.jpg\",\"datePublished\":\"2019-06-07T08:24:46+00:00\",\"dateModified\":\"2022-04-02T20:44:31+00:00\",\"breadcrumb\":{\"@id\":\"https:\/\/www.sp-equipements.com\/site\/produit\/tente-de-reception-barnum-6-de-48-a-96m%c2%b2\/#breadcrumb\"},\"inLanguage\":\"fr-FR\",\"potentialAction\":[{\"@type\":\"ReadAction\",\"target\":[\"https:\/\/www.sp-equipements.com\/site\/produit\/tente-de-reception-barnum-6-de-48-a-96m%c2%b2\/\"]}]},{\"@type\":\"ImageObject\",\"inLanguage\":\"fr-FR\",\"@id\":\"https:\/\/www.sp-equipements.com\/site\/produit\/tente-de-reception-barnum-6-de-48-a-96m%c2%b2\/#primaryimage\",\"url\":\"https:\/\/www.sp-equipements.com\/site\/wp-content\/uploads\/2019\/06\/tente_reception-1.jpg\",\"contentUrl\":\"https:\/\/www.sp-equipements.com\/site\/wp-content\/uploads\/2019\/06\/tente_reception-1.jpg\",\"width\":190,\"height\":190,\"caption\":\"tente reception 1\"},{\"@type\":\"BreadcrumbList\",\"@id\":\"https:\/\/www.sp-equipements.com\/site\/produit\/tente-de-reception-barnum-6-de-48-a-96m%c2%b2\/#breadcrumb\",\"itemListElement\":[{\"@type\":\"ListItem\",\"position\":1,\"name\":\"Accueil\",\"item\":\"https:\/\/www.sp-equipements.com\/site\/\"},{\"@type\":\"ListItem\",\"position\":2,\"name\":\"Catalogue\",\"item\":\"https:\/\/www.sp-equipements.com\/site\/catalogue\/\"},{\"@type\":\"ListItem\",\"position\":3,\"name\":\"Tente de Reception BARNUM 6 de 48 \u00e0 96m\u00b2\"}]},{\"@type\":\"WebSite\",\"@id\":\"https:\/\/www.sp-equipements.com\/site\/#website\",\"url\":\"https:\/\/www.sp-equipements.com\/site\/\",\"name\":\"SP \u00c9quipements\",\"description\":\"\u00c9quipements de collectivit\u00e9s\",\"potentialAction\":[{\"@type\":\"SearchAction\",\"target\":{\"@type\":\"EntryPoint\",\"urlTemplate\":\"https:\/\/www.sp-equipements.com\/site\/?s={search_term_string}\"},\"query-input\":\"required name=search_term_string\"}],\"inLanguage\":\"fr-FR\"}]}<\/script>\n<!-- \/ Yoast SEO plugin. -->","yoast_head_json":{"title":"Tente de Reception BARNUM 6 de 48 \u00e0 96m\u00b2 - SP \u00c9quipements","robots":{"index":"index","follow":"follow","max-snippet":"max-snippet:-1","max-image-preview":"max-image-preview:large","max-video-preview":"max-video-preview:-1"},"canonical":"https:\/\/www.sp-equipements.com\/site\/produit\/tente-de-reception-barnum-6-de-48-a-96m\u00b2\/","og_locale":"fr_FR","og_type":"article","og_title":"Tente de Reception BARNUM 6 de 48 \u00e0 96m\u00b2 - SP \u00c9quipements","og_description":"Tente de reception complete blanche en acier \u2022 Ossature compl\u00e8te + Toiture PVC \u2022 2 Pignons de 3, 5, 6 ou 8m avec porte centrale PVC \u2022 Murs pleins sur 2 c\u00f4t\u00e9s PVC \u2022 PVC : 650 gr\/m\u00b2 blancs M2 \u2022 Barres de sols murs \u2022 Homologation CTS fournie \u2022 Registre de s\u00e9curit\u00e9 \u00e0 votre nom Garantie : 1 an  Ossature :\u00a0 R\u00e9alis\u00e9e en tube d\u2019acier \u00d840 \u00e9paisseur 2mm finition galvanis\u00e9e int\u00e9rieur\/ext\u00e9rieur. Assembl\u00e9e par tube manchonn\u00e9 avec cliquet de verrouillage, m\u00e2t r\u00e9glable en hauteur avec platine articul\u00e9e \u00e0 6 points, 2 barres anti-poche par trav\u00e9e de 4,00m de part et d\u2019autre. Portique de ferme renforc\u00e9 par \u00e9l\u00e9ment de contreventement + renforts d\u2019angle escamotables.  Entoilage :\u00a0 R\u00e9alis\u00e9 en toile enduite PVC Biface de 650 gr\/m\u00b2 class\u00e9e M2 blanche finition vernis. Assemblage par soudure haute fr\u00e9quence largeur 30mm. Montage de la toiture par tension de sandows en continu et crochets inox. Accroche des murs et pignons par crochets inox \u00d840, jonction mur\/mur et mur\/pignon par fermeture \u00e0 glissi\u00e8re maille de 8. La\u00e7age sur barres de sol par sandows en continu et crochets inox. Porte centrale relevable sur pignon.  Ancrage :\u00a0 Par pieux \u00d810 longueur 35cm, 4 par platine d\u2019angle, 2 par platine interm\u00e9diaire + pieux \u00d814 longueur 60cm pour le haubanage \u00e0 raison d\u20191 par m\u00e2t + hauban.  Lestage :\u00a0 245 kg par m\u00e2t (coefficient de s\u00e9curit\u00e9 \u00e0 appliquer en fonction du lieu de montage et de la dur\u00e9e d\u2019implantation).  Hauteur maximum (de fa\u00eetage) pour les pignons de 3m : 2,75m Hauteur maximum (de fa\u00eetage) pour les pignons de 5m : 3,25m Hauteur maximum (de fa\u00eetage) pour les pignons de 6m : 3,50m Hauteur maximum (de fa\u00eetage) pour les pignons de 8m : 3,90m.","og_url":"https:\/\/www.sp-equipements.com\/site\/produit\/tente-de-reception-barnum-6-de-48-a-96m\u00b2\/","og_site_name":"SP \u00c9quipements","article_modified_time":"2022-04-02T20:44:31+00:00","og_image":[{"width":190,"height":190,"url":"https:\/\/www.sp-equipements.com\/site\/wp-content\/uploads\/2019\/06\/tente_reception-1.jpg","type":"image\/jpeg"}],"twitter_card":"summary_large_image","schema":{"@context":"https:\/\/schema.org","@graph":[{"@type":"WebPage","@id":"https:\/\/www.sp-equipements.com\/site\/produit\/tente-de-reception-barnum-6-de-48-a-96m%c2%b2\/","url":"https:\/\/www.sp-equipements.com\/site\/produit\/tente-de-reception-barnum-6-de-48-a-96m%c2%b2\/","name":"Tente de Reception BARNUM 6 de 48 \u00e0 96m\u00b2 - SP \u00c9quipements","isPartOf":{"@id":"https:\/\/www.sp-equipements.com\/site\/#website"},"primaryImageOfPage":{"@id":"https:\/\/www.sp-equipements.com\/site\/produit\/tente-de-reception-barnum-6-de-48-a-96m%c2%b2\/#primaryimage"},"image":{"@id":"https:\/\/www.sp-equipements.com\/site\/produit\/tente-de-reception-barnum-6-de-48-a-96m%c2%b2\/#primaryimage"},"thumbnailUrl":"https:\/\/www.sp-equipements.com\/site\/wp-content\/uploads\/2019\/06\/tente_reception-1.jpg","datePublished":"2019-06-07T08:24:46+00:00","dateModified":"2022-04-02T20:44:31+00:00","breadcrumb":{"@id":"https:\/\/www.sp-equipements.com\/site\/produit\/tente-de-reception-barnum-6-de-48-a-96m%c2%b2\/#breadcrumb"},"inLanguage":"fr-FR","potentialAction":[{"@type":"ReadAction","target":["https:\/\/www.sp-equipements.com\/site\/produit\/tente-de-reception-barnum-6-de-48-a-96m%c2%b2\/"]}]},{"@type":"ImageObject","inLanguage":"fr-FR","@id":"https:\/\/www.sp-equipements.com\/site\/produit\/tente-de-reception-barnum-6-de-48-a-96m%c2%b2\/#primaryimage","url":"https:\/\/www.sp-equipements.com\/site\/wp-content\/uploads\/2019\/06\/tente_reception-1.jpg","contentUrl":"https:\/\/www.sp-equipements.com\/site\/wp-content\/uploads\/2019\/06\/tente_reception-1.jpg","width":190,"height":190,"caption":"tente reception 1"},{"@type":"BreadcrumbList","@id":"https:\/\/www.sp-equipements.com\/site\/produit\/tente-de-reception-barnum-6-de-48-a-96m%c2%b2\/#breadcrumb","itemListElement":[{"@type":"ListItem","position":1,"name":"Accueil","item":"https:\/\/www.sp-equipements.com\/site\/"},{"@type":"ListItem","position":2,"name":"Catalogue","item":"https:\/\/www.sp-equipements.com\/site\/catalogue\/"},{"@type":"ListItem","position":3,"name":"Tente de Reception BARNUM 6 de 48 \u00e0 96m\u00b2"}]},{"@type":"WebSite","@id":"https:\/\/www.sp-equipements.com\/site\/#website","url":"https:\/\/www.sp-equipements.com\/site\/","name":"SP \u00c9quipements","description":"\u00c9quipements de collectivit\u00e9s","potentialAction":[{"@type":"SearchAction","target":{"@type":"EntryPoint","urlTemplate":"https:\/\/www.sp-equipements.com\/site\/?s={search_term_string}"},"query-input":"required name=search_term_string"}],"inLanguage":"fr-FR"}]}},"_links":{"self":[{"href":"https:\/\/www.sp-equipements.com\/site\/wp-json\/wp\/v2\/product\/22018"}],"collection":[{"href":"https:\/\/www.sp-equipements.com\/site\/wp-json\/wp\/v2\/product"}],"about":[{"href":"https:\/\/www.sp-equipements.com\/site\/wp-json\/wp\/v2\/types\/product"}],"replies":[{"embeddable":true,"href":"https:\/\/www.sp-equipements.com\/site\/wp-json\/wp\/v2\/comments?post=22018"}],"wp:featuredmedia":[{"embeddable":true,"href":"https:\/\/www.sp-equipements.com\/site\/wp-json\/wp\/v2\/media\/37953"}],"wp:attachment":[{"href":"https:\/\/www.sp-equipements.com\/site\/wp-json\/wp\/v2\/media?parent=22018"}],"wp:term":[{"taxonomy":"product_cat","embeddable":true,"href":"https:\/\/www.sp-equipements.com\/site\/wp-json\/wp\/v2\/product_cat?post=22018"},{"taxonomy":"product_tag","embeddable":true,"href":"https:\/\/www.sp-equipements.com\/site\/wp-json\/wp\/v2\/product_tag?post=22018"}],"curies":[{"name":"wp","href":"https:\/\/api.w.org\/{rel}","templated":true}]}}