{"id":22020,"date":"2019-06-07T10:24:47","date_gmt":"2019-06-07T08:24:47","guid":{"rendered":"http:\/\/www.polyequipements.com\/produit\/tente-parapluie-abrimagic-i-3x3m-acier\/"},"modified":"2019-06-19T15:33:22","modified_gmt":"2019-06-19T13:33:22","slug":"tente-parapluie-abrimagic-i-3x3m-acier","status":"publish","type":"product","link":"https:\/\/www.sp-equipements.com\/site\/produit\/tente-parapluie-abrimagic-i-3x3m-acier\/","title":{"rendered":"Tente Parapluie ABRIMAGIC I 3x3m <i>Acier<\/i>"},"content":{"rendered":"","protected":false},"excerpt":{"rendered":"<p><i>Tente pliante syst\u00e8me \u00ab\u00a0parapluie\u00a0\u00bb ABRIMAGIC I en\u00a0<b>acier<\/b>\u00a03x3m<\/i><\/p>\n<p><b>Structure<\/b>\u00a0en acier laqu\u00e9 Blanc, poteaux carr\u00e9s 36&#215;36. Croisillons acier laqu\u00e9, section 25&#215;12 mm. M\u00e2t t\u00e9lescopique avec ressort de tension.<\/p>\n<p><b>Toit<\/b>\u00a0en toile polyester enduit pvc face int\u00e9rieure, 380 g\/m\u00b2. Toile ignifug\u00e9e. Coloris : Blanc. Lambrequin de 320mm avec velcro int\u00e9rieur de 25mm p\u00e9riph\u00e9riques. Tension par velcro ajustable. Livr\u00e9 avec sac de transport.<\/p>\n<p><b>Rideaux<\/b>\u00a0en toile polyester enduit pvc face int\u00e9rieure,\u00a0<b>380g\/m\u00b2<\/b>\u00a0Toile ignifug\u00e9e. Velcro de 38mm en partie haute pour une installation rapide. Fermeture pour jonction des rideaux entre eux. Coloris : Standard Blanc<\/p>\n","protected":false},"featured_media":37954,"comment_status":"open","ping_status":"closed","template":"","meta":[],"product_cat":[111,218],"product_tag":[],"yoast_head":"<!-- This site is optimized with the Yoast SEO plugin v22.2 - https:\/\/yoast.com\/wordpress\/plugins\/seo\/ -->\n<title>Tente Parapluie ABRIMAGIC I 3x3m Acier - SP \u00c9quipements<\/title>\n<meta name=\"robots\" content=\"index, follow, max-snippet:-1, max-image-preview:large, max-video-preview:-1\" \/>\n<link rel=\"canonical\" href=\"https:\/\/www.sp-equipements.com\/site\/produit\/tente-parapluie-abrimagic-i-3x3m-acier\/\" \/>\n<meta property=\"og:locale\" content=\"fr_FR\" \/>\n<meta property=\"og:type\" content=\"article\" \/>\n<meta property=\"og:title\" content=\"Tente Parapluie ABRIMAGIC I 3x3m Acier - SP \u00c9quipements\" \/>\n<meta property=\"og:description\" content=\"Tente pliante syst\u00e8me &quot;parapluie&quot; ABRIMAGIC I en\u00a0acier\u00a03x3m  Structure\u00a0en acier laqu\u00e9 Blanc, poteaux carr\u00e9s 36x36. Croisillons acier laqu\u00e9, section 25x12 mm. M\u00e2t t\u00e9lescopique avec ressort de tension.  Toit\u00a0en toile polyester enduit pvc face int\u00e9rieure, 380 g\/m\u00b2. Toile ignifug\u00e9e. Coloris : Blanc. Lambrequin de 320mm avec velcro int\u00e9rieur de 25mm p\u00e9riph\u00e9riques. Tension par velcro ajustable. Livr\u00e9 avec sac de transport.  Rideaux\u00a0en toile polyester enduit pvc face int\u00e9rieure,\u00a0380g\/m\u00b2\u00a0Toile ignifug\u00e9e. Velcro de 38mm en partie haute pour une installation rapide. Fermeture pour jonction des rideaux entre eux. Coloris : Standard Blanc\" \/>\n<meta property=\"og:url\" content=\"https:\/\/www.sp-equipements.com\/site\/produit\/tente-parapluie-abrimagic-i-3x3m-acier\/\" \/>\n<meta property=\"og:site_name\" content=\"SP \u00c9quipements\" \/>\n<meta property=\"article:modified_time\" content=\"2019-06-19T13:33:22+00:00\" \/>\n<meta property=\"og:image\" content=\"https:\/\/www.sp-equipements.com\/site\/wp-content\/uploads\/2019\/06\/tente_parapluie_abrimagic1-1.jpg\" \/>\n\t<meta property=\"og:image:width\" content=\"190\" \/>\n\t<meta property=\"og:image:height\" content=\"190\" \/>\n\t<meta property=\"og:image:type\" content=\"image\/jpeg\" \/>\n<meta name=\"twitter:card\" content=\"summary_large_image\" \/>\n<script type=\"application\/ld+json\" class=\"yoast-schema-graph\">{\"@context\":\"https:\/\/schema.org\",\"@graph\":[{\"@type\":\"WebPage\",\"@id\":\"https:\/\/www.sp-equipements.com\/site\/produit\/tente-parapluie-abrimagic-i-3x3m-acier\/\",\"url\":\"https:\/\/www.sp-equipements.com\/site\/produit\/tente-parapluie-abrimagic-i-3x3m-acier\/\",\"name\":\"Tente Parapluie ABRIMAGIC I 3x3m Acier - SP \u00c9quipements\",\"isPartOf\":{\"@id\":\"https:\/\/www.sp-equipements.com\/site\/#website\"},\"primaryImageOfPage\":{\"@id\":\"https:\/\/www.sp-equipements.com\/site\/produit\/tente-parapluie-abrimagic-i-3x3m-acier\/#primaryimage\"},\"image\":{\"@id\":\"https:\/\/www.sp-equipements.com\/site\/produit\/tente-parapluie-abrimagic-i-3x3m-acier\/#primaryimage\"},\"thumbnailUrl\":\"https:\/\/www.sp-equipements.com\/site\/wp-content\/uploads\/2019\/06\/tente_parapluie_abrimagic1-1.jpg\",\"datePublished\":\"2019-06-07T08:24:47+00:00\",\"dateModified\":\"2019-06-19T13:33:22+00:00\",\"breadcrumb\":{\"@id\":\"https:\/\/www.sp-equipements.com\/site\/produit\/tente-parapluie-abrimagic-i-3x3m-acier\/#breadcrumb\"},\"inLanguage\":\"fr-FR\",\"potentialAction\":[{\"@type\":\"ReadAction\",\"target\":[\"https:\/\/www.sp-equipements.com\/site\/produit\/tente-parapluie-abrimagic-i-3x3m-acier\/\"]}]},{\"@type\":\"ImageObject\",\"inLanguage\":\"fr-FR\",\"@id\":\"https:\/\/www.sp-equipements.com\/site\/produit\/tente-parapluie-abrimagic-i-3x3m-acier\/#primaryimage\",\"url\":\"https:\/\/www.sp-equipements.com\/site\/wp-content\/uploads\/2019\/06\/tente_parapluie_abrimagic1-1.jpg\",\"contentUrl\":\"https:\/\/www.sp-equipements.com\/site\/wp-content\/uploads\/2019\/06\/tente_parapluie_abrimagic1-1.jpg\",\"width\":190,\"height\":190,\"caption\":\"tente parapluie abrimagic1 1\"},{\"@type\":\"BreadcrumbList\",\"@id\":\"https:\/\/www.sp-equipements.com\/site\/produit\/tente-parapluie-abrimagic-i-3x3m-acier\/#breadcrumb\",\"itemListElement\":[{\"@type\":\"ListItem\",\"position\":1,\"name\":\"Accueil\",\"item\":\"https:\/\/www.sp-equipements.com\/site\/\"},{\"@type\":\"ListItem\",\"position\":2,\"name\":\"Catalogue\",\"item\":\"https:\/\/www.sp-equipements.com\/site\/catalogue\/\"},{\"@type\":\"ListItem\",\"position\":3,\"name\":\"Tente Parapluie ABRIMAGIC I 3x3m Acier\"}]},{\"@type\":\"WebSite\",\"@id\":\"https:\/\/www.sp-equipements.com\/site\/#website\",\"url\":\"https:\/\/www.sp-equipements.com\/site\/\",\"name\":\"SP \u00c9quipements\",\"description\":\"\u00c9quipements de collectivit\u00e9s\",\"potentialAction\":[{\"@type\":\"SearchAction\",\"target\":{\"@type\":\"EntryPoint\",\"urlTemplate\":\"https:\/\/www.sp-equipements.com\/site\/?s={search_term_string}\"},\"query-input\":\"required name=search_term_string\"}],\"inLanguage\":\"fr-FR\"}]}<\/script>\n<!-- \/ Yoast SEO plugin. -->","yoast_head_json":{"title":"Tente Parapluie ABRIMAGIC I 3x3m Acier - SP \u00c9quipements","robots":{"index":"index","follow":"follow","max-snippet":"max-snippet:-1","max-image-preview":"max-image-preview:large","max-video-preview":"max-video-preview:-1"},"canonical":"https:\/\/www.sp-equipements.com\/site\/produit\/tente-parapluie-abrimagic-i-3x3m-acier\/","og_locale":"fr_FR","og_type":"article","og_title":"Tente Parapluie ABRIMAGIC I 3x3m Acier - SP \u00c9quipements","og_description":"Tente pliante syst\u00e8me \"parapluie\" ABRIMAGIC I en\u00a0acier\u00a03x3m  Structure\u00a0en acier laqu\u00e9 Blanc, poteaux carr\u00e9s 36x36. Croisillons acier laqu\u00e9, section 25x12 mm. M\u00e2t t\u00e9lescopique avec ressort de tension.  Toit\u00a0en toile polyester enduit pvc face int\u00e9rieure, 380 g\/m\u00b2. Toile ignifug\u00e9e. Coloris : Blanc. Lambrequin de 320mm avec velcro int\u00e9rieur de 25mm p\u00e9riph\u00e9riques. Tension par velcro ajustable. Livr\u00e9 avec sac de transport.  Rideaux\u00a0en toile polyester enduit pvc face int\u00e9rieure,\u00a0380g\/m\u00b2\u00a0Toile ignifug\u00e9e. Velcro de 38mm en partie haute pour une installation rapide. Fermeture pour jonction des rideaux entre eux. Coloris : Standard Blanc","og_url":"https:\/\/www.sp-equipements.com\/site\/produit\/tente-parapluie-abrimagic-i-3x3m-acier\/","og_site_name":"SP \u00c9quipements","article_modified_time":"2019-06-19T13:33:22+00:00","og_image":[{"width":190,"height":190,"url":"https:\/\/www.sp-equipements.com\/site\/wp-content\/uploads\/2019\/06\/tente_parapluie_abrimagic1-1.jpg","type":"image\/jpeg"}],"twitter_card":"summary_large_image","schema":{"@context":"https:\/\/schema.org","@graph":[{"@type":"WebPage","@id":"https:\/\/www.sp-equipements.com\/site\/produit\/tente-parapluie-abrimagic-i-3x3m-acier\/","url":"https:\/\/www.sp-equipements.com\/site\/produit\/tente-parapluie-abrimagic-i-3x3m-acier\/","name":"Tente Parapluie ABRIMAGIC I 3x3m Acier - SP \u00c9quipements","isPartOf":{"@id":"https:\/\/www.sp-equipements.com\/site\/#website"},"primaryImageOfPage":{"@id":"https:\/\/www.sp-equipements.com\/site\/produit\/tente-parapluie-abrimagic-i-3x3m-acier\/#primaryimage"},"image":{"@id":"https:\/\/www.sp-equipements.com\/site\/produit\/tente-parapluie-abrimagic-i-3x3m-acier\/#primaryimage"},"thumbnailUrl":"https:\/\/www.sp-equipements.com\/site\/wp-content\/uploads\/2019\/06\/tente_parapluie_abrimagic1-1.jpg","datePublished":"2019-06-07T08:24:47+00:00","dateModified":"2019-06-19T13:33:22+00:00","breadcrumb":{"@id":"https:\/\/www.sp-equipements.com\/site\/produit\/tente-parapluie-abrimagic-i-3x3m-acier\/#breadcrumb"},"inLanguage":"fr-FR","potentialAction":[{"@type":"ReadAction","target":["https:\/\/www.sp-equipements.com\/site\/produit\/tente-parapluie-abrimagic-i-3x3m-acier\/"]}]},{"@type":"ImageObject","inLanguage":"fr-FR","@id":"https:\/\/www.sp-equipements.com\/site\/produit\/tente-parapluie-abrimagic-i-3x3m-acier\/#primaryimage","url":"https:\/\/www.sp-equipements.com\/site\/wp-content\/uploads\/2019\/06\/tente_parapluie_abrimagic1-1.jpg","contentUrl":"https:\/\/www.sp-equipements.com\/site\/wp-content\/uploads\/2019\/06\/tente_parapluie_abrimagic1-1.jpg","width":190,"height":190,"caption":"tente parapluie abrimagic1 1"},{"@type":"BreadcrumbList","@id":"https:\/\/www.sp-equipements.com\/site\/produit\/tente-parapluie-abrimagic-i-3x3m-acier\/#breadcrumb","itemListElement":[{"@type":"ListItem","position":1,"name":"Accueil","item":"https:\/\/www.sp-equipements.com\/site\/"},{"@type":"ListItem","position":2,"name":"Catalogue","item":"https:\/\/www.sp-equipements.com\/site\/catalogue\/"},{"@type":"ListItem","position":3,"name":"Tente Parapluie ABRIMAGIC I 3x3m Acier"}]},{"@type":"WebSite","@id":"https:\/\/www.sp-equipements.com\/site\/#website","url":"https:\/\/www.sp-equipements.com\/site\/","name":"SP \u00c9quipements","description":"\u00c9quipements de collectivit\u00e9s","potentialAction":[{"@type":"SearchAction","target":{"@type":"EntryPoint","urlTemplate":"https:\/\/www.sp-equipements.com\/site\/?s={search_term_string}"},"query-input":"required name=search_term_string"}],"inLanguage":"fr-FR"}]}},"_links":{"self":[{"href":"https:\/\/www.sp-equipements.com\/site\/wp-json\/wp\/v2\/product\/22020"}],"collection":[{"href":"https:\/\/www.sp-equipements.com\/site\/wp-json\/wp\/v2\/product"}],"about":[{"href":"https:\/\/www.sp-equipements.com\/site\/wp-json\/wp\/v2\/types\/product"}],"replies":[{"embeddable":true,"href":"https:\/\/www.sp-equipements.com\/site\/wp-json\/wp\/v2\/comments?post=22020"}],"wp:featuredmedia":[{"embeddable":true,"href":"https:\/\/www.sp-equipements.com\/site\/wp-json\/wp\/v2\/media\/37954"}],"wp:attachment":[{"href":"https:\/\/www.sp-equipements.com\/site\/wp-json\/wp\/v2\/media?parent=22020"}],"wp:term":[{"taxonomy":"product_cat","embeddable":true,"href":"https:\/\/www.sp-equipements.com\/site\/wp-json\/wp\/v2\/product_cat?post=22020"},{"taxonomy":"product_tag","embeddable":true,"href":"https:\/\/www.sp-equipements.com\/site\/wp-json\/wp\/v2\/product_tag?post=22020"}],"curies":[{"name":"wp","href":"https:\/\/api.w.org\/{rel}","templated":true}]}}