{"id":22021,"date":"2019-06-07T10:24:48","date_gmt":"2019-06-07T08:24:48","guid":{"rendered":"http:\/\/www.polyequipements.com\/produit\/tente-parapluie-abrimagic-iv-pro-aluminium-520-gr-m%c2%b2-m2\/"},"modified":"2022-05-21T02:50:47","modified_gmt":"2022-05-21T00:50:47","slug":"tente-parapluie-abrimagic-iv-pro-aluminium-520-gr-m%c2%b2-m2","status":"publish","type":"product","link":"https:\/\/www.sp-equipements.com\/site\/produit\/tente-parapluie-abrimagic-iv-pro-aluminium-520-gr-m%c2%b2-m2\/","title":{"rendered":"Tente Parapluie ABRIMAGIC IV PRO <i>Aluminium &#8211; <b>520 gr\/m\u00b2<\/b> &#8211; M2<\/i>"},"content":{"rendered":"","protected":false},"excerpt":{"rendered":"<p><i>Tente pliante ABRIMAGIC IV gamme professionnelle en\u00a0<b>aluminium<\/b>. Syst\u00e8me \u00ab\u00a0parapluie\u00a0\u00bb avec 4 hauteurs r\u00e9glables. Tente l\u00e9g\u00e8re et extr\u00eamement r\u00e9sistante. Existe en 4 dimensions : 3x3m, 3&#215;4.5m, 3x6m, 4x4m.<\/i><\/p>\n<p><b>Structure :\u00a0<\/b><br \/>\nPoteaux hexagonaux (6 faces) en\u00a0<b>aluminium anodis\u00e9 renforc\u00e9<\/b>, haut de poteau \u00d8 60 mm, \u00e9paisseur 2,5 mm, croisillons aluminium, section 35 x 18 mm, \u00e9paisseur 1,8 mm.<br \/>\nPi\u00e8ces de jonction et d\u2019articulation en aluminium et fonte d\u2019aluminium.<br \/>\nPieds r\u00e9glables en hauteur de 1 800 \u00e0 2 200 mm (hauteur de passage), \u00e9quip\u00e9s de grandes platines triangulaires. Base des pieds en acier galvanis\u00e9.<br \/>\nM\u00e2t t\u00e9lescopique avec ressort de tension.<br \/>\nSyst\u00e8me de blocage avec anneau \u00e0 ressort.<\/p>\n<p><b>Toit :\u00a0<\/b><br \/>\nEn toile polyester\u00a0<b>520gr<\/b>\u00a0enduit PVC anti UV et traitement anti-feu<b>M2<\/b>\u00a0(Certificat fran\u00e7ais LNE). Coloris : Blanc.<br \/>\nLambrequin de 320mm avec velcro int\u00e9rieur de 25mm p\u00e9riph\u00e9riques.<br \/>\nTension par velcro ajustable.<\/p>\n<p>Livr\u00e9 avec sac de transport \u00e0 roulette.<br \/>\nKit de haubanage inclus.<br \/>\n<i>Il est fortement conseill\u00e9 de retirer le toit avant de replier l&rsquo;armature.<\/i><\/p>\n<p><b>Option Rideaux :<\/b><br \/>\nCompos\u00e9e de 4 murs dont 1 mur avec porte.<br \/>\nRideaux en toile polyester enduit pvc\u00a0<b>520 gr<\/b>\u00a0anti UV et traitement anti-feu\u00a0<b>M2<\/b>\u00a0(Certificat fran\u00e7ais LNE). Coloris : Blanc.<br \/>\nVelcro de 38mm en partie haute pour une installation rapide.<br \/>\nFermeture pour jonction des rideaux entre eux.<\/p>\n<p><b>Dimensions<\/b><br \/>\nHauteur centrale : de 315 \u00e0 345cm<br \/>\nPoids de la version 3x3m : armature net 31kg.<br \/>\nPoids de la version 3&#215;4,5m : armature net 38kg.<br \/>\nPoids de la version 3x6m : armature net 45kg.<br \/>\nPoids de la version 4x4m : armature net 40kg.<br \/>\nGarantie 1 an<\/p>\n","protected":false},"featured_media":37955,"comment_status":"open","ping_status":"closed","template":"","meta":[],"product_cat":[243,111,218],"product_tag":[],"yoast_head":"<!-- This site is optimized with the Yoast SEO plugin v22.2 - https:\/\/yoast.com\/wordpress\/plugins\/seo\/ -->\n<title>Tente Parapluie ABRIMAGIC IV PRO Aluminium - 520 gr\/m\u00b2 - M2 - SP \u00c9quipements<\/title>\n<meta name=\"robots\" content=\"index, follow, max-snippet:-1, max-image-preview:large, max-video-preview:-1\" \/>\n<link rel=\"canonical\" href=\"https:\/\/www.sp-equipements.com\/site\/produit\/tente-parapluie-abrimagic-iv-pro-aluminium-520-gr-m\u00b2-m2\/\" \/>\n<meta property=\"og:locale\" content=\"fr_FR\" \/>\n<meta property=\"og:type\" content=\"article\" \/>\n<meta property=\"og:title\" content=\"Tente Parapluie ABRIMAGIC IV PRO Aluminium - 520 gr\/m\u00b2 - M2 - SP \u00c9quipements\" \/>\n<meta property=\"og:description\" content=\"Tente pliante ABRIMAGIC IV gamme professionnelle en\u00a0aluminium. Syst\u00e8me &quot;parapluie&quot; avec 4 hauteurs r\u00e9glables. Tente l\u00e9g\u00e8re et extr\u00eamement r\u00e9sistante. Existe en 4 dimensions : 3x3m, 3x4.5m, 3x6m, 4x4m.  Structure :\u00a0 Poteaux hexagonaux (6 faces) en\u00a0aluminium anodis\u00e9 renforc\u00e9, haut de poteau \u00d8 60 mm, \u00e9paisseur 2,5 mm, croisillons aluminium, section 35 x 18 mm, \u00e9paisseur 1,8 mm. Pi\u00e8ces de jonction et d\u2019articulation en aluminium et fonte d\u2019aluminium. Pieds r\u00e9glables en hauteur de 1 800 \u00e0 2 200 mm (hauteur de passage), \u00e9quip\u00e9s de grandes platines triangulaires. Base des pieds en acier galvanis\u00e9. M\u00e2t t\u00e9lescopique avec ressort de tension. Syst\u00e8me de blocage avec anneau \u00e0 ressort.  Toit :\u00a0 En toile polyester\u00a0520gr\u00a0enduit PVC anti UV et traitement anti-feuM2\u00a0(Certificat fran\u00e7ais LNE). Coloris : Blanc. Lambrequin de 320mm avec velcro int\u00e9rieur de 25mm p\u00e9riph\u00e9riques. Tension par velcro ajustable.  Livr\u00e9 avec sac de transport \u00e0 roulette. Kit de haubanage inclus. Il est fortement conseill\u00e9 de retirer le toit avant de replier l&#039;armature.  Option Rideaux : Compos\u00e9e de 4 murs dont 1 mur avec porte. Rideaux en toile polyester enduit pvc\u00a0520 gr\u00a0anti UV et traitement anti-feu\u00a0M2\u00a0(Certificat fran\u00e7ais LNE). Coloris : Blanc. Velcro de 38mm en partie haute pour une installation rapide. Fermeture pour jonction des rideaux entre eux.  Dimensions Hauteur centrale : de 315 \u00e0 345cm Poids de la version 3x3m : armature net 31kg. Poids de la version 3x4,5m : armature net 38kg. Poids de la version 3x6m : armature net 45kg. Poids de la version 4x4m : armature net 40kg. Garantie 1 an\" \/>\n<meta property=\"og:url\" content=\"https:\/\/www.sp-equipements.com\/site\/produit\/tente-parapluie-abrimagic-iv-pro-aluminium-520-gr-m\u00b2-m2\/\" \/>\n<meta property=\"og:site_name\" content=\"SP \u00c9quipements\" \/>\n<meta property=\"article:modified_time\" content=\"2022-05-21T00:50:47+00:00\" \/>\n<meta property=\"og:image\" content=\"https:\/\/www.sp-equipements.com\/site\/wp-content\/uploads\/2019\/06\/tente_parapluie_abrimagic4_pro-1.jpg\" \/>\n\t<meta property=\"og:image:width\" content=\"190\" \/>\n\t<meta property=\"og:image:height\" content=\"190\" \/>\n\t<meta property=\"og:image:type\" content=\"image\/jpeg\" \/>\n<meta name=\"twitter:card\" content=\"summary_large_image\" \/>\n<script type=\"application\/ld+json\" class=\"yoast-schema-graph\">{\"@context\":\"https:\/\/schema.org\",\"@graph\":[{\"@type\":\"WebPage\",\"@id\":\"https:\/\/www.sp-equipements.com\/site\/produit\/tente-parapluie-abrimagic-iv-pro-aluminium-520-gr-m%c2%b2-m2\/\",\"url\":\"https:\/\/www.sp-equipements.com\/site\/produit\/tente-parapluie-abrimagic-iv-pro-aluminium-520-gr-m%c2%b2-m2\/\",\"name\":\"Tente Parapluie ABRIMAGIC IV PRO Aluminium - 520 gr\/m\u00b2 - M2 - SP \u00c9quipements\",\"isPartOf\":{\"@id\":\"https:\/\/www.sp-equipements.com\/site\/#website\"},\"primaryImageOfPage\":{\"@id\":\"https:\/\/www.sp-equipements.com\/site\/produit\/tente-parapluie-abrimagic-iv-pro-aluminium-520-gr-m%c2%b2-m2\/#primaryimage\"},\"image\":{\"@id\":\"https:\/\/www.sp-equipements.com\/site\/produit\/tente-parapluie-abrimagic-iv-pro-aluminium-520-gr-m%c2%b2-m2\/#primaryimage\"},\"thumbnailUrl\":\"https:\/\/www.sp-equipements.com\/site\/wp-content\/uploads\/2019\/06\/tente_parapluie_abrimagic4_pro-1.jpg\",\"datePublished\":\"2019-06-07T08:24:48+00:00\",\"dateModified\":\"2022-05-21T00:50:47+00:00\",\"breadcrumb\":{\"@id\":\"https:\/\/www.sp-equipements.com\/site\/produit\/tente-parapluie-abrimagic-iv-pro-aluminium-520-gr-m%c2%b2-m2\/#breadcrumb\"},\"inLanguage\":\"fr-FR\",\"potentialAction\":[{\"@type\":\"ReadAction\",\"target\":[\"https:\/\/www.sp-equipements.com\/site\/produit\/tente-parapluie-abrimagic-iv-pro-aluminium-520-gr-m%c2%b2-m2\/\"]}]},{\"@type\":\"ImageObject\",\"inLanguage\":\"fr-FR\",\"@id\":\"https:\/\/www.sp-equipements.com\/site\/produit\/tente-parapluie-abrimagic-iv-pro-aluminium-520-gr-m%c2%b2-m2\/#primaryimage\",\"url\":\"https:\/\/www.sp-equipements.com\/site\/wp-content\/uploads\/2019\/06\/tente_parapluie_abrimagic4_pro-1.jpg\",\"contentUrl\":\"https:\/\/www.sp-equipements.com\/site\/wp-content\/uploads\/2019\/06\/tente_parapluie_abrimagic4_pro-1.jpg\",\"width\":190,\"height\":190,\"caption\":\"tente parapluie abrimagic4 pro 1\"},{\"@type\":\"BreadcrumbList\",\"@id\":\"https:\/\/www.sp-equipements.com\/site\/produit\/tente-parapluie-abrimagic-iv-pro-aluminium-520-gr-m%c2%b2-m2\/#breadcrumb\",\"itemListElement\":[{\"@type\":\"ListItem\",\"position\":1,\"name\":\"Accueil\",\"item\":\"https:\/\/www.sp-equipements.com\/site\/\"},{\"@type\":\"ListItem\",\"position\":2,\"name\":\"Catalogue\",\"item\":\"https:\/\/www.sp-equipements.com\/site\/catalogue\/\"},{\"@type\":\"ListItem\",\"position\":3,\"name\":\"Tente Parapluie ABRIMAGIC IV PRO Aluminium &#8211; 520 gr\/m\u00b2 &#8211; M2\"}]},{\"@type\":\"WebSite\",\"@id\":\"https:\/\/www.sp-equipements.com\/site\/#website\",\"url\":\"https:\/\/www.sp-equipements.com\/site\/\",\"name\":\"SP \u00c9quipements\",\"description\":\"\u00c9quipements de collectivit\u00e9s\",\"potentialAction\":[{\"@type\":\"SearchAction\",\"target\":{\"@type\":\"EntryPoint\",\"urlTemplate\":\"https:\/\/www.sp-equipements.com\/site\/?s={search_term_string}\"},\"query-input\":\"required name=search_term_string\"}],\"inLanguage\":\"fr-FR\"}]}<\/script>\n<!-- \/ Yoast SEO plugin. -->","yoast_head_json":{"title":"Tente Parapluie ABRIMAGIC IV PRO Aluminium - 520 gr\/m\u00b2 - M2 - SP \u00c9quipements","robots":{"index":"index","follow":"follow","max-snippet":"max-snippet:-1","max-image-preview":"max-image-preview:large","max-video-preview":"max-video-preview:-1"},"canonical":"https:\/\/www.sp-equipements.com\/site\/produit\/tente-parapluie-abrimagic-iv-pro-aluminium-520-gr-m\u00b2-m2\/","og_locale":"fr_FR","og_type":"article","og_title":"Tente Parapluie ABRIMAGIC IV PRO Aluminium - 520 gr\/m\u00b2 - M2 - SP \u00c9quipements","og_description":"Tente pliante ABRIMAGIC IV gamme professionnelle en\u00a0aluminium. Syst\u00e8me \"parapluie\" avec 4 hauteurs r\u00e9glables. Tente l\u00e9g\u00e8re et extr\u00eamement r\u00e9sistante. Existe en 4 dimensions : 3x3m, 3x4.5m, 3x6m, 4x4m.  Structure :\u00a0 Poteaux hexagonaux (6 faces) en\u00a0aluminium anodis\u00e9 renforc\u00e9, haut de poteau \u00d8 60 mm, \u00e9paisseur 2,5 mm, croisillons aluminium, section 35 x 18 mm, \u00e9paisseur 1,8 mm. Pi\u00e8ces de jonction et d\u2019articulation en aluminium et fonte d\u2019aluminium. Pieds r\u00e9glables en hauteur de 1 800 \u00e0 2 200 mm (hauteur de passage), \u00e9quip\u00e9s de grandes platines triangulaires. Base des pieds en acier galvanis\u00e9. M\u00e2t t\u00e9lescopique avec ressort de tension. Syst\u00e8me de blocage avec anneau \u00e0 ressort.  Toit :\u00a0 En toile polyester\u00a0520gr\u00a0enduit PVC anti UV et traitement anti-feuM2\u00a0(Certificat fran\u00e7ais LNE). Coloris : Blanc. Lambrequin de 320mm avec velcro int\u00e9rieur de 25mm p\u00e9riph\u00e9riques. Tension par velcro ajustable.  Livr\u00e9 avec sac de transport \u00e0 roulette. Kit de haubanage inclus. Il est fortement conseill\u00e9 de retirer le toit avant de replier l'armature.  Option Rideaux : Compos\u00e9e de 4 murs dont 1 mur avec porte. Rideaux en toile polyester enduit pvc\u00a0520 gr\u00a0anti UV et traitement anti-feu\u00a0M2\u00a0(Certificat fran\u00e7ais LNE). Coloris : Blanc. Velcro de 38mm en partie haute pour une installation rapide. Fermeture pour jonction des rideaux entre eux.  Dimensions Hauteur centrale : de 315 \u00e0 345cm Poids de la version 3x3m : armature net 31kg. Poids de la version 3x4,5m : armature net 38kg. Poids de la version 3x6m : armature net 45kg. Poids de la version 4x4m : armature net 40kg. Garantie 1 an","og_url":"https:\/\/www.sp-equipements.com\/site\/produit\/tente-parapluie-abrimagic-iv-pro-aluminium-520-gr-m\u00b2-m2\/","og_site_name":"SP \u00c9quipements","article_modified_time":"2022-05-21T00:50:47+00:00","og_image":[{"width":190,"height":190,"url":"https:\/\/www.sp-equipements.com\/site\/wp-content\/uploads\/2019\/06\/tente_parapluie_abrimagic4_pro-1.jpg","type":"image\/jpeg"}],"twitter_card":"summary_large_image","schema":{"@context":"https:\/\/schema.org","@graph":[{"@type":"WebPage","@id":"https:\/\/www.sp-equipements.com\/site\/produit\/tente-parapluie-abrimagic-iv-pro-aluminium-520-gr-m%c2%b2-m2\/","url":"https:\/\/www.sp-equipements.com\/site\/produit\/tente-parapluie-abrimagic-iv-pro-aluminium-520-gr-m%c2%b2-m2\/","name":"Tente Parapluie ABRIMAGIC IV PRO Aluminium - 520 gr\/m\u00b2 - M2 - SP \u00c9quipements","isPartOf":{"@id":"https:\/\/www.sp-equipements.com\/site\/#website"},"primaryImageOfPage":{"@id":"https:\/\/www.sp-equipements.com\/site\/produit\/tente-parapluie-abrimagic-iv-pro-aluminium-520-gr-m%c2%b2-m2\/#primaryimage"},"image":{"@id":"https:\/\/www.sp-equipements.com\/site\/produit\/tente-parapluie-abrimagic-iv-pro-aluminium-520-gr-m%c2%b2-m2\/#primaryimage"},"thumbnailUrl":"https:\/\/www.sp-equipements.com\/site\/wp-content\/uploads\/2019\/06\/tente_parapluie_abrimagic4_pro-1.jpg","datePublished":"2019-06-07T08:24:48+00:00","dateModified":"2022-05-21T00:50:47+00:00","breadcrumb":{"@id":"https:\/\/www.sp-equipements.com\/site\/produit\/tente-parapluie-abrimagic-iv-pro-aluminium-520-gr-m%c2%b2-m2\/#breadcrumb"},"inLanguage":"fr-FR","potentialAction":[{"@type":"ReadAction","target":["https:\/\/www.sp-equipements.com\/site\/produit\/tente-parapluie-abrimagic-iv-pro-aluminium-520-gr-m%c2%b2-m2\/"]}]},{"@type":"ImageObject","inLanguage":"fr-FR","@id":"https:\/\/www.sp-equipements.com\/site\/produit\/tente-parapluie-abrimagic-iv-pro-aluminium-520-gr-m%c2%b2-m2\/#primaryimage","url":"https:\/\/www.sp-equipements.com\/site\/wp-content\/uploads\/2019\/06\/tente_parapluie_abrimagic4_pro-1.jpg","contentUrl":"https:\/\/www.sp-equipements.com\/site\/wp-content\/uploads\/2019\/06\/tente_parapluie_abrimagic4_pro-1.jpg","width":190,"height":190,"caption":"tente parapluie abrimagic4 pro 1"},{"@type":"BreadcrumbList","@id":"https:\/\/www.sp-equipements.com\/site\/produit\/tente-parapluie-abrimagic-iv-pro-aluminium-520-gr-m%c2%b2-m2\/#breadcrumb","itemListElement":[{"@type":"ListItem","position":1,"name":"Accueil","item":"https:\/\/www.sp-equipements.com\/site\/"},{"@type":"ListItem","position":2,"name":"Catalogue","item":"https:\/\/www.sp-equipements.com\/site\/catalogue\/"},{"@type":"ListItem","position":3,"name":"Tente Parapluie ABRIMAGIC IV PRO Aluminium &#8211; 520 gr\/m\u00b2 &#8211; M2"}]},{"@type":"WebSite","@id":"https:\/\/www.sp-equipements.com\/site\/#website","url":"https:\/\/www.sp-equipements.com\/site\/","name":"SP \u00c9quipements","description":"\u00c9quipements de collectivit\u00e9s","potentialAction":[{"@type":"SearchAction","target":{"@type":"EntryPoint","urlTemplate":"https:\/\/www.sp-equipements.com\/site\/?s={search_term_string}"},"query-input":"required name=search_term_string"}],"inLanguage":"fr-FR"}]}},"_links":{"self":[{"href":"https:\/\/www.sp-equipements.com\/site\/wp-json\/wp\/v2\/product\/22021"}],"collection":[{"href":"https:\/\/www.sp-equipements.com\/site\/wp-json\/wp\/v2\/product"}],"about":[{"href":"https:\/\/www.sp-equipements.com\/site\/wp-json\/wp\/v2\/types\/product"}],"replies":[{"embeddable":true,"href":"https:\/\/www.sp-equipements.com\/site\/wp-json\/wp\/v2\/comments?post=22021"}],"wp:featuredmedia":[{"embeddable":true,"href":"https:\/\/www.sp-equipements.com\/site\/wp-json\/wp\/v2\/media\/37955"}],"wp:attachment":[{"href":"https:\/\/www.sp-equipements.com\/site\/wp-json\/wp\/v2\/media?parent=22021"}],"wp:term":[{"taxonomy":"product_cat","embeddable":true,"href":"https:\/\/www.sp-equipements.com\/site\/wp-json\/wp\/v2\/product_cat?post=22021"},{"taxonomy":"product_tag","embeddable":true,"href":"https:\/\/www.sp-equipements.com\/site\/wp-json\/wp\/v2\/product_tag?post=22021"}],"curies":[{"name":"wp","href":"https:\/\/api.w.org\/{rel}","templated":true}]}}