{"id":22029,"date":"2019-06-07T10:24:52","date_gmt":"2019-06-07T08:24:52","guid":{"rendered":"http:\/\/www.polyequipements.com\/produit\/lestage-cylindrique-a-eau-pour-100kg-100l\/"},"modified":"2019-06-19T15:33:25","modified_gmt":"2019-06-19T13:33:25","slug":"lestage-cylindrique-a-eau-pour-100kg-100l","status":"publish","type":"product","link":"https:\/\/www.sp-equipements.com\/site\/produit\/lestage-cylindrique-a-eau-pour-100kg-100l\/","title":{"rendered":"Lestage Cylindrique \u00e0 Eau pour 100kg (100l)"},"content":{"rendered":"","protected":false},"excerpt":{"rendered":"<p>Mod\u00e8le cylindrique en poly\u00e9thyl\u00e8ne rotomoul\u00e9 d&rsquo;une contenance de 100l pr\u00e9vu pour \u00eatre rempli \u00e0 l&rsquo;eau et vidang\u00e9 par un bouchon pr\u00e9vu en partie basse.<\/p>\n<p>Mod\u00e8le empilable par vissage les uns sur les autres pour alourdir la charge en fonction du mod\u00e8le hauban\u00e9.<\/p>\n<p>Diam\u00e8tre : 60cm, Hauteur : 35cm, Poids \u00e0 vide : 6,8kg.<\/p>\n","protected":false},"featured_media":37960,"comment_status":"open","ping_status":"closed","template":"","meta":[],"product_cat":[220,111],"product_tag":[],"yoast_head":"<!-- This site is optimized with the Yoast SEO plugin v22.2 - https:\/\/yoast.com\/wordpress\/plugins\/seo\/ -->\n<title>Lestage Cylindrique \u00e0 Eau pour 100kg (100l) - SP \u00c9quipements<\/title>\n<meta name=\"robots\" content=\"index, follow, max-snippet:-1, max-image-preview:large, max-video-preview:-1\" \/>\n<link rel=\"canonical\" href=\"https:\/\/www.sp-equipements.com\/site\/produit\/lestage-cylindrique-a-eau-pour-100kg-100l\/\" \/>\n<meta property=\"og:locale\" content=\"fr_FR\" \/>\n<meta property=\"og:type\" content=\"article\" \/>\n<meta property=\"og:title\" content=\"Lestage Cylindrique \u00e0 Eau pour 100kg (100l) - SP \u00c9quipements\" \/>\n<meta property=\"og:description\" content=\"Mod\u00e8le cylindrique en poly\u00e9thyl\u00e8ne rotomoul\u00e9 d&#039;une contenance de 100l pr\u00e9vu pour \u00eatre rempli \u00e0 l&#039;eau et vidang\u00e9 par un bouchon pr\u00e9vu en partie basse.Mod\u00e8le empilable par vissage les uns sur les autres pour alourdir la charge en fonction du mod\u00e8le hauban\u00e9.Diam\u00e8tre : 60cm, Hauteur : 35cm, Poids \u00e0 vide : 6,8kg.\" \/>\n<meta property=\"og:url\" content=\"https:\/\/www.sp-equipements.com\/site\/produit\/lestage-cylindrique-a-eau-pour-100kg-100l\/\" \/>\n<meta property=\"og:site_name\" content=\"SP \u00c9quipements\" \/>\n<meta property=\"article:modified_time\" content=\"2019-06-19T13:33:25+00:00\" \/>\n<meta property=\"og:image\" content=\"https:\/\/www.sp-equipements.com\/site\/wp-content\/uploads\/2019\/06\/lest100kg-1.jpg\" \/>\n\t<meta property=\"og:image:width\" content=\"190\" \/>\n\t<meta property=\"og:image:height\" content=\"190\" \/>\n\t<meta property=\"og:image:type\" content=\"image\/jpeg\" \/>\n<meta name=\"twitter:card\" content=\"summary_large_image\" \/>\n<script type=\"application\/ld+json\" class=\"yoast-schema-graph\">{\"@context\":\"https:\/\/schema.org\",\"@graph\":[{\"@type\":\"WebPage\",\"@id\":\"https:\/\/www.sp-equipements.com\/site\/produit\/lestage-cylindrique-a-eau-pour-100kg-100l\/\",\"url\":\"https:\/\/www.sp-equipements.com\/site\/produit\/lestage-cylindrique-a-eau-pour-100kg-100l\/\",\"name\":\"Lestage Cylindrique \u00e0 Eau pour 100kg (100l) - SP \u00c9quipements\",\"isPartOf\":{\"@id\":\"https:\/\/www.sp-equipements.com\/site\/#website\"},\"primaryImageOfPage\":{\"@id\":\"https:\/\/www.sp-equipements.com\/site\/produit\/lestage-cylindrique-a-eau-pour-100kg-100l\/#primaryimage\"},\"image\":{\"@id\":\"https:\/\/www.sp-equipements.com\/site\/produit\/lestage-cylindrique-a-eau-pour-100kg-100l\/#primaryimage\"},\"thumbnailUrl\":\"https:\/\/www.sp-equipements.com\/site\/wp-content\/uploads\/2019\/06\/lest100kg-1.jpg\",\"datePublished\":\"2019-06-07T08:24:52+00:00\",\"dateModified\":\"2019-06-19T13:33:25+00:00\",\"breadcrumb\":{\"@id\":\"https:\/\/www.sp-equipements.com\/site\/produit\/lestage-cylindrique-a-eau-pour-100kg-100l\/#breadcrumb\"},\"inLanguage\":\"fr-FR\",\"potentialAction\":[{\"@type\":\"ReadAction\",\"target\":[\"https:\/\/www.sp-equipements.com\/site\/produit\/lestage-cylindrique-a-eau-pour-100kg-100l\/\"]}]},{\"@type\":\"ImageObject\",\"inLanguage\":\"fr-FR\",\"@id\":\"https:\/\/www.sp-equipements.com\/site\/produit\/lestage-cylindrique-a-eau-pour-100kg-100l\/#primaryimage\",\"url\":\"https:\/\/www.sp-equipements.com\/site\/wp-content\/uploads\/2019\/06\/lest100kg-1.jpg\",\"contentUrl\":\"https:\/\/www.sp-equipements.com\/site\/wp-content\/uploads\/2019\/06\/lest100kg-1.jpg\",\"width\":190,\"height\":190,\"caption\":\"lest100kg 1\"},{\"@type\":\"BreadcrumbList\",\"@id\":\"https:\/\/www.sp-equipements.com\/site\/produit\/lestage-cylindrique-a-eau-pour-100kg-100l\/#breadcrumb\",\"itemListElement\":[{\"@type\":\"ListItem\",\"position\":1,\"name\":\"Accueil\",\"item\":\"https:\/\/www.sp-equipements.com\/site\/\"},{\"@type\":\"ListItem\",\"position\":2,\"name\":\"Catalogue\",\"item\":\"https:\/\/www.sp-equipements.com\/site\/catalogue\/\"},{\"@type\":\"ListItem\",\"position\":3,\"name\":\"Lestage Cylindrique \u00e0 Eau pour 100kg (100l)\"}]},{\"@type\":\"WebSite\",\"@id\":\"https:\/\/www.sp-equipements.com\/site\/#website\",\"url\":\"https:\/\/www.sp-equipements.com\/site\/\",\"name\":\"SP \u00c9quipements\",\"description\":\"\u00c9quipements de collectivit\u00e9s\",\"potentialAction\":[{\"@type\":\"SearchAction\",\"target\":{\"@type\":\"EntryPoint\",\"urlTemplate\":\"https:\/\/www.sp-equipements.com\/site\/?s={search_term_string}\"},\"query-input\":\"required name=search_term_string\"}],\"inLanguage\":\"fr-FR\"}]}<\/script>\n<!-- \/ Yoast SEO plugin. -->","yoast_head_json":{"title":"Lestage Cylindrique \u00e0 Eau pour 100kg (100l) - SP \u00c9quipements","robots":{"index":"index","follow":"follow","max-snippet":"max-snippet:-1","max-image-preview":"max-image-preview:large","max-video-preview":"max-video-preview:-1"},"canonical":"https:\/\/www.sp-equipements.com\/site\/produit\/lestage-cylindrique-a-eau-pour-100kg-100l\/","og_locale":"fr_FR","og_type":"article","og_title":"Lestage Cylindrique \u00e0 Eau pour 100kg (100l) - SP \u00c9quipements","og_description":"Mod\u00e8le cylindrique en poly\u00e9thyl\u00e8ne rotomoul\u00e9 d'une contenance de 100l pr\u00e9vu pour \u00eatre rempli \u00e0 l'eau et vidang\u00e9 par un bouchon pr\u00e9vu en partie basse.Mod\u00e8le empilable par vissage les uns sur les autres pour alourdir la charge en fonction du mod\u00e8le hauban\u00e9.Diam\u00e8tre : 60cm, Hauteur : 35cm, Poids \u00e0 vide : 6,8kg.","og_url":"https:\/\/www.sp-equipements.com\/site\/produit\/lestage-cylindrique-a-eau-pour-100kg-100l\/","og_site_name":"SP \u00c9quipements","article_modified_time":"2019-06-19T13:33:25+00:00","og_image":[{"width":190,"height":190,"url":"https:\/\/www.sp-equipements.com\/site\/wp-content\/uploads\/2019\/06\/lest100kg-1.jpg","type":"image\/jpeg"}],"twitter_card":"summary_large_image","schema":{"@context":"https:\/\/schema.org","@graph":[{"@type":"WebPage","@id":"https:\/\/www.sp-equipements.com\/site\/produit\/lestage-cylindrique-a-eau-pour-100kg-100l\/","url":"https:\/\/www.sp-equipements.com\/site\/produit\/lestage-cylindrique-a-eau-pour-100kg-100l\/","name":"Lestage Cylindrique \u00e0 Eau pour 100kg (100l) - SP \u00c9quipements","isPartOf":{"@id":"https:\/\/www.sp-equipements.com\/site\/#website"},"primaryImageOfPage":{"@id":"https:\/\/www.sp-equipements.com\/site\/produit\/lestage-cylindrique-a-eau-pour-100kg-100l\/#primaryimage"},"image":{"@id":"https:\/\/www.sp-equipements.com\/site\/produit\/lestage-cylindrique-a-eau-pour-100kg-100l\/#primaryimage"},"thumbnailUrl":"https:\/\/www.sp-equipements.com\/site\/wp-content\/uploads\/2019\/06\/lest100kg-1.jpg","datePublished":"2019-06-07T08:24:52+00:00","dateModified":"2019-06-19T13:33:25+00:00","breadcrumb":{"@id":"https:\/\/www.sp-equipements.com\/site\/produit\/lestage-cylindrique-a-eau-pour-100kg-100l\/#breadcrumb"},"inLanguage":"fr-FR","potentialAction":[{"@type":"ReadAction","target":["https:\/\/www.sp-equipements.com\/site\/produit\/lestage-cylindrique-a-eau-pour-100kg-100l\/"]}]},{"@type":"ImageObject","inLanguage":"fr-FR","@id":"https:\/\/www.sp-equipements.com\/site\/produit\/lestage-cylindrique-a-eau-pour-100kg-100l\/#primaryimage","url":"https:\/\/www.sp-equipements.com\/site\/wp-content\/uploads\/2019\/06\/lest100kg-1.jpg","contentUrl":"https:\/\/www.sp-equipements.com\/site\/wp-content\/uploads\/2019\/06\/lest100kg-1.jpg","width":190,"height":190,"caption":"lest100kg 1"},{"@type":"BreadcrumbList","@id":"https:\/\/www.sp-equipements.com\/site\/produit\/lestage-cylindrique-a-eau-pour-100kg-100l\/#breadcrumb","itemListElement":[{"@type":"ListItem","position":1,"name":"Accueil","item":"https:\/\/www.sp-equipements.com\/site\/"},{"@type":"ListItem","position":2,"name":"Catalogue","item":"https:\/\/www.sp-equipements.com\/site\/catalogue\/"},{"@type":"ListItem","position":3,"name":"Lestage Cylindrique \u00e0 Eau pour 100kg (100l)"}]},{"@type":"WebSite","@id":"https:\/\/www.sp-equipements.com\/site\/#website","url":"https:\/\/www.sp-equipements.com\/site\/","name":"SP \u00c9quipements","description":"\u00c9quipements de collectivit\u00e9s","potentialAction":[{"@type":"SearchAction","target":{"@type":"EntryPoint","urlTemplate":"https:\/\/www.sp-equipements.com\/site\/?s={search_term_string}"},"query-input":"required name=search_term_string"}],"inLanguage":"fr-FR"}]}},"_links":{"self":[{"href":"https:\/\/www.sp-equipements.com\/site\/wp-json\/wp\/v2\/product\/22029"}],"collection":[{"href":"https:\/\/www.sp-equipements.com\/site\/wp-json\/wp\/v2\/product"}],"about":[{"href":"https:\/\/www.sp-equipements.com\/site\/wp-json\/wp\/v2\/types\/product"}],"replies":[{"embeddable":true,"href":"https:\/\/www.sp-equipements.com\/site\/wp-json\/wp\/v2\/comments?post=22029"}],"wp:featuredmedia":[{"embeddable":true,"href":"https:\/\/www.sp-equipements.com\/site\/wp-json\/wp\/v2\/media\/37960"}],"wp:attachment":[{"href":"https:\/\/www.sp-equipements.com\/site\/wp-json\/wp\/v2\/media?parent=22029"}],"wp:term":[{"taxonomy":"product_cat","embeddable":true,"href":"https:\/\/www.sp-equipements.com\/site\/wp-json\/wp\/v2\/product_cat?post=22029"},{"taxonomy":"product_tag","embeddable":true,"href":"https:\/\/www.sp-equipements.com\/site\/wp-json\/wp\/v2\/product_tag?post=22029"}],"curies":[{"name":"wp","href":"https:\/\/api.w.org\/{rel}","templated":true}]}}