{"id":22054,"date":"2019-06-07T10:25:07","date_gmt":"2019-06-07T08:25:07","guid":{"rendered":"http:\/\/www.polyequipements.com\/produit\/promotion-stand-parapluie-aluminium-abrico-3x3m\/"},"modified":"2022-02-20T15:47:55","modified_gmt":"2022-02-20T14:47:55","slug":"promotion-stand-parapluie-aluminium-abrico-3x3m","status":"publish","type":"product","link":"https:\/\/www.sp-equipements.com\/site\/produit\/promotion-stand-parapluie-aluminium-abrico-3x3m\/","title":{"rendered":"PROMOTION Stand Parapluie Aluminium ABRI&#038;CO 3x3m"},"content":{"rendered":"","protected":false},"excerpt":{"rendered":"<p><b>Structure aluminium anodis\u00e9<\/b><br \/>\nPoteaux hexagonaux (6 faces)<br \/>\nCroisillons aluminium.<br \/>\nPieds r\u00e9glables (4 positions).<br \/>\n<b>Garantie 3 ans.<\/b><\/p>\n<p><b>Toit &amp; murs<\/b>\u00a0en toile ignifug\u00e9e 380 g\/m\u00b2 enduit PVC.<br \/>\n<b>Renfort d\u2019angles en PVC 650 g\/m\u00b2.<\/b><br \/>\nTension par velcro ajustable sur tous les croisillons interm\u00e9diaires.<\/p>\n<p><b>4 poids de lestage ~ 15 kg OFFERTS<\/b><\/p>\n<p><b>Composants de l\u2019ABRI &amp; CO<\/b><br \/>\n1 structure 3x3m compl\u00e8te avec toit<br \/>\n3 murs pleins et 1 mur porte<br \/>\nKit d\u2019haubanage (4 cordes polyester + 4 piquets)<br \/>\nHousse de rangement.<br \/>\n<b>4 poids de lestage<\/b><\/p>\n<p><b>Franco de port<\/b>\u00a0en France m\u00e9tropolitaine Hors Corse et DOM-TOM (\u00e0 partir de 2 pi\u00e8ces)<\/p>\n","protected":false},"featured_media":37985,"comment_status":"open","ping_status":"closed","template":"","meta":[],"product_cat":[243,111,218],"product_tag":[],"yoast_head":"<!-- This site is optimized with the Yoast SEO plugin v22.2 - https:\/\/yoast.com\/wordpress\/plugins\/seo\/ -->\n<title>PROMOTION Stand Parapluie Aluminium ABRI&amp;CO 3x3m - SP \u00c9quipements<\/title>\n<meta name=\"robots\" content=\"index, follow, max-snippet:-1, max-image-preview:large, max-video-preview:-1\" \/>\n<link rel=\"canonical\" href=\"https:\/\/www.sp-equipements.com\/site\/produit\/promotion-stand-parapluie-aluminium-abrico-3x3m\/\" \/>\n<meta property=\"og:locale\" content=\"fr_FR\" \/>\n<meta property=\"og:type\" content=\"article\" \/>\n<meta property=\"og:title\" content=\"PROMOTION Stand Parapluie Aluminium ABRI&amp;CO 3x3m - SP \u00c9quipements\" \/>\n<meta property=\"og:description\" content=\"Structure aluminium anodis\u00e9 Poteaux hexagonaux (6 faces) Croisillons aluminium. Pieds r\u00e9glables (4 positions). Garantie 3 ans.  Toit &amp; murs\u00a0en toile ignifug\u00e9e 380 g\/m\u00b2 enduit PVC. Renfort d\u2019angles en PVC 650 g\/m\u00b2. Tension par velcro ajustable sur tous les croisillons interm\u00e9diaires.  4 poids de lestage ~ 15 kg OFFERTS  Composants de l\u2019ABRI &amp; CO 1 structure 3x3m compl\u00e8te avec toit 3 murs pleins et 1 mur porte Kit d\u2019haubanage (4 cordes polyester + 4 piquets) Housse de rangement. 4 poids de lestage  Franco de port\u00a0en France m\u00e9tropolitaine Hors Corse et DOM-TOM (\u00e0 partir de 2 pi\u00e8ces)\" \/>\n<meta property=\"og:url\" content=\"https:\/\/www.sp-equipements.com\/site\/produit\/promotion-stand-parapluie-aluminium-abrico-3x3m\/\" \/>\n<meta property=\"og:site_name\" content=\"SP \u00c9quipements\" \/>\n<meta property=\"article:modified_time\" content=\"2022-02-20T14:47:55+00:00\" \/>\n<meta property=\"og:image\" content=\"https:\/\/www.sp-equipements.com\/site\/wp-content\/uploads\/2019\/06\/promotion_stand_parapluie_alu_abrico_3x3m-1.jpg\" \/>\n\t<meta property=\"og:image:width\" content=\"190\" \/>\n\t<meta property=\"og:image:height\" content=\"190\" \/>\n\t<meta property=\"og:image:type\" content=\"image\/jpeg\" \/>\n<meta name=\"twitter:card\" content=\"summary_large_image\" \/>\n<script type=\"application\/ld+json\" class=\"yoast-schema-graph\">{\"@context\":\"https:\/\/schema.org\",\"@graph\":[{\"@type\":\"WebPage\",\"@id\":\"https:\/\/www.sp-equipements.com\/site\/produit\/promotion-stand-parapluie-aluminium-abrico-3x3m\/\",\"url\":\"https:\/\/www.sp-equipements.com\/site\/produit\/promotion-stand-parapluie-aluminium-abrico-3x3m\/\",\"name\":\"PROMOTION Stand Parapluie Aluminium ABRI&CO 3x3m - SP \u00c9quipements\",\"isPartOf\":{\"@id\":\"https:\/\/www.sp-equipements.com\/site\/#website\"},\"primaryImageOfPage\":{\"@id\":\"https:\/\/www.sp-equipements.com\/site\/produit\/promotion-stand-parapluie-aluminium-abrico-3x3m\/#primaryimage\"},\"image\":{\"@id\":\"https:\/\/www.sp-equipements.com\/site\/produit\/promotion-stand-parapluie-aluminium-abrico-3x3m\/#primaryimage\"},\"thumbnailUrl\":\"https:\/\/www.sp-equipements.com\/site\/wp-content\/uploads\/2019\/06\/promotion_stand_parapluie_alu_abrico_3x3m-1.jpg\",\"datePublished\":\"2019-06-07T08:25:07+00:00\",\"dateModified\":\"2022-02-20T14:47:55+00:00\",\"breadcrumb\":{\"@id\":\"https:\/\/www.sp-equipements.com\/site\/produit\/promotion-stand-parapluie-aluminium-abrico-3x3m\/#breadcrumb\"},\"inLanguage\":\"fr-FR\",\"potentialAction\":[{\"@type\":\"ReadAction\",\"target\":[\"https:\/\/www.sp-equipements.com\/site\/produit\/promotion-stand-parapluie-aluminium-abrico-3x3m\/\"]}]},{\"@type\":\"ImageObject\",\"inLanguage\":\"fr-FR\",\"@id\":\"https:\/\/www.sp-equipements.com\/site\/produit\/promotion-stand-parapluie-aluminium-abrico-3x3m\/#primaryimage\",\"url\":\"https:\/\/www.sp-equipements.com\/site\/wp-content\/uploads\/2019\/06\/promotion_stand_parapluie_alu_abrico_3x3m-1.jpg\",\"contentUrl\":\"https:\/\/www.sp-equipements.com\/site\/wp-content\/uploads\/2019\/06\/promotion_stand_parapluie_alu_abrico_3x3m-1.jpg\",\"width\":190,\"height\":190,\"caption\":\"promotion stand parapluie alu abrico 3x3m 1\"},{\"@type\":\"BreadcrumbList\",\"@id\":\"https:\/\/www.sp-equipements.com\/site\/produit\/promotion-stand-parapluie-aluminium-abrico-3x3m\/#breadcrumb\",\"itemListElement\":[{\"@type\":\"ListItem\",\"position\":1,\"name\":\"Accueil\",\"item\":\"https:\/\/www.sp-equipements.com\/site\/\"},{\"@type\":\"ListItem\",\"position\":2,\"name\":\"Catalogue\",\"item\":\"https:\/\/www.sp-equipements.com\/site\/catalogue\/\"},{\"@type\":\"ListItem\",\"position\":3,\"name\":\"PROMOTION Stand Parapluie Aluminium ABRI&#038;CO 3x3m\"}]},{\"@type\":\"WebSite\",\"@id\":\"https:\/\/www.sp-equipements.com\/site\/#website\",\"url\":\"https:\/\/www.sp-equipements.com\/site\/\",\"name\":\"SP \u00c9quipements\",\"description\":\"\u00c9quipements de collectivit\u00e9s\",\"potentialAction\":[{\"@type\":\"SearchAction\",\"target\":{\"@type\":\"EntryPoint\",\"urlTemplate\":\"https:\/\/www.sp-equipements.com\/site\/?s={search_term_string}\"},\"query-input\":\"required name=search_term_string\"}],\"inLanguage\":\"fr-FR\"}]}<\/script>\n<!-- \/ Yoast SEO plugin. -->","yoast_head_json":{"title":"PROMOTION Stand Parapluie Aluminium ABRI&CO 3x3m - SP \u00c9quipements","robots":{"index":"index","follow":"follow","max-snippet":"max-snippet:-1","max-image-preview":"max-image-preview:large","max-video-preview":"max-video-preview:-1"},"canonical":"https:\/\/www.sp-equipements.com\/site\/produit\/promotion-stand-parapluie-aluminium-abrico-3x3m\/","og_locale":"fr_FR","og_type":"article","og_title":"PROMOTION Stand Parapluie Aluminium ABRI&CO 3x3m - SP \u00c9quipements","og_description":"Structure aluminium anodis\u00e9 Poteaux hexagonaux (6 faces) Croisillons aluminium. Pieds r\u00e9glables (4 positions). Garantie 3 ans.  Toit &amp; murs\u00a0en toile ignifug\u00e9e 380 g\/m\u00b2 enduit PVC. Renfort d\u2019angles en PVC 650 g\/m\u00b2. Tension par velcro ajustable sur tous les croisillons interm\u00e9diaires.  4 poids de lestage ~ 15 kg OFFERTS  Composants de l\u2019ABRI &amp; CO 1 structure 3x3m compl\u00e8te avec toit 3 murs pleins et 1 mur porte Kit d\u2019haubanage (4 cordes polyester + 4 piquets) Housse de rangement. 4 poids de lestage  Franco de port\u00a0en France m\u00e9tropolitaine Hors Corse et DOM-TOM (\u00e0 partir de 2 pi\u00e8ces)","og_url":"https:\/\/www.sp-equipements.com\/site\/produit\/promotion-stand-parapluie-aluminium-abrico-3x3m\/","og_site_name":"SP \u00c9quipements","article_modified_time":"2022-02-20T14:47:55+00:00","og_image":[{"width":190,"height":190,"url":"https:\/\/www.sp-equipements.com\/site\/wp-content\/uploads\/2019\/06\/promotion_stand_parapluie_alu_abrico_3x3m-1.jpg","type":"image\/jpeg"}],"twitter_card":"summary_large_image","schema":{"@context":"https:\/\/schema.org","@graph":[{"@type":"WebPage","@id":"https:\/\/www.sp-equipements.com\/site\/produit\/promotion-stand-parapluie-aluminium-abrico-3x3m\/","url":"https:\/\/www.sp-equipements.com\/site\/produit\/promotion-stand-parapluie-aluminium-abrico-3x3m\/","name":"PROMOTION Stand Parapluie Aluminium ABRI&CO 3x3m - SP \u00c9quipements","isPartOf":{"@id":"https:\/\/www.sp-equipements.com\/site\/#website"},"primaryImageOfPage":{"@id":"https:\/\/www.sp-equipements.com\/site\/produit\/promotion-stand-parapluie-aluminium-abrico-3x3m\/#primaryimage"},"image":{"@id":"https:\/\/www.sp-equipements.com\/site\/produit\/promotion-stand-parapluie-aluminium-abrico-3x3m\/#primaryimage"},"thumbnailUrl":"https:\/\/www.sp-equipements.com\/site\/wp-content\/uploads\/2019\/06\/promotion_stand_parapluie_alu_abrico_3x3m-1.jpg","datePublished":"2019-06-07T08:25:07+00:00","dateModified":"2022-02-20T14:47:55+00:00","breadcrumb":{"@id":"https:\/\/www.sp-equipements.com\/site\/produit\/promotion-stand-parapluie-aluminium-abrico-3x3m\/#breadcrumb"},"inLanguage":"fr-FR","potentialAction":[{"@type":"ReadAction","target":["https:\/\/www.sp-equipements.com\/site\/produit\/promotion-stand-parapluie-aluminium-abrico-3x3m\/"]}]},{"@type":"ImageObject","inLanguage":"fr-FR","@id":"https:\/\/www.sp-equipements.com\/site\/produit\/promotion-stand-parapluie-aluminium-abrico-3x3m\/#primaryimage","url":"https:\/\/www.sp-equipements.com\/site\/wp-content\/uploads\/2019\/06\/promotion_stand_parapluie_alu_abrico_3x3m-1.jpg","contentUrl":"https:\/\/www.sp-equipements.com\/site\/wp-content\/uploads\/2019\/06\/promotion_stand_parapluie_alu_abrico_3x3m-1.jpg","width":190,"height":190,"caption":"promotion stand parapluie alu abrico 3x3m 1"},{"@type":"BreadcrumbList","@id":"https:\/\/www.sp-equipements.com\/site\/produit\/promotion-stand-parapluie-aluminium-abrico-3x3m\/#breadcrumb","itemListElement":[{"@type":"ListItem","position":1,"name":"Accueil","item":"https:\/\/www.sp-equipements.com\/site\/"},{"@type":"ListItem","position":2,"name":"Catalogue","item":"https:\/\/www.sp-equipements.com\/site\/catalogue\/"},{"@type":"ListItem","position":3,"name":"PROMOTION Stand Parapluie Aluminium ABRI&#038;CO 3x3m"}]},{"@type":"WebSite","@id":"https:\/\/www.sp-equipements.com\/site\/#website","url":"https:\/\/www.sp-equipements.com\/site\/","name":"SP \u00c9quipements","description":"\u00c9quipements de collectivit\u00e9s","potentialAction":[{"@type":"SearchAction","target":{"@type":"EntryPoint","urlTemplate":"https:\/\/www.sp-equipements.com\/site\/?s={search_term_string}"},"query-input":"required name=search_term_string"}],"inLanguage":"fr-FR"}]}},"_links":{"self":[{"href":"https:\/\/www.sp-equipements.com\/site\/wp-json\/wp\/v2\/product\/22054"}],"collection":[{"href":"https:\/\/www.sp-equipements.com\/site\/wp-json\/wp\/v2\/product"}],"about":[{"href":"https:\/\/www.sp-equipements.com\/site\/wp-json\/wp\/v2\/types\/product"}],"replies":[{"embeddable":true,"href":"https:\/\/www.sp-equipements.com\/site\/wp-json\/wp\/v2\/comments?post=22054"}],"wp:featuredmedia":[{"embeddable":true,"href":"https:\/\/www.sp-equipements.com\/site\/wp-json\/wp\/v2\/media\/37985"}],"wp:attachment":[{"href":"https:\/\/www.sp-equipements.com\/site\/wp-json\/wp\/v2\/media?parent=22054"}],"wp:term":[{"taxonomy":"product_cat","embeddable":true,"href":"https:\/\/www.sp-equipements.com\/site\/wp-json\/wp\/v2\/product_cat?post=22054"},{"taxonomy":"product_tag","embeddable":true,"href":"https:\/\/www.sp-equipements.com\/site\/wp-json\/wp\/v2\/product_tag?post=22054"}],"curies":[{"name":"wp","href":"https:\/\/api.w.org\/{rel}","templated":true}]}}