{"id":22059,"date":"2019-06-07T15:46:11","date_gmt":"2019-06-07T13:46:11","guid":{"rendered":"http:\/\/www.polyequipements.com\/produit\/borne-informatique-ou-comptoir-daccueil\/"},"modified":"2022-01-23T19:29:58","modified_gmt":"2022-01-23T18:29:58","slug":"borne-informatique-ou-comptoir-daccueil","status":"publish","type":"product","link":"https:\/\/www.sp-equipements.com\/site\/produit\/borne-informatique-ou-comptoir-daccueil\/","title":{"rendered":"Borne Informatique ou Comptoir d&rsquo;Accueil"},"content":{"rendered":"","protected":false},"excerpt":{"rendered":"<p><i>Cette console plexiglas est id\u00e9ale pour accueillir un clavier et un \u00e9cran pour une consultation ponctuelle.<\/i><\/p>\n<p><b>Caract\u00e9ristiques des bornes informatiques:<\/b><br \/>\n\u2022 Hauteur totale: 124 cm-Profondeur tablette sup\u00e9rieure: 23cm<br \/>\n\u2022 Hauteur tablette interm\u00e9diaire: 95 cm<br \/>\n\u2022 Largeur: 72 cm<br \/>\n\u2022 Profondeur : 46 cm<br \/>\n\u2022 4 bacs amovibles pour doc. 10\/21<br \/>\n\u2022 Tr\u00e8s stable.<br \/>\n\u2022 Plexiglas \u00e9p 10 et 15 mm<br \/>\n\u2022 Bandeau de personnalisation 61 x 15 cm<br \/>\n(lettrage adh\u00e9sif sur devis)<\/p>\n","protected":false},"featured_media":37989,"comment_status":"open","ping_status":"closed","template":"","meta":[],"product_cat":[206,106],"product_tag":[],"yoast_head":"<!-- This site is optimized with the Yoast SEO plugin v22.2 - https:\/\/yoast.com\/wordpress\/plugins\/seo\/ -->\n<title>Borne Informatique ou Comptoir d&#039;Accueil - SP \u00c9quipements<\/title>\n<meta name=\"robots\" content=\"index, follow, max-snippet:-1, max-image-preview:large, max-video-preview:-1\" \/>\n<link rel=\"canonical\" href=\"https:\/\/www.sp-equipements.com\/site\/produit\/borne-informatique-ou-comptoir-daccueil\/\" \/>\n<meta property=\"og:locale\" content=\"fr_FR\" \/>\n<meta property=\"og:type\" content=\"article\" \/>\n<meta property=\"og:title\" content=\"Borne Informatique ou Comptoir d&#039;Accueil - SP \u00c9quipements\" \/>\n<meta property=\"og:description\" content=\"Cette console plexiglas est id\u00e9ale pour accueillir un clavier et un \u00e9cran pour une consultation ponctuelle.  Caract\u00e9ristiques des bornes informatiques: \u2022 Hauteur totale: 124 cm-Profondeur tablette sup\u00e9rieure: 23cm \u2022 Hauteur tablette interm\u00e9diaire: 95 cm \u2022 Largeur: 72 cm \u2022 Profondeur : 46 cm \u2022 4 bacs amovibles pour doc. 10\/21 \u2022 Tr\u00e8s stable. \u2022 Plexiglas \u00e9p 10 et 15 mm \u2022 Bandeau de personnalisation 61 x 15 cm (lettrage adh\u00e9sif sur devis)\" \/>\n<meta property=\"og:url\" content=\"https:\/\/www.sp-equipements.com\/site\/produit\/borne-informatique-ou-comptoir-daccueil\/\" \/>\n<meta property=\"og:site_name\" content=\"SP \u00c9quipements\" \/>\n<meta property=\"article:modified_time\" content=\"2022-01-23T18:29:58+00:00\" \/>\n<meta property=\"og:image\" content=\"https:\/\/www.sp-equipements.com\/site\/wp-content\/uploads\/2019\/06\/comptoir_d_accueil-_borne_informatique-1.jpg\" \/>\n\t<meta property=\"og:image:width\" content=\"190\" \/>\n\t<meta property=\"og:image:height\" content=\"190\" \/>\n\t<meta property=\"og:image:type\" content=\"image\/jpeg\" \/>\n<meta name=\"twitter:card\" content=\"summary_large_image\" \/>\n<script type=\"application\/ld+json\" class=\"yoast-schema-graph\">{\"@context\":\"https:\/\/schema.org\",\"@graph\":[{\"@type\":\"WebPage\",\"@id\":\"https:\/\/www.sp-equipements.com\/site\/produit\/borne-informatique-ou-comptoir-daccueil\/\",\"url\":\"https:\/\/www.sp-equipements.com\/site\/produit\/borne-informatique-ou-comptoir-daccueil\/\",\"name\":\"Borne Informatique ou Comptoir d'Accueil - SP \u00c9quipements\",\"isPartOf\":{\"@id\":\"https:\/\/www.sp-equipements.com\/site\/#website\"},\"primaryImageOfPage\":{\"@id\":\"https:\/\/www.sp-equipements.com\/site\/produit\/borne-informatique-ou-comptoir-daccueil\/#primaryimage\"},\"image\":{\"@id\":\"https:\/\/www.sp-equipements.com\/site\/produit\/borne-informatique-ou-comptoir-daccueil\/#primaryimage\"},\"thumbnailUrl\":\"https:\/\/www.sp-equipements.com\/site\/wp-content\/uploads\/2019\/06\/comptoir_d_accueil-_borne_informatique-1.jpg\",\"datePublished\":\"2019-06-07T13:46:11+00:00\",\"dateModified\":\"2022-01-23T18:29:58+00:00\",\"breadcrumb\":{\"@id\":\"https:\/\/www.sp-equipements.com\/site\/produit\/borne-informatique-ou-comptoir-daccueil\/#breadcrumb\"},\"inLanguage\":\"fr-FR\",\"potentialAction\":[{\"@type\":\"ReadAction\",\"target\":[\"https:\/\/www.sp-equipements.com\/site\/produit\/borne-informatique-ou-comptoir-daccueil\/\"]}]},{\"@type\":\"ImageObject\",\"inLanguage\":\"fr-FR\",\"@id\":\"https:\/\/www.sp-equipements.com\/site\/produit\/borne-informatique-ou-comptoir-daccueil\/#primaryimage\",\"url\":\"https:\/\/www.sp-equipements.com\/site\/wp-content\/uploads\/2019\/06\/comptoir_d_accueil-_borne_informatique-1.jpg\",\"contentUrl\":\"https:\/\/www.sp-equipements.com\/site\/wp-content\/uploads\/2019\/06\/comptoir_d_accueil-_borne_informatique-1.jpg\",\"width\":190,\"height\":190,\"caption\":\"comptoir d accueil borne informatique 1\"},{\"@type\":\"BreadcrumbList\",\"@id\":\"https:\/\/www.sp-equipements.com\/site\/produit\/borne-informatique-ou-comptoir-daccueil\/#breadcrumb\",\"itemListElement\":[{\"@type\":\"ListItem\",\"position\":1,\"name\":\"Accueil\",\"item\":\"https:\/\/www.sp-equipements.com\/site\/\"},{\"@type\":\"ListItem\",\"position\":2,\"name\":\"Catalogue\",\"item\":\"https:\/\/www.sp-equipements.com\/site\/catalogue\/\"},{\"@type\":\"ListItem\",\"position\":3,\"name\":\"Borne Informatique ou Comptoir d&rsquo;Accueil\"}]},{\"@type\":\"WebSite\",\"@id\":\"https:\/\/www.sp-equipements.com\/site\/#website\",\"url\":\"https:\/\/www.sp-equipements.com\/site\/\",\"name\":\"SP \u00c9quipements\",\"description\":\"\u00c9quipements de collectivit\u00e9s\",\"potentialAction\":[{\"@type\":\"SearchAction\",\"target\":{\"@type\":\"EntryPoint\",\"urlTemplate\":\"https:\/\/www.sp-equipements.com\/site\/?s={search_term_string}\"},\"query-input\":\"required name=search_term_string\"}],\"inLanguage\":\"fr-FR\"}]}<\/script>\n<!-- \/ Yoast SEO plugin. -->","yoast_head_json":{"title":"Borne Informatique ou Comptoir d'Accueil - SP \u00c9quipements","robots":{"index":"index","follow":"follow","max-snippet":"max-snippet:-1","max-image-preview":"max-image-preview:large","max-video-preview":"max-video-preview:-1"},"canonical":"https:\/\/www.sp-equipements.com\/site\/produit\/borne-informatique-ou-comptoir-daccueil\/","og_locale":"fr_FR","og_type":"article","og_title":"Borne Informatique ou Comptoir d'Accueil - SP \u00c9quipements","og_description":"Cette console plexiglas est id\u00e9ale pour accueillir un clavier et un \u00e9cran pour une consultation ponctuelle.  Caract\u00e9ristiques des bornes informatiques: \u2022 Hauteur totale: 124 cm-Profondeur tablette sup\u00e9rieure: 23cm \u2022 Hauteur tablette interm\u00e9diaire: 95 cm \u2022 Largeur: 72 cm \u2022 Profondeur : 46 cm \u2022 4 bacs amovibles pour doc. 10\/21 \u2022 Tr\u00e8s stable. \u2022 Plexiglas \u00e9p 10 et 15 mm \u2022 Bandeau de personnalisation 61 x 15 cm (lettrage adh\u00e9sif sur devis)","og_url":"https:\/\/www.sp-equipements.com\/site\/produit\/borne-informatique-ou-comptoir-daccueil\/","og_site_name":"SP \u00c9quipements","article_modified_time":"2022-01-23T18:29:58+00:00","og_image":[{"width":190,"height":190,"url":"https:\/\/www.sp-equipements.com\/site\/wp-content\/uploads\/2019\/06\/comptoir_d_accueil-_borne_informatique-1.jpg","type":"image\/jpeg"}],"twitter_card":"summary_large_image","schema":{"@context":"https:\/\/schema.org","@graph":[{"@type":"WebPage","@id":"https:\/\/www.sp-equipements.com\/site\/produit\/borne-informatique-ou-comptoir-daccueil\/","url":"https:\/\/www.sp-equipements.com\/site\/produit\/borne-informatique-ou-comptoir-daccueil\/","name":"Borne Informatique ou Comptoir d'Accueil - SP \u00c9quipements","isPartOf":{"@id":"https:\/\/www.sp-equipements.com\/site\/#website"},"primaryImageOfPage":{"@id":"https:\/\/www.sp-equipements.com\/site\/produit\/borne-informatique-ou-comptoir-daccueil\/#primaryimage"},"image":{"@id":"https:\/\/www.sp-equipements.com\/site\/produit\/borne-informatique-ou-comptoir-daccueil\/#primaryimage"},"thumbnailUrl":"https:\/\/www.sp-equipements.com\/site\/wp-content\/uploads\/2019\/06\/comptoir_d_accueil-_borne_informatique-1.jpg","datePublished":"2019-06-07T13:46:11+00:00","dateModified":"2022-01-23T18:29:58+00:00","breadcrumb":{"@id":"https:\/\/www.sp-equipements.com\/site\/produit\/borne-informatique-ou-comptoir-daccueil\/#breadcrumb"},"inLanguage":"fr-FR","potentialAction":[{"@type":"ReadAction","target":["https:\/\/www.sp-equipements.com\/site\/produit\/borne-informatique-ou-comptoir-daccueil\/"]}]},{"@type":"ImageObject","inLanguage":"fr-FR","@id":"https:\/\/www.sp-equipements.com\/site\/produit\/borne-informatique-ou-comptoir-daccueil\/#primaryimage","url":"https:\/\/www.sp-equipements.com\/site\/wp-content\/uploads\/2019\/06\/comptoir_d_accueil-_borne_informatique-1.jpg","contentUrl":"https:\/\/www.sp-equipements.com\/site\/wp-content\/uploads\/2019\/06\/comptoir_d_accueil-_borne_informatique-1.jpg","width":190,"height":190,"caption":"comptoir d accueil borne informatique 1"},{"@type":"BreadcrumbList","@id":"https:\/\/www.sp-equipements.com\/site\/produit\/borne-informatique-ou-comptoir-daccueil\/#breadcrumb","itemListElement":[{"@type":"ListItem","position":1,"name":"Accueil","item":"https:\/\/www.sp-equipements.com\/site\/"},{"@type":"ListItem","position":2,"name":"Catalogue","item":"https:\/\/www.sp-equipements.com\/site\/catalogue\/"},{"@type":"ListItem","position":3,"name":"Borne Informatique ou Comptoir d&rsquo;Accueil"}]},{"@type":"WebSite","@id":"https:\/\/www.sp-equipements.com\/site\/#website","url":"https:\/\/www.sp-equipements.com\/site\/","name":"SP \u00c9quipements","description":"\u00c9quipements de collectivit\u00e9s","potentialAction":[{"@type":"SearchAction","target":{"@type":"EntryPoint","urlTemplate":"https:\/\/www.sp-equipements.com\/site\/?s={search_term_string}"},"query-input":"required name=search_term_string"}],"inLanguage":"fr-FR"}]}},"_links":{"self":[{"href":"https:\/\/www.sp-equipements.com\/site\/wp-json\/wp\/v2\/product\/22059"}],"collection":[{"href":"https:\/\/www.sp-equipements.com\/site\/wp-json\/wp\/v2\/product"}],"about":[{"href":"https:\/\/www.sp-equipements.com\/site\/wp-json\/wp\/v2\/types\/product"}],"replies":[{"embeddable":true,"href":"https:\/\/www.sp-equipements.com\/site\/wp-json\/wp\/v2\/comments?post=22059"}],"wp:featuredmedia":[{"embeddable":true,"href":"https:\/\/www.sp-equipements.com\/site\/wp-json\/wp\/v2\/media\/37989"}],"wp:attachment":[{"href":"https:\/\/www.sp-equipements.com\/site\/wp-json\/wp\/v2\/media?parent=22059"}],"wp:term":[{"taxonomy":"product_cat","embeddable":true,"href":"https:\/\/www.sp-equipements.com\/site\/wp-json\/wp\/v2\/product_cat?post=22059"},{"taxonomy":"product_tag","embeddable":true,"href":"https:\/\/www.sp-equipements.com\/site\/wp-json\/wp\/v2\/product_tag?post=22059"}],"curies":[{"name":"wp","href":"https:\/\/api.w.org\/{rel}","templated":true}]}}