{"id":22070,"date":"2019-06-07T16:15:39","date_gmt":"2019-06-07T14:15:39","guid":{"rendered":"http:\/\/www.polyequipements.com\/produit\/table-pliante-lifetime-122x60cm-ajustable\/"},"modified":"2022-06-21T16:10:12","modified_gmt":"2022-06-21T14:10:12","slug":"table-pliante-lifetime-122x60cm-ajustable","status":"publish","type":"product","link":"https:\/\/www.sp-equipements.com\/site\/produit\/table-pliante-lifetime-122x60cm-ajustable\/","title":{"rendered":"Table Pliante <i>LIFETIME<\/i> 122x60cm Ajustable"},"content":{"rendered":"","protected":false},"excerpt":{"rendered":"<p><i>Table pliante 122cm ajustable en hauteur LIFETIME : la r\u00e9f\u00e9rence du march\u00e9. Elle ne craint pas les chocs, ne se fissure pas et ne s&rsquo;\u00e9caille pas.<\/i><\/p>\n<p>Table ajustable en 3 hauteurs : 46, 74 et 91 cm gr\u00e2ce \u00e0 un syst\u00e8me de verins brevet\u00e9.<\/p>\n<p>Parfaitement pliante : les pieds s&rsquo;encastrent dans l&rsquo;\u00e9paisseur du plateau pour un encombrement optimal.<\/p>\n<p>Le plateau est trait\u00e9 contre les rayons UV pour emp\u00eacher la d\u00e9coloration et la d\u00e9gradation.<\/p>\n<p>Plateau r\u00e9sistant aux t\u00e2ches et aux intemp\u00e9ries, tr\u00e8s facile \u00e0 nettoyer, il est r\u00e9alis\u00e9 en <b>poly\u00e9thyl\u00e8ne moul\u00e9 haute densit\u00e9 (HDPE)<\/b> en une seule pi\u00e8ce et sans joint.<\/p>\n<p>Le cadre est en acier trait\u00e9, finition epoxy, traitement anti-corrosion.<\/p>\n<p>Les tubes des pieds sont en acier neuf, de 3cm de diam\u00e8tre et 1,25mm d&rsquo;\u00e9paisseur. Les pieds sont \u00e9quip\u00e9s de patins en caoutchouc.<\/p>\n<p>Cette table est con\u00e7ue pour une utilisation int\u00e9rieure et ext\u00e9rieure.<\/p>\n<p><b>Caract\u00e9ristiques :<\/b><br \/>Certification ISO 9001:2000<br \/>Dimension : 122 x 60 cm<br \/>Hauteurs : 56 cm, 74 cm, 91 cm<br \/>Epaisseur plateau : 5.5 cm<br \/>Poids net : 12.00 kg<br \/>Charge maximum recommand\u00e9e : 100 kg<br \/>Conditionnement : unit\u00e9<br \/>Couleur : beige amande<\/p>\n","protected":false},"featured_media":37933,"comment_status":"open","ping_status":"closed","template":"","meta":[],"product_cat":[226,110],"product_tag":[],"yoast_head":"<!-- This site is optimized with the Yoast SEO plugin v22.2 - https:\/\/yoast.com\/wordpress\/plugins\/seo\/ -->\n<title>Table Pliante LIFETIME 122x60cm Ajustable - SP \u00c9quipements<\/title>\n<meta name=\"robots\" content=\"index, follow, max-snippet:-1, max-image-preview:large, max-video-preview:-1\" \/>\n<link rel=\"canonical\" href=\"https:\/\/www.sp-equipements.com\/site\/produit\/table-pliante-lifetime-122x60cm-ajustable\/\" \/>\n<meta property=\"og:locale\" content=\"fr_FR\" \/>\n<meta property=\"og:type\" content=\"article\" \/>\n<meta property=\"og:title\" content=\"Table Pliante LIFETIME 122x60cm Ajustable - SP \u00c9quipements\" \/>\n<meta property=\"og:description\" content=\"Table pliante 122cm ajustable en hauteur LIFETIME : la r\u00e9f\u00e9rence du march\u00e9. Elle ne craint pas les chocs, ne se fissure pas et ne s&#039;\u00e9caille pas.Table ajustable en 3 hauteurs : 46, 74 et 91 cm gr\u00e2ce \u00e0 un syst\u00e8me de verins brevet\u00e9.Parfaitement pliante : les pieds s&#039;encastrent dans l&#039;\u00e9paisseur du plateau pour un encombrement optimal.Le plateau est trait\u00e9 contre les rayons UV pour emp\u00eacher la d\u00e9coloration et la d\u00e9gradation.Plateau r\u00e9sistant aux t\u00e2ches et aux intemp\u00e9ries, tr\u00e8s facile \u00e0 nettoyer, il est r\u00e9alis\u00e9 en poly\u00e9thyl\u00e8ne moul\u00e9 haute densit\u00e9 (HDPE) en une seule pi\u00e8ce et sans joint.Le cadre est en acier trait\u00e9, finition epoxy, traitement anti-corrosion.Les tubes des pieds sont en acier neuf, de 3cm de diam\u00e8tre et 1,25mm d&#039;\u00e9paisseur. Les pieds sont \u00e9quip\u00e9s de patins en caoutchouc.Cette table est con\u00e7ue pour une utilisation int\u00e9rieure et ext\u00e9rieure.Caract\u00e9ristiques :Certification ISO 9001:2000Dimension : 122 x 60 cmHauteurs : 56 cm, 74 cm, 91 cmEpaisseur plateau : 5.5 cmPoids net : 12.00 kgCharge maximum recommand\u00e9e : 100 kgConditionnement : unit\u00e9Couleur : beige amande\" \/>\n<meta property=\"og:url\" content=\"https:\/\/www.sp-equipements.com\/site\/produit\/table-pliante-lifetime-122x60cm-ajustable\/\" \/>\n<meta property=\"og:site_name\" content=\"SP \u00c9quipements\" \/>\n<meta property=\"article:modified_time\" content=\"2022-06-21T14:10:12+00:00\" \/>\n<meta property=\"og:image\" content=\"https:\/\/www.sp-equipements.com\/site\/wp-content\/uploads\/2019\/06\/table_lifetime_122x60_ajustable-1.jpg\" \/>\n\t<meta property=\"og:image:width\" content=\"190\" \/>\n\t<meta property=\"og:image:height\" content=\"190\" \/>\n\t<meta property=\"og:image:type\" content=\"image\/jpeg\" \/>\n<meta name=\"twitter:card\" content=\"summary_large_image\" \/>\n<script type=\"application\/ld+json\" class=\"yoast-schema-graph\">{\"@context\":\"https:\/\/schema.org\",\"@graph\":[{\"@type\":\"WebPage\",\"@id\":\"https:\/\/www.sp-equipements.com\/site\/produit\/table-pliante-lifetime-122x60cm-ajustable\/\",\"url\":\"https:\/\/www.sp-equipements.com\/site\/produit\/table-pliante-lifetime-122x60cm-ajustable\/\",\"name\":\"Table Pliante LIFETIME 122x60cm Ajustable - SP \u00c9quipements\",\"isPartOf\":{\"@id\":\"https:\/\/www.sp-equipements.com\/site\/#website\"},\"primaryImageOfPage\":{\"@id\":\"https:\/\/www.sp-equipements.com\/site\/produit\/table-pliante-lifetime-122x60cm-ajustable\/#primaryimage\"},\"image\":{\"@id\":\"https:\/\/www.sp-equipements.com\/site\/produit\/table-pliante-lifetime-122x60cm-ajustable\/#primaryimage\"},\"thumbnailUrl\":\"https:\/\/www.sp-equipements.com\/site\/wp-content\/uploads\/2019\/06\/table_lifetime_122x60_ajustable-1.jpg\",\"datePublished\":\"2019-06-07T14:15:39+00:00\",\"dateModified\":\"2022-06-21T14:10:12+00:00\",\"breadcrumb\":{\"@id\":\"https:\/\/www.sp-equipements.com\/site\/produit\/table-pliante-lifetime-122x60cm-ajustable\/#breadcrumb\"},\"inLanguage\":\"fr-FR\",\"potentialAction\":[{\"@type\":\"ReadAction\",\"target\":[\"https:\/\/www.sp-equipements.com\/site\/produit\/table-pliante-lifetime-122x60cm-ajustable\/\"]}]},{\"@type\":\"ImageObject\",\"inLanguage\":\"fr-FR\",\"@id\":\"https:\/\/www.sp-equipements.com\/site\/produit\/table-pliante-lifetime-122x60cm-ajustable\/#primaryimage\",\"url\":\"https:\/\/www.sp-equipements.com\/site\/wp-content\/uploads\/2019\/06\/table_lifetime_122x60_ajustable-1.jpg\",\"contentUrl\":\"https:\/\/www.sp-equipements.com\/site\/wp-content\/uploads\/2019\/06\/table_lifetime_122x60_ajustable-1.jpg\",\"width\":190,\"height\":190,\"caption\":\"table lifetime 122x60 ajustable 1\"},{\"@type\":\"BreadcrumbList\",\"@id\":\"https:\/\/www.sp-equipements.com\/site\/produit\/table-pliante-lifetime-122x60cm-ajustable\/#breadcrumb\",\"itemListElement\":[{\"@type\":\"ListItem\",\"position\":1,\"name\":\"Accueil\",\"item\":\"https:\/\/www.sp-equipements.com\/site\/\"},{\"@type\":\"ListItem\",\"position\":2,\"name\":\"Catalogue\",\"item\":\"https:\/\/www.sp-equipements.com\/site\/catalogue\/\"},{\"@type\":\"ListItem\",\"position\":3,\"name\":\"Table Pliante LIFETIME 122x60cm Ajustable\"}]},{\"@type\":\"WebSite\",\"@id\":\"https:\/\/www.sp-equipements.com\/site\/#website\",\"url\":\"https:\/\/www.sp-equipements.com\/site\/\",\"name\":\"SP \u00c9quipements\",\"description\":\"\u00c9quipements de collectivit\u00e9s\",\"potentialAction\":[{\"@type\":\"SearchAction\",\"target\":{\"@type\":\"EntryPoint\",\"urlTemplate\":\"https:\/\/www.sp-equipements.com\/site\/?s={search_term_string}\"},\"query-input\":\"required name=search_term_string\"}],\"inLanguage\":\"fr-FR\"}]}<\/script>\n<!-- \/ Yoast SEO plugin. -->","yoast_head_json":{"title":"Table Pliante LIFETIME 122x60cm Ajustable - SP \u00c9quipements","robots":{"index":"index","follow":"follow","max-snippet":"max-snippet:-1","max-image-preview":"max-image-preview:large","max-video-preview":"max-video-preview:-1"},"canonical":"https:\/\/www.sp-equipements.com\/site\/produit\/table-pliante-lifetime-122x60cm-ajustable\/","og_locale":"fr_FR","og_type":"article","og_title":"Table Pliante LIFETIME 122x60cm Ajustable - SP \u00c9quipements","og_description":"Table pliante 122cm ajustable en hauteur LIFETIME : la r\u00e9f\u00e9rence du march\u00e9. Elle ne craint pas les chocs, ne se fissure pas et ne s'\u00e9caille pas.Table ajustable en 3 hauteurs : 46, 74 et 91 cm gr\u00e2ce \u00e0 un syst\u00e8me de verins brevet\u00e9.Parfaitement pliante : les pieds s'encastrent dans l'\u00e9paisseur du plateau pour un encombrement optimal.Le plateau est trait\u00e9 contre les rayons UV pour emp\u00eacher la d\u00e9coloration et la d\u00e9gradation.Plateau r\u00e9sistant aux t\u00e2ches et aux intemp\u00e9ries, tr\u00e8s facile \u00e0 nettoyer, il est r\u00e9alis\u00e9 en poly\u00e9thyl\u00e8ne moul\u00e9 haute densit\u00e9 (HDPE) en une seule pi\u00e8ce et sans joint.Le cadre est en acier trait\u00e9, finition epoxy, traitement anti-corrosion.Les tubes des pieds sont en acier neuf, de 3cm de diam\u00e8tre et 1,25mm d'\u00e9paisseur. Les pieds sont \u00e9quip\u00e9s de patins en caoutchouc.Cette table est con\u00e7ue pour une utilisation int\u00e9rieure et ext\u00e9rieure.Caract\u00e9ristiques :Certification ISO 9001:2000Dimension : 122 x 60 cmHauteurs : 56 cm, 74 cm, 91 cmEpaisseur plateau : 5.5 cmPoids net : 12.00 kgCharge maximum recommand\u00e9e : 100 kgConditionnement : unit\u00e9Couleur : beige amande","og_url":"https:\/\/www.sp-equipements.com\/site\/produit\/table-pliante-lifetime-122x60cm-ajustable\/","og_site_name":"SP \u00c9quipements","article_modified_time":"2022-06-21T14:10:12+00:00","og_image":[{"width":190,"height":190,"url":"https:\/\/www.sp-equipements.com\/site\/wp-content\/uploads\/2019\/06\/table_lifetime_122x60_ajustable-1.jpg","type":"image\/jpeg"}],"twitter_card":"summary_large_image","schema":{"@context":"https:\/\/schema.org","@graph":[{"@type":"WebPage","@id":"https:\/\/www.sp-equipements.com\/site\/produit\/table-pliante-lifetime-122x60cm-ajustable\/","url":"https:\/\/www.sp-equipements.com\/site\/produit\/table-pliante-lifetime-122x60cm-ajustable\/","name":"Table Pliante LIFETIME 122x60cm Ajustable - SP \u00c9quipements","isPartOf":{"@id":"https:\/\/www.sp-equipements.com\/site\/#website"},"primaryImageOfPage":{"@id":"https:\/\/www.sp-equipements.com\/site\/produit\/table-pliante-lifetime-122x60cm-ajustable\/#primaryimage"},"image":{"@id":"https:\/\/www.sp-equipements.com\/site\/produit\/table-pliante-lifetime-122x60cm-ajustable\/#primaryimage"},"thumbnailUrl":"https:\/\/www.sp-equipements.com\/site\/wp-content\/uploads\/2019\/06\/table_lifetime_122x60_ajustable-1.jpg","datePublished":"2019-06-07T14:15:39+00:00","dateModified":"2022-06-21T14:10:12+00:00","breadcrumb":{"@id":"https:\/\/www.sp-equipements.com\/site\/produit\/table-pliante-lifetime-122x60cm-ajustable\/#breadcrumb"},"inLanguage":"fr-FR","potentialAction":[{"@type":"ReadAction","target":["https:\/\/www.sp-equipements.com\/site\/produit\/table-pliante-lifetime-122x60cm-ajustable\/"]}]},{"@type":"ImageObject","inLanguage":"fr-FR","@id":"https:\/\/www.sp-equipements.com\/site\/produit\/table-pliante-lifetime-122x60cm-ajustable\/#primaryimage","url":"https:\/\/www.sp-equipements.com\/site\/wp-content\/uploads\/2019\/06\/table_lifetime_122x60_ajustable-1.jpg","contentUrl":"https:\/\/www.sp-equipements.com\/site\/wp-content\/uploads\/2019\/06\/table_lifetime_122x60_ajustable-1.jpg","width":190,"height":190,"caption":"table lifetime 122x60 ajustable 1"},{"@type":"BreadcrumbList","@id":"https:\/\/www.sp-equipements.com\/site\/produit\/table-pliante-lifetime-122x60cm-ajustable\/#breadcrumb","itemListElement":[{"@type":"ListItem","position":1,"name":"Accueil","item":"https:\/\/www.sp-equipements.com\/site\/"},{"@type":"ListItem","position":2,"name":"Catalogue","item":"https:\/\/www.sp-equipements.com\/site\/catalogue\/"},{"@type":"ListItem","position":3,"name":"Table Pliante LIFETIME 122x60cm Ajustable"}]},{"@type":"WebSite","@id":"https:\/\/www.sp-equipements.com\/site\/#website","url":"https:\/\/www.sp-equipements.com\/site\/","name":"SP \u00c9quipements","description":"\u00c9quipements de collectivit\u00e9s","potentialAction":[{"@type":"SearchAction","target":{"@type":"EntryPoint","urlTemplate":"https:\/\/www.sp-equipements.com\/site\/?s={search_term_string}"},"query-input":"required name=search_term_string"}],"inLanguage":"fr-FR"}]}},"_links":{"self":[{"href":"https:\/\/www.sp-equipements.com\/site\/wp-json\/wp\/v2\/product\/22070"}],"collection":[{"href":"https:\/\/www.sp-equipements.com\/site\/wp-json\/wp\/v2\/product"}],"about":[{"href":"https:\/\/www.sp-equipements.com\/site\/wp-json\/wp\/v2\/types\/product"}],"replies":[{"embeddable":true,"href":"https:\/\/www.sp-equipements.com\/site\/wp-json\/wp\/v2\/comments?post=22070"}],"wp:featuredmedia":[{"embeddable":true,"href":"https:\/\/www.sp-equipements.com\/site\/wp-json\/wp\/v2\/media\/37933"}],"wp:attachment":[{"href":"https:\/\/www.sp-equipements.com\/site\/wp-json\/wp\/v2\/media?parent=22070"}],"wp:term":[{"taxonomy":"product_cat","embeddable":true,"href":"https:\/\/www.sp-equipements.com\/site\/wp-json\/wp\/v2\/product_cat?post=22070"},{"taxonomy":"product_tag","embeddable":true,"href":"https:\/\/www.sp-equipements.com\/site\/wp-json\/wp\/v2\/product_tag?post=22070"}],"curies":[{"name":"wp","href":"https:\/\/api.w.org\/{rel}","templated":true}]}}