{"id":22075,"date":"2019-06-07T16:15:42","date_gmt":"2019-06-07T14:15:42","guid":{"rendered":"http:\/\/www.polyequipements.com\/produit\/table-individuelle-3-hauteurs-lifetime\/"},"modified":"2019-06-19T15:33:13","modified_gmt":"2019-06-19T13:33:13","slug":"table-individuelle-3-hauteurs-lifetime","status":"publish","type":"product","link":"https:\/\/www.sp-equipements.com\/site\/produit\/table-individuelle-3-hauteurs-lifetime\/","title":{"rendered":"Table Individuelle 3 hauteurs <i>LIFETIME<\/i>"},"content":{"rendered":"","protected":false},"excerpt":{"rendered":"<p><i>Table pliante individuelle LIFETIME r\u00e9glable en 3 hauteurs : 53cm, 61cm et 66cm. Elle ne craint pas les chocs, ne se fissure pas et ne s&rsquo;\u00e9caille pas.<\/i><\/p>\n<p>Le plateau est trait\u00e9 contre les rayons UV pour emp\u00eacher la d\u00e9coloration et la d\u00e9gradation.<\/p>\n<p>Plateau r\u00e9sistant aux t\u00e2ches et aux intemp\u00e9ries, tr\u00e8s facile \u00e0 nettoyer, il est r\u00e9alis\u00e9 en <b>poly\u00e9thyl\u00e8ne moul\u00e9 haute densit\u00e9 (HDPE)<\/b> en une seule pi\u00e8ce et sans joint.<\/p>\n<p>Le cadre est en acier trait\u00e9, finition epoxy, traitement anti-corrosion.<\/p>\n<p>Le pi\u00e8tement est en acier trait\u00e9, finition epoxy, traitement anti-corrosion.<\/p>\n<p>Les tubes des pieds sont en acier neuf, diam 1,9cm d&rsquo;\u00e9paisseur. Les barres sont dot\u00e9es de patins en caoutchouc.<\/p>\n<p>Cette table est con\u00e7ue pour une utilisation int\u00e9rieure et ext\u00e9rieure.<\/p>\n<p><b>Caract\u00e9ristiques :<\/b><br \/>Certification ISO 9001:2000<br \/>Dimension : 66 x 45,7 cm<br \/>Hauteurs : 53 cm, 61 cm, 66 cm<br \/>Epaisseur plateau : 3,8 cm<br \/>Poids net : 4,67 kg<br \/>Charge maximum recommand\u00e9e : 50 kg<br \/>Conditionnement : unit\u00e9<br \/>Couleur : beige amande<\/p>\n","protected":false},"featured_media":37590,"comment_status":"open","ping_status":"closed","template":"","meta":[],"product_cat":[226,110],"product_tag":[],"yoast_head":"<!-- This site is optimized with the Yoast SEO plugin v22.2 - https:\/\/yoast.com\/wordpress\/plugins\/seo\/ -->\n<title>Table Individuelle 3 hauteurs LIFETIME - SP \u00c9quipements<\/title>\n<meta name=\"robots\" content=\"index, follow, max-snippet:-1, max-image-preview:large, max-video-preview:-1\" \/>\n<link rel=\"canonical\" href=\"https:\/\/www.sp-equipements.com\/site\/produit\/table-individuelle-3-hauteurs-lifetime\/\" \/>\n<meta property=\"og:locale\" content=\"fr_FR\" \/>\n<meta property=\"og:type\" content=\"article\" \/>\n<meta property=\"og:title\" content=\"Table Individuelle 3 hauteurs LIFETIME - SP \u00c9quipements\" \/>\n<meta property=\"og:description\" content=\"Table pliante individuelle LIFETIME r\u00e9glable en 3 hauteurs : 53cm, 61cm et 66cm. Elle ne craint pas les chocs, ne se fissure pas et ne s&#039;\u00e9caille pas.Le plateau est trait\u00e9 contre les rayons UV pour emp\u00eacher la d\u00e9coloration et la d\u00e9gradation.Plateau r\u00e9sistant aux t\u00e2ches et aux intemp\u00e9ries, tr\u00e8s facile \u00e0 nettoyer, il est r\u00e9alis\u00e9 en poly\u00e9thyl\u00e8ne moul\u00e9 haute densit\u00e9 (HDPE) en une seule pi\u00e8ce et sans joint.Le cadre est en acier trait\u00e9, finition epoxy, traitement anti-corrosion.Le pi\u00e8tement est en acier trait\u00e9, finition epoxy, traitement anti-corrosion.Les tubes des pieds sont en acier neuf, diam 1,9cm d&#039;\u00e9paisseur. Les barres sont dot\u00e9es de patins en caoutchouc.Cette table est con\u00e7ue pour une utilisation int\u00e9rieure et ext\u00e9rieure.Caract\u00e9ristiques :Certification ISO 9001:2000Dimension : 66 x 45,7 cmHauteurs : 53 cm, 61 cm, 66 cmEpaisseur plateau : 3,8 cmPoids net : 4,67 kgCharge maximum recommand\u00e9e : 50 kgConditionnement : unit\u00e9Couleur : beige amande\" \/>\n<meta property=\"og:url\" content=\"https:\/\/www.sp-equipements.com\/site\/produit\/table-individuelle-3-hauteurs-lifetime\/\" \/>\n<meta property=\"og:site_name\" content=\"SP \u00c9quipements\" \/>\n<meta property=\"article:modified_time\" content=\"2019-06-19T13:33:13+00:00\" \/>\n<meta property=\"og:image\" content=\"https:\/\/www.sp-equipements.com\/site\/wp-content\/uploads\/2019\/06\/table_individuelle-1.jpg\" \/>\n\t<meta property=\"og:image:width\" content=\"190\" \/>\n\t<meta property=\"og:image:height\" content=\"190\" \/>\n\t<meta property=\"og:image:type\" content=\"image\/jpeg\" \/>\n<meta name=\"twitter:card\" content=\"summary_large_image\" \/>\n<script type=\"application\/ld+json\" class=\"yoast-schema-graph\">{\"@context\":\"https:\/\/schema.org\",\"@graph\":[{\"@type\":\"WebPage\",\"@id\":\"https:\/\/www.sp-equipements.com\/site\/produit\/table-individuelle-3-hauteurs-lifetime\/\",\"url\":\"https:\/\/www.sp-equipements.com\/site\/produit\/table-individuelle-3-hauteurs-lifetime\/\",\"name\":\"Table Individuelle 3 hauteurs LIFETIME - SP \u00c9quipements\",\"isPartOf\":{\"@id\":\"https:\/\/www.sp-equipements.com\/site\/#website\"},\"primaryImageOfPage\":{\"@id\":\"https:\/\/www.sp-equipements.com\/site\/produit\/table-individuelle-3-hauteurs-lifetime\/#primaryimage\"},\"image\":{\"@id\":\"https:\/\/www.sp-equipements.com\/site\/produit\/table-individuelle-3-hauteurs-lifetime\/#primaryimage\"},\"thumbnailUrl\":\"https:\/\/www.sp-equipements.com\/site\/wp-content\/uploads\/2019\/06\/table_individuelle-1.jpg\",\"datePublished\":\"2019-06-07T14:15:42+00:00\",\"dateModified\":\"2019-06-19T13:33:13+00:00\",\"breadcrumb\":{\"@id\":\"https:\/\/www.sp-equipements.com\/site\/produit\/table-individuelle-3-hauteurs-lifetime\/#breadcrumb\"},\"inLanguage\":\"fr-FR\",\"potentialAction\":[{\"@type\":\"ReadAction\",\"target\":[\"https:\/\/www.sp-equipements.com\/site\/produit\/table-individuelle-3-hauteurs-lifetime\/\"]}]},{\"@type\":\"ImageObject\",\"inLanguage\":\"fr-FR\",\"@id\":\"https:\/\/www.sp-equipements.com\/site\/produit\/table-individuelle-3-hauteurs-lifetime\/#primaryimage\",\"url\":\"https:\/\/www.sp-equipements.com\/site\/wp-content\/uploads\/2019\/06\/table_individuelle-1.jpg\",\"contentUrl\":\"https:\/\/www.sp-equipements.com\/site\/wp-content\/uploads\/2019\/06\/table_individuelle-1.jpg\",\"width\":190,\"height\":190,\"caption\":\"table individuelle 1\"},{\"@type\":\"BreadcrumbList\",\"@id\":\"https:\/\/www.sp-equipements.com\/site\/produit\/table-individuelle-3-hauteurs-lifetime\/#breadcrumb\",\"itemListElement\":[{\"@type\":\"ListItem\",\"position\":1,\"name\":\"Accueil\",\"item\":\"https:\/\/www.sp-equipements.com\/site\/\"},{\"@type\":\"ListItem\",\"position\":2,\"name\":\"Catalogue\",\"item\":\"https:\/\/www.sp-equipements.com\/site\/catalogue\/\"},{\"@type\":\"ListItem\",\"position\":3,\"name\":\"Table Individuelle 3 hauteurs LIFETIME\"}]},{\"@type\":\"WebSite\",\"@id\":\"https:\/\/www.sp-equipements.com\/site\/#website\",\"url\":\"https:\/\/www.sp-equipements.com\/site\/\",\"name\":\"SP \u00c9quipements\",\"description\":\"\u00c9quipements de collectivit\u00e9s\",\"potentialAction\":[{\"@type\":\"SearchAction\",\"target\":{\"@type\":\"EntryPoint\",\"urlTemplate\":\"https:\/\/www.sp-equipements.com\/site\/?s={search_term_string}\"},\"query-input\":\"required name=search_term_string\"}],\"inLanguage\":\"fr-FR\"}]}<\/script>\n<!-- \/ Yoast SEO plugin. -->","yoast_head_json":{"title":"Table Individuelle 3 hauteurs LIFETIME - SP \u00c9quipements","robots":{"index":"index","follow":"follow","max-snippet":"max-snippet:-1","max-image-preview":"max-image-preview:large","max-video-preview":"max-video-preview:-1"},"canonical":"https:\/\/www.sp-equipements.com\/site\/produit\/table-individuelle-3-hauteurs-lifetime\/","og_locale":"fr_FR","og_type":"article","og_title":"Table Individuelle 3 hauteurs LIFETIME - SP \u00c9quipements","og_description":"Table pliante individuelle LIFETIME r\u00e9glable en 3 hauteurs : 53cm, 61cm et 66cm. Elle ne craint pas les chocs, ne se fissure pas et ne s'\u00e9caille pas.Le plateau est trait\u00e9 contre les rayons UV pour emp\u00eacher la d\u00e9coloration et la d\u00e9gradation.Plateau r\u00e9sistant aux t\u00e2ches et aux intemp\u00e9ries, tr\u00e8s facile \u00e0 nettoyer, il est r\u00e9alis\u00e9 en poly\u00e9thyl\u00e8ne moul\u00e9 haute densit\u00e9 (HDPE) en une seule pi\u00e8ce et sans joint.Le cadre est en acier trait\u00e9, finition epoxy, traitement anti-corrosion.Le pi\u00e8tement est en acier trait\u00e9, finition epoxy, traitement anti-corrosion.Les tubes des pieds sont en acier neuf, diam 1,9cm d'\u00e9paisseur. Les barres sont dot\u00e9es de patins en caoutchouc.Cette table est con\u00e7ue pour une utilisation int\u00e9rieure et ext\u00e9rieure.Caract\u00e9ristiques :Certification ISO 9001:2000Dimension : 66 x 45,7 cmHauteurs : 53 cm, 61 cm, 66 cmEpaisseur plateau : 3,8 cmPoids net : 4,67 kgCharge maximum recommand\u00e9e : 50 kgConditionnement : unit\u00e9Couleur : beige amande","og_url":"https:\/\/www.sp-equipements.com\/site\/produit\/table-individuelle-3-hauteurs-lifetime\/","og_site_name":"SP \u00c9quipements","article_modified_time":"2019-06-19T13:33:13+00:00","og_image":[{"width":190,"height":190,"url":"https:\/\/www.sp-equipements.com\/site\/wp-content\/uploads\/2019\/06\/table_individuelle-1.jpg","type":"image\/jpeg"}],"twitter_card":"summary_large_image","schema":{"@context":"https:\/\/schema.org","@graph":[{"@type":"WebPage","@id":"https:\/\/www.sp-equipements.com\/site\/produit\/table-individuelle-3-hauteurs-lifetime\/","url":"https:\/\/www.sp-equipements.com\/site\/produit\/table-individuelle-3-hauteurs-lifetime\/","name":"Table Individuelle 3 hauteurs LIFETIME - SP \u00c9quipements","isPartOf":{"@id":"https:\/\/www.sp-equipements.com\/site\/#website"},"primaryImageOfPage":{"@id":"https:\/\/www.sp-equipements.com\/site\/produit\/table-individuelle-3-hauteurs-lifetime\/#primaryimage"},"image":{"@id":"https:\/\/www.sp-equipements.com\/site\/produit\/table-individuelle-3-hauteurs-lifetime\/#primaryimage"},"thumbnailUrl":"https:\/\/www.sp-equipements.com\/site\/wp-content\/uploads\/2019\/06\/table_individuelle-1.jpg","datePublished":"2019-06-07T14:15:42+00:00","dateModified":"2019-06-19T13:33:13+00:00","breadcrumb":{"@id":"https:\/\/www.sp-equipements.com\/site\/produit\/table-individuelle-3-hauteurs-lifetime\/#breadcrumb"},"inLanguage":"fr-FR","potentialAction":[{"@type":"ReadAction","target":["https:\/\/www.sp-equipements.com\/site\/produit\/table-individuelle-3-hauteurs-lifetime\/"]}]},{"@type":"ImageObject","inLanguage":"fr-FR","@id":"https:\/\/www.sp-equipements.com\/site\/produit\/table-individuelle-3-hauteurs-lifetime\/#primaryimage","url":"https:\/\/www.sp-equipements.com\/site\/wp-content\/uploads\/2019\/06\/table_individuelle-1.jpg","contentUrl":"https:\/\/www.sp-equipements.com\/site\/wp-content\/uploads\/2019\/06\/table_individuelle-1.jpg","width":190,"height":190,"caption":"table individuelle 1"},{"@type":"BreadcrumbList","@id":"https:\/\/www.sp-equipements.com\/site\/produit\/table-individuelle-3-hauteurs-lifetime\/#breadcrumb","itemListElement":[{"@type":"ListItem","position":1,"name":"Accueil","item":"https:\/\/www.sp-equipements.com\/site\/"},{"@type":"ListItem","position":2,"name":"Catalogue","item":"https:\/\/www.sp-equipements.com\/site\/catalogue\/"},{"@type":"ListItem","position":3,"name":"Table Individuelle 3 hauteurs LIFETIME"}]},{"@type":"WebSite","@id":"https:\/\/www.sp-equipements.com\/site\/#website","url":"https:\/\/www.sp-equipements.com\/site\/","name":"SP \u00c9quipements","description":"\u00c9quipements de collectivit\u00e9s","potentialAction":[{"@type":"SearchAction","target":{"@type":"EntryPoint","urlTemplate":"https:\/\/www.sp-equipements.com\/site\/?s={search_term_string}"},"query-input":"required name=search_term_string"}],"inLanguage":"fr-FR"}]}},"_links":{"self":[{"href":"https:\/\/www.sp-equipements.com\/site\/wp-json\/wp\/v2\/product\/22075"}],"collection":[{"href":"https:\/\/www.sp-equipements.com\/site\/wp-json\/wp\/v2\/product"}],"about":[{"href":"https:\/\/www.sp-equipements.com\/site\/wp-json\/wp\/v2\/types\/product"}],"replies":[{"embeddable":true,"href":"https:\/\/www.sp-equipements.com\/site\/wp-json\/wp\/v2\/comments?post=22075"}],"wp:featuredmedia":[{"embeddable":true,"href":"https:\/\/www.sp-equipements.com\/site\/wp-json\/wp\/v2\/media\/37590"}],"wp:attachment":[{"href":"https:\/\/www.sp-equipements.com\/site\/wp-json\/wp\/v2\/media?parent=22075"}],"wp:term":[{"taxonomy":"product_cat","embeddable":true,"href":"https:\/\/www.sp-equipements.com\/site\/wp-json\/wp\/v2\/product_cat?post=22075"},{"taxonomy":"product_tag","embeddable":true,"href":"https:\/\/www.sp-equipements.com\/site\/wp-json\/wp\/v2\/product_tag?post=22075"}],"curies":[{"name":"wp","href":"https:\/\/api.w.org\/{rel}","templated":true}]}}