{"id":22078,"date":"2019-06-07T16:15:43","date_gmt":"2019-06-07T14:15:43","guid":{"rendered":"http:\/\/www.polyequipements.com\/produit\/table-pliante-en-bois-ocean-ronde\/"},"modified":"2019-06-19T15:33:14","modified_gmt":"2019-06-19T13:33:14","slug":"table-pliante-en-bois-ocean-ronde","status":"publish","type":"product","link":"https:\/\/www.sp-equipements.com\/site\/produit\/table-pliante-en-bois-ocean-ronde\/","title":{"rendered":"Table Pliante en Bois OCEAN <i>ronde<\/i>"},"content":{"rendered":"","protected":false},"excerpt":{"rendered":"<div id=\"box-article-description\">\n<div id=\"display-article-description\">\n<p>Pieds en tube acier \u00d8 25 x 2 mm. Finition : \u00e9poxy noir.<\/p>\n<p>Ouverture et fermeture rapide sans utilisation d\u2019outils suppl\u00e9mentaires.<br \/>\nSyst\u00e8me de fermeture autobloquant. Traverses de renfort en bois, servant \u00e9galement de blocs d\u2019empilage.<br \/>\nGrande stabilit\u00e9 et solidit\u00e9.<\/p>\n<p>Le pi\u00e8tement est fix\u00e9 au plateau avec des boulons t\u00eate plate de \u00d8 8 mm.<br \/>\nPlateau Multipli coll\u00e9 marin, 13 couches de placage de bois. Epaisseur: 18 mm.<br \/>\nTrait\u00e9 avec du vernis ph\u00e9nol\u00e9 r\u00e9sistant \u00e0 l\u2019eau. Chant en aluminium profil\u00e9 en \u2018T\u2019, \u00e9paisseur de 1.5 mm ou en PVC.<\/p>\n<\/div>\n<\/div>\n","protected":false},"featured_media":37939,"comment_status":"open","ping_status":"closed","template":"","meta":[],"product_cat":[228,110],"product_tag":[],"yoast_head":"<!-- This site is optimized with the Yoast SEO plugin v22.2 - https:\/\/yoast.com\/wordpress\/plugins\/seo\/ -->\n<title>Table Pliante en Bois OCEAN ronde - SP \u00c9quipements<\/title>\n<meta name=\"robots\" content=\"index, follow, max-snippet:-1, max-image-preview:large, max-video-preview:-1\" \/>\n<link rel=\"canonical\" href=\"https:\/\/www.sp-equipements.com\/site\/produit\/table-pliante-en-bois-ocean-ronde\/\" \/>\n<meta property=\"og:locale\" content=\"fr_FR\" \/>\n<meta property=\"og:type\" content=\"article\" \/>\n<meta property=\"og:title\" content=\"Table Pliante en Bois OCEAN ronde - SP \u00c9quipements\" \/>\n<meta property=\"og:description\" content=\"Pieds en tube acier \u00d8 25 x 2 mm. Finition : \u00e9poxy noir.  Ouverture et fermeture rapide sans utilisation d\u2019outils suppl\u00e9mentaires. Syst\u00e8me de fermeture autobloquant. Traverses de renfort en bois, servant \u00e9galement de blocs d\u2019empilage. Grande stabilit\u00e9 et solidit\u00e9.  Le pi\u00e8tement est fix\u00e9 au plateau avec des boulons t\u00eate plate de \u00d8 8 mm. Plateau Multipli coll\u00e9 marin, 13 couches de placage de bois. Epaisseur: 18 mm. Trait\u00e9 avec du vernis ph\u00e9nol\u00e9 r\u00e9sistant \u00e0 l\u2019eau. Chant en aluminium profil\u00e9 en \u2018T\u2019, \u00e9paisseur de 1.5 mm ou en PVC.\" \/>\n<meta property=\"og:url\" content=\"https:\/\/www.sp-equipements.com\/site\/produit\/table-pliante-en-bois-ocean-ronde\/\" \/>\n<meta property=\"og:site_name\" content=\"SP \u00c9quipements\" \/>\n<meta property=\"article:modified_time\" content=\"2019-06-19T13:33:14+00:00\" \/>\n<meta property=\"og:image\" content=\"https:\/\/www.sp-equipements.com\/site\/wp-content\/uploads\/2019\/06\/table_pliante_bois_ronde-1.jpg\" \/>\n\t<meta property=\"og:image:width\" content=\"190\" \/>\n\t<meta property=\"og:image:height\" content=\"190\" \/>\n\t<meta property=\"og:image:type\" content=\"image\/jpeg\" \/>\n<meta name=\"twitter:card\" content=\"summary_large_image\" \/>\n<script type=\"application\/ld+json\" class=\"yoast-schema-graph\">{\"@context\":\"https:\/\/schema.org\",\"@graph\":[{\"@type\":\"WebPage\",\"@id\":\"https:\/\/www.sp-equipements.com\/site\/produit\/table-pliante-en-bois-ocean-ronde\/\",\"url\":\"https:\/\/www.sp-equipements.com\/site\/produit\/table-pliante-en-bois-ocean-ronde\/\",\"name\":\"Table Pliante en Bois OCEAN ronde - SP \u00c9quipements\",\"isPartOf\":{\"@id\":\"https:\/\/www.sp-equipements.com\/site\/#website\"},\"primaryImageOfPage\":{\"@id\":\"https:\/\/www.sp-equipements.com\/site\/produit\/table-pliante-en-bois-ocean-ronde\/#primaryimage\"},\"image\":{\"@id\":\"https:\/\/www.sp-equipements.com\/site\/produit\/table-pliante-en-bois-ocean-ronde\/#primaryimage\"},\"thumbnailUrl\":\"https:\/\/www.sp-equipements.com\/site\/wp-content\/uploads\/2019\/06\/table_pliante_bois_ronde-1.jpg\",\"datePublished\":\"2019-06-07T14:15:43+00:00\",\"dateModified\":\"2019-06-19T13:33:14+00:00\",\"breadcrumb\":{\"@id\":\"https:\/\/www.sp-equipements.com\/site\/produit\/table-pliante-en-bois-ocean-ronde\/#breadcrumb\"},\"inLanguage\":\"fr-FR\",\"potentialAction\":[{\"@type\":\"ReadAction\",\"target\":[\"https:\/\/www.sp-equipements.com\/site\/produit\/table-pliante-en-bois-ocean-ronde\/\"]}]},{\"@type\":\"ImageObject\",\"inLanguage\":\"fr-FR\",\"@id\":\"https:\/\/www.sp-equipements.com\/site\/produit\/table-pliante-en-bois-ocean-ronde\/#primaryimage\",\"url\":\"https:\/\/www.sp-equipements.com\/site\/wp-content\/uploads\/2019\/06\/table_pliante_bois_ronde-1.jpg\",\"contentUrl\":\"https:\/\/www.sp-equipements.com\/site\/wp-content\/uploads\/2019\/06\/table_pliante_bois_ronde-1.jpg\",\"width\":190,\"height\":190,\"caption\":\"table pliante bois ronde 1\"},{\"@type\":\"BreadcrumbList\",\"@id\":\"https:\/\/www.sp-equipements.com\/site\/produit\/table-pliante-en-bois-ocean-ronde\/#breadcrumb\",\"itemListElement\":[{\"@type\":\"ListItem\",\"position\":1,\"name\":\"Accueil\",\"item\":\"https:\/\/www.sp-equipements.com\/site\/\"},{\"@type\":\"ListItem\",\"position\":2,\"name\":\"Catalogue\",\"item\":\"https:\/\/www.sp-equipements.com\/site\/catalogue\/\"},{\"@type\":\"ListItem\",\"position\":3,\"name\":\"Table Pliante en Bois OCEAN ronde\"}]},{\"@type\":\"WebSite\",\"@id\":\"https:\/\/www.sp-equipements.com\/site\/#website\",\"url\":\"https:\/\/www.sp-equipements.com\/site\/\",\"name\":\"SP \u00c9quipements\",\"description\":\"\u00c9quipements de collectivit\u00e9s\",\"potentialAction\":[{\"@type\":\"SearchAction\",\"target\":{\"@type\":\"EntryPoint\",\"urlTemplate\":\"https:\/\/www.sp-equipements.com\/site\/?s={search_term_string}\"},\"query-input\":\"required name=search_term_string\"}],\"inLanguage\":\"fr-FR\"}]}<\/script>\n<!-- \/ Yoast SEO plugin. -->","yoast_head_json":{"title":"Table Pliante en Bois OCEAN ronde - SP \u00c9quipements","robots":{"index":"index","follow":"follow","max-snippet":"max-snippet:-1","max-image-preview":"max-image-preview:large","max-video-preview":"max-video-preview:-1"},"canonical":"https:\/\/www.sp-equipements.com\/site\/produit\/table-pliante-en-bois-ocean-ronde\/","og_locale":"fr_FR","og_type":"article","og_title":"Table Pliante en Bois OCEAN ronde - SP \u00c9quipements","og_description":"Pieds en tube acier \u00d8 25 x 2 mm. Finition : \u00e9poxy noir.  Ouverture et fermeture rapide sans utilisation d\u2019outils suppl\u00e9mentaires. Syst\u00e8me de fermeture autobloquant. Traverses de renfort en bois, servant \u00e9galement de blocs d\u2019empilage. Grande stabilit\u00e9 et solidit\u00e9.  Le pi\u00e8tement est fix\u00e9 au plateau avec des boulons t\u00eate plate de \u00d8 8 mm. Plateau Multipli coll\u00e9 marin, 13 couches de placage de bois. Epaisseur: 18 mm. Trait\u00e9 avec du vernis ph\u00e9nol\u00e9 r\u00e9sistant \u00e0 l\u2019eau. Chant en aluminium profil\u00e9 en \u2018T\u2019, \u00e9paisseur de 1.5 mm ou en PVC.","og_url":"https:\/\/www.sp-equipements.com\/site\/produit\/table-pliante-en-bois-ocean-ronde\/","og_site_name":"SP \u00c9quipements","article_modified_time":"2019-06-19T13:33:14+00:00","og_image":[{"width":190,"height":190,"url":"https:\/\/www.sp-equipements.com\/site\/wp-content\/uploads\/2019\/06\/table_pliante_bois_ronde-1.jpg","type":"image\/jpeg"}],"twitter_card":"summary_large_image","schema":{"@context":"https:\/\/schema.org","@graph":[{"@type":"WebPage","@id":"https:\/\/www.sp-equipements.com\/site\/produit\/table-pliante-en-bois-ocean-ronde\/","url":"https:\/\/www.sp-equipements.com\/site\/produit\/table-pliante-en-bois-ocean-ronde\/","name":"Table Pliante en Bois OCEAN ronde - SP \u00c9quipements","isPartOf":{"@id":"https:\/\/www.sp-equipements.com\/site\/#website"},"primaryImageOfPage":{"@id":"https:\/\/www.sp-equipements.com\/site\/produit\/table-pliante-en-bois-ocean-ronde\/#primaryimage"},"image":{"@id":"https:\/\/www.sp-equipements.com\/site\/produit\/table-pliante-en-bois-ocean-ronde\/#primaryimage"},"thumbnailUrl":"https:\/\/www.sp-equipements.com\/site\/wp-content\/uploads\/2019\/06\/table_pliante_bois_ronde-1.jpg","datePublished":"2019-06-07T14:15:43+00:00","dateModified":"2019-06-19T13:33:14+00:00","breadcrumb":{"@id":"https:\/\/www.sp-equipements.com\/site\/produit\/table-pliante-en-bois-ocean-ronde\/#breadcrumb"},"inLanguage":"fr-FR","potentialAction":[{"@type":"ReadAction","target":["https:\/\/www.sp-equipements.com\/site\/produit\/table-pliante-en-bois-ocean-ronde\/"]}]},{"@type":"ImageObject","inLanguage":"fr-FR","@id":"https:\/\/www.sp-equipements.com\/site\/produit\/table-pliante-en-bois-ocean-ronde\/#primaryimage","url":"https:\/\/www.sp-equipements.com\/site\/wp-content\/uploads\/2019\/06\/table_pliante_bois_ronde-1.jpg","contentUrl":"https:\/\/www.sp-equipements.com\/site\/wp-content\/uploads\/2019\/06\/table_pliante_bois_ronde-1.jpg","width":190,"height":190,"caption":"table pliante bois ronde 1"},{"@type":"BreadcrumbList","@id":"https:\/\/www.sp-equipements.com\/site\/produit\/table-pliante-en-bois-ocean-ronde\/#breadcrumb","itemListElement":[{"@type":"ListItem","position":1,"name":"Accueil","item":"https:\/\/www.sp-equipements.com\/site\/"},{"@type":"ListItem","position":2,"name":"Catalogue","item":"https:\/\/www.sp-equipements.com\/site\/catalogue\/"},{"@type":"ListItem","position":3,"name":"Table Pliante en Bois OCEAN ronde"}]},{"@type":"WebSite","@id":"https:\/\/www.sp-equipements.com\/site\/#website","url":"https:\/\/www.sp-equipements.com\/site\/","name":"SP \u00c9quipements","description":"\u00c9quipements de collectivit\u00e9s","potentialAction":[{"@type":"SearchAction","target":{"@type":"EntryPoint","urlTemplate":"https:\/\/www.sp-equipements.com\/site\/?s={search_term_string}"},"query-input":"required name=search_term_string"}],"inLanguage":"fr-FR"}]}},"_links":{"self":[{"href":"https:\/\/www.sp-equipements.com\/site\/wp-json\/wp\/v2\/product\/22078"}],"collection":[{"href":"https:\/\/www.sp-equipements.com\/site\/wp-json\/wp\/v2\/product"}],"about":[{"href":"https:\/\/www.sp-equipements.com\/site\/wp-json\/wp\/v2\/types\/product"}],"replies":[{"embeddable":true,"href":"https:\/\/www.sp-equipements.com\/site\/wp-json\/wp\/v2\/comments?post=22078"}],"wp:featuredmedia":[{"embeddable":true,"href":"https:\/\/www.sp-equipements.com\/site\/wp-json\/wp\/v2\/media\/37939"}],"wp:attachment":[{"href":"https:\/\/www.sp-equipements.com\/site\/wp-json\/wp\/v2\/media?parent=22078"}],"wp:term":[{"taxonomy":"product_cat","embeddable":true,"href":"https:\/\/www.sp-equipements.com\/site\/wp-json\/wp\/v2\/product_cat?post=22078"},{"taxonomy":"product_tag","embeddable":true,"href":"https:\/\/www.sp-equipements.com\/site\/wp-json\/wp\/v2\/product_tag?post=22078"}],"curies":[{"name":"wp","href":"https:\/\/api.w.org\/{rel}","templated":true}]}}