{"id":38323,"date":"2020-12-02T20:43:10","date_gmt":"2020-12-02T19:43:10","guid":{"rendered":"https:\/\/sp-equipements.avancenet.org\/?post_type=product&#038;p=38323"},"modified":"2025-04-13T01:42:39","modified_gmt":"2025-04-12T23:42:39","slug":"panneau-electoral-1-2-candidats","status":"publish","type":"product","link":"https:\/\/www.sp-equipements.com\/site\/produit\/panneau-electoral-1-2-candidats\/","title":{"rendered":"Panneau Electoral 1-2 candidats"},"content":{"rendered":"<h2>Panneau Electoral\u00a0 : Description du produit<\/h2>\n<p>&nbsp;<\/p>\n<p>Le panneau \u00e9lectoral 1-2 candidats est un panneau pr\u00eat \u00e0 \u00eatre pos\u00e9, qui pourra accueillir les affiches de un ou deux candidats pour les future \u00e9lections.<\/p>\n<p>Il dispose d&rsquo;une grande surface d&rsquo;affichage.<\/p>\n<p>&nbsp;<\/p>\n<h2>Caract\u00e9ristiques techniques<\/h2>\n<ul>\n<li>Enti\u00e8rement galvanis\u00e9<\/li>\n<\/ul>\n<ol>\n<li>\u00a0Pour 1 candidat : largeur 1000 mm<br \/>\n(une plaque de num\u00e9rotation)<\/li>\n<li>\u00a0Pour 2 candidats : largeur 1500 mm<br \/>\n(deux plaques de num\u00e9rotation)<\/li>\n<\/ol>\n<ul>\n<li>\u00a0Hauteur hors sol de 2.23 m\u00e8tres<\/li>\n<li>\u00a0Equip\u00e9 d&rsquo;une surface de num\u00e9rotage et de godets d&rsquo;affichage<\/li>\n<li>\u00a0Options : pieds ou fourreaux<\/li>\n<\/ul>\n<p>&nbsp;<\/p>\n<h2>Recommandations de pose<\/h2>\n<ul>\n<li>Accrochage en ligne* ou en kiosque<\/li>\n<li>Sur pieds amovibles*, fourreaux \u00e0 sceller<\/li>\n<\/ul>\n<p><em>*L\u2019installation en ligne, sur pieds amovibles ou sur plots b\u00e9ton n\u00e9cessite un accrochage de pr\u00e9caution<\/em><\/p>\n<h2>Options<\/h2>\n<ul>\n<li>Pieds amovibles<\/li>\n<li>Fourreaux \u00e0 sceller<\/li>\n<\/ul>\n<p><em>*L\u2019installation en ligne, sur pieds amovibles ou sur plots b\u00e9ton n\u00e9cessite un accrochage de pr\u00e9caution<\/em><\/p>\n<p>&nbsp;<\/p>\n<h2>Dimensions<\/h2>\n<p>Dimension surface d&rsquo;affichage :<\/p>\n<ul>\n<li>H x 1 : 1.25 x 1.00 m : 1 candidat<\/li>\n<li>H x 1 : 1.25 x 1.50 m : 2 candidats<\/li>\n<\/ul>\n<p>&nbsp;<\/p>\n","protected":false},"excerpt":{"rendered":"<p><i>Panneau \u00e9lectoral pouvant accueillir les affiches de un ou deux candidats.<\/i><\/p>\n","protected":false},"featured_media":38345,"comment_status":"open","ping_status":"closed","template":"","meta":[],"product_cat":[99,165],"product_tag":[],"yoast_head":"<!-- This site is optimized with the Yoast SEO plugin v22.2 - https:\/\/yoast.com\/wordpress\/plugins\/seo\/ -->\n<title>Panneau Electoral 1-2 candidats - SP \u00c9quipements<\/title>\n<meta name=\"robots\" content=\"index, follow, max-snippet:-1, max-image-preview:large, max-video-preview:-1\" \/>\n<link rel=\"canonical\" href=\"https:\/\/www.sp-equipements.com\/site\/produit\/panneau-electoral-1-2-candidats\/\" \/>\n<meta property=\"og:locale\" content=\"fr_FR\" \/>\n<meta property=\"og:type\" content=\"article\" \/>\n<meta property=\"og:title\" content=\"Panneau Electoral 1-2 candidats - SP \u00c9quipements\" \/>\n<meta property=\"og:description\" content=\"Panneau \u00e9lectoral pouvant accueillir les affiches de un ou deux candidats.\" \/>\n<meta property=\"og:url\" content=\"https:\/\/www.sp-equipements.com\/site\/produit\/panneau-electoral-1-2-candidats\/\" \/>\n<meta property=\"og:site_name\" content=\"SP \u00c9quipements\" \/>\n<meta property=\"article:modified_time\" content=\"2025-04-12T23:42:39+00:00\" \/>\n<meta property=\"og:image\" content=\"https:\/\/www.sp-equipements.com\/site\/wp-content\/uploads\/2020\/12\/panneaubismini.png\" \/>\n\t<meta property=\"og:image:width\" content=\"190\" \/>\n\t<meta property=\"og:image:height\" content=\"190\" \/>\n\t<meta property=\"og:image:type\" content=\"image\/png\" \/>\n<meta name=\"twitter:card\" content=\"summary_large_image\" \/>\n<meta name=\"twitter:label1\" content=\"Dur\u00e9e de lecture estim\u00e9e\" \/>\n\t<meta name=\"twitter:data1\" content=\"1 minute\" \/>\n<script type=\"application\/ld+json\" class=\"yoast-schema-graph\">{\"@context\":\"https:\/\/schema.org\",\"@graph\":[{\"@type\":\"WebPage\",\"@id\":\"https:\/\/www.sp-equipements.com\/site\/produit\/panneau-electoral-1-2-candidats\/\",\"url\":\"https:\/\/www.sp-equipements.com\/site\/produit\/panneau-electoral-1-2-candidats\/\",\"name\":\"Panneau Electoral 1-2 candidats - SP \u00c9quipements\",\"isPartOf\":{\"@id\":\"https:\/\/www.sp-equipements.com\/site\/#website\"},\"primaryImageOfPage\":{\"@id\":\"https:\/\/www.sp-equipements.com\/site\/produit\/panneau-electoral-1-2-candidats\/#primaryimage\"},\"image\":{\"@id\":\"https:\/\/www.sp-equipements.com\/site\/produit\/panneau-electoral-1-2-candidats\/#primaryimage\"},\"thumbnailUrl\":\"https:\/\/www.sp-equipements.com\/site\/wp-content\/uploads\/2020\/12\/panneaubismini.png\",\"datePublished\":\"2020-12-02T19:43:10+00:00\",\"dateModified\":\"2025-04-12T23:42:39+00:00\",\"breadcrumb\":{\"@id\":\"https:\/\/www.sp-equipements.com\/site\/produit\/panneau-electoral-1-2-candidats\/#breadcrumb\"},\"inLanguage\":\"fr-FR\",\"potentialAction\":[{\"@type\":\"ReadAction\",\"target\":[\"https:\/\/www.sp-equipements.com\/site\/produit\/panneau-electoral-1-2-candidats\/\"]}]},{\"@type\":\"ImageObject\",\"inLanguage\":\"fr-FR\",\"@id\":\"https:\/\/www.sp-equipements.com\/site\/produit\/panneau-electoral-1-2-candidats\/#primaryimage\",\"url\":\"https:\/\/www.sp-equipements.com\/site\/wp-content\/uploads\/2020\/12\/panneaubismini.png\",\"contentUrl\":\"https:\/\/www.sp-equipements.com\/site\/wp-content\/uploads\/2020\/12\/panneaubismini.png\",\"width\":190,\"height\":190},{\"@type\":\"BreadcrumbList\",\"@id\":\"https:\/\/www.sp-equipements.com\/site\/produit\/panneau-electoral-1-2-candidats\/#breadcrumb\",\"itemListElement\":[{\"@type\":\"ListItem\",\"position\":1,\"name\":\"Accueil\",\"item\":\"https:\/\/www.sp-equipements.com\/site\/\"},{\"@type\":\"ListItem\",\"position\":2,\"name\":\"Catalogue\",\"item\":\"https:\/\/www.sp-equipements.com\/site\/catalogue\/\"},{\"@type\":\"ListItem\",\"position\":3,\"name\":\"Panneau Electoral 1-2 candidats\"}]},{\"@type\":\"WebSite\",\"@id\":\"https:\/\/www.sp-equipements.com\/site\/#website\",\"url\":\"https:\/\/www.sp-equipements.com\/site\/\",\"name\":\"SP \u00c9quipements\",\"description\":\"\u00c9quipements de collectivit\u00e9s\",\"potentialAction\":[{\"@type\":\"SearchAction\",\"target\":{\"@type\":\"EntryPoint\",\"urlTemplate\":\"https:\/\/www.sp-equipements.com\/site\/?s={search_term_string}\"},\"query-input\":\"required name=search_term_string\"}],\"inLanguage\":\"fr-FR\"}]}<\/script>\n<!-- \/ Yoast SEO plugin. -->","yoast_head_json":{"title":"Panneau Electoral 1-2 candidats - SP \u00c9quipements","robots":{"index":"index","follow":"follow","max-snippet":"max-snippet:-1","max-image-preview":"max-image-preview:large","max-video-preview":"max-video-preview:-1"},"canonical":"https:\/\/www.sp-equipements.com\/site\/produit\/panneau-electoral-1-2-candidats\/","og_locale":"fr_FR","og_type":"article","og_title":"Panneau Electoral 1-2 candidats - SP \u00c9quipements","og_description":"Panneau \u00e9lectoral pouvant accueillir les affiches de un ou deux candidats.","og_url":"https:\/\/www.sp-equipements.com\/site\/produit\/panneau-electoral-1-2-candidats\/","og_site_name":"SP \u00c9quipements","article_modified_time":"2025-04-12T23:42:39+00:00","og_image":[{"width":190,"height":190,"url":"https:\/\/www.sp-equipements.com\/site\/wp-content\/uploads\/2020\/12\/panneaubismini.png","type":"image\/png"}],"twitter_card":"summary_large_image","twitter_misc":{"Dur\u00e9e de lecture estim\u00e9e":"1 minute"},"schema":{"@context":"https:\/\/schema.org","@graph":[{"@type":"WebPage","@id":"https:\/\/www.sp-equipements.com\/site\/produit\/panneau-electoral-1-2-candidats\/","url":"https:\/\/www.sp-equipements.com\/site\/produit\/panneau-electoral-1-2-candidats\/","name":"Panneau Electoral 1-2 candidats - SP \u00c9quipements","isPartOf":{"@id":"https:\/\/www.sp-equipements.com\/site\/#website"},"primaryImageOfPage":{"@id":"https:\/\/www.sp-equipements.com\/site\/produit\/panneau-electoral-1-2-candidats\/#primaryimage"},"image":{"@id":"https:\/\/www.sp-equipements.com\/site\/produit\/panneau-electoral-1-2-candidats\/#primaryimage"},"thumbnailUrl":"https:\/\/www.sp-equipements.com\/site\/wp-content\/uploads\/2020\/12\/panneaubismini.png","datePublished":"2020-12-02T19:43:10+00:00","dateModified":"2025-04-12T23:42:39+00:00","breadcrumb":{"@id":"https:\/\/www.sp-equipements.com\/site\/produit\/panneau-electoral-1-2-candidats\/#breadcrumb"},"inLanguage":"fr-FR","potentialAction":[{"@type":"ReadAction","target":["https:\/\/www.sp-equipements.com\/site\/produit\/panneau-electoral-1-2-candidats\/"]}]},{"@type":"ImageObject","inLanguage":"fr-FR","@id":"https:\/\/www.sp-equipements.com\/site\/produit\/panneau-electoral-1-2-candidats\/#primaryimage","url":"https:\/\/www.sp-equipements.com\/site\/wp-content\/uploads\/2020\/12\/panneaubismini.png","contentUrl":"https:\/\/www.sp-equipements.com\/site\/wp-content\/uploads\/2020\/12\/panneaubismini.png","width":190,"height":190},{"@type":"BreadcrumbList","@id":"https:\/\/www.sp-equipements.com\/site\/produit\/panneau-electoral-1-2-candidats\/#breadcrumb","itemListElement":[{"@type":"ListItem","position":1,"name":"Accueil","item":"https:\/\/www.sp-equipements.com\/site\/"},{"@type":"ListItem","position":2,"name":"Catalogue","item":"https:\/\/www.sp-equipements.com\/site\/catalogue\/"},{"@type":"ListItem","position":3,"name":"Panneau Electoral 1-2 candidats"}]},{"@type":"WebSite","@id":"https:\/\/www.sp-equipements.com\/site\/#website","url":"https:\/\/www.sp-equipements.com\/site\/","name":"SP \u00c9quipements","description":"\u00c9quipements de collectivit\u00e9s","potentialAction":[{"@type":"SearchAction","target":{"@type":"EntryPoint","urlTemplate":"https:\/\/www.sp-equipements.com\/site\/?s={search_term_string}"},"query-input":"required name=search_term_string"}],"inLanguage":"fr-FR"}]}},"_links":{"self":[{"href":"https:\/\/www.sp-equipements.com\/site\/wp-json\/wp\/v2\/product\/38323"}],"collection":[{"href":"https:\/\/www.sp-equipements.com\/site\/wp-json\/wp\/v2\/product"}],"about":[{"href":"https:\/\/www.sp-equipements.com\/site\/wp-json\/wp\/v2\/types\/product"}],"replies":[{"embeddable":true,"href":"https:\/\/www.sp-equipements.com\/site\/wp-json\/wp\/v2\/comments?post=38323"}],"wp:featuredmedia":[{"embeddable":true,"href":"https:\/\/www.sp-equipements.com\/site\/wp-json\/wp\/v2\/media\/38345"}],"wp:attachment":[{"href":"https:\/\/www.sp-equipements.com\/site\/wp-json\/wp\/v2\/media?parent=38323"}],"wp:term":[{"taxonomy":"product_cat","embeddable":true,"href":"https:\/\/www.sp-equipements.com\/site\/wp-json\/wp\/v2\/product_cat?post=38323"},{"taxonomy":"product_tag","embeddable":true,"href":"https:\/\/www.sp-equipements.com\/site\/wp-json\/wp\/v2\/product_tag?post=38323"}],"curies":[{"name":"wp","href":"https:\/\/api.w.org\/{rel}","templated":true}]}}